{"id":2537,"date":"2022-02-08T11:18:59","date_gmt":"2022-02-08T11:18:59","guid":{"rendered":"https:\/\/www.d-minecare.com\/d-mine"},"modified":"2024-08-02T08:39:55","modified_gmt":"2024-08-02T08:39:55","slug":"d-mine","status":"publish","type":"page","link":"https:\/\/www.d-minecare.com\/de\/","title":{"rendered":"<span class=\"whitespace-nowrap\">D-<em>mine<\/em><sup>\u00ae<\/sup><\/span> Care"},"content":{"rendered":"\n<div class=\"wp-block-theme-cover alignfull is-full-wide-cover\"><div class=\"wp-block-theme-cover__background right-0 top-0\" style=\"background-image:url(https:\/\/www.d-minecare.com\/wp-content\/uploads\/2022\/05\/Bilder_web_header_aboutconcept_1920x900px-1024x479.jpg);background-position:71% 45%\"><img decoding=\"async\" width=\"1024\" height=\"479\" class=\"wp-image-2372 lazyload\" data-src=\"https:\/\/www.d-minecare.com\/wp-content\/uploads\/2022\/05\/Bilder_web_header_aboutconcept_1920x900px-1024x479.jpg\" style=\"--smush-placeholder-width: 1024px; --smush-placeholder-aspect-ratio: 1024\/479;object-position:71% 45%\" data-srcset=\"https:\/\/www.d-minecare.com\/wp-content\/uploads\/2022\/05\/Bilder_web_header_aboutconcept_1920x900px-1024x479.jpg 1024w, https:\/\/www.d-minecare.com\/wp-content\/uploads\/2022\/05\/Bilder_web_header_aboutconcept_1920x900px-300x140.jpg 300w, https:\/\/www.d-minecare.com\/wp-content\/uploads\/2022\/05\/Bilder_web_header_aboutconcept_1920x900px-768x359.jpg 768w, https:\/\/www.d-minecare.com\/wp-content\/uploads\/2022\/05\/Bilder_web_header_aboutconcept_1920x900px-1536x719.jpg 1536w, https:\/\/www.d-minecare.com\/wp-content\/uploads\/2022\/05\/Bilder_web_header_aboutconcept_1920x900px.jpg 1925w\" data-sizes=\"(max-width: 1024px) 100vw, 1024px\" src=\"data:image\/svg+xml;base64,PHN2ZyB3aWR0aD0iMSIgaGVpZ2h0PSIxIiB4bWxucz0iaHR0cDovL3d3dy53My5vcmcvMjAwMC9zdmciPjwvc3ZnPg==\" \/><\/div><div class=\"wp-block-theme-cover__container justify-start items-end\"><div class=\"wp-block-theme-cover__content has-brand-background-color has-white-color\">\n<h1 class=\"wp-block-heading has-white-color has-text-color\">D-<em>mine<\/em><sup>\u00ae<\/sup> Care <br>Concept<\/h1>\n\n\n\n<p class=\"has-white-color has-text-color\">Das Therapiekonzept f\u00fcr Menschen mit Morbus Parkinson.<\/p>\n\n\n\n<div class=\"wp-block-buttons is-layout-flex wp-block-buttons-is-layout-flex\">\n<div class=\"wp-block-button is-style-underline\"><a class=\"wp-block-button__link has-white-color has-text-color has-text-align-left wp-element-button\" href=\"https:\/\/www.d-minecare.com\/de\/d-mine-care-therapiekonzept\/\">Erfahren sie mehr \u00fcber die therapie mit apomorphin<\/a><\/div>\n<\/div>\n<\/div><\/div><\/div>\n\n\n\n<div style=\"height:60px\" aria-hidden=\"true\" class=\"wp-block-spacer\"><\/div>\n\n\n\n<div class=\"wp-block-columns is-style-default is-layout-flex wp-container-core-columns-is-layout-e95a7ca1 wp-block-columns-is-layout-flex\" style=\"padding-top:2rem;padding-bottom:2rem\">\n<div class=\"wp-block-column is-style-default is-layout-flow wp-block-column-is-layout-flow\">\n<div class=\"wp-block-group is-style-card has-gray-base-color has-gray-light-background-color has-text-color has-background is-vertical is-layout-flex wp-container-core-group-is-layout-8cf370e7 wp-block-group-is-layout-flex\">\n<figure class=\"wp-block-embed is-type-video is-provider-vimeo wp-block-embed-vimeo wp-embed-aspect-16-9 wp-has-aspect-ratio\"><div class=\"wp-block-embed__wrapper\">\n<iframe title=\"DATA-mine REPORT_Clip_WEBSITE\" data-src=\"https:\/\/player.vimeo.com\/video\/720631097?h=d30ad77842&amp;dnt=1&amp;app_id=122963\" width=\"500\" height=\"281\" frameborder=\"0\" allow=\"autoplay; fullscreen; picture-in-picture; clipboard-write\" src=\"data:image\/svg+xml;base64,PHN2ZyB3aWR0aD0iMSIgaGVpZ2h0PSIxIiB4bWxucz0iaHR0cDovL3d3dy53My5vcmcvMjAwMC9zdmciPjwvc3ZnPg==\" class=\"lazyload\" data-load-mode=\"1\"><\/iframe>\n<\/div><\/figure>\n\n\n\n<div class=\"wp-block-group is-layout-flow wp-block-group-is-layout-flow\">\n<h2 class=\"wp-block-heading has-brand-color has-text-color\">DATA-<em>mine<\/em><sup>\u00ae<\/sup> REPORT<\/h2>\n\n\n\n<p>Wandelt die <span class=\"whitespace-nowrap\">D-<em>mine<\/em><sup>\u00ae<\/sup><\/span> Pumpendaten in einen praktischen DATA-<em>mine<\/em><sup>\u00ae<\/sup> REPORT im PDF-Format um. Gewinnen Sie Zeit und verbessern Sie Ihr Patientenmanagement.<\/p>\n\n\n\n<div class=\"wp-block-buttons is-layout-flex wp-block-buttons-is-layout-flex\">\n<div class=\"wp-block-button is-style-underline\"><a class=\"wp-block-button__link has-brand-color has-text-color wp-element-button\" href=\"https:\/\/dataminereport.d-minecare.com\/\" target=\"_blank\" rel=\"noreferrer noopener\">seite besuchen<\/a><\/div>\n<\/div>\n\n\n\n<div class=\"wp-block-buttons is-layout-flex wp-block-buttons-is-layout-flex\"><\/div>\n<\/div>\n<\/div>\n<\/div>\n\n\n\n<div class=\"wp-block-column is-style-default is-layout-flow wp-block-column-is-layout-flow\">\n<div class=\"wp-block-group is-style-card has-white-color has-brand-background-color has-text-color has-background is-vertical is-layout-flex wp-container-core-group-is-layout-8cf370e7 wp-block-group-is-layout-flex\">\n<figure class=\"wp-block-embed is-type-video is-provider-vimeo wp-block-embed-vimeo wp-embed-aspect-16-9 wp-has-aspect-ratio\"><div class=\"wp-block-embed__wrapper\">\n<iframe title=\"D-mine Pump TRAINING APP\" data-src=\"https:\/\/player.vimeo.com\/video\/720631134?h=d443462b07&amp;dnt=1&amp;app_id=122963\" width=\"500\" height=\"281\" frameborder=\"0\" allow=\"autoplay; fullscreen; picture-in-picture; clipboard-write\" src=\"data:image\/svg+xml;base64,PHN2ZyB3aWR0aD0iMSIgaGVpZ2h0PSIxIiB4bWxucz0iaHR0cDovL3d3dy53My5vcmcvMjAwMC9zdmciPjwvc3ZnPg==\" class=\"lazyload\" data-load-mode=\"1\"><\/iframe>\n<\/div><\/figure>\n\n\n\n<div class=\"wp-block-group is-layout-flow wp-block-group-is-layout-flow\">\n<h2 class=\"wp-block-heading is-style-card-title-orange is-style-default\">D-<em>mine<\/em><sup>\u00ae<\/sup> Pump TRAINING APP<\/h2>\n\n\n\n<p>Die interaktive Simulations-App der <span class=\"whitespace-nowrap\">D-<em>mine<\/em><sup>\u00ae<\/sup><\/span> Pumpe auf Ihrem Mobiltelefon. Erm\u00f6glicht unabh\u00e4ngiges Training f\u00fcr medizinisches Fachpersonal. Laden Sie die App hier herunter:<\/p>\n\n\n\n<div class=\"wp-block-columns are-vertically-aligned-bottom is-not-stacked-on-mobile is-layout-flex wp-container-core-columns-is-layout-c72d88ef wp-block-columns-is-layout-flex\" style=\"padding-right:2rem;padding-left:2rem\">\n<div class=\"wp-block-column is-vertically-aligned-bottom is-layout-flow wp-block-column-is-layout-flow\">\n<figure class=\"wp-block-image aligncenter size-full\"><a href=\"https:\/\/apps.apple.com\/us\/app\/d-mine-pump-training-app\/id1612454351\" target=\"_blank\" rel=\"noreferrer noopener\"><img decoding=\"async\" width=\"278\" height=\"336\" data-src=\"https:\/\/www.d-minecare.com\/wp-content\/uploads\/2022\/07\/d-mine-care-app-ios.png\" alt=\"\" class=\"wp-image-3253 lazyload\" data-srcset=\"https:\/\/www.d-minecare.com\/wp-content\/uploads\/2022\/07\/d-mine-care-app-ios.png 278w, https:\/\/www.d-minecare.com\/wp-content\/uploads\/2022\/07\/d-mine-care-app-ios-248x300.png 248w\" data-sizes=\"(max-width: 278px) 100vw, 278px\" src=\"data:image\/svg+xml;base64,PHN2ZyB3aWR0aD0iMSIgaGVpZ2h0PSIxIiB4bWxucz0iaHR0cDovL3d3dy53My5vcmcvMjAwMC9zdmciPjwvc3ZnPg==\" style=\"--smush-placeholder-width: 278px; --smush-placeholder-aspect-ratio: 278\/336;\" \/><\/a><\/figure>\n<\/div>\n\n\n\n<div class=\"wp-block-column is-vertically-aligned-bottom is-layout-flow wp-block-column-is-layout-flow\">\n<figure class=\"wp-block-image aligncenter size-full\"><a href=\"https:\/\/play.google.com\/store\/apps\/details?id=com.everpharma.dminepumptrainingapp\" target=\"_blank\" rel=\"noreferrer noopener\"><img decoding=\"async\" width=\"278\" height=\"336\" data-src=\"https:\/\/www.d-minecare.com\/wp-content\/uploads\/2022\/07\/d-mine-care-app-android.png\" alt=\"\" class=\"wp-image-3255 lazyload\" data-srcset=\"https:\/\/www.d-minecare.com\/wp-content\/uploads\/2022\/07\/d-mine-care-app-android.png 278w, https:\/\/www.d-minecare.com\/wp-content\/uploads\/2022\/07\/d-mine-care-app-android-248x300.png 248w\" data-sizes=\"(max-width: 278px) 100vw, 278px\" src=\"data:image\/svg+xml;base64,PHN2ZyB3aWR0aD0iMSIgaGVpZ2h0PSIxIiB4bWxucz0iaHR0cDovL3d3dy53My5vcmcvMjAwMC9zdmciPjwvc3ZnPg==\" style=\"--smush-placeholder-width: 278px; --smush-placeholder-aspect-ratio: 278\/336;\" \/><\/a><\/figure>\n<\/div>\n<\/div>\n<\/div>\n<\/div>\n<\/div>\n<\/div>\n\n\n\n<div class=\"wp-block-theme-section alignfull\"><div class=\"wp-block-theme-section__content\">\n<h2 class=\"wp-block-heading is-style-main-title\">D-<em>mine<\/em>\u00ae Care global<\/h2>\n<\/div><\/div>\n\n\n\n<figure class=\"wp-block-image size-large is-style-full-image alignfull\"><img decoding=\"async\" width=\"1999\" height=\"863\" data-src=\"https:\/\/www.d-minecare.com\/wp-content\/uploads\/2022\/07\/d-mine-care-global-map.svg\" alt=\"\" class=\"wp-image-3481 lazyload\" src=\"data:image\/svg+xml;base64,PHN2ZyB3aWR0aD0iMSIgaGVpZ2h0PSIxIiB4bWxucz0iaHR0cDovL3d3dy53My5vcmcvMjAwMC9zdmciPjwvc3ZnPg==\" style=\"--smush-placeholder-width: 1999px; --smush-placeholder-aspect-ratio: 1999\/863;\" \/><\/figure>\n\n\n\n<div style=\"height:3rem\" aria-hidden=\"true\" class=\"wp-block-spacer\"><\/div>\n\n\n\n<div class=\"wp-block-buttons is-content-justification-center is-layout-flex wp-container-core-buttons-is-layout-16018d1d wp-block-buttons-is-layout-flex\">\n<div class=\"wp-block-button is-style-underline\"><a class=\"wp-block-button__link wp-element-button\" href=\"https:\/\/www.d-minecare.com\/de\/kontakt\/\">kontaktieren sie uns<\/a><\/div>\n<\/div>\n\n\n\n<div style=\"height:3rem\" aria-hidden=\"true\" class=\"wp-block-spacer\"><\/div>\n\n\n\n<div class=\"wp-block-theme-section alignfull has-gray-light-background-color has-background\"><div class=\"wp-block-theme-section__content\">\n<div class=\"wp-block-columns is-style-columns-three is-layout-flex wp-container-core-columns-is-layout-e95a7ca1 wp-block-columns-is-layout-flex\" style=\"padding-top:2rem;padding-bottom:2rem\">\n<div class=\"wp-block-column is-style-default is-layout-flow wp-block-column-is-layout-flow\">\n<div class=\"wp-block-group is-style-card has-white-color has-brand-background-color has-text-color has-background is-vertical is-layout-flex wp-container-core-group-is-layout-8cf370e7 wp-block-group-is-layout-flex\">\n<figure class=\"wp-block-image size-full is-style-card-image is-style-square\"><img decoding=\"async\" width=\"370\" height=\"350\" data-src=\"https:\/\/www.d-minecare.com\/wp-content\/uploads\/2022\/07\/Bilder_web_25.jpg\" alt=\"David Ashford Jones schafft trotz Parkinson so einiges. \" class=\"wp-image-3325 lazyload\" data-srcset=\"https:\/\/www.d-minecare.com\/wp-content\/uploads\/2022\/07\/Bilder_web_25.jpg 370w, https:\/\/www.d-minecare.com\/wp-content\/uploads\/2022\/07\/Bilder_web_25-300x284.jpg 300w\" data-sizes=\"(max-width: 370px) 100vw, 370px\" src=\"data:image\/svg+xml;base64,PHN2ZyB3aWR0aD0iMSIgaGVpZ2h0PSIxIiB4bWxucz0iaHR0cDovL3d3dy53My5vcmcvMjAwMC9zdmciPjwvc3ZnPg==\" style=\"--smush-placeholder-width: 370px; --smush-placeholder-aspect-ratio: 370\/350;\" \/><\/figure>\n\n\n\n<div class=\"wp-block-group is-layout-flow wp-block-group-is-layout-flow\">\n<h2 class=\"wp-block-heading is-style-card-title-orange\">Wie sich Parkinson anf\u00fchlt<\/h2>\n\n\n\n<p>Die pers\u00f6nliche Geschichte von David Ashford Jones, einem erfolgreichen und engagierten Mann, der an Morbus Parkinson erkrankt ist.<\/p>\n\n\n\n<div class=\"wp-block-buttons is-layout-flex wp-block-buttons-is-layout-flex\">\n<div class=\"wp-block-button is-style-underline\"><a class=\"wp-block-button__link has-white-color has-text-color has-text-align-left wp-element-button\" href=\"https:\/\/www.d-minecare.com\/de\/wie-sich-parkinson-anfuhlt\/\">Lesen sie erfahrungsberichte von betroffenen<\/a><\/div>\n<\/div>\n<\/div>\n<\/div>\n<\/div>\n\n\n\n<div class=\"wp-block-column is-style-default is-layout-flow wp-block-column-is-layout-flow\">\n<div class=\"wp-block-group is-style-card has-gray-base-color has-gray-light-background-color has-text-color has-background is-vertical is-layout-flex wp-container-core-group-is-layout-8cf370e7 wp-block-group-is-layout-flex\">\n<figure class=\"wp-block-image size-full is-style-card-image is-style-square\"><img decoding=\"async\" width=\"370\" height=\"350\" data-src=\"https:\/\/www.d-minecare.com\/wp-content\/uploads\/2022\/07\/Bilder_web_26.jpg\" alt=\"Kontinuierliche Infusion mit unserer D-mine Pump bei Morbus Parkinson.\" class=\"wp-image-3327 lazyload\" data-srcset=\"https:\/\/www.d-minecare.com\/wp-content\/uploads\/2022\/07\/Bilder_web_26.jpg 370w, https:\/\/www.d-minecare.com\/wp-content\/uploads\/2022\/07\/Bilder_web_26-300x284.jpg 300w\" data-sizes=\"(max-width: 370px) 100vw, 370px\" src=\"data:image\/svg+xml;base64,PHN2ZyB3aWR0aD0iMSIgaGVpZ2h0PSIxIiB4bWxucz0iaHR0cDovL3d3dy53My5vcmcvMjAwMC9zdmciPjwvc3ZnPg==\" style=\"--smush-placeholder-width: 370px; --smush-placeholder-aspect-ratio: 370\/350;\" \/><\/figure>\n\n\n\n<div class=\"wp-block-group is-layout-flow wp-block-group-is-layout-flow\">\n<h2 class=\"wp-block-heading is-style-card-title-orange has-brand-color has-text-color\">Medizin-produkte<\/h2>\n\n\n\n<p>Erfahren Sie mehr \u00fcber unsere Medizinprodukte wie den <span class=\"whitespace-nowrap\">D-<em>mine<\/em><sup>\u00ae<\/sup><\/span> Pen oder die <span class=\"whitespace-nowrap\">D-<em>mine<\/em><sup>\u00ae<\/sup><\/span> Pumpe.<\/p>\n\n\n\n<div class=\"wp-block-buttons is-layout-flex wp-block-buttons-is-layout-flex\">\n<div class=\"wp-block-button is-style-underline\"><a class=\"wp-block-button__link has-brand-color has-text-color has-text-align-left wp-element-button\" href=\"https:\/\/www.d-minecare.com\/de\/d-mine-care-therapiekonzept\/#d-mine-pen-therapie\">Erfahren sie mehr \u00fcber unsere medizinprodukte<\/a><\/div>\n<\/div>\n<\/div>\n<\/div>\n<\/div>\n\n\n\n<div class=\"wp-block-column is-style-default is-layout-flow wp-block-column-is-layout-flow\">\n<div class=\"wp-block-group is-style-card has-white-color has-gray-base-background-color has-text-color has-background is-vertical is-layout-flex wp-container-core-group-is-layout-8cf370e7 wp-block-group-is-layout-flex\">\n<figure class=\"wp-block-image size-full is-style-card-image is-style-square\"><img decoding=\"async\" width=\"560\" height=\"560\" data-src=\"https:\/\/www.d-minecare.com\/wp-content\/uploads\/2022\/07\/nina_breiteneder_5.jpg\" alt=\"Der D-mine Care Blog bietet Tipps f\u00fcr das Leben mit Parkinson. Jetzt abonnieren!\" class=\"wp-image-3322 lazyload\" data-srcset=\"https:\/\/www.d-minecare.com\/wp-content\/uploads\/2022\/07\/nina_breiteneder_5.jpg 560w, https:\/\/www.d-minecare.com\/wp-content\/uploads\/2022\/07\/nina_breiteneder_5-300x300.jpg 300w, https:\/\/www.d-minecare.com\/wp-content\/uploads\/2022\/07\/nina_breiteneder_5-150x150.jpg 150w\" data-sizes=\"(max-width: 560px) 100vw, 560px\" src=\"data:image\/svg+xml;base64,PHN2ZyB3aWR0aD0iMSIgaGVpZ2h0PSIxIiB4bWxucz0iaHR0cDovL3d3dy53My5vcmcvMjAwMC9zdmciPjwvc3ZnPg==\" style=\"--smush-placeholder-width: 560px; --smush-placeholder-aspect-ratio: 560\/560;\" \/><\/figure>\n\n\n\n<div class=\"wp-block-group is-layout-flow wp-block-group-is-layout-flow\">\n<h2 class=\"wp-block-heading is-style-card-title-orange\">D-<em>mine<\/em><sup>\u00ae<\/sup> Care Blog<\/h2>\n\n\n\n<p>Abonnieren Sie unseren Blog, um praktische Tipps f\u00fcr den Alltag mit Parkinson zu erhalten.<\/p>\n\n\n\n<div class=\"wp-block-buttons is-layout-flex wp-block-buttons-is-layout-flex\">\n<div class=\"wp-block-button is-style-underline\"><a class=\"wp-block-button__link has-text-align-left wp-element-button\" href=\"https:\/\/www.d-minecare.com\/parkinsons-blog\/\">lesen sie praktische tipps f\u00fcr den Alltag mit morbus parkinson<\/a><\/div>\n<\/div>\n<\/div>\n<\/div>\n<\/div>\n<\/div>\n<\/div><\/div>\n","protected":false},"excerpt":{"rendered":"<p>DATA-mine\u00ae REPORT Wandelt die Pumpendaten in einen praktischen DATA-mine\u00ae REPORT im PDF-Format um. Gewinnen Sie Zeit und verbessern Sie Ihr Patientenmanagement. D-mine\u00ae Pump TRAINING APP Die interaktive Simulations-App der Pumpe auf Ihrem Mobiltelefon. Erm\u00f6glicht unabh\u00e4ngiges Training f\u00fcr medizinisches Fachpersonal. Laden Sie die App hier herunter:<\/p>\n","protected":false},"author":1,"featured_media":0,"parent":0,"menu_order":0,"comment_status":"closed","ping_status":"closed","template":"","meta":{"_acf_changed":false,"footnotes":""},"class_list":["post-2537","page","type-page","status-publish","hentry"],"acf":[],"yoast_head":"<!-- This site is optimized with the Yoast SEO plugin v27.4 - https:\/\/yoast.com\/product\/yoast-seo-wordpress\/ -->\n<title>Parkinson Therapie: Unser Behandlungskonzept im \u00dcberblick<\/title>\n<meta name=\"description\" content=\"Erfahren Sie mehr zur Therapie &amp; Behandlung von Parkinson-Patienten \u2713 Konzept zur medikament\u00f6sen Therapie &amp; Betreuung \u25ba Jetzt informieren!\" \/>\n<meta name=\"robots\" content=\"index, follow, max-snippet:-1, max-image-preview:large, max-video-preview:-1\" \/>\n<link rel=\"canonical\" href=\"https:\/\/www.d-minecare.com\/de\/\" \/>\n<meta property=\"og:locale\" content=\"de_DE\" \/>\n<meta property=\"og:type\" content=\"article\" \/>\n<meta property=\"og:title\" content=\"Parkinson Therapie: Unser Behandlungskonzept im \u00dcberblick\" \/>\n<meta property=\"og:description\" content=\"Erfahren Sie mehr zur Therapie &amp; Behandlung von Parkinson-Patienten \u2713 Konzept zur medikament\u00f6sen Therapie &amp; Betreuung \u25ba Jetzt informieren!\" \/>\n<meta property=\"og:url\" content=\"https:\/\/www.d-minecare.com\/de\/\" \/>\n<meta property=\"og:site_name\" content=\"D-mine\u00ae Care\" \/>\n<meta property=\"article:modified_time\" content=\"2024-08-02T08:39:55+00:00\" \/>\n<meta property=\"og:image\" content=\"https:\/\/www.d-minecare.com\/wp-content\/uploads\/2022\/05\/Bilder_web_header_aboutconcept_1920x900px-1024x479.jpg\" \/>\n<meta name=\"twitter:card\" content=\"summary_large_image\" \/>\n<meta name=\"twitter:label1\" content=\"Gesch\u00e4tzte Lesezeit\" \/>\n\t<meta name=\"twitter:data1\" content=\"3\u00a0Minuten\" \/>\n<script type=\"application\/ld+json\" class=\"yoast-schema-graph\">{\"@context\":\"https:\\\/\\\/schema.org\",\"@graph\":[{\"@type\":\"WebPage\",\"@id\":\"https:\\\/\\\/www.d-minecare.com\\\/de\\\/\",\"url\":\"https:\\\/\\\/www.d-minecare.com\\\/de\\\/\",\"name\":\"Parkinson Therapie: Unser Behandlungskonzept im \u00dcberblick\",\"isPartOf\":{\"@id\":\"https:\\\/\\\/www.d-minecare.com\\\/#website\"},\"primaryImageOfPage\":{\"@id\":\"https:\\\/\\\/www.d-minecare.com\\\/de\\\/#primaryimage\"},\"image\":{\"@id\":\"https:\\\/\\\/www.d-minecare.com\\\/de\\\/#primaryimage\"},\"thumbnailUrl\":\"https:\\\/\\\/www.d-minecare.com\\\/wp-content\\\/uploads\\\/2022\\\/05\\\/Bilder_web_header_aboutconcept_1920x900px-1024x479.jpg\",\"datePublished\":\"2022-02-08T11:18:59+00:00\",\"dateModified\":\"2024-08-02T08:39:55+00:00\",\"description\":\"Erfahren Sie mehr zur Therapie & Behandlung von Parkinson-Patienten \u2713 Konzept zur medikament\u00f6sen Therapie & Betreuung \u25ba Jetzt informieren!\",\"breadcrumb\":{\"@id\":\"https:\\\/\\\/www.d-minecare.com\\\/de\\\/#breadcrumb\"},\"inLanguage\":\"de\",\"potentialAction\":[{\"@type\":\"ReadAction\",\"target\":[\"https:\\\/\\\/www.d-minecare.com\\\/de\\\/\"]}]},{\"@type\":\"ImageObject\",\"inLanguage\":\"de\",\"@id\":\"https:\\\/\\\/www.d-minecare.com\\\/de\\\/#primaryimage\",\"url\":\"https:\\\/\\\/www.d-minecare.com\\\/wp-content\\\/uploads\\\/2022\\\/05\\\/Bilder_web_header_aboutconcept_1920x900px-1024x479.jpg\",\"contentUrl\":\"https:\\\/\\\/www.d-minecare.com\\\/wp-content\\\/uploads\\\/2022\\\/05\\\/Bilder_web_header_aboutconcept_1920x900px-1024x479.jpg\"},{\"@type\":\"BreadcrumbList\",\"@id\":\"https:\\\/\\\/www.d-minecare.com\\\/de\\\/#breadcrumb\",\"itemListElement\":[{\"@type\":\"ListItem\",\"position\":1,\"name\":\"Home\",\"item\":\"https:\\\/\\\/www.d-minecare.com\\\/de\\\/\"},{\"@type\":\"ListItem\",\"position\":2,\"name\":\"D-mine\u00ae Care\"}]},{\"@type\":\"WebSite\",\"@id\":\"https:\\\/\\\/www.d-minecare.com\\\/#website\",\"url\":\"https:\\\/\\\/www.d-minecare.com\\\/\",\"name\":\"D-mine\u00ae Care\",\"description\":\"Das Therapiekonzept f\u00fcr Menschen mit Morbus Parkinson.\",\"potentialAction\":[{\"@type\":\"SearchAction\",\"target\":{\"@type\":\"EntryPoint\",\"urlTemplate\":\"https:\\\/\\\/www.d-minecare.com\\\/?s={search_term_string}\"},\"query-input\":{\"@type\":\"PropertyValueSpecification\",\"valueRequired\":true,\"valueName\":\"search_term_string\"}}],\"inLanguage\":\"de\"}]}<\/script>\n<!-- \/ Yoast SEO plugin. -->","yoast_head_json":{"title":"Parkinson Therapie: Unser Behandlungskonzept im \u00dcberblick","description":"Erfahren Sie mehr zur Therapie & Behandlung von Parkinson-Patienten \u2713 Konzept zur medikament\u00f6sen Therapie & Betreuung \u25ba Jetzt informieren!","robots":{"index":"index","follow":"follow","max-snippet":"max-snippet:-1","max-image-preview":"max-image-preview:large","max-video-preview":"max-video-preview:-1"},"canonical":"https:\/\/www.d-minecare.com\/de\/","og_locale":"de_DE","og_type":"article","og_title":"Parkinson Therapie: Unser Behandlungskonzept im \u00dcberblick","og_description":"Erfahren Sie mehr zur Therapie & Behandlung von Parkinson-Patienten \u2713 Konzept zur medikament\u00f6sen Therapie & Betreuung \u25ba Jetzt informieren!","og_url":"https:\/\/www.d-minecare.com\/de\/","og_site_name":"D-mine\u00ae Care","article_modified_time":"2024-08-02T08:39:55+00:00","og_image":[{"url":"https:\/\/www.d-minecare.com\/wp-content\/uploads\/2022\/05\/Bilder_web_header_aboutconcept_1920x900px-1024x479.jpg","type":"","width":"","height":""}],"twitter_card":"summary_large_image","twitter_misc":{"Gesch\u00e4tzte Lesezeit":"3\u00a0Minuten"},"schema":{"@context":"https:\/\/schema.org","@graph":[{"@type":"WebPage","@id":"https:\/\/www.d-minecare.com\/de\/","url":"https:\/\/www.d-minecare.com\/de\/","name":"Parkinson Therapie: Unser Behandlungskonzept im \u00dcberblick","isPartOf":{"@id":"https:\/\/www.d-minecare.com\/#website"},"primaryImageOfPage":{"@id":"https:\/\/www.d-minecare.com\/de\/#primaryimage"},"image":{"@id":"https:\/\/www.d-minecare.com\/de\/#primaryimage"},"thumbnailUrl":"https:\/\/www.d-minecare.com\/wp-content\/uploads\/2022\/05\/Bilder_web_header_aboutconcept_1920x900px-1024x479.jpg","datePublished":"2022-02-08T11:18:59+00:00","dateModified":"2024-08-02T08:39:55+00:00","description":"Erfahren Sie mehr zur Therapie & Behandlung von Parkinson-Patienten \u2713 Konzept zur medikament\u00f6sen Therapie & Betreuung \u25ba Jetzt informieren!","breadcrumb":{"@id":"https:\/\/www.d-minecare.com\/de\/#breadcrumb"},"inLanguage":"de","potentialAction":[{"@type":"ReadAction","target":["https:\/\/www.d-minecare.com\/de\/"]}]},{"@type":"ImageObject","inLanguage":"de","@id":"https:\/\/www.d-minecare.com\/de\/#primaryimage","url":"https:\/\/www.d-minecare.com\/wp-content\/uploads\/2022\/05\/Bilder_web_header_aboutconcept_1920x900px-1024x479.jpg","contentUrl":"https:\/\/www.d-minecare.com\/wp-content\/uploads\/2022\/05\/Bilder_web_header_aboutconcept_1920x900px-1024x479.jpg"},{"@type":"BreadcrumbList","@id":"https:\/\/www.d-minecare.com\/de\/#breadcrumb","itemListElement":[{"@type":"ListItem","position":1,"name":"Home","item":"https:\/\/www.d-minecare.com\/de\/"},{"@type":"ListItem","position":2,"name":"D-mine\u00ae Care"}]},{"@type":"WebSite","@id":"https:\/\/www.d-minecare.com\/#website","url":"https:\/\/www.d-minecare.com\/","name":"D-mine\u00ae Care","description":"Das Therapiekonzept f\u00fcr Menschen mit Morbus Parkinson.","potentialAction":[{"@type":"SearchAction","target":{"@type":"EntryPoint","urlTemplate":"https:\/\/www.d-minecare.com\/?s={search_term_string}"},"query-input":{"@type":"PropertyValueSpecification","valueRequired":true,"valueName":"search_term_string"}}],"inLanguage":"de"}]}},"_links":{"self":[{"href":"https:\/\/www.d-minecare.com\/de\/wp-json\/wp\/v2\/pages\/2537","targetHints":{"allow":["GET"]}}],"collection":[{"href":"https:\/\/www.d-minecare.com\/de\/wp-json\/wp\/v2\/pages"}],"about":[{"href":"https:\/\/www.d-minecare.com\/de\/wp-json\/wp\/v2\/types\/page"}],"author":[{"embeddable":true,"href":"https:\/\/www.d-minecare.com\/de\/wp-json\/wp\/v2\/users\/1"}],"replies":[{"embeddable":true,"href":"https:\/\/www.d-minecare.com\/de\/wp-json\/wp\/v2\/comments?post=2537"}],"version-history":[{"count":53,"href":"https:\/\/www.d-minecare.com\/de\/wp-json\/wp\/v2\/pages\/2537\/revisions"}],"predecessor-version":[{"id":4775,"href":"https:\/\/www.d-minecare.com\/de\/wp-json\/wp\/v2\/pages\/2537\/revisions\/4775"}],"wp:attachment":[{"href":"https:\/\/www.d-minecare.com\/de\/wp-json\/wp\/v2\/media?parent=2537"}],"curies":[{"name":"wp","href":"https:\/\/api.w.org\/{rel}","templated":true}]}}