{"id":2541,"date":"2022-04-18T11:04:41","date_gmt":"2022-04-18T11:04:41","guid":{"rendered":"https:\/\/www.d-minecare.com\/?page_id=2541"},"modified":"2024-06-27T11:37:57","modified_gmt":"2024-06-27T11:37:57","slug":"stadien-und-behandlungsmoglichkeiten","status":"publish","type":"page","link":"https:\/\/www.d-minecare.com\/de\/stadien-und-behandlungsmoglichkeiten\/","title":{"rendered":"Stadien und Behandlungsm\u00f6glichkeiten"},"content":{"rendered":"\n<div class=\"wp-block-theme-cover alignfull is-full-wide-cover\"><div class=\"wp-block-theme-cover__background\" style=\"background-image:url(https:\/\/www.d-minecare.com\/wp-content\/uploads\/2022\/05\/Bilder_web_header_stages_1920x900px-1024x480.jpg);background-position:50% 50%\"><img decoding=\"async\" width=\"1024\" height=\"480\" class=\"wp-image-1370 lazyload\" data-src=\"https:\/\/www.d-minecare.com\/wp-content\/uploads\/2022\/05\/Bilder_web_header_stages_1920x900px-1024x480.jpg\" style=\"--smush-placeholder-width: 1024px; --smush-placeholder-aspect-ratio: 1024\/480;object-position:50% 50%\" data-srcset=\"https:\/\/www.d-minecare.com\/wp-content\/uploads\/2022\/05\/Bilder_web_header_stages_1920x900px-1024x480.jpg 1024w, https:\/\/www.d-minecare.com\/wp-content\/uploads\/2022\/05\/Bilder_web_header_stages_1920x900px-300x141.jpg 300w, https:\/\/www.d-minecare.com\/wp-content\/uploads\/2022\/05\/Bilder_web_header_stages_1920x900px-768x360.jpg 768w, https:\/\/www.d-minecare.com\/wp-content\/uploads\/2022\/05\/Bilder_web_header_stages_1920x900px-1536x720.jpg 1536w, https:\/\/www.d-minecare.com\/wp-content\/uploads\/2022\/05\/Bilder_web_header_stages_1920x900px.jpg 1920w\" data-sizes=\"(max-width: 1024px) 100vw, 1024px\" src=\"data:image\/svg+xml;base64,PHN2ZyB3aWR0aD0iMSIgaGVpZ2h0PSIxIiB4bWxucz0iaHR0cDovL3d3dy53My5vcmcvMjAwMC9zdmciPjwvc3ZnPg==\" \/><\/div><\/div>\n\n\n\n<div class=\"wp-block-theme-section alignfull\"><div class=\"wp-block-theme-section__content\">\n<h1 class=\"wp-block-heading is-style-main-title\">Parkinson Stadien und Krankheitsverlauf<\/h1>\n\n\n\n<h2 class=\"wp-block-heading\">Wie verl\u00e4uft Parkinson?<\/h2>\n\n\n\n<p>Die Stadien der Parkinson-Erkrankung repr\u00e4sentieren den Schweregrad der motorischen Symptome und wie sehr die t\u00e4glichen Aktivit\u00e4ten der betroffenen Person eingeschr\u00e4nkt sind. Die meist verbreiteten Bewertungsskalen konzentrieren sich auf motorische Symptome, aber neuere Skalen beinhalten auch Informationen \u00fcber nicht-motorische Symptome (z.B. mentale Einschr\u00e4nkungen, Sinneswahrnehmung, Lebensqualit\u00e4t, etc.). Informationen zu den Behandlungsm\u00f6glichkeiten in den verschiedenen Stadien finden Sie weiter unten. <\/p>\n\n\n\n<h3 class=\"wp-block-heading\">Die f\u00fcnf Stadien von Parkinson<\/h3>\n\n\n\n<p>Die <a href=\"https:\/\/www.epda.eu.com\/about-parkinsons\/symptoms\/rating-scales\/\" target=\"_blank\" rel=\"noreferrer noopener\">Hoehn und Yahr Skala<\/a> bewertet den Verlauf der Morbus Parkinson-Erkrankung von 1-5. Auf dieser Skala, abh\u00e4ngig von den Schwierigkeiten der betroffenen Person, repr\u00e4sentieren 1 und 2 das Fr\u00fchstadium, 4 und 5 das fortgeschrittene Stadium der Parkinson-Erkrankung.<\/p>\n\n\n\n<p>Eine weitere \u00fcbliche Skala ist die United Parkinson&#8217;s Disease Rating Scale (UPDRS) um den Verlauf der Parkinson-Erkrankung zu bewerten. Diese konzentriert sich auf die motorischen Symptome. Zus\u00e4tzlich ber\u00fccksichtigt sie aber auch kognitive Beschwerden, die F\u00e4higkeit Dinge des Alltags zu meistern sowie Beschwerden, die w\u00e4hrend der Behandlung auftreten.<\/p>\n\n\n\n<p>Weitere Informationen zu den Bewertungsskalen finden Sie hier: <a href=\"https:\/\/www.ePda.eu.com\/about-parkinsons\/symptoms\/rating-scales\/\" target=\"_blank\" rel=\"noreferrer noopener\">https:\/\/www.ePda.eu.com\/about-parkinsons\/symptoms\/rating-scales\/<\/a><\/p>\n\n\n\n<h2 class=\"wp-block-heading is-style-section-title has-gray-base-color has-text-color\">Fr\u00fche Symptome von Parkinson<\/h2>\n\n\n\n<p>Motorische Symptome k\u00f6nnen unangenehm sein, betreffen aber nicht die F\u00e4higkeit t\u00e4gliche Aktivit\u00e4ten auszu\u00fcben.<\/p>\n\n\n\n<h2 class=\"wp-block-heading is-style-section-title has-gray-base-color has-text-color\">Fortgeschrittenes Stadium von Parkinson &#8211; was nun? <\/h2>\n\n\n\n<p>Motorische Symptome treten beidseitig auf und die Bewegungen sind verlangsamt. Schwierigkeiten mit dem Gleichgewicht und der Koordination k\u00f6nnen auftreten. Bewegungsabl\u00e4ufe wirken wie erstarrt (&#8220;Freezing&#8221;). Die Symptome k\u00f6nnen schnell und unvorhergesehen auftreten, \u00e4hnlich wie das Ein- und Ausschalten des Lichtes anhand eines Lichtschalters (&#8220;On\/Off&#8221;). Trotz der verordneten Medikamente wird der therapeutische Effekt zwischen den regul\u00e4ren Einnahmezeitpunkten zunehmend k\u00fcrzer (&#8220;Wearing-Off&#8221;).<\/p>\n\n\n\n<p>Die sonst positiven Effekte der oralen Medikamente werden unvorhersehbar und die motorischen St\u00f6rungen k\u00f6nnen nicht ausreichend unter Kontrolle gebracht werden. Andere Behandlungsm\u00f6glichkeiten wie die kontinuierliche dopaminerge Medikamentenabgabe oder Stimulierung sollten in Betracht gezogen werden.<\/p>\n<\/div><\/div>\n\n\n\n<div class=\"wp-block-theme-section alignfull has-brand-background-color has-background has-brand-background-color has-background\"><div class=\"wp-block-theme-section__content\">\n<figure class=\"wp-block-image size-large\"><img decoding=\"async\" width=\"1156\" height=\"456\" data-src=\"https:\/\/www.d-minecare.com\/wp-content\/uploads\/2022\/07\/wearing-off.svg\" alt=\"Die Behandlungsm\u00f6glichkeiten bei Parkinson ver\u00e4ndern sich nach Fortschreiten der Erkrankung.\" class=\"wp-image-3124 lazyload\" src=\"data:image\/svg+xml;base64,PHN2ZyB3aWR0aD0iMSIgaGVpZ2h0PSIxIiB4bWxucz0iaHR0cDovL3d3dy53My5vcmcvMjAwMC9zdmciPjwvc3ZnPg==\" style=\"--smush-placeholder-width: 1156px; --smush-placeholder-aspect-ratio: 1156\/456;\" \/><\/figure>\n<\/div><\/div>\n\n\n\n<div style=\"height:100px\" aria-hidden=\"true\" class=\"wp-block-spacer\"><\/div>\n\n\n\n<h2 class=\"wp-block-heading is-style-section-title has-gray-base-color has-text-color\">SP\u00c4TSTADIUM DER PARKINSON-ERKRANKUNG<\/h2>\n\n\n\n<p>Dieses Stadium wird durch die gro\u00dfe Schwierigkeit dominiert, aufzustehen oder zu gehen. Der Patient ist unter Umst\u00e4nden nicht in der Lage alleine zu leben und Hilfestellung ist notwendig um t\u00e4gliche Aktivit\u00e4ten des Alltags zu meistern. Kognitive Schwierigkeiten treten auf und k\u00f6nnen Halluzinationen oder Wahrnehmungsst\u00f6rungen beinhalten.<\/p>\n\n\n\n<div style=\"height:100px\" aria-hidden=\"true\" class=\"wp-block-spacer\"><\/div>\n\n\n\n<div class=\"wp-block-theme-section alignfull has-brand-background-color has-background has-brand-background-color has-background\"><div class=\"wp-block-theme-section__content\">\n<div class=\"wp-block-group is-style-icon-group is-layout-flow wp-block-group-is-layout-flow\">\n<h2 class=\"wp-block-heading is-style-section-title has-white-color has-text-color\">BEHANDLUNGSM\u00d6GLICHKEITEN<\/h2>\n\n\n\n<p class=\"has-white-color has-text-color\">W\u00e4hrend die Behandlung der Parkinson-Erkrankung zusehend optimiert wird, haben Forscher leider immer noch keinen Weg gefunden die Erkrankung zu heilen. F\u00fcr alle Stadien der Erkrankung helfen die erh\u00e4ltlichen Therapien lediglich die Auswirkungen der Symptome zu mildern bzw. zu kontrollieren. Dazu wird oft eine Kombination aus folgenden M\u00f6glichkeiten gew\u00e4hlt:<\/p>\n\n\n\n<div style=\"height:3rem\" aria-hidden=\"true\" class=\"wp-block-spacer\"><\/div>\n\n\n\n<div class=\"wp-block-columns is-layout-flex wp-container-core-columns-is-layout-9d6595d7 wp-block-columns-is-layout-flex\">\n<div class=\"wp-block-column is-layout-flow wp-block-column-is-layout-flow\">\n<figure class=\"wp-block-image size-large is-style-icon\"><img decoding=\"async\" width=\"94\" height=\"116\" data-src=\"https:\/\/www.d-minecare.com\/wp-content\/uploads\/2022\/06\/medication-1.svg\" alt=\"Medikamente sind eine von 4 Behandlungsm\u00f6glichkeiten gegen Parkinson. \" class=\"wp-image-2734 lazyload\" src=\"data:image\/svg+xml;base64,PHN2ZyB3aWR0aD0iMSIgaGVpZ2h0PSIxIiB4bWxucz0iaHR0cDovL3d3dy53My5vcmcvMjAwMC9zdmciPjwvc3ZnPg==\" style=\"--smush-placeholder-width: 94px; --smush-placeholder-aspect-ratio: 94\/116;\" \/><\/figure>\n\n\n\n<h4 class=\"wp-block-heading\">Medikamente<\/h4>\n<\/div>\n\n\n\n<div class=\"wp-block-column is-layout-flow wp-block-column-is-layout-flow\">\n<figure class=\"wp-block-image size-large is-style-icon\"><img decoding=\"async\" width=\"122\" height=\"118\" data-src=\"https:\/\/www.d-minecare.com\/wp-content\/uploads\/2022\/06\/target-1.svg\" alt=\"\" class=\"wp-image-2736 lazyload\" src=\"data:image\/svg+xml;base64,PHN2ZyB3aWR0aD0iMSIgaGVpZ2h0PSIxIiB4bWxucz0iaHR0cDovL3d3dy53My5vcmcvMjAwMC9zdmciPjwvc3ZnPg==\" style=\"--smush-placeholder-width: 122px; --smush-placeholder-aspect-ratio: 122\/118;\" \/><\/figure>\n\n\n\n<h4 class=\"wp-block-heading\">Konventionelle Therapien<\/h4>\n\n\n\n<p>wie Physiotherapie, Ergotherapie oder Sprachtherapien<\/p>\n<\/div>\n\n\n\n<div class=\"wp-block-column is-layout-flow wp-block-column-is-layout-flow\">\n<figure class=\"wp-block-image size-large is-style-icon\"><img decoding=\"async\" width=\"108\" height=\"126\" data-src=\"https:\/\/www.d-minecare.com\/wp-content\/uploads\/2022\/06\/natural-1.svg\" alt=\"\" class=\"wp-image-2739 lazyload\" src=\"data:image\/svg+xml;base64,PHN2ZyB3aWR0aD0iMSIgaGVpZ2h0PSIxIiB4bWxucz0iaHR0cDovL3d3dy53My5vcmcvMjAwMC9zdmciPjwvc3ZnPg==\" style=\"--smush-placeholder-width: 108px; --smush-placeholder-aspect-ratio: 108\/126;\" \/><\/figure>\n\n\n\n<h4 class=\"wp-block-heading\">Komplement\u00e4re Therapien<\/h4>\n\n\n\n<p>wie Aromatherapie, Reflexzonenmassage, Yoga oder Tai Chi<\/p>\n<\/div>\n\n\n\n<div class=\"wp-block-column is-layout-flow wp-block-column-is-layout-flow\">\n<figure class=\"wp-block-image size-large is-style-icon\"><img decoding=\"async\" width=\"135\" height=\"121\" data-src=\"https:\/\/www.d-minecare.com\/wp-content\/uploads\/2022\/06\/surgical-1.svg\" alt=\"\" class=\"wp-image-2741 lazyload\" src=\"data:image\/svg+xml;base64,PHN2ZyB3aWR0aD0iMSIgaGVpZ2h0PSIxIiB4bWxucz0iaHR0cDovL3d3dy53My5vcmcvMjAwMC9zdmciPjwvc3ZnPg==\" style=\"--smush-placeholder-width: 135px; --smush-placeholder-aspect-ratio: 135\/121;\" \/><\/figure>\n\n\n\n<h4 class=\"wp-block-heading\">Ger\u00e4tegest\u00fctze Therapien <\/h4>\n\n\n\n<p>mit\/ohne operative Eingriffe<\/p>\n<\/div>\n<\/div>\n\n\n\n<div style=\"height:3rem\" aria-hidden=\"true\" class=\"wp-block-spacer\"><\/div>\n\n\n\n<p class=\"has-white-color has-text-color\">Es gibt keine einzelne, optimale Behandlungsoption, denn der Zustand der Betroffenen wirkt sich bei jedem Patienten anders aus. Man muss eng mit dem Arzt zusammenarbeiten um die richtige Balance f\u00fcr die Behandlung der speziellen Symptome zu finden. Regelm\u00e4\u00dfige Kontrolltermine sind notwendig um Anpassungen in der Therapie f\u00fcr eine fortschreitende Symptomatik vorzunehmen.<\/p>\n\n\n\n<div class=\"wp-block-group is-style-credits is-layout-flow wp-block-group-is-layout-flow\">\n<p class=\"has-white-color has-text-color\">Quellen: <a href=\"#quellen\">(EPDA, 2022)<\/a><\/p>\n<\/div>\n<\/div>\n<\/div><\/div>\n\n\n\n<div class=\"wp-block-theme-section alignfull has-gray-light-background-color has-background has-gray-light-background-color has-background\"><div class=\"wp-block-theme-section__content\">\n<div class=\"wp-block-columns is-style-default is-layout-flex wp-container-core-columns-is-layout-e95a7ca1 wp-block-columns-is-layout-flex\" style=\"padding-top:2rem;padding-bottom:2rem\">\n<div class=\"wp-block-column is-style-default is-layout-flow wp-block-column-is-layout-flow\">\n<div class=\"wp-block-group is-style-card has-white-color has-brand-background-color has-text-color has-background is-vertical is-layout-flex wp-container-core-group-is-layout-8cf370e7 wp-block-group-is-layout-flex\">\n<figure class=\"wp-block-image size-full is-style-card-image\"><img decoding=\"async\" width=\"570\" height=\"338\" data-src=\"https:\/\/www.d-minecare.com\/wp-content\/uploads\/2022\/05\/d-minecare-teaserbox-570x338_9.jpg\" alt=\"Auch David versuchte alternative Behandlungsm\u00f6glichkeiten f\u00fcr Parkinson's zu finden. \" class=\"wp-image-960 lazyload\" data-srcset=\"https:\/\/www.d-minecare.com\/wp-content\/uploads\/2022\/05\/d-minecare-teaserbox-570x338_9.jpg 570w, https:\/\/www.d-minecare.com\/wp-content\/uploads\/2022\/05\/d-minecare-teaserbox-570x338_9-300x178.jpg 300w\" data-sizes=\"(max-width: 570px) 100vw, 570px\" src=\"data:image\/svg+xml;base64,PHN2ZyB3aWR0aD0iMSIgaGVpZ2h0PSIxIiB4bWxucz0iaHR0cDovL3d3dy53My5vcmcvMjAwMC9zdmciPjwvc3ZnPg==\" style=\"--smush-placeholder-width: 570px; --smush-placeholder-aspect-ratio: 570\/338;\" \/><\/figure>\n\n\n\n<div class=\"wp-block-group is-layout-flow wp-block-group-is-layout-flow\">\n<h2 class=\"wp-block-heading is-style-card-title-orange\">Wie sich Parkinson anf\u00fchlt<\/h2>\n\n\n\n<p>Die pers\u00f6nliche Geschichte von David Ashford Jones, einem erfolgreichen und engagierten Mann, der an Parkinson erkrankt ist.<\/p>\n\n\n\n<div class=\"wp-block-buttons is-layout-flex wp-block-buttons-is-layout-flex\">\n<div class=\"wp-block-button is-style-underline\"><a class=\"wp-block-button__link has-white-color has-text-color wp-element-button\" href=\"https:\/\/www.d-minecare.com\/de\/wie-sich-parkinson-anfuhlt\/\">Mehr Erfahren<\/a><\/div>\n<\/div>\n<\/div>\n<\/div>\n<\/div>\n\n\n\n<div class=\"wp-block-column is-style-default is-layout-flow wp-block-column-is-layout-flow\">\n<div class=\"wp-block-group is-style-card has-gray-base-color has-gray-light-background-color has-text-color has-background is-vertical is-layout-flex wp-container-core-group-is-layout-8cf370e7 wp-block-group-is-layout-flex\">\n<figure class=\"wp-block-image size-full is-style-card-image\"><img decoding=\"async\" width=\"570\" height=\"338\" data-src=\"https:\/\/www.d-minecare.com\/wp-content\/uploads\/2022\/05\/Bilder_web_teasaer_dminecareconcept_570x338px.jpg\" alt=\"\" class=\"wp-image-1372 lazyload\" data-srcset=\"https:\/\/www.d-minecare.com\/wp-content\/uploads\/2022\/05\/Bilder_web_teasaer_dminecareconcept_570x338px.jpg 570w, https:\/\/www.d-minecare.com\/wp-content\/uploads\/2022\/05\/Bilder_web_teasaer_dminecareconcept_570x338px-300x178.jpg 300w\" data-sizes=\"(max-width: 570px) 100vw, 570px\" src=\"data:image\/svg+xml;base64,PHN2ZyB3aWR0aD0iMSIgaGVpZ2h0PSIxIiB4bWxucz0iaHR0cDovL3d3dy53My5vcmcvMjAwMC9zdmciPjwvc3ZnPg==\" style=\"--smush-placeholder-width: 570px; --smush-placeholder-aspect-ratio: 570\/338;\" \/><\/figure>\n\n\n\n<div class=\"wp-block-group is-layout-flow wp-block-group-is-layout-flow\">\n<h2 class=\"wp-block-heading is-style-card-title-orange has-brand-color has-text-color\"><span class=\"whitespace-nowrap\">D-<em>mine<\/em><sup>\u00ae<\/sup><\/span> Care Therapiekonzept<\/h2>\n\n\n\n<p>Das Therapiekonzept f\u00fcr Menschen mit Morbus Parkinson.<\/p>\n\n\n\n<div class=\"wp-block-buttons is-layout-flex wp-block-buttons-is-layout-flex\">\n<div class=\"wp-block-button is-style-underline\"><a class=\"wp-block-button__link wp-element-button\" href=\"https:\/\/www.d-minecare.com\/de\/d-mine-care-therapiekonzept\/\">Mehr Erfahren<\/a><\/div>\n<\/div>\n<\/div>\n<\/div>\n<\/div>\n<\/div>\n<\/div><\/div>\n\n\n\n<div id=\"quellen\" class=\"wp-block-alpine-accordion is-style-credits\">\n\n<div class=\"wp-block-alpine-accordion-body\"><div class=\"wp-block-alpine-accordion__header\"><h4>Quellen<\/h4><\/div><div class=\"wp-block-alpine-accordion__body\"><div class=\"wp-block-alpine-accordion__body-inner\">\n\n<p>European Parkinson\u2019s Disease Association (EPDA). Retrieved from: <a href=\"https:\/\/www.epda.eu.com\/about-parkinsons\/treatments\/\">https:\/\/www.epda.eu.com\/about-parkinsons\/treatments\/<\/a>, on 25<sup>th<\/sup> of May<\/p>\n\n<\/div><\/div><\/div>\n\n<\/div>\n","protected":false},"excerpt":{"rendered":"<p>SP\u00c4TSTADIUM DER PARKINSON-ERKRANKUNG Dieses Stadium wird durch die gro\u00dfe Schwierigkeit dominiert, aufzustehen oder zu gehen. Der Patient ist unter Umst\u00e4nden nicht in der Lage alleine zu leben und Hilfestellung ist notwendig um t\u00e4gliche Aktivit\u00e4ten des Alltags zu meistern. Kognitive Schwierigkeiten treten auf und k\u00f6nnen Halluzinationen oder Wahrnehmungsst\u00f6rungen beinhalten.<\/p>\n","protected":false},"author":1,"featured_media":0,"parent":0,"menu_order":2,"comment_status":"open","ping_status":"closed","template":"","meta":{"_acf_changed":false,"footnotes":""},"class_list":["post-2541","page","type-page","status-publish","hentry"],"acf":[],"yoast_head":"<!-- This site is optimized with the Yoast SEO plugin v27.4 - https:\/\/yoast.com\/product\/yoast-seo-wordpress\/ -->\n<title>Parkinson Stadien &amp; Krankheitsverlauf - Behandlung je Stadium<\/title>\n<meta name=\"description\" content=\"Erfahren Sie mehr \u00fcber die Stadien von Parkinson \u2713 Wie verl\u00e4uft die Krankheit und welche Behandlungsm\u00f6glichkeiten gibt es je Stadium \u25ba Jetzt informieren!\" \/>\n<meta name=\"robots\" content=\"index, follow, max-snippet:-1, max-image-preview:large, max-video-preview:-1\" \/>\n<link rel=\"canonical\" href=\"https:\/\/www.d-minecare.com\/de\/stadien-und-behandlungsmoglichkeiten\/\" \/>\n<meta property=\"og:locale\" content=\"de_DE\" \/>\n<meta property=\"og:type\" content=\"article\" \/>\n<meta property=\"og:title\" content=\"Parkinson Stadien &amp; Krankheitsverlauf - Behandlung je Stadium\" \/>\n<meta property=\"og:description\" content=\"Erfahren Sie mehr \u00fcber die Stadien von Parkinson \u2713 Wie verl\u00e4uft die Krankheit und welche Behandlungsm\u00f6glichkeiten gibt es je Stadium \u25ba Jetzt informieren!\" \/>\n<meta property=\"og:url\" content=\"https:\/\/www.d-minecare.com\/de\/stadien-und-behandlungsmoglichkeiten\/\" \/>\n<meta property=\"og:site_name\" content=\"D-mine\u00ae Care\" \/>\n<meta property=\"article:modified_time\" content=\"2024-06-27T11:37:57+00:00\" \/>\n<meta property=\"og:image\" content=\"https:\/\/www.d-minecare.com\/wp-content\/uploads\/2022\/05\/Bilder_web_header_stages_1920x900px-1024x480.jpg\" \/>\n<meta name=\"twitter:card\" content=\"summary_large_image\" \/>\n<meta name=\"twitter:label1\" content=\"Gesch\u00e4tzte Lesezeit\" \/>\n\t<meta name=\"twitter:data1\" content=\"4\u00a0Minuten\" \/>\n<script type=\"application\/ld+json\" class=\"yoast-schema-graph\">{\"@context\":\"https:\\\/\\\/schema.org\",\"@graph\":[{\"@type\":\"WebPage\",\"@id\":\"https:\\\/\\\/www.d-minecare.com\\\/de\\\/stadien-und-behandlungsmoglichkeiten\\\/\",\"url\":\"https:\\\/\\\/www.d-minecare.com\\\/de\\\/stadien-und-behandlungsmoglichkeiten\\\/\",\"name\":\"Parkinson Stadien & Krankheitsverlauf - Behandlung je Stadium\",\"isPartOf\":{\"@id\":\"https:\\\/\\\/www.d-minecare.com\\\/#website\"},\"primaryImageOfPage\":{\"@id\":\"https:\\\/\\\/www.d-minecare.com\\\/de\\\/stadien-und-behandlungsmoglichkeiten\\\/#primaryimage\"},\"image\":{\"@id\":\"https:\\\/\\\/www.d-minecare.com\\\/de\\\/stadien-und-behandlungsmoglichkeiten\\\/#primaryimage\"},\"thumbnailUrl\":\"https:\\\/\\\/www.d-minecare.com\\\/wp-content\\\/uploads\\\/2022\\\/05\\\/Bilder_web_header_stages_1920x900px-1024x480.jpg\",\"datePublished\":\"2022-04-18T11:04:41+00:00\",\"dateModified\":\"2024-06-27T11:37:57+00:00\",\"description\":\"Erfahren Sie mehr \u00fcber die Stadien von Parkinson \u2713 Wie verl\u00e4uft die Krankheit und welche Behandlungsm\u00f6glichkeiten gibt es je Stadium \u25ba Jetzt informieren!\",\"breadcrumb\":{\"@id\":\"https:\\\/\\\/www.d-minecare.com\\\/de\\\/stadien-und-behandlungsmoglichkeiten\\\/#breadcrumb\"},\"inLanguage\":\"de\",\"potentialAction\":[{\"@type\":\"ReadAction\",\"target\":[\"https:\\\/\\\/www.d-minecare.com\\\/de\\\/stadien-und-behandlungsmoglichkeiten\\\/\"]}]},{\"@type\":\"ImageObject\",\"inLanguage\":\"de\",\"@id\":\"https:\\\/\\\/www.d-minecare.com\\\/de\\\/stadien-und-behandlungsmoglichkeiten\\\/#primaryimage\",\"url\":\"https:\\\/\\\/www.d-minecare.com\\\/wp-content\\\/uploads\\\/2022\\\/05\\\/Bilder_web_header_stages_1920x900px-1024x480.jpg\",\"contentUrl\":\"https:\\\/\\\/www.d-minecare.com\\\/wp-content\\\/uploads\\\/2022\\\/05\\\/Bilder_web_header_stages_1920x900px-1024x480.jpg\"},{\"@type\":\"BreadcrumbList\",\"@id\":\"https:\\\/\\\/www.d-minecare.com\\\/de\\\/stadien-und-behandlungsmoglichkeiten\\\/#breadcrumb\",\"itemListElement\":[{\"@type\":\"ListItem\",\"position\":1,\"name\":\"Home\",\"item\":\"https:\\\/\\\/www.d-minecare.com\\\/de\\\/\"},{\"@type\":\"ListItem\",\"position\":2,\"name\":\"Stadien und Behandlungsm\u00f6glichkeiten\"}]},{\"@type\":\"WebSite\",\"@id\":\"https:\\\/\\\/www.d-minecare.com\\\/#website\",\"url\":\"https:\\\/\\\/www.d-minecare.com\\\/\",\"name\":\"D-mine\u00ae Care\",\"description\":\"Das Therapiekonzept f\u00fcr Menschen mit Morbus Parkinson.\",\"potentialAction\":[{\"@type\":\"SearchAction\",\"target\":{\"@type\":\"EntryPoint\",\"urlTemplate\":\"https:\\\/\\\/www.d-minecare.com\\\/?s={search_term_string}\"},\"query-input\":{\"@type\":\"PropertyValueSpecification\",\"valueRequired\":true,\"valueName\":\"search_term_string\"}}],\"inLanguage\":\"de\"}]}<\/script>\n<!-- \/ Yoast SEO plugin. -->","yoast_head_json":{"title":"Parkinson Stadien & Krankheitsverlauf - Behandlung je Stadium","description":"Erfahren Sie mehr \u00fcber die Stadien von Parkinson \u2713 Wie verl\u00e4uft die Krankheit und welche Behandlungsm\u00f6glichkeiten gibt es je Stadium \u25ba Jetzt informieren!","robots":{"index":"index","follow":"follow","max-snippet":"max-snippet:-1","max-image-preview":"max-image-preview:large","max-video-preview":"max-video-preview:-1"},"canonical":"https:\/\/www.d-minecare.com\/de\/stadien-und-behandlungsmoglichkeiten\/","og_locale":"de_DE","og_type":"article","og_title":"Parkinson Stadien & Krankheitsverlauf - Behandlung je Stadium","og_description":"Erfahren Sie mehr \u00fcber die Stadien von Parkinson \u2713 Wie verl\u00e4uft die Krankheit und welche Behandlungsm\u00f6glichkeiten gibt es je Stadium \u25ba Jetzt informieren!","og_url":"https:\/\/www.d-minecare.com\/de\/stadien-und-behandlungsmoglichkeiten\/","og_site_name":"D-mine\u00ae Care","article_modified_time":"2024-06-27T11:37:57+00:00","og_image":[{"url":"https:\/\/www.d-minecare.com\/wp-content\/uploads\/2022\/05\/Bilder_web_header_stages_1920x900px-1024x480.jpg","type":"","width":"","height":""}],"twitter_card":"summary_large_image","twitter_misc":{"Gesch\u00e4tzte Lesezeit":"4\u00a0Minuten"},"schema":{"@context":"https:\/\/schema.org","@graph":[{"@type":"WebPage","@id":"https:\/\/www.d-minecare.com\/de\/stadien-und-behandlungsmoglichkeiten\/","url":"https:\/\/www.d-minecare.com\/de\/stadien-und-behandlungsmoglichkeiten\/","name":"Parkinson Stadien & Krankheitsverlauf - Behandlung je Stadium","isPartOf":{"@id":"https:\/\/www.d-minecare.com\/#website"},"primaryImageOfPage":{"@id":"https:\/\/www.d-minecare.com\/de\/stadien-und-behandlungsmoglichkeiten\/#primaryimage"},"image":{"@id":"https:\/\/www.d-minecare.com\/de\/stadien-und-behandlungsmoglichkeiten\/#primaryimage"},"thumbnailUrl":"https:\/\/www.d-minecare.com\/wp-content\/uploads\/2022\/05\/Bilder_web_header_stages_1920x900px-1024x480.jpg","datePublished":"2022-04-18T11:04:41+00:00","dateModified":"2024-06-27T11:37:57+00:00","description":"Erfahren Sie mehr \u00fcber die Stadien von Parkinson \u2713 Wie verl\u00e4uft die Krankheit und welche Behandlungsm\u00f6glichkeiten gibt es je Stadium \u25ba Jetzt informieren!","breadcrumb":{"@id":"https:\/\/www.d-minecare.com\/de\/stadien-und-behandlungsmoglichkeiten\/#breadcrumb"},"inLanguage":"de","potentialAction":[{"@type":"ReadAction","target":["https:\/\/www.d-minecare.com\/de\/stadien-und-behandlungsmoglichkeiten\/"]}]},{"@type":"ImageObject","inLanguage":"de","@id":"https:\/\/www.d-minecare.com\/de\/stadien-und-behandlungsmoglichkeiten\/#primaryimage","url":"https:\/\/www.d-minecare.com\/wp-content\/uploads\/2022\/05\/Bilder_web_header_stages_1920x900px-1024x480.jpg","contentUrl":"https:\/\/www.d-minecare.com\/wp-content\/uploads\/2022\/05\/Bilder_web_header_stages_1920x900px-1024x480.jpg"},{"@type":"BreadcrumbList","@id":"https:\/\/www.d-minecare.com\/de\/stadien-und-behandlungsmoglichkeiten\/#breadcrumb","itemListElement":[{"@type":"ListItem","position":1,"name":"Home","item":"https:\/\/www.d-minecare.com\/de\/"},{"@type":"ListItem","position":2,"name":"Stadien und Behandlungsm\u00f6glichkeiten"}]},{"@type":"WebSite","@id":"https:\/\/www.d-minecare.com\/#website","url":"https:\/\/www.d-minecare.com\/","name":"D-mine\u00ae Care","description":"Das Therapiekonzept f\u00fcr Menschen mit Morbus Parkinson.","potentialAction":[{"@type":"SearchAction","target":{"@type":"EntryPoint","urlTemplate":"https:\/\/www.d-minecare.com\/?s={search_term_string}"},"query-input":{"@type":"PropertyValueSpecification","valueRequired":true,"valueName":"search_term_string"}}],"inLanguage":"de"}]}},"_links":{"self":[{"href":"https:\/\/www.d-minecare.com\/de\/wp-json\/wp\/v2\/pages\/2541","targetHints":{"allow":["GET"]}}],"collection":[{"href":"https:\/\/www.d-minecare.com\/de\/wp-json\/wp\/v2\/pages"}],"about":[{"href":"https:\/\/www.d-minecare.com\/de\/wp-json\/wp\/v2\/types\/page"}],"author":[{"embeddable":true,"href":"https:\/\/www.d-minecare.com\/de\/wp-json\/wp\/v2\/users\/1"}],"replies":[{"embeddable":true,"href":"https:\/\/www.d-minecare.com\/de\/wp-json\/wp\/v2\/comments?post=2541"}],"version-history":[{"count":30,"href":"https:\/\/www.d-minecare.com\/de\/wp-json\/wp\/v2\/pages\/2541\/revisions"}],"predecessor-version":[{"id":4594,"href":"https:\/\/www.d-minecare.com\/de\/wp-json\/wp\/v2\/pages\/2541\/revisions\/4594"}],"wp:attachment":[{"href":"https:\/\/www.d-minecare.com\/de\/wp-json\/wp\/v2\/media?parent=2541"}],"curies":[{"name":"wp","href":"https:\/\/api.w.org\/{rel}","templated":true}]}}