{"id":2542,"date":"2022-04-18T11:04:41","date_gmt":"2022-04-18T11:04:41","guid":{"rendered":"https:\/\/www.d-minecare.com\/?page_id=2542"},"modified":"2023-11-09T09:06:47","modified_gmt":"2023-11-09T09:06:47","slug":"wie-sich-parkinson-anfuhlt","status":"publish","type":"page","link":"https:\/\/www.d-minecare.com\/de\/wie-sich-parkinson-anfuhlt\/","title":{"rendered":"Wie sich Parkinson anf\u00fchlt"},"content":{"rendered":"\n<div class=\"wp-block-theme-section alignfull\"><div class=\"wp-block-theme-section__content\">\n<h1 class=\"wp-block-heading is-style-main-title\">Parkinson Erfahrungsberichte &#8211; Was Betroffene berichten<\/h1>\n\n\n\n<h2 class=\"wp-block-heading\">Die pers\u00f6nliche Erfolgsgeschichte mit Morbus Parkinson<\/h2>\n\n\n\n<p><\/p>\n\n\n\n<p>Parkinson-Patienten sind mit fortschreitenden <a href=\"https:\/\/www.d-minecare.com\/de\/ueber-morbus-parkinson\/#symptome-diagnose\">Ver\u00e4nderungen der motorischen Funktionen<\/a> sowie mit vielen anderen nicht-motorischen Symptomen konfrontiert, darunter Depressionen, Schlafst\u00f6rungen, Schmerzen und kognitive Einschr\u00e4nkungen. Oft haben die Patienten Zukunfts\u00e4ngste. Die Ver\u00e4nderungen im Denken und in den Emotionen der Parkinson-Patienten f\u00fchren h\u00e4ufig zu Depressionen und \u00c4ngsten und in der Folge zu weniger Aktivit\u00e4t im sozialen Leben. Im Folgenden finden Sie die pers\u00f6nliche Geschichte und Erfahrungsberichte von David Ashford Jones:<\/p>\n<\/div><\/div>\n\n\n\n<div class=\"wp-block-theme-cover alignfull\"><div class=\"wp-block-theme-cover__background right-0\" style=\"background-image:url(https:\/\/www.d-minecare.com\/wp-content\/uploads\/2022\/05\/David-Ashford-Jones-1-1024x742.png);background-position:63% 36%\"><img decoding=\"async\" width=\"1024\" height=\"742\" class=\"wp-image-354 lazyload\" data-src=\"https:\/\/www.d-minecare.com\/wp-content\/uploads\/2022\/05\/David-Ashford-Jones-1-1024x742.png\" style=\"--smush-placeholder-width: 1024px; --smush-placeholder-aspect-ratio: 1024\/742;object-position:63% 36%\" data-srcset=\"https:\/\/www.d-minecare.com\/wp-content\/uploads\/2022\/05\/David-Ashford-Jones-1-1024x742.png 1024w, https:\/\/www.d-minecare.com\/wp-content\/uploads\/2022\/05\/David-Ashford-Jones-1-300x217.png 300w, https:\/\/www.d-minecare.com\/wp-content\/uploads\/2022\/05\/David-Ashford-Jones-1-768x557.png 768w, https:\/\/www.d-minecare.com\/wp-content\/uploads\/2022\/05\/David-Ashford-Jones-1.png 1050w\" data-sizes=\"(max-width: 1024px) 100vw, 1024px\" src=\"data:image\/svg+xml;base64,PHN2ZyB3aWR0aD0iMSIgaGVpZ2h0PSIxIiB4bWxucz0iaHR0cDovL3d3dy53My5vcmcvMjAwMC9zdmciPjwvc3ZnPg==\" \/><\/div><div class=\"wp-block-theme-cover__container justify-start items-center\"><div class=\"wp-block-theme-cover__content has-brand-background-color has-undefined-color\">\n<h2 class=\"wp-block-heading is-style-section-title-big has-white-color has-text-color has-md-font-size\">Pers\u00f6nlicher Erfahrungsbericht \u00fcber Parkinson<\/h2>\n\n\n\n<p class=\"has-white-color has-text-color\">David wurde 1967 im Black Country geboren und lebt heute 40 Minuten vom Zentrum Londons entfernt.<br>Da er schon immer verstehen wollte, wie die Dinge funktionieren, erwarb er einen BSC Hons in Physiologie und Pharmakologie (Uni of Sheffield) und anschlie\u00dfend einen MBA (Uni of Warwick).<\/p>\n<\/div><\/div><\/div>\n\n\n\n<div style=\"height:2rem\" aria-hidden=\"true\" class=\"wp-block-spacer\"><\/div>\n\n\n\n<p>Nach einer erfolgreichen 25-j\u00e4hrigen Karriere in der pharmazeutischen Industrie, in der David leitende Funktionen in den Bereichen Schulung, Vertrieb und Marketing in England und international innehatte, gr\u00fcndete er sein Beratungsunternehmen Sagio.<\/p>\n\n\n\n<p>Nach seiner Parkinson-Diagnose im Jahr 2010 engagierte sich David bei The Cure Parkinson&#8217;s Trust (CPT) und wurde zunehmend als F\u00fcrsprecher aktiv. David wirkte in den letzten 4 Jahren an der &#8220;Rallying to the Challenge&#8221; mit und trug zu den daraus resultierenden Ver\u00f6ffentlichungen bei (<a href=\"https:\/\/cureparkinsons.org.uk\/2021\/10\/webinar-rallying-2021\/\" target=\"_blank\" rel=\"noreferrer noopener\">mehr lesen<\/a>).<\/p>\n\n\n\n<p>David wird im Oktober zum Treuh\u00e4nder des CPT ernannt. Durch die Parkinson-Erkrankung seines Vaters wuchs er mit den Emotionen von Parkinson-Erkrankten auf und damit, jeden Abend an einem wackelnden Tisch zu essen. Die Behandlungsmethoden mit denen sein Vater und auch David konfrontiert wurden, brauchten keine Besserung und die Frustration wuchs immer weiter. Dadurch wurde David motiviert, selbst etwas zu \u00e4ndern. <\/p>\n\n\n\n<p>Heute ist er sowohl stolzer Vater einer Tochter die ihre GCSE-Pr\u00fcfung mit Bravour bestanden hat, als auch ein Ehemann, der f\u00fcr seine Frau Nyki &#8220;Chaos schafft&#8221;. David f\u00fcllt seine Freizeit mit der Gestaltung seines Gartens und ist inzwischen auch zum Golf spielen und Radfahren zur\u00fcckgekehrt, da er gemerkt hat, dass er beides zu leichtfertig aufgegeben hat. Bleibt nur noch die R\u00fcckkehr zum Skifahren. Oscar, der Cockapoo, vervollst\u00e4ndigt seine Familie und h\u00e4lt David t\u00e4glich auf Trab. David gr\u00fcndete ein Pharmaunternehmen und verbringt seine Zeit mit der Suche nach Investitionen f\u00fcr ein Gesch\u00e4ftsmodell, das Mittel f\u00fcr die Forschung generiert, w\u00e4hrend er gleichzeitig seine Rechnungen bezahlen muss.<\/p>\n\n\n\n<h3 class=\"wp-block-heading is-style-section-title has-gray-base-color has-text-color\">Wie sich Parkinson auf das Leben auswirkt &#8211; Erfahrungsberichte von Betroffenen (EN):<\/h3>\n\n\n\n<div class=\"wp-block-columns is-layout-flex wp-container-core-columns-is-layout-9d6595d7 wp-block-columns-is-layout-flex\">\n<div class=\"wp-block-column is-layout-flow wp-block-column-is-layout-flow\">\n<figure class=\"wp-block-embed is-type-video is-provider-vimeo wp-block-embed-vimeo wp-embed-aspect-16-9 wp-has-aspect-ratio\"><div class=\"wp-block-embed__wrapper\">\n<iframe title=\"DAC_DAJ_Patient_Clip_V01_Introduction\" data-src=\"https:\/\/player.vimeo.com\/video\/461368946?h=ba2468b9f8&amp;dnt=1&amp;app_id=122963\" width=\"500\" height=\"281\" frameborder=\"0\" allow=\"autoplay; fullscreen; picture-in-picture; clipboard-write\" src=\"data:image\/svg+xml;base64,PHN2ZyB3aWR0aD0iMSIgaGVpZ2h0PSIxIiB4bWxucz0iaHR0cDovL3d3dy53My5vcmcvMjAwMC9zdmciPjwvc3ZnPg==\" class=\"lazyload\" data-load-mode=\"1\"><\/iframe>\n<\/div><figcaption class=\"wp-element-caption\">David\u2019s Story<\/figcaption><\/figure>\n<\/div>\n\n\n\n<div class=\"wp-block-column is-layout-flow wp-block-column-is-layout-flow\">\n<figure class=\"wp-block-embed is-type-video is-provider-vimeo wp-block-embed-vimeo wp-embed-aspect-16-9 wp-has-aspect-ratio\"><div class=\"wp-block-embed__wrapper\">\n<iframe title=\"DAC_DAJ_Patient_Clip_V02_Whats it like\" data-src=\"https:\/\/player.vimeo.com\/video\/461369188?h=d368677188&amp;dnt=1&amp;app_id=122963\" width=\"500\" height=\"281\" frameborder=\"0\" allow=\"autoplay; fullscreen; picture-in-picture; clipboard-write\" src=\"data:image\/svg+xml;base64,PHN2ZyB3aWR0aD0iMSIgaGVpZ2h0PSIxIiB4bWxucz0iaHR0cDovL3d3dy53My5vcmcvMjAwMC9zdmciPjwvc3ZnPg==\" class=\"lazyload\" data-load-mode=\"1\"><\/iframe>\n<\/div><figcaption class=\"wp-element-caption\">What it&#8217;s like being OFF<\/figcaption><\/figure>\n<\/div>\n<\/div>\n\n\n\n<div class=\"wp-block-columns is-layout-flex wp-container-core-columns-is-layout-9d6595d7 wp-block-columns-is-layout-flex\">\n<div class=\"wp-block-column is-layout-flow wp-block-column-is-layout-flow\">\n<figure class=\"wp-block-embed is-type-video is-provider-vimeo wp-block-embed-vimeo wp-embed-aspect-16-9 wp-has-aspect-ratio\"><div class=\"wp-block-embed__wrapper\">\n<iframe title=\"DAC_DAJ_Patient_Clip_V03_Apomorphine\" data-src=\"https:\/\/player.vimeo.com\/video\/461370382?h=4a0d724250&amp;dnt=1&amp;app_id=122963\" width=\"500\" height=\"281\" frameborder=\"0\" allow=\"autoplay; fullscreen; picture-in-picture; clipboard-write\" src=\"data:image\/svg+xml;base64,PHN2ZyB3aWR0aD0iMSIgaGVpZ2h0PSIxIiB4bWxucz0iaHR0cDovL3d3dy53My5vcmcvMjAwMC9zdmciPjwvc3ZnPg==\" class=\"lazyload\" data-load-mode=\"1\"><\/iframe>\n<\/div><figcaption class=\"wp-element-caption\">What Apomorphine does for me<\/figcaption><\/figure>\n<\/div>\n\n\n\n<div class=\"wp-block-column is-layout-flow wp-block-column-is-layout-flow\">\n<figure class=\"wp-block-embed is-type-video is-provider-vimeo wp-block-embed-vimeo wp-embed-aspect-16-9 wp-has-aspect-ratio\"><div class=\"wp-block-embed__wrapper\">\n<iframe title=\"DAC_DAJ_Patient_Clip_V04_Hints\" data-src=\"https:\/\/player.vimeo.com\/video\/461370825?h=c56ff2c45b&amp;dnt=1&amp;app_id=122963\" width=\"500\" height=\"281\" frameborder=\"0\" allow=\"autoplay; fullscreen; picture-in-picture; clipboard-write\" src=\"data:image\/svg+xml;base64,PHN2ZyB3aWR0aD0iMSIgaGVpZ2h0PSIxIiB4bWxucz0iaHR0cDovL3d3dy53My5vcmcvMjAwMC9zdmciPjwvc3ZnPg==\" class=\"lazyload\" data-load-mode=\"1\"><\/iframe>\n<\/div><figcaption class=\"wp-element-caption\">My hints and tips when seeing your doctor<\/figcaption><\/figure>\n<\/div>\n<\/div>\n\n\n\n<div style=\"height:3rem\" aria-hidden=\"true\" class=\"wp-block-spacer\"><\/div>\n\n\n\n<div class=\"wp-block-theme-section alignfull has-gray-light-background-color has-background has-gray-light-background-color has-background\"><div class=\"wp-block-theme-section__content\">\n<div class=\"wp-block-columns is-style-default is-layout-flex wp-container-core-columns-is-layout-e95a7ca1 wp-block-columns-is-layout-flex\" style=\"padding-top:2rem;padding-bottom:2rem\">\n<div class=\"wp-block-column is-style-default is-layout-flow wp-block-column-is-layout-flow\">\n<div class=\"wp-block-group is-style-card has-gray-base-color has-gray-light-background-color has-text-color has-background is-vertical is-layout-flex wp-container-core-group-is-layout-8cf370e7 wp-block-group-is-layout-flex\">\n<figure class=\"wp-block-image size-full is-style-card-image\"><img decoding=\"async\" width=\"570\" height=\"338\" data-src=\"https:\/\/www.d-minecare.com\/wp-content\/uploads\/2022\/07\/Bilder_web_8.jpg\" alt=\"Die Emotionen von Parkinson Patienten brauchen eine gute Unterst\u00fctzung. \" class=\"wp-image-3140 lazyload\" data-srcset=\"https:\/\/www.d-minecare.com\/wp-content\/uploads\/2022\/07\/Bilder_web_8.jpg 570w, https:\/\/www.d-minecare.com\/wp-content\/uploads\/2022\/07\/Bilder_web_8-300x178.jpg 300w\" data-sizes=\"(max-width: 570px) 100vw, 570px\" src=\"data:image\/svg+xml;base64,PHN2ZyB3aWR0aD0iMSIgaGVpZ2h0PSIxIiB4bWxucz0iaHR0cDovL3d3dy53My5vcmcvMjAwMC9zdmciPjwvc3ZnPg==\" style=\"--smush-placeholder-width: 570px; --smush-placeholder-aspect-ratio: 570\/338;\" \/><\/figure>\n\n\n\n<div class=\"wp-block-group is-layout-flow wp-block-group-is-layout-flow\">\n<h2 class=\"wp-block-heading is-style-card-title-orange has-brand-color has-text-color\">D-<em>mine<sup>\u00ae<\/sup> <\/em>Care Therapiekonzept<\/h2>\n\n\n\n<p>Das Therapiekonzept f\u00fcr Menschen mit Morbus Parkinson.<\/p>\n\n\n\n<div class=\"wp-block-buttons is-layout-flex wp-block-buttons-is-layout-flex\">\n<div class=\"wp-block-button is-style-underline\"><a class=\"wp-block-button__link wp-element-button\" href=\"https:\/\/www.d-minecare.com\/de\/d-mine-care-therapiekonzept\/\">Mehr Erfahren<\/a><\/div>\n<\/div>\n<\/div>\n<\/div>\n<\/div>\n\n\n\n<div class=\"wp-block-column is-style-default is-layout-flow wp-block-column-is-layout-flow\">\n<div class=\"wp-block-group is-style-card has-white-color has-brand-background-color has-text-color has-background is-vertical is-layout-flex wp-container-core-group-is-layout-8cf370e7 wp-block-group-is-layout-flex\">\n<figure class=\"wp-block-image size-full is-style-card-image\"><img decoding=\"async\" width=\"570\" height=\"338\" data-src=\"https:\/\/www.d-minecare.com\/wp-content\/uploads\/2022\/07\/Bilder_web_24.jpg\" alt=\"\" class=\"wp-image-3137 lazyload\" data-srcset=\"https:\/\/www.d-minecare.com\/wp-content\/uploads\/2022\/07\/Bilder_web_24.jpg 570w, https:\/\/www.d-minecare.com\/wp-content\/uploads\/2022\/07\/Bilder_web_24-300x178.jpg 300w\" data-sizes=\"(max-width: 570px) 100vw, 570px\" src=\"data:image\/svg+xml;base64,PHN2ZyB3aWR0aD0iMSIgaGVpZ2h0PSIxIiB4bWxucz0iaHR0cDovL3d3dy53My5vcmcvMjAwMC9zdmciPjwvc3ZnPg==\" style=\"--smush-placeholder-width: 570px; --smush-placeholder-aspect-ratio: 570\/338;\" \/><\/figure>\n\n\n\n<div class=\"wp-block-group is-layout-flow wp-block-group-is-layout-flow\">\n<h2 class=\"wp-block-heading is-style-card-title-orange\">\u00dcber Apomorphin<\/h2>\n\n\n\n<p>Apomorphin geh\u00f6rt zur Gruppe der Dopamin-Agonisten und hilft Off-Phasen zu verk\u00fcrzen.<\/p>\n\n\n\n<div class=\"wp-block-buttons is-layout-flex wp-block-buttons-is-layout-flex\">\n<div class=\"wp-block-button is-style-underline\"><a class=\"wp-block-button__link has-white-color has-text-color wp-element-button\" href=\"https:\/\/www.d-minecare.com\/de\/d-mine-care-therapiekonzept\/#apomorphin\">Mehr Erfahren<\/a><\/div>\n<\/div>\n<\/div>\n<\/div>\n<\/div>\n<\/div>\n<\/div><\/div>\n","protected":false},"excerpt":{"rendered":"<p>Nach einer erfolgreichen 25-j\u00e4hrigen Karriere in der pharmazeutischen Industrie, in der David leitende Funktionen in den Bereichen Schulung, Vertrieb und Marketing in England und international innehatte, gr\u00fcndete er sein Beratungsunternehmen Sagio. Nach seiner Parkinson-Diagnose im Jahr 2010 engagierte sich David bei The Cure Parkinson&#8217;s Trust (CPT) und wurde zunehmend als F\u00fcrsprecher aktiv. David wirkte in [&hellip;]<\/p>\n","protected":false},"author":1,"featured_media":0,"parent":0,"menu_order":3,"comment_status":"open","ping_status":"closed","template":"","meta":{"_acf_changed":false,"footnotes":""},"class_list":["post-2542","page","type-page","status-publish","hentry"],"acf":[],"yoast_head":"<!-- This site is optimized with the Yoast SEO plugin v27.4 - https:\/\/yoast.com\/product\/yoast-seo-wordpress\/ -->\n<title>Parkinson Erfahrungen &amp; Erfahrungsbericht von Betroffenen<\/title>\n<meta name=\"description\" content=\"Erfahren Sie mehr \u00fcber die Erfahrungen von Parkinson-Patienten \u2713 Umgang mit Parkinson im Alltag und das Leben mit der Krankheit \u25ba Jetzt informieren!\" \/>\n<meta name=\"robots\" content=\"index, follow, max-snippet:-1, max-image-preview:large, max-video-preview:-1\" \/>\n<link rel=\"canonical\" href=\"https:\/\/www.d-minecare.com\/de\/wie-sich-parkinson-anfuhlt\/\" \/>\n<meta property=\"og:locale\" content=\"de_DE\" \/>\n<meta property=\"og:type\" content=\"article\" \/>\n<meta property=\"og:title\" content=\"Parkinson Erfahrungen &amp; Erfahrungsbericht von Betroffenen\" \/>\n<meta property=\"og:description\" content=\"Erfahren Sie mehr \u00fcber die Erfahrungen von Parkinson-Patienten \u2713 Umgang mit Parkinson im Alltag und das Leben mit der Krankheit \u25ba Jetzt informieren!\" \/>\n<meta property=\"og:url\" content=\"https:\/\/www.d-minecare.com\/de\/wie-sich-parkinson-anfuhlt\/\" \/>\n<meta property=\"og:site_name\" content=\"D-mine\u00ae Care\" \/>\n<meta property=\"article:modified_time\" content=\"2023-11-09T09:06:47+00:00\" \/>\n<meta property=\"og:image\" content=\"https:\/\/www.d-minecare.com\/wp-content\/uploads\/2022\/05\/David-Ashford-Jones-1-1024x742.png\" \/>\n<meta name=\"twitter:card\" content=\"summary_large_image\" \/>\n<meta name=\"twitter:label1\" content=\"Gesch\u00e4tzte Lesezeit\" \/>\n\t<meta name=\"twitter:data1\" content=\"3\u00a0Minuten\" \/>\n<script type=\"application\/ld+json\" class=\"yoast-schema-graph\">{\"@context\":\"https:\\\/\\\/schema.org\",\"@graph\":[{\"@type\":\"WebPage\",\"@id\":\"https:\\\/\\\/www.d-minecare.com\\\/de\\\/wie-sich-parkinson-anfuhlt\\\/\",\"url\":\"https:\\\/\\\/www.d-minecare.com\\\/de\\\/wie-sich-parkinson-anfuhlt\\\/\",\"name\":\"Parkinson Erfahrungen & Erfahrungsbericht von Betroffenen\",\"isPartOf\":{\"@id\":\"https:\\\/\\\/www.d-minecare.com\\\/#website\"},\"primaryImageOfPage\":{\"@id\":\"https:\\\/\\\/www.d-minecare.com\\\/de\\\/wie-sich-parkinson-anfuhlt\\\/#primaryimage\"},\"image\":{\"@id\":\"https:\\\/\\\/www.d-minecare.com\\\/de\\\/wie-sich-parkinson-anfuhlt\\\/#primaryimage\"},\"thumbnailUrl\":\"https:\\\/\\\/www.d-minecare.com\\\/wp-content\\\/uploads\\\/2022\\\/05\\\/David-Ashford-Jones-1-1024x742.png\",\"datePublished\":\"2022-04-18T11:04:41+00:00\",\"dateModified\":\"2023-11-09T09:06:47+00:00\",\"description\":\"Erfahren Sie mehr \u00fcber die Erfahrungen von Parkinson-Patienten \u2713 Umgang mit Parkinson im Alltag und das Leben mit der Krankheit \u25ba Jetzt informieren!\",\"breadcrumb\":{\"@id\":\"https:\\\/\\\/www.d-minecare.com\\\/de\\\/wie-sich-parkinson-anfuhlt\\\/#breadcrumb\"},\"inLanguage\":\"de\",\"potentialAction\":[{\"@type\":\"ReadAction\",\"target\":[\"https:\\\/\\\/www.d-minecare.com\\\/de\\\/wie-sich-parkinson-anfuhlt\\\/\"]}]},{\"@type\":\"ImageObject\",\"inLanguage\":\"de\",\"@id\":\"https:\\\/\\\/www.d-minecare.com\\\/de\\\/wie-sich-parkinson-anfuhlt\\\/#primaryimage\",\"url\":\"https:\\\/\\\/www.d-minecare.com\\\/wp-content\\\/uploads\\\/2022\\\/05\\\/David-Ashford-Jones-1-1024x742.png\",\"contentUrl\":\"https:\\\/\\\/www.d-minecare.com\\\/wp-content\\\/uploads\\\/2022\\\/05\\\/David-Ashford-Jones-1-1024x742.png\"},{\"@type\":\"BreadcrumbList\",\"@id\":\"https:\\\/\\\/www.d-minecare.com\\\/de\\\/wie-sich-parkinson-anfuhlt\\\/#breadcrumb\",\"itemListElement\":[{\"@type\":\"ListItem\",\"position\":1,\"name\":\"Home\",\"item\":\"https:\\\/\\\/www.d-minecare.com\\\/de\\\/\"},{\"@type\":\"ListItem\",\"position\":2,\"name\":\"Wie sich Parkinson anf\u00fchlt\"}]},{\"@type\":\"WebSite\",\"@id\":\"https:\\\/\\\/www.d-minecare.com\\\/#website\",\"url\":\"https:\\\/\\\/www.d-minecare.com\\\/\",\"name\":\"D-mine\u00ae Care\",\"description\":\"Das Therapiekonzept f\u00fcr Menschen mit Morbus Parkinson.\",\"potentialAction\":[{\"@type\":\"SearchAction\",\"target\":{\"@type\":\"EntryPoint\",\"urlTemplate\":\"https:\\\/\\\/www.d-minecare.com\\\/?s={search_term_string}\"},\"query-input\":{\"@type\":\"PropertyValueSpecification\",\"valueRequired\":true,\"valueName\":\"search_term_string\"}}],\"inLanguage\":\"de\"}]}<\/script>\n<!-- \/ Yoast SEO plugin. -->","yoast_head_json":{"title":"Parkinson Erfahrungen & Erfahrungsbericht von Betroffenen","description":"Erfahren Sie mehr \u00fcber die Erfahrungen von Parkinson-Patienten \u2713 Umgang mit Parkinson im Alltag und das Leben mit der Krankheit \u25ba Jetzt informieren!","robots":{"index":"index","follow":"follow","max-snippet":"max-snippet:-1","max-image-preview":"max-image-preview:large","max-video-preview":"max-video-preview:-1"},"canonical":"https:\/\/www.d-minecare.com\/de\/wie-sich-parkinson-anfuhlt\/","og_locale":"de_DE","og_type":"article","og_title":"Parkinson Erfahrungen & Erfahrungsbericht von Betroffenen","og_description":"Erfahren Sie mehr \u00fcber die Erfahrungen von Parkinson-Patienten \u2713 Umgang mit Parkinson im Alltag und das Leben mit der Krankheit \u25ba Jetzt informieren!","og_url":"https:\/\/www.d-minecare.com\/de\/wie-sich-parkinson-anfuhlt\/","og_site_name":"D-mine\u00ae Care","article_modified_time":"2023-11-09T09:06:47+00:00","og_image":[{"url":"https:\/\/www.d-minecare.com\/wp-content\/uploads\/2022\/05\/David-Ashford-Jones-1-1024x742.png","type":"","width":"","height":""}],"twitter_card":"summary_large_image","twitter_misc":{"Gesch\u00e4tzte Lesezeit":"3\u00a0Minuten"},"schema":{"@context":"https:\/\/schema.org","@graph":[{"@type":"WebPage","@id":"https:\/\/www.d-minecare.com\/de\/wie-sich-parkinson-anfuhlt\/","url":"https:\/\/www.d-minecare.com\/de\/wie-sich-parkinson-anfuhlt\/","name":"Parkinson Erfahrungen & Erfahrungsbericht von Betroffenen","isPartOf":{"@id":"https:\/\/www.d-minecare.com\/#website"},"primaryImageOfPage":{"@id":"https:\/\/www.d-minecare.com\/de\/wie-sich-parkinson-anfuhlt\/#primaryimage"},"image":{"@id":"https:\/\/www.d-minecare.com\/de\/wie-sich-parkinson-anfuhlt\/#primaryimage"},"thumbnailUrl":"https:\/\/www.d-minecare.com\/wp-content\/uploads\/2022\/05\/David-Ashford-Jones-1-1024x742.png","datePublished":"2022-04-18T11:04:41+00:00","dateModified":"2023-11-09T09:06:47+00:00","description":"Erfahren Sie mehr \u00fcber die Erfahrungen von Parkinson-Patienten \u2713 Umgang mit Parkinson im Alltag und das Leben mit der Krankheit \u25ba Jetzt informieren!","breadcrumb":{"@id":"https:\/\/www.d-minecare.com\/de\/wie-sich-parkinson-anfuhlt\/#breadcrumb"},"inLanguage":"de","potentialAction":[{"@type":"ReadAction","target":["https:\/\/www.d-minecare.com\/de\/wie-sich-parkinson-anfuhlt\/"]}]},{"@type":"ImageObject","inLanguage":"de","@id":"https:\/\/www.d-minecare.com\/de\/wie-sich-parkinson-anfuhlt\/#primaryimage","url":"https:\/\/www.d-minecare.com\/wp-content\/uploads\/2022\/05\/David-Ashford-Jones-1-1024x742.png","contentUrl":"https:\/\/www.d-minecare.com\/wp-content\/uploads\/2022\/05\/David-Ashford-Jones-1-1024x742.png"},{"@type":"BreadcrumbList","@id":"https:\/\/www.d-minecare.com\/de\/wie-sich-parkinson-anfuhlt\/#breadcrumb","itemListElement":[{"@type":"ListItem","position":1,"name":"Home","item":"https:\/\/www.d-minecare.com\/de\/"},{"@type":"ListItem","position":2,"name":"Wie sich Parkinson anf\u00fchlt"}]},{"@type":"WebSite","@id":"https:\/\/www.d-minecare.com\/#website","url":"https:\/\/www.d-minecare.com\/","name":"D-mine\u00ae Care","description":"Das Therapiekonzept f\u00fcr Menschen mit Morbus Parkinson.","potentialAction":[{"@type":"SearchAction","target":{"@type":"EntryPoint","urlTemplate":"https:\/\/www.d-minecare.com\/?s={search_term_string}"},"query-input":{"@type":"PropertyValueSpecification","valueRequired":true,"valueName":"search_term_string"}}],"inLanguage":"de"}]}},"_links":{"self":[{"href":"https:\/\/www.d-minecare.com\/de\/wp-json\/wp\/v2\/pages\/2542","targetHints":{"allow":["GET"]}}],"collection":[{"href":"https:\/\/www.d-minecare.com\/de\/wp-json\/wp\/v2\/pages"}],"about":[{"href":"https:\/\/www.d-minecare.com\/de\/wp-json\/wp\/v2\/types\/page"}],"author":[{"embeddable":true,"href":"https:\/\/www.d-minecare.com\/de\/wp-json\/wp\/v2\/users\/1"}],"replies":[{"embeddable":true,"href":"https:\/\/www.d-minecare.com\/de\/wp-json\/wp\/v2\/comments?post=2542"}],"version-history":[{"count":27,"href":"https:\/\/www.d-minecare.com\/de\/wp-json\/wp\/v2\/pages\/2542\/revisions"}],"predecessor-version":[{"id":4549,"href":"https:\/\/www.d-minecare.com\/de\/wp-json\/wp\/v2\/pages\/2542\/revisions\/4549"}],"wp:attachment":[{"href":"https:\/\/www.d-minecare.com\/de\/wp-json\/wp\/v2\/media?parent=2542"}],"curies":[{"name":"wp","href":"https:\/\/api.w.org\/{rel}","templated":true}]}}