{"id":2544,"date":"2022-04-18T11:04:41","date_gmt":"2022-04-18T11:04:41","guid":{"rendered":"https:\/\/www.d-minecare.com\/?page_id=2544"},"modified":"2024-08-02T08:42:10","modified_gmt":"2024-08-02T08:42:10","slug":"patientenbetreuung","status":"publish","type":"page","link":"https:\/\/www.d-minecare.com\/de\/patientenbetreuung\/","title":{"rendered":"Patientenbetreuung"},"content":{"rendered":"\n<div class=\"wp-block-theme-cover alignfull is-full-wide-cover\"><div class=\"wp-block-theme-cover__background\" style=\"background-image:url(https:\/\/www.d-minecare.com\/wp-content\/uploads\/2022\/05\/d-minecare-header-1920x900_4-1024x480.jpg);background-position:50% 50%\"><img decoding=\"async\" data-src=\"https:\/\/www.d-minecare.com\/wp-content\/uploads\/2022\/05\/d-minecare-header-1920x900_4-1024x480.jpg\" style=\"--smush-placeholder-width: 1024px; --smush-placeholder-aspect-ratio: 1024\/480;object-position:50% 50%\" src=\"data:image\/svg+xml;base64,PHN2ZyB3aWR0aD0iMSIgaGVpZ2h0PSIxIiB4bWxucz0iaHR0cDovL3d3dy53My5vcmcvMjAwMC9zdmciPjwvc3ZnPg==\" class=\"lazyload\" \/><\/div><\/div>\n\n\n\n<div class=\"wp-block-theme-section alignfull\"><div class=\"wp-block-theme-section__content\">\n<h1 class=\"wp-block-heading is-style-main-title\">Pflege bei Parkinson: Patienten Betreuung durch D-<em>mine<\/em>\u00ae Care<\/h1>\n\n\n\n<h2 class=\"wp-block-heading\">Grundlagen der Pflege und Betreuung bei Parkinson<\/h2>\n\n\n\n<p>Die Pflege bei Parkinson ist eine t\u00e4gliche Herausforderung, vor allem im <a href=\"https:\/\/www.d-minecare.com\/de\/stadien-und-behandlungsmoglichkeiten\/\">fortgeschrittenen Stadium<\/a> der Krankheit. Je weiter die Parkinson-Krankheit fortschreitet, desto mehr Unterst\u00fctzung braucht der Betroffene m\u00f6glicherweise. Es ist wichtig, dass man sich auch als betreuende Person Hilfe organisiert, sich also \u00fcber die Unterst\u00fctzungsm\u00f6glichkeiten informiert. Mit dem Fortschreiten der Parkinson-Krankheit ben\u00f6tigen manche Menschen zus\u00e4tzliche Hilfe bei Aktivit\u00e4ten des t\u00e4glichen Lebens wie Baden, Anziehen, Essen und dem Toilettengang. <\/p>\n\n\n\n<p>Die Parkinson-Krankheit kann das Denken und die Emotionen der Betroffenen ver\u00e4ndern, was zu Depressionen und \u00c4ngsten und zu weniger Aktivit\u00e4t im sozialen Leben f\u00fchren kann. Dies bedeutet jedoch nicht, dass man sein Zuhause verlassen und in ein Pflegeheim ziehen muss, vor allem, wenn auch eine unterst\u00fctzende h\u00e4usliche Betreuung m\u00f6glich ist. Die Unterst\u00fctzung tr\u00e4gt dazu bei, dass Menschen mit Parkinson Fragen beantwortet bekommen und Verst\u00e4ndnis f\u00fcr die Anweisungen des Arztes haben. Mit dem Fortschreiten der Krankheit ben\u00f6tigen Menschen mit Parkinson m\u00f6glicherweise mehr Hilfe bei den t\u00e4glichen Aktivit\u00e4ten, bis hin zur 24-Stunden-Betreuung.<\/p>\n\n\n\n<h3 class=\"wp-block-heading is-style-section-title has-gray-base-color has-text-color\">Symptome und Auswirkungen auf die t\u00e4gliche Lebensf\u00fchrung<\/h3>\n\n\n\n<p>Die Parkinson-Krankheit weist <a href=\"https:\/\/www.d-minecare.com\/de\/ueber-morbus-parkinson\/#symptome-diagnose\">eine Vielzahl von Symptomen<\/a> auf, die sich einerseits auf motorische Probleme wie Zittern und starre Muskeln beziehen. Andererseits gibt es nicht-motorische Symptome wie z.B. Schmerzen, Geruchsverlust und Demenz. Nicht jeder Patient leidet unter den gleichen Symptomen. <a href=\"#apomorphin\">Medikamente zur Behandlung<\/a> der Parkinson-Krankheit wirken bei manchen Menschen besser als bei anderen, und deshalb ist es schwierig vorherzusagen, wie schnell sich die Symptome der Krankheit verschlimmern. Klicken Sie hier, um hilfreiche <a href=\"\/wp-content\/uploads\/2022\/05\/Parkinson_Patient_Exercise.pdf\" target=\"_blank\" rel=\"noreferrer noopener\">Bewegungs\u00fcbungen<\/a> und <a href=\"\/wp-content\/uploads\/2022\/05\/DAC_Skincareinstructions.pdf\" target=\"_blank\" rel=\"noreferrer noopener\">Pflegeanleitungen f\u00fcr die Haut<\/a> zu lesen, oder informieren Sie sich auf <a href=\"https:\/\/www.parkinsons.org.uk\/information-and-support\/caring-someone-parkinsons\">Parkinson\u2019s <sup>UK<\/sup><\/a>.<\/p>\n\n\n\n<h2 class=\"wp-block-heading is-style-section-title has-gray-base-color has-text-color\">Die <span class=\"whitespace-nowrap\">D-<em>mine<\/em><sup>\u00ae<\/sup><\/span> Care Service-Nummer<\/h2>\n\n\n\n<p>Unser engagiertes Team ist w\u00e4hrend der B\u00fcrozeiten f\u00fcr Sie da, um Sie bei relevanten Fragen und Anliegen zur Pflege bei Parkinson zu unterst\u00fctzen. Wir stehen Ihnen bei allen produktbezogenen Fragen, insbesondere bei technischen Problemen, unter <a href=\"mailto:dm**********@********ma.com\" data-original-string=\"fan6IXdx3QHFgS5aJbUdEA==cfbbn1c+hjKffG80cfRt4+GA7zzRWfhjLYW7sFBHkTpJBQ=\" title=\"Dieser Kontakt wurde von Anti-Spam by CleanTalk verschl\u00fcsselt. Klicken Sie hier, um ihn zu entschl\u00fcsseln. Um die Entschl\u00fcsselung abzuschlie\u00dfen, stellen Sie sicher, dass JavaScript in Ihrem Browser aktiviert ist.\"><span \n                data-original-string='q5T8Do\/O0reFRIBuIrbktw==cfbncpMwlxroTnX8CSb8geHcY8LJDZFuXnLBKbovVveTHA='\n                class='apbct-email-encoder'\n                title='Dieser Kontakt wurde von Anti-Spam by CleanTalk verschl\u00fcsselt. Klicken Sie hier, um ihn zu entschl\u00fcsseln. Um die Entschl\u00fcsselung abzuschlie\u00dfen, stellen Sie sicher, dass JavaScript in Ihrem Browser aktiviert ist.'>dm<span class=\"apbct-blur\">**********<\/span>@<span class=\"apbct-blur\">********<\/span>ma.com<\/span><\/a> zur Seite. F\u00fcr Informationen zur lokalen Servicestelle in Ihrem Land, schreiben Sie uns eine E-Mail oder in das Kontaktformular unter <a href=\"https:\/\/www.d-minecare.com\/de\/kontakt\/\">Kontakt<\/a>.<\/p>\n\n\n\n<h2 class=\"wp-block-heading is-style-section-title has-gray-base-color has-text-color\">Homecare Support f\u00fcr die Pumpen-Infusionstherapie (EN)<\/h2>\n\n\n\n<figure class=\"wp-block-embed is-type-video is-provider-vimeo wp-block-embed-vimeo wp-embed-aspect-16-9 wp-has-aspect-ratio\"><div class=\"wp-block-embed__wrapper\">\n<iframe data-src=\"https:\/\/player.vimeo.com\/video\/479761479?dnt=1&amp;app_id=122963\" width=\"500\" height=\"281\" frameborder=\"0\" allow=\"autoplay; fullscreen; picture-in-picture; clipboard-write\" src=\"data:image\/svg+xml;base64,PHN2ZyB3aWR0aD0iMSIgaGVpZ2h0PSIxIiB4bWxucz0iaHR0cDovL3d3dy53My5vcmcvMjAwMC9zdmciPjwvc3ZnPg==\" class=\"lazyload\" data-load-mode=\"1\"><\/iframe>\n<\/div><\/figure>\n<\/div><\/div>\n\n\n\n<h2 class=\"wp-block-heading is-style-section-title has-gray-base-color has-text-color\">Mehr erfahren (EN):<\/h2>\n\n\n\n<div class=\"wp-block-columns is-style-default is-layout-flex wp-container-core-columns-is-layout-e95a7ca1 wp-block-columns-is-layout-flex\" style=\"padding-top:2rem;padding-bottom:2rem\">\n<div class=\"wp-block-column is-style-default is-layout-flow wp-block-column-is-layout-flow\">\n<div class=\"wp-block-group is-style-card has-gray-base-color has-gray-light-background-color has-text-color has-background is-vertical is-layout-flex wp-container-core-group-is-layout-8cf370e7 wp-block-group-is-layout-flex\">\n<div class=\"wp-block-group is-layout-flow wp-block-group-is-layout-flow\">\n<h2 class=\"wp-block-heading is-style-card-title-orange\">Pflege von Menschen mit Morbus Parkinson<\/h2>\n\n\n\n<p>Unterst\u00fctzen oder pflegen Sie einen an Parkinson erkrankten Partner, Freund oder Familienangeh\u00f6rigen?<\/p>\n\n\n\n<div class=\"wp-block-buttons is-layout-flex wp-block-buttons-is-layout-flex\">\n<div class=\"wp-block-button is-style-underline\"><a class=\"wp-block-button__link wp-element-button\" href=\"https:\/\/www.parkinsons.org.uk\/information-and-support\/caring-someone-parkinsons\" target=\"_blank\" rel=\"noreferrer noopener\">Zur Homepage<\/a><\/div>\n<\/div>\n<\/div>\n<\/div>\n<\/div>\n\n\n\n<div class=\"wp-block-column is-style-default is-layout-flow wp-block-column-is-layout-flow\">\n<div class=\"wp-block-group is-style-card has-white-color has-brand-background-color has-text-color has-background is-vertical is-layout-flex wp-container-core-group-is-layout-8cf370e7 wp-block-group-is-layout-flex\">\n<div class=\"wp-block-group is-layout-flow wp-block-group-is-layout-flow\">\n<h2 class=\"wp-block-heading is-style-card-title-orange\">European Parkinson&#8217;s Disease Association<\/h2>\n\n\n\n<p>Ein europ\u00e4isches Manifest f\u00fcr die Parkinson-Krankheit.<\/p>\n\n\n\n<div class=\"wp-block-buttons is-layout-flex wp-block-buttons-is-layout-flex\">\n<div class=\"wp-block-button is-style-underline\"><a class=\"wp-block-button__link has-white-color has-text-color wp-element-button\" href=\"https:\/\/www.epda.eu.com\/\" target=\"_blank\" rel=\"noreferrer noopener\">Zur Homepage<\/a><\/div>\n<\/div>\n<\/div>\n<\/div>\n<\/div>\n\n\n\n<div class=\"wp-block-column is-style-default is-layout-flow wp-block-column-is-layout-flow\">\n<div class=\"wp-block-group is-style-card has-white-color has-gray-base-background-color has-text-color has-background is-vertical is-layout-flex wp-container-core-group-is-layout-8cf370e7 wp-block-group-is-layout-flex\">\n<div class=\"wp-block-group is-layout-flow wp-block-group-is-layout-flow\">\n<h2 class=\"wp-block-heading is-style-card-title-orange\">Parkinson&#8217;s Disease Foundation<\/h2>\n\n\n\n<p>Helfen Sie uns, eine Zukunft zu schaffen, in der niemand mit der Parkinson-Krankheit leben muss.<\/p>\n\n\n\n<div class=\"wp-block-buttons is-layout-flex wp-block-buttons-is-layout-flex\">\n<div class=\"wp-block-button is-style-underline\"><a class=\"wp-block-button__link wp-element-button\" href=\"https:\/\/www.parkinson.org\/resources-support\/blog\/\" target=\"_blank\" rel=\"noreferrer noopener\">Zur Homepage<\/a><\/div>\n<\/div>\n<\/div>\n<\/div>\n<\/div>\n<\/div>\n\n\n\n<div class=\"wp-block-theme-section alignfull has-gray-light-background-color has-background\"><div class=\"wp-block-theme-section__content\">\n<div class=\"wp-block-columns is-style-default is-layout-flex wp-container-core-columns-is-layout-e95a7ca1 wp-block-columns-is-layout-flex\" style=\"padding-top:2rem;padding-bottom:2rem\">\n<div class=\"wp-block-column is-style-default is-layout-flow wp-block-column-is-layout-flow\">\n<div class=\"wp-block-group is-style-card has-white-color has-brand-background-color has-text-color has-background is-vertical is-layout-flex wp-container-core-group-is-layout-8cf370e7 wp-block-group-is-layout-flex\">\n<figure class=\"wp-block-image size-full is-style-card-image\"><img decoding=\"async\" width=\"570\" height=\"338\" data-src=\"https:\/\/www.d-minecare.com\/wp-content\/uploads\/2022\/05\/Bilder_web_teasaer_faq_570x338px.jpg\" alt=\"Die Betreuung von Parkinson Patienten ist zeitintensiv und herausfordernd. Lesen Sie in den FAQs \u00fcber h\u00e4ufig gestellte Fragen. \" class=\"wp-image-1428 lazyload\" data-srcset=\"https:\/\/www.d-minecare.com\/wp-content\/uploads\/2022\/05\/Bilder_web_teasaer_faq_570x338px.jpg 570w, https:\/\/www.d-minecare.com\/wp-content\/uploads\/2022\/05\/Bilder_web_teasaer_faq_570x338px-300x178.jpg 300w\" data-sizes=\"(max-width: 570px) 100vw, 570px\" src=\"data:image\/svg+xml;base64,PHN2ZyB3aWR0aD0iMSIgaGVpZ2h0PSIxIiB4bWxucz0iaHR0cDovL3d3dy53My5vcmcvMjAwMC9zdmciPjwvc3ZnPg==\" style=\"--smush-placeholder-width: 570px; --smush-placeholder-aspect-ratio: 570\/338;\" \/><\/figure>\n\n\n\n<div class=\"wp-block-group is-layout-flow wp-block-group-is-layout-flow\">\n<h2 class=\"wp-block-heading is-style-card-title-orange\">FAQ<\/h2>\n\n\n\n<p>Finden Sie Antworten auf die meistgestellten Fragen im FAQ-Bereich.<\/p>\n\n\n\n<div class=\"wp-block-buttons is-layout-flex wp-block-buttons-is-layout-flex\">\n<div class=\"wp-block-button is-style-underline\"><a class=\"wp-block-button__link has-white-color has-text-color wp-element-button\" href=\"https:\/\/www.d-minecare.com\/de\/faqs\/\">Mehr Erfahren<\/a><\/div>\n<\/div>\n<\/div>\n<\/div>\n<\/div>\n\n\n\n<div class=\"wp-block-column is-style-default is-layout-flow wp-block-column-is-layout-flow\">\n<div class=\"wp-block-group is-style-card has-gray-base-color has-gray-light-background-color has-text-color has-background is-vertical is-layout-flex wp-container-core-group-is-layout-8cf370e7 wp-block-group-is-layout-flex\">\n<figure class=\"wp-block-image size-full is-style-card-image\"><img decoding=\"async\" width=\"570\" height=\"338\" data-src=\"https:\/\/www.d-minecare.com\/wp-content\/uploads\/2022\/05\/d-minecare-teaserbox-570x338_5.jpg\" alt=\"\" class=\"wp-image-956 lazyload\" data-srcset=\"https:\/\/www.d-minecare.com\/wp-content\/uploads\/2022\/05\/d-minecare-teaserbox-570x338_5.jpg 570w, https:\/\/www.d-minecare.com\/wp-content\/uploads\/2022\/05\/d-minecare-teaserbox-570x338_5-300x178.jpg 300w\" data-sizes=\"(max-width: 570px) 100vw, 570px\" src=\"data:image\/svg+xml;base64,PHN2ZyB3aWR0aD0iMSIgaGVpZ2h0PSIxIiB4bWxucz0iaHR0cDovL3d3dy53My5vcmcvMjAwMC9zdmciPjwvc3ZnPg==\" style=\"--smush-placeholder-width: 570px; --smush-placeholder-aspect-ratio: 570\/338;\" \/><\/figure>\n\n\n\n<div class=\"wp-block-group is-layout-flow wp-block-group-is-layout-flow\">\n<h2 class=\"wp-block-heading is-style-card-title-orange has-brand-color has-text-color\">Kontakt <\/h2>\n\n\n\n<p>Finden Sie hier unsere Kontaktdaten sowie einen globalen \u00dcberblick \u00fcber unsere Standorte.<\/p>\n\n\n\n<div class=\"wp-block-buttons is-layout-flex wp-block-buttons-is-layout-flex\">\n<div class=\"wp-block-button is-style-underline\"><a class=\"wp-block-button__link wp-element-button\" href=\"https:\/\/www.d-minecare.com\/de\/kontakt\/\">Mehr Erfahren<\/a><\/div>\n<\/div>\n<\/div>\n<\/div>\n<\/div>\n<\/div>\n<\/div><\/div>\n\n\n\n<div id=\"quellen\" class=\"wp-block-alpine-accordion is-style-credits\">\n\n<div class=\"wp-block-alpine-accordion-body\"><div class=\"wp-block-alpine-accordion__header\"><h4>Quellen<\/h4><\/div><div class=\"wp-block-alpine-accordion__body\"><div class=\"wp-block-alpine-accordion__body-inner\">\n\n<p>Patient Information Leaflet <span class=\"whitespace-nowrap\">Dacepton<sup>\u00ae<\/sup><\/span> 10mg\/ml Ampoule Solution for injection or infusion, <span class=\"whitespace-nowrap\">Dacepton<sup>\u00ae<\/sup><\/span>\/<span class=\"whitespace-nowrap\">Dopaceptin<sup>\u00ae<\/sup><\/span> 5mg\/ml Vial Solution for infusion, <span class=\"whitespace-nowrap\">Dacepton<sup>\u00ae<\/sup><\/span> 10mg\/ml Cartridge Solution for injection, in current version<br><a href=\"http:\/\/touchneurology.com\">www. touchneurology.com<\/a> &#8211; A landmark year for apomorphine advancing parkinsons disease management with new clinical evidence (accessed: 14.02.2022)<\/p>\n\n<\/div><\/div><\/div>\n\n<\/div>\n","protected":false},"excerpt":{"rendered":"<p>Mehr erfahren (EN): Pflege von Menschen mit Morbus Parkinson Unterst\u00fctzen oder pflegen Sie einen an Parkinson erkrankten Partner, Freund oder Familienangeh\u00f6rigen? European Parkinson&#8217;s Disease Association Ein europ\u00e4isches Manifest f\u00fcr die Parkinson-Krankheit. Parkinson&#8217;s Disease Foundation Helfen Sie uns, eine Zukunft zu schaffen, in der niemand mit der Parkinson-Krankheit leben muss.<\/p>\n","protected":false},"author":1,"featured_media":0,"parent":0,"menu_order":5,"comment_status":"open","ping_status":"closed","template":"","meta":{"_acf_changed":false,"footnotes":""},"class_list":["post-2544","page","type-page","status-publish","hentry"],"acf":[],"yoast_head":"<!-- This site is optimized with the Yoast SEO plugin v27.4 - https:\/\/yoast.com\/product\/yoast-seo-wordpress\/ -->\n<title>Pflege bei Parkinson: Patienten Betreuung durch D-mine\u00ae Care<\/title>\n<meta name=\"description\" content=\"Pflege von Parkinson-Patienten \u2713 Die Betreuung bei Parkinson erfordert professionelle Erfahrung \u25ba Jetzt \u00fcber unser individuelles Pflegekonzept informieren!\" \/>\n<meta name=\"robots\" content=\"index, follow, max-snippet:-1, max-image-preview:large, max-video-preview:-1\" \/>\n<link rel=\"canonical\" href=\"https:\/\/www.d-minecare.com\/de\/patientenbetreuung\/\" \/>\n<meta property=\"og:locale\" content=\"de_DE\" \/>\n<meta property=\"og:type\" content=\"article\" \/>\n<meta property=\"og:title\" content=\"Pflege bei Parkinson: Patienten Betreuung durch D-mine\u00ae Care\" \/>\n<meta property=\"og:description\" content=\"Pflege von Parkinson-Patienten \u2713 Die Betreuung bei Parkinson erfordert professionelle Erfahrung \u25ba Jetzt \u00fcber unser individuelles Pflegekonzept informieren!\" \/>\n<meta property=\"og:url\" content=\"https:\/\/www.d-minecare.com\/de\/patientenbetreuung\/\" \/>\n<meta property=\"og:site_name\" content=\"D-mine\u00ae Care\" \/>\n<meta property=\"article:modified_time\" content=\"2024-08-02T08:42:10+00:00\" \/>\n<meta property=\"og:image\" content=\"https:\/\/www.d-minecare.com\/wp-content\/uploads\/2022\/05\/d-minecare-header-1920x900_4-1024x480.jpg\" \/>\n<meta name=\"twitter:card\" content=\"summary_large_image\" \/>\n<meta name=\"twitter:label1\" content=\"Gesch\u00e4tzte Lesezeit\" \/>\n\t<meta name=\"twitter:data1\" content=\"4\u00a0Minuten\" \/>\n<script type=\"application\/ld+json\" class=\"yoast-schema-graph\">{\"@context\":\"https:\\\/\\\/schema.org\",\"@graph\":[{\"@type\":\"WebPage\",\"@id\":\"https:\\\/\\\/www.d-minecare.com\\\/de\\\/patientenbetreuung\\\/\",\"url\":\"https:\\\/\\\/www.d-minecare.com\\\/de\\\/patientenbetreuung\\\/\",\"name\":\"Pflege bei Parkinson: Patienten Betreuung durch D-mine\u00ae Care\",\"isPartOf\":{\"@id\":\"https:\\\/\\\/www.d-minecare.com\\\/#website\"},\"primaryImageOfPage\":{\"@id\":\"https:\\\/\\\/www.d-minecare.com\\\/de\\\/patientenbetreuung\\\/#primaryimage\"},\"image\":{\"@id\":\"https:\\\/\\\/www.d-minecare.com\\\/de\\\/patientenbetreuung\\\/#primaryimage\"},\"thumbnailUrl\":\"https:\\\/\\\/www.d-minecare.com\\\/wp-content\\\/uploads\\\/2022\\\/05\\\/d-minecare-header-1920x900_4-1024x480.jpg\",\"datePublished\":\"2022-04-18T11:04:41+00:00\",\"dateModified\":\"2024-08-02T08:42:10+00:00\",\"description\":\"Pflege von Parkinson-Patienten \u2713 Die Betreuung bei Parkinson erfordert professionelle Erfahrung \u25ba Jetzt \u00fcber unser individuelles Pflegekonzept informieren!\",\"breadcrumb\":{\"@id\":\"https:\\\/\\\/www.d-minecare.com\\\/de\\\/patientenbetreuung\\\/#breadcrumb\"},\"inLanguage\":\"de\",\"potentialAction\":[{\"@type\":\"ReadAction\",\"target\":[\"https:\\\/\\\/www.d-minecare.com\\\/de\\\/patientenbetreuung\\\/\"]}]},{\"@type\":\"ImageObject\",\"inLanguage\":\"de\",\"@id\":\"https:\\\/\\\/www.d-minecare.com\\\/de\\\/patientenbetreuung\\\/#primaryimage\",\"url\":\"https:\\\/\\\/www.d-minecare.com\\\/wp-content\\\/uploads\\\/2022\\\/05\\\/d-minecare-header-1920x900_4-1024x480.jpg\",\"contentUrl\":\"https:\\\/\\\/www.d-minecare.com\\\/wp-content\\\/uploads\\\/2022\\\/05\\\/d-minecare-header-1920x900_4-1024x480.jpg\"},{\"@type\":\"BreadcrumbList\",\"@id\":\"https:\\\/\\\/www.d-minecare.com\\\/de\\\/patientenbetreuung\\\/#breadcrumb\",\"itemListElement\":[{\"@type\":\"ListItem\",\"position\":1,\"name\":\"Home\",\"item\":\"https:\\\/\\\/www.d-minecare.com\\\/de\\\/\"},{\"@type\":\"ListItem\",\"position\":2,\"name\":\"Patientenbetreuung\"}]},{\"@type\":\"WebSite\",\"@id\":\"https:\\\/\\\/www.d-minecare.com\\\/#website\",\"url\":\"https:\\\/\\\/www.d-minecare.com\\\/\",\"name\":\"D-mine\u00ae Care\",\"description\":\"Das Therapiekonzept f\u00fcr Menschen mit Morbus Parkinson.\",\"potentialAction\":[{\"@type\":\"SearchAction\",\"target\":{\"@type\":\"EntryPoint\",\"urlTemplate\":\"https:\\\/\\\/www.d-minecare.com\\\/?s={search_term_string}\"},\"query-input\":{\"@type\":\"PropertyValueSpecification\",\"valueRequired\":true,\"valueName\":\"search_term_string\"}}],\"inLanguage\":\"de\"}]}<\/script>\n<!-- \/ Yoast SEO plugin. -->","yoast_head_json":{"title":"Pflege bei Parkinson: Patienten Betreuung durch D-mine\u00ae Care","description":"Pflege von Parkinson-Patienten \u2713 Die Betreuung bei Parkinson erfordert professionelle Erfahrung \u25ba Jetzt \u00fcber unser individuelles Pflegekonzept informieren!","robots":{"index":"index","follow":"follow","max-snippet":"max-snippet:-1","max-image-preview":"max-image-preview:large","max-video-preview":"max-video-preview:-1"},"canonical":"https:\/\/www.d-minecare.com\/de\/patientenbetreuung\/","og_locale":"de_DE","og_type":"article","og_title":"Pflege bei Parkinson: Patienten Betreuung durch D-mine\u00ae Care","og_description":"Pflege von Parkinson-Patienten \u2713 Die Betreuung bei Parkinson erfordert professionelle Erfahrung \u25ba Jetzt \u00fcber unser individuelles Pflegekonzept informieren!","og_url":"https:\/\/www.d-minecare.com\/de\/patientenbetreuung\/","og_site_name":"D-mine\u00ae Care","article_modified_time":"2024-08-02T08:42:10+00:00","og_image":[{"url":"https:\/\/www.d-minecare.com\/wp-content\/uploads\/2022\/05\/d-minecare-header-1920x900_4-1024x480.jpg","type":"","width":"","height":""}],"twitter_card":"summary_large_image","twitter_misc":{"Gesch\u00e4tzte Lesezeit":"4\u00a0Minuten"},"schema":{"@context":"https:\/\/schema.org","@graph":[{"@type":"WebPage","@id":"https:\/\/www.d-minecare.com\/de\/patientenbetreuung\/","url":"https:\/\/www.d-minecare.com\/de\/patientenbetreuung\/","name":"Pflege bei Parkinson: Patienten Betreuung durch D-mine\u00ae Care","isPartOf":{"@id":"https:\/\/www.d-minecare.com\/#website"},"primaryImageOfPage":{"@id":"https:\/\/www.d-minecare.com\/de\/patientenbetreuung\/#primaryimage"},"image":{"@id":"https:\/\/www.d-minecare.com\/de\/patientenbetreuung\/#primaryimage"},"thumbnailUrl":"https:\/\/www.d-minecare.com\/wp-content\/uploads\/2022\/05\/d-minecare-header-1920x900_4-1024x480.jpg","datePublished":"2022-04-18T11:04:41+00:00","dateModified":"2024-08-02T08:42:10+00:00","description":"Pflege von Parkinson-Patienten \u2713 Die Betreuung bei Parkinson erfordert professionelle Erfahrung \u25ba Jetzt \u00fcber unser individuelles Pflegekonzept informieren!","breadcrumb":{"@id":"https:\/\/www.d-minecare.com\/de\/patientenbetreuung\/#breadcrumb"},"inLanguage":"de","potentialAction":[{"@type":"ReadAction","target":["https:\/\/www.d-minecare.com\/de\/patientenbetreuung\/"]}]},{"@type":"ImageObject","inLanguage":"de","@id":"https:\/\/www.d-minecare.com\/de\/patientenbetreuung\/#primaryimage","url":"https:\/\/www.d-minecare.com\/wp-content\/uploads\/2022\/05\/d-minecare-header-1920x900_4-1024x480.jpg","contentUrl":"https:\/\/www.d-minecare.com\/wp-content\/uploads\/2022\/05\/d-minecare-header-1920x900_4-1024x480.jpg"},{"@type":"BreadcrumbList","@id":"https:\/\/www.d-minecare.com\/de\/patientenbetreuung\/#breadcrumb","itemListElement":[{"@type":"ListItem","position":1,"name":"Home","item":"https:\/\/www.d-minecare.com\/de\/"},{"@type":"ListItem","position":2,"name":"Patientenbetreuung"}]},{"@type":"WebSite","@id":"https:\/\/www.d-minecare.com\/#website","url":"https:\/\/www.d-minecare.com\/","name":"D-mine\u00ae Care","description":"Das Therapiekonzept f\u00fcr Menschen mit Morbus Parkinson.","potentialAction":[{"@type":"SearchAction","target":{"@type":"EntryPoint","urlTemplate":"https:\/\/www.d-minecare.com\/?s={search_term_string}"},"query-input":{"@type":"PropertyValueSpecification","valueRequired":true,"valueName":"search_term_string"}}],"inLanguage":"de"}]}},"_links":{"self":[{"href":"https:\/\/www.d-minecare.com\/de\/wp-json\/wp\/v2\/pages\/2544","targetHints":{"allow":["GET"]}}],"collection":[{"href":"https:\/\/www.d-minecare.com\/de\/wp-json\/wp\/v2\/pages"}],"about":[{"href":"https:\/\/www.d-minecare.com\/de\/wp-json\/wp\/v2\/types\/page"}],"author":[{"embeddable":true,"href":"https:\/\/www.d-minecare.com\/de\/wp-json\/wp\/v2\/users\/1"}],"replies":[{"embeddable":true,"href":"https:\/\/www.d-minecare.com\/de\/wp-json\/wp\/v2\/comments?post=2544"}],"version-history":[{"count":22,"href":"https:\/\/www.d-minecare.com\/de\/wp-json\/wp\/v2\/pages\/2544\/revisions"}],"predecessor-version":[{"id":4777,"href":"https:\/\/www.d-minecare.com\/de\/wp-json\/wp\/v2\/pages\/2544\/revisions\/4777"}],"wp:attachment":[{"href":"https:\/\/www.d-minecare.com\/de\/wp-json\/wp\/v2\/media?parent=2544"}],"curies":[{"name":"wp","href":"https:\/\/api.w.org\/{rel}","templated":true}]}}