{"id":2551,"date":"2022-04-18T11:04:42","date_gmt":"2022-04-18T11:04:42","guid":{"rendered":"https:\/\/www.d-minecare.com\/?page_id=2551"},"modified":"2023-11-09T09:15:24","modified_gmt":"2023-11-09T09:15:24","slug":"warum-dacepton","status":"publish","type":"page","link":"https:\/\/www.d-minecare.com\/de\/warum-dacepton\/","title":{"rendered":"Warum Dacepton"},"content":{"rendered":"\n<div class=\"wp-block-theme-cover alignfull is-full-wide-cover\"><div class=\"wp-block-theme-cover__background\" style=\"background-image:url(https:\/\/www.d-minecare.com\/wp-content\/uploads\/2022\/05\/d-minecare-header-1920x900_7-1024x480.jpg);background-position:50% 50%\"><img decoding=\"async\" width=\"1024\" height=\"480\" class=\"wp-image-951 lazyload\" data-src=\"https:\/\/www.d-minecare.com\/wp-content\/uploads\/2022\/05\/d-minecare-header-1920x900_7-1024x480.jpg\" style=\"--smush-placeholder-width: 1024px; --smush-placeholder-aspect-ratio: 1024\/480;object-position:50% 50%\" data-srcset=\"https:\/\/www.d-minecare.com\/wp-content\/uploads\/2022\/05\/d-minecare-header-1920x900_7-1024x480.jpg 1024w, https:\/\/www.d-minecare.com\/wp-content\/uploads\/2022\/05\/d-minecare-header-1920x900_7-300x141.jpg 300w, https:\/\/www.d-minecare.com\/wp-content\/uploads\/2022\/05\/d-minecare-header-1920x900_7-768x360.jpg 768w, https:\/\/www.d-minecare.com\/wp-content\/uploads\/2022\/05\/d-minecare-header-1920x900_7-1536x720.jpg 1536w, https:\/\/www.d-minecare.com\/wp-content\/uploads\/2022\/05\/d-minecare-header-1920x900_7.jpg 1920w\" data-sizes=\"(max-width: 1024px) 100vw, 1024px\" src=\"data:image\/svg+xml;base64,PHN2ZyB3aWR0aD0iMSIgaGVpZ2h0PSIxIiB4bWxucz0iaHR0cDovL3d3dy53My5vcmcvMjAwMC9zdmciPjwvc3ZnPg==\" \/><\/div><\/div>\n\n\n\n<div class=\"wp-block-theme-section alignfull\"><div class=\"wp-block-theme-section__content\">\n<h2 class=\"wp-block-heading is-style-main-title\" id=\"why-dacepton\">Warum Dacepton<sup>\u00ae<\/sup><\/h2>\n\n\n\n<p><a href=\"https:\/\/www.everpharma.com\/products\/dacepton-dopaceptin-apominetm\/\" target=\"_blank\" rel=\"noreferrer noopener\">Dacepton<sup>\u00ae<\/sup><\/a> sollte in Erw\u00e4gung gezogen werden, wenn eine optimierte, orale Behandlung Fluktuationen wie das &#8220;On&#8221;-Off&#8221;-Ph\u00e4nomen nicht mehr ausreichend kontrolliert.<\/p>\n\n\n\n<p>In diesem Fall sollte die Behandlungsstrategie neu bewertet werden, um die Lebensqualit\u00e4t der Parkinson Patienten zu erh\u00f6hen. Apomorphin-Injektionen und -Infusionen sind die am wenigsten invasive, ger\u00e4tegest\u00fctzte Therapieoption.<\/p>\n\n\n\n<h2 class=\"wp-block-heading is-style-main-title\" id=\"klinische-wirksamkeit\">Klinische Wirksamkeit<\/h2>\n\n\n\n<p>Im Gegensatz zu Levodopa setzt die therapeutische Wirksamkeit von Apomorphin bei PD durch direkte Stimulation der postsynaptischen Dopamin-Rezeptoren im Striatum an. Es ist unabh\u00e4ngig von den pr\u00e4synaptischen Endigungen zur Speicherung und Freisetzung (<a href=\"#quellen\">Hagell, et al., 2001<\/a>). Obwohl der genaue Mechanismus der Wirkung von Apomorphin nicht bekannt ist, wird angenommen, dass sie auch durch die Stimulation der postsynaptischen D1 und D2-Rezeptoren im Striatum (Nucleus Caudatus und Putamen) begr\u00fcndet ist (<a href=\"#quellen\">LeWitt, 2004<\/a>).<\/p>\n\n\n\n<p>Das klinische Ansprechen korreliert gut mit der Menge an Apomorphin in der Gehirn-R\u00fcckenmarks-Fl\u00fcssigkeit; die Wirkstoffverteilung wird am besten durch ein Zwei-Kammer-Modell beschrieben. Apomorphin wird schnell und vollst\u00e4ndig aus subkutanem Gewebe absorbiert und korreliert mit dem schnellen Einsetzen des klinischen Effekts (4-12 Minuten). Die kurze Dauer der klinischen Wirkung der aktiven Substanz (ca. 1 Stunde) ist durch die schnelle Clearance begr\u00fcndet. Die Verstoffwechselung von Apomorphin passiert durch Glucuronidierung und Sulfonierung bis zumindest zehn Prozent der Gesamtmenge; andere Wege wurden nicht beschrieben (<a href=\"#quellen\">SmPC in g\u00fcltiger Fassung<\/a>).<\/p>\n\n\n\n<p>Die Fluktuationen in der Aufnahme von Apomorphin nach subkutaner Injektion k\u00f6nnen von Patient zu Patient unterschiedlich sein, bleiben aber gering innerhalb der einzelnen Patienten. Daraus ergibt sich, dass sich die niedrigste wirksame Dosis signifikant zwischen Patienten unterscheidet und die Dosis muss daher individuell titriert werden (<a href=\"#quellen\">Gancher, et al., 1989<\/a>).<\/p>\n<\/div><\/div>\n\n\n\n<div class=\"wp-block-theme-section alignfull\"><div class=\"wp-block-theme-section__content\">\n<h2 class=\"wp-block-heading is-style-main-title\" id=\"experten-interviews\">Experten Interviews (EN)<\/h2>\n\n\n\n<div class=\"wp-block-columns is-layout-flex wp-container-core-columns-is-layout-9d6595d7 wp-block-columns-is-layout-flex\">\n<div class=\"wp-block-column is-layout-flow wp-block-column-is-layout-flow\">\n<figure class=\"wp-block-embed is-type-video is-provider-vimeo wp-block-embed-vimeo wp-embed-aspect-16-9 wp-has-aspect-ratio\"><div class=\"wp-block-embed__wrapper\">\n<iframe title=\"Podcast_ep7_apo_and_nonmotor\" data-src=\"https:\/\/player.vimeo.com\/video\/666777743?h=61c7794ec4&amp;dnt=1&amp;app_id=122963\" width=\"500\" height=\"281\" frameborder=\"0\" allow=\"autoplay; fullscreen; picture-in-picture; clipboard-write\" src=\"data:image\/svg+xml;base64,PHN2ZyB3aWR0aD0iMSIgaGVpZ2h0PSIxIiB4bWxucz0iaHR0cDovL3d3dy53My5vcmcvMjAwMC9zdmciPjwvc3ZnPg==\" class=\"lazyload\" data-load-mode=\"1\"><\/iframe>\n<\/div><figcaption class=\"wp-element-caption\"><br>Podcast Bloem &amp; Poewe: Apomorphine and non-motor symptoms<\/figcaption><\/figure>\n<\/div>\n\n\n\n<div class=\"wp-block-column is-layout-flow wp-block-column-is-layout-flow\">\n<figure class=\"wp-block-embed is-type-video is-provider-vimeo wp-block-embed-vimeo wp-embed-aspect-16-9 wp-has-aspect-ratio\"><div class=\"wp-block-embed__wrapper\">\n<iframe title=\"Dr Chaudhuri: The efficacy of Apomorphine\" data-src=\"https:\/\/player.vimeo.com\/video\/648922811?h=3145fd73d8&amp;dnt=1&amp;app_id=122963\" width=\"500\" height=\"281\" frameborder=\"0\" allow=\"autoplay; fullscreen; picture-in-picture; clipboard-write\" src=\"data:image\/svg+xml;base64,PHN2ZyB3aWR0aD0iMSIgaGVpZ2h0PSIxIiB4bWxucz0iaHR0cDovL3d3dy53My5vcmcvMjAwMC9zdmciPjwvc3ZnPg==\" class=\"lazyload\" data-load-mode=\"1\"><\/iframe>\n<\/div><figcaption class=\"wp-element-caption\"><br>Prof. K. Ray Chaudhuri: The efficacy of Apomorphine \u2013 a non-motoric perspective<\/figcaption><\/figure>\n<\/div>\n<\/div>\n\n\n\n<div class=\"wp-block-columns is-layout-flex wp-container-core-columns-is-layout-9d6595d7 wp-block-columns-is-layout-flex\">\n<div class=\"wp-block-column is-layout-flow wp-block-column-is-layout-flow\">\n<figure class=\"wp-block-embed is-type-video is-provider-vimeo wp-block-embed-vimeo wp-embed-aspect-16-9 wp-has-aspect-ratio\"><div class=\"wp-block-embed__wrapper\">\n<iframe title=\"Pen_Injection_TTO_Gastroparesis_Clip\" data-src=\"https:\/\/player.vimeo.com\/video\/323088883?h=1b69962833&amp;dnt=1&amp;app_id=122963\" width=\"500\" height=\"281\" frameborder=\"0\" allow=\"autoplay; fullscreen; picture-in-picture; clipboard-write\" src=\"data:image\/svg+xml;base64,PHN2ZyB3aWR0aD0iMSIgaGVpZ2h0PSIxIiB4bWxucz0iaHR0cDovL3d3dy53My5vcmcvMjAwMC9zdmciPjwvc3ZnPg==\" class=\"lazyload\" data-load-mode=\"1\"><\/iframe>\n<\/div><figcaption class=\"wp-element-caption\"><br>Gastroparesis in Parkinson`s Disease: This video explains the issues in advanced PD like problems with gastric emptying, delayed on and the need to bridge until oral medication takes effect (TTO).<\/figcaption><\/figure>\n<\/div>\n\n\n\n<div class=\"wp-block-column is-layout-flow wp-block-column-is-layout-flow\">\n<figure class=\"wp-block-embed is-type-video is-provider-vimeo wp-block-embed-vimeo wp-embed-aspect-16-9 wp-has-aspect-ratio\"><div class=\"wp-block-embed__wrapper\">\n<iframe title=\"Prof. David Devos, MD, PhD\" data-src=\"https:\/\/player.vimeo.com\/video\/366927929?h=0f97fc1fd1&amp;dnt=1&amp;app_id=122963\" width=\"500\" height=\"281\" frameborder=\"0\" allow=\"autoplay; fullscreen; picture-in-picture; clipboard-write\" src=\"data:image\/svg+xml;base64,PHN2ZyB3aWR0aD0iMSIgaGVpZ2h0PSIxIiB4bWxucz0iaHR0cDovL3d3dy53My5vcmcvMjAwMC9zdmciPjwvc3ZnPg==\" class=\"lazyload\" data-load-mode=\"1\"><\/iframe>\n<\/div><figcaption class=\"wp-element-caption\"><br>Prof. David Devos, MD, PhD: Expert opinion on early start of infusion therapies in PD<br>(Interview during MDS Congress, Nice, France, 24.09.2019)<\/figcaption><\/figure>\n<\/div>\n<\/div>\n\n\n\n<div class=\"wp-block-columns is-layout-flex wp-container-core-columns-is-layout-9d6595d7 wp-block-columns-is-layout-flex\">\n<div class=\"wp-block-column is-layout-flow wp-block-column-is-layout-flow\">\n<figure class=\"wp-block-embed is-type-video is-provider-vimeo wp-block-embed-vimeo wp-embed-aspect-16-9 wp-has-aspect-ratio\"><div class=\"wp-block-embed__wrapper\">\n<iframe data-src=\"https:\/\/player.vimeo.com\/video\/462631050?dnt=1&amp;app_id=122963\" width=\"500\" height=\"281\" frameborder=\"0\" allow=\"autoplay; fullscreen; picture-in-picture; clipboard-write\" src=\"data:image\/svg+xml;base64,PHN2ZyB3aWR0aD0iMSIgaGVpZ2h0PSIxIiB4bWxucz0iaHR0cDovL3d3dy53My5vcmcvMjAwMC9zdmciPjwvc3ZnPg==\" class=\"lazyload\" data-load-mode=\"1\"><\/iframe>\n<\/div><figcaption class=\"wp-element-caption\"><br>Remote interview \u00c1ngel Sesar, MD: Need of 2nd line therapies in advanced PD with Apomorphine<\/figcaption><\/figure>\n\n\n\n<figure class=\"wp-block-embed is-type-video is-provider-vimeo wp-block-embed-vimeo wp-embed-aspect-16-9 wp-has-aspect-ratio\"><div class=\"wp-block-embed__wrapper\">\n<iframe title=\"Podcast_ep7_reflections_on_parkinson&#039;s_disease\" data-src=\"https:\/\/player.vimeo.com\/video\/781452598?h=614958ea38&amp;dnt=1&amp;app_id=122963\" width=\"500\" height=\"281\" frameborder=\"0\" allow=\"autoplay; fullscreen; picture-in-picture; clipboard-write\" src=\"data:image\/svg+xml;base64,PHN2ZyB3aWR0aD0iMSIgaGVpZ2h0PSIxIiB4bWxucz0iaHR0cDovL3d3dy53My5vcmcvMjAwMC9zdmciPjwvc3ZnPg==\" class=\"lazyload\" data-load-mode=\"1\"><\/iframe>\n<\/div><figcaption class=\"wp-element-caption\"><br>Podcast Bloem &amp; Poewe: Letter N &#8211; Deep dive into the treatment of non-motor symptoms<\/figcaption><\/figure>\n<\/div>\n\n\n\n<div class=\"wp-block-column is-layout-flow wp-block-column-is-layout-flow\">\n<figure class=\"wp-block-embed is-type-video is-provider-vimeo wp-block-embed-vimeo wp-embed-aspect-16-9 wp-has-aspect-ratio\"><div class=\"wp-block-embed__wrapper\">\n<iframe title=\"antonini_interview_at_mds_22_v3.mp4 (1080p)\" data-src=\"https:\/\/player.vimeo.com\/video\/761021433?h=8b806f0998&amp;dnt=1&amp;app_id=122963\" width=\"500\" height=\"281\" frameborder=\"0\" allow=\"autoplay; fullscreen; picture-in-picture; clipboard-write\" src=\"data:image\/svg+xml;base64,PHN2ZyB3aWR0aD0iMSIgaGVpZ2h0PSIxIiB4bWxucz0iaHR0cDovL3d3dy53My5vcmcvMjAwMC9zdmciPjwvc3ZnPg==\" class=\"lazyload\" data-load-mode=\"1\"><\/iframe>\n<\/div><figcaption class=\"wp-element-caption\"><br>Angelo Antonini, MD, PhD, Professor at University of Padua: Treatment strategies, earlier implementation of device-aided therapies and Apomorphine for treating non-motor symptoms.<\/figcaption><\/figure>\n<\/div>\n<\/div>\n<\/div><\/div>\n\n\n\n<div class=\"wp-block-theme-section alignfull has-gray-light-background-color has-background has-gray-light-background-color has-background\"><div class=\"wp-block-theme-section__content\">\n<div class=\"wp-block-columns is-style-default is-layout-flex wp-container-core-columns-is-layout-e95a7ca1 wp-block-columns-is-layout-flex\" style=\"padding-top:2rem;padding-bottom:2rem\">\n<div class=\"wp-block-column is-style-default is-layout-flow wp-block-column-is-layout-flow\">\n<div class=\"wp-block-group is-style-card has-white-color has-brand-background-color has-text-color has-background is-vertical is-layout-flex wp-container-core-group-is-layout-8cf370e7 wp-block-group-is-layout-flex\">\n<figure class=\"wp-block-image size-full is-style-card-image\"><img decoding=\"async\" width=\"570\" height=\"338\" data-src=\"https:\/\/www.d-minecare.com\/wp-content\/uploads\/2022\/07\/Bilder_web_19.jpg\" alt=\"Der D-mine Pen dient als hilfreiches Medizinprodukt zur Vermeidung von Fluktuationen.\" class=\"wp-image-3055 lazyload\" data-srcset=\"https:\/\/www.d-minecare.com\/wp-content\/uploads\/2022\/07\/Bilder_web_19.jpg 570w, https:\/\/www.d-minecare.com\/wp-content\/uploads\/2022\/07\/Bilder_web_19-300x178.jpg 300w\" data-sizes=\"(max-width: 570px) 100vw, 570px\" src=\"data:image\/svg+xml;base64,PHN2ZyB3aWR0aD0iMSIgaGVpZ2h0PSIxIiB4bWxucz0iaHR0cDovL3d3dy53My5vcmcvMjAwMC9zdmciPjwvc3ZnPg==\" style=\"--smush-placeholder-width: 570px; --smush-placeholder-aspect-ratio: 570\/338;\" \/><\/figure>\n\n\n\n<div class=\"wp-block-group is-layout-flow wp-block-group-is-layout-flow\">\n<h2 class=\"wp-block-heading is-style-card-title-orange\" id=\"verabreichungsm\u00f6glichkeiten\">Verabreichungs- m\u00f6glichkeiten<\/h2>\n\n\n\n<p>Erfahren Sie mehr \u00fcber die M\u00f6glichkeiten zur Verabreichung von Apomorphin.<\/p>\n\n\n\n<div class=\"wp-block-buttons is-layout-flex wp-block-buttons-is-layout-flex\">\n<div class=\"wp-block-button is-style-underline\"><a class=\"wp-block-button__link has-white-color has-text-color wp-element-button\" href=\"https:\/\/www.d-minecare.com\/de\/patienten-einstellung#verabreichungsmoeglichkeiten\">Mehr Erfahren<\/a><\/div>\n<\/div>\n<\/div>\n<\/div>\n<\/div>\n\n\n\n<div class=\"wp-block-column is-style-default is-layout-flow wp-block-column-is-layout-flow\">\n<div class=\"wp-block-group is-style-card has-gray-base-color has-gray-light-background-color has-text-color has-background is-vertical is-layout-flex wp-container-core-group-is-layout-8cf370e7 wp-block-group-is-layout-flex\">\n<figure class=\"wp-block-image size-full is-style-card-image\"><img decoding=\"async\" width=\"570\" height=\"338\" data-src=\"https:\/\/www.d-minecare.com\/wp-content\/uploads\/2022\/05\/d-minecare-teaserbox-570x338_10.jpg\" alt=\"Fluktuationen sind eine h\u00e4ufige Erscheinung bei einer oralen Therapie. \" class=\"wp-image-961 lazyload\" data-srcset=\"https:\/\/www.d-minecare.com\/wp-content\/uploads\/2022\/05\/d-minecare-teaserbox-570x338_10.jpg 570w, https:\/\/www.d-minecare.com\/wp-content\/uploads\/2022\/05\/d-minecare-teaserbox-570x338_10-300x178.jpg 300w\" data-sizes=\"(max-width: 570px) 100vw, 570px\" src=\"data:image\/svg+xml;base64,PHN2ZyB3aWR0aD0iMSIgaGVpZ2h0PSIxIiB4bWxucz0iaHR0cDovL3d3dy53My5vcmcvMjAwMC9zdmciPjwvc3ZnPg==\" style=\"--smush-placeholder-width: 570px; --smush-placeholder-aspect-ratio: 570\/338;\" \/><\/figure>\n\n\n\n<div class=\"wp-block-group is-layout-flow wp-block-group-is-layout-flow\">\n<h2 class=\"wp-block-heading is-style-card-title-orange has-brand-color has-text-color\">Patienten Einstellung<\/h2>\n\n\n\n<p>Erfahren Sie mehr dar\u00fcber, was zu beachten ist, \u00fcber die Schnelltitration und Formen der Verabreichung.<\/p>\n\n\n\n<div class=\"wp-block-buttons is-layout-flex wp-block-buttons-is-layout-flex\">\n<div class=\"wp-block-button is-style-underline\"><a class=\"wp-block-button__link has-brand-color has-text-color wp-element-button\" href=\"https:\/\/www.d-minecare.com\/de\/patienten-einstellung\/#was-zu-beachten-ist\">Mehr Erfahren<\/a><\/div>\n<\/div>\n<\/div>\n<\/div>\n<\/div>\n<\/div>\n<\/div><\/div>\n\n\n\n<div id=\"quellen\" class=\"wp-block-alpine-accordion is-style-credits\">\n\n<div class=\"wp-block-alpine-accordion-body\"><div class=\"wp-block-alpine-accordion__header\"><h4>Quellen<\/h4><\/div><div class=\"wp-block-alpine-accordion__body\"><div class=\"wp-block-alpine-accordion__body-inner\">\n\n<p>Hagell, et al., 2001<br>LeWitt, 2004<br>SmPC Dacepton<sup>\u00ae<\/sup> 5mg\/ml Vial Solution for infusion, SmPC Dacepton<sup>\u00ae<\/sup> 10mg\/ml Cartridge Solution for injection, in current version<br>Gancher, et al., 1989.<\/p>\n\n<\/div><\/div><\/div>\n\n<\/div>\n","protected":false},"excerpt":{"rendered":"","protected":false},"author":1,"featured_media":0,"parent":0,"menu_order":11,"comment_status":"open","ping_status":"closed","template":"","meta":{"_acf_changed":false,"footnotes":""},"class_list":["post-2551","page","type-page","status-publish","hentry"],"acf":[],"yoast_head":"<!-- This site is optimized with the Yoast SEO plugin v27.4 - https:\/\/yoast.com\/product\/yoast-seo-wordpress\/ -->\n<title>Warum Dacepton - D-mine\u00ae Care<\/title>\n<meta name=\"description\" content=\"Warum Dacepton\u00ae bei Fluktuationen in Erw\u00e4gung gezogen werden sollte und dessen klinische Wirksamkeit. Finden Sie hier auch Expertenvideos.\" \/>\n<meta name=\"robots\" content=\"index, follow, max-snippet:-1, max-image-preview:large, max-video-preview:-1\" \/>\n<link rel=\"canonical\" href=\"https:\/\/www.d-minecare.com\/de\/warum-dacepton\/\" \/>\n<meta property=\"og:locale\" content=\"de_DE\" \/>\n<meta property=\"og:type\" content=\"article\" \/>\n<meta property=\"og:title\" content=\"Warum Dacepton - D-mine\u00ae Care\" \/>\n<meta property=\"og:description\" content=\"Warum Dacepton\u00ae bei Fluktuationen in Erw\u00e4gung gezogen werden sollte und dessen klinische Wirksamkeit. Finden Sie hier auch Expertenvideos.\" \/>\n<meta property=\"og:url\" content=\"https:\/\/www.d-minecare.com\/de\/warum-dacepton\/\" \/>\n<meta property=\"og:site_name\" content=\"D-mine\u00ae Care\" \/>\n<meta property=\"article:modified_time\" content=\"2023-11-09T09:15:24+00:00\" \/>\n<meta property=\"og:image\" content=\"https:\/\/www.d-minecare.com\/wp-content\/uploads\/2022\/05\/d-minecare-header-1920x900_7-1024x480.jpg\" \/>\n<meta name=\"twitter:card\" content=\"summary_large_image\" \/>\n<meta name=\"twitter:label1\" content=\"Gesch\u00e4tzte Lesezeit\" \/>\n\t<meta name=\"twitter:data1\" content=\"3\u00a0Minuten\" \/>\n<script type=\"application\/ld+json\" class=\"yoast-schema-graph\">{\"@context\":\"https:\\\/\\\/schema.org\",\"@graph\":[{\"@type\":\"WebPage\",\"@id\":\"https:\\\/\\\/www.d-minecare.com\\\/de\\\/warum-dacepton\\\/\",\"url\":\"https:\\\/\\\/www.d-minecare.com\\\/de\\\/warum-dacepton\\\/\",\"name\":\"Warum Dacepton - D-mine\u00ae Care\",\"isPartOf\":{\"@id\":\"https:\\\/\\\/www.d-minecare.com\\\/#website\"},\"primaryImageOfPage\":{\"@id\":\"https:\\\/\\\/www.d-minecare.com\\\/de\\\/warum-dacepton\\\/#primaryimage\"},\"image\":{\"@id\":\"https:\\\/\\\/www.d-minecare.com\\\/de\\\/warum-dacepton\\\/#primaryimage\"},\"thumbnailUrl\":\"https:\\\/\\\/www.d-minecare.com\\\/wp-content\\\/uploads\\\/2022\\\/05\\\/d-minecare-header-1920x900_7-1024x480.jpg\",\"datePublished\":\"2022-04-18T11:04:42+00:00\",\"dateModified\":\"2023-11-09T09:15:24+00:00\",\"description\":\"Warum Dacepton\u00ae bei Fluktuationen in Erw\u00e4gung gezogen werden sollte und dessen klinische Wirksamkeit. Finden Sie hier auch Expertenvideos.\",\"breadcrumb\":{\"@id\":\"https:\\\/\\\/www.d-minecare.com\\\/de\\\/warum-dacepton\\\/#breadcrumb\"},\"inLanguage\":\"de\",\"potentialAction\":[{\"@type\":\"ReadAction\",\"target\":[\"https:\\\/\\\/www.d-minecare.com\\\/de\\\/warum-dacepton\\\/\"]}]},{\"@type\":\"ImageObject\",\"inLanguage\":\"de\",\"@id\":\"https:\\\/\\\/www.d-minecare.com\\\/de\\\/warum-dacepton\\\/#primaryimage\",\"url\":\"https:\\\/\\\/www.d-minecare.com\\\/wp-content\\\/uploads\\\/2022\\\/05\\\/d-minecare-header-1920x900_7-1024x480.jpg\",\"contentUrl\":\"https:\\\/\\\/www.d-minecare.com\\\/wp-content\\\/uploads\\\/2022\\\/05\\\/d-minecare-header-1920x900_7-1024x480.jpg\"},{\"@type\":\"BreadcrumbList\",\"@id\":\"https:\\\/\\\/www.d-minecare.com\\\/de\\\/warum-dacepton\\\/#breadcrumb\",\"itemListElement\":[{\"@type\":\"ListItem\",\"position\":1,\"name\":\"Home\",\"item\":\"https:\\\/\\\/www.d-minecare.com\\\/de\\\/\"},{\"@type\":\"ListItem\",\"position\":2,\"name\":\"Warum Dacepton\"}]},{\"@type\":\"WebSite\",\"@id\":\"https:\\\/\\\/www.d-minecare.com\\\/#website\",\"url\":\"https:\\\/\\\/www.d-minecare.com\\\/\",\"name\":\"D-mine\u00ae Care\",\"description\":\"Das Therapiekonzept f\u00fcr Menschen mit Morbus Parkinson.\",\"potentialAction\":[{\"@type\":\"SearchAction\",\"target\":{\"@type\":\"EntryPoint\",\"urlTemplate\":\"https:\\\/\\\/www.d-minecare.com\\\/?s={search_term_string}\"},\"query-input\":{\"@type\":\"PropertyValueSpecification\",\"valueRequired\":true,\"valueName\":\"search_term_string\"}}],\"inLanguage\":\"de\"}]}<\/script>\n<!-- \/ Yoast SEO plugin. -->","yoast_head_json":{"title":"Warum Dacepton - D-mine\u00ae Care","description":"Warum Dacepton\u00ae bei Fluktuationen in Erw\u00e4gung gezogen werden sollte und dessen klinische Wirksamkeit. Finden Sie hier auch Expertenvideos.","robots":{"index":"index","follow":"follow","max-snippet":"max-snippet:-1","max-image-preview":"max-image-preview:large","max-video-preview":"max-video-preview:-1"},"canonical":"https:\/\/www.d-minecare.com\/de\/warum-dacepton\/","og_locale":"de_DE","og_type":"article","og_title":"Warum Dacepton - D-mine\u00ae Care","og_description":"Warum Dacepton\u00ae bei Fluktuationen in Erw\u00e4gung gezogen werden sollte und dessen klinische Wirksamkeit. Finden Sie hier auch Expertenvideos.","og_url":"https:\/\/www.d-minecare.com\/de\/warum-dacepton\/","og_site_name":"D-mine\u00ae Care","article_modified_time":"2023-11-09T09:15:24+00:00","og_image":[{"url":"https:\/\/www.d-minecare.com\/wp-content\/uploads\/2022\/05\/d-minecare-header-1920x900_7-1024x480.jpg","type":"","width":"","height":""}],"twitter_card":"summary_large_image","twitter_misc":{"Gesch\u00e4tzte Lesezeit":"3\u00a0Minuten"},"schema":{"@context":"https:\/\/schema.org","@graph":[{"@type":"WebPage","@id":"https:\/\/www.d-minecare.com\/de\/warum-dacepton\/","url":"https:\/\/www.d-minecare.com\/de\/warum-dacepton\/","name":"Warum Dacepton - D-mine\u00ae Care","isPartOf":{"@id":"https:\/\/www.d-minecare.com\/#website"},"primaryImageOfPage":{"@id":"https:\/\/www.d-minecare.com\/de\/warum-dacepton\/#primaryimage"},"image":{"@id":"https:\/\/www.d-minecare.com\/de\/warum-dacepton\/#primaryimage"},"thumbnailUrl":"https:\/\/www.d-minecare.com\/wp-content\/uploads\/2022\/05\/d-minecare-header-1920x900_7-1024x480.jpg","datePublished":"2022-04-18T11:04:42+00:00","dateModified":"2023-11-09T09:15:24+00:00","description":"Warum Dacepton\u00ae bei Fluktuationen in Erw\u00e4gung gezogen werden sollte und dessen klinische Wirksamkeit. Finden Sie hier auch Expertenvideos.","breadcrumb":{"@id":"https:\/\/www.d-minecare.com\/de\/warum-dacepton\/#breadcrumb"},"inLanguage":"de","potentialAction":[{"@type":"ReadAction","target":["https:\/\/www.d-minecare.com\/de\/warum-dacepton\/"]}]},{"@type":"ImageObject","inLanguage":"de","@id":"https:\/\/www.d-minecare.com\/de\/warum-dacepton\/#primaryimage","url":"https:\/\/www.d-minecare.com\/wp-content\/uploads\/2022\/05\/d-minecare-header-1920x900_7-1024x480.jpg","contentUrl":"https:\/\/www.d-minecare.com\/wp-content\/uploads\/2022\/05\/d-minecare-header-1920x900_7-1024x480.jpg"},{"@type":"BreadcrumbList","@id":"https:\/\/www.d-minecare.com\/de\/warum-dacepton\/#breadcrumb","itemListElement":[{"@type":"ListItem","position":1,"name":"Home","item":"https:\/\/www.d-minecare.com\/de\/"},{"@type":"ListItem","position":2,"name":"Warum Dacepton"}]},{"@type":"WebSite","@id":"https:\/\/www.d-minecare.com\/#website","url":"https:\/\/www.d-minecare.com\/","name":"D-mine\u00ae Care","description":"Das Therapiekonzept f\u00fcr Menschen mit Morbus Parkinson.","potentialAction":[{"@type":"SearchAction","target":{"@type":"EntryPoint","urlTemplate":"https:\/\/www.d-minecare.com\/?s={search_term_string}"},"query-input":{"@type":"PropertyValueSpecification","valueRequired":true,"valueName":"search_term_string"}}],"inLanguage":"de"}]}},"_links":{"self":[{"href":"https:\/\/www.d-minecare.com\/de\/wp-json\/wp\/v2\/pages\/2551","targetHints":{"allow":["GET"]}}],"collection":[{"href":"https:\/\/www.d-minecare.com\/de\/wp-json\/wp\/v2\/pages"}],"about":[{"href":"https:\/\/www.d-minecare.com\/de\/wp-json\/wp\/v2\/types\/page"}],"author":[{"embeddable":true,"href":"https:\/\/www.d-minecare.com\/de\/wp-json\/wp\/v2\/users\/1"}],"replies":[{"embeddable":true,"href":"https:\/\/www.d-minecare.com\/de\/wp-json\/wp\/v2\/comments?post=2551"}],"version-history":[{"count":25,"href":"https:\/\/www.d-minecare.com\/de\/wp-json\/wp\/v2\/pages\/2551\/revisions"}],"predecessor-version":[{"id":4555,"href":"https:\/\/www.d-minecare.com\/de\/wp-json\/wp\/v2\/pages\/2551\/revisions\/4555"}],"wp:attachment":[{"href":"https:\/\/www.d-minecare.com\/de\/wp-json\/wp\/v2\/media?parent=2551"}],"curies":[{"name":"wp","href":"https:\/\/api.w.org\/{rel}","templated":true}]}}