{"id":2554,"date":"2022-05-19T12:20:55","date_gmt":"2022-05-19T12:20:55","guid":{"rendered":"https:\/\/www.d-minecare.com\/?page_id=2554"},"modified":"2024-07-26T09:37:31","modified_gmt":"2024-07-26T09:37:31","slug":"impressum","status":"publish","type":"page","link":"https:\/\/www.d-minecare.com\/de\/impressum\/","title":{"rendered":"Impressum"},"content":{"rendered":"\n<div class=\"wp-block-theme-section alignfull\"><div class=\"wp-block-theme-section__content\">\n<h1 class=\"wp-block-heading is-style-main-title\">Impressum und Datenschutzerkl\u00e4rung<\/h1>\n\n\n\n\n\n<p>The www.d-minecare.com site is offered to you by:<\/p>\n\n\n\n<p>EVER Neuro Pharma GmbH<br>Oberburgau 3<br>4866 Unterach, Austria<\/p>\n\n\n\n<p>Phone: +43 7665 20555 0<br>E-mail: <span \n                data-original-string='qA+ffcnbJK7OKwLysUhr0Q==cfbHrq7W6714HXg96vlBZlH\/lPiaTP2Rt23MxOk0Loqnqg='\n                class='apbct-email-encoder'\n                title='Dieser Kontakt wurde von Anti-Spam by CleanTalk verschl\u00fcsselt. Klicken Sie hier, um ihn zu entschl\u00fcsseln. Um die Entschl\u00fcsselung abzuschlie\u00dfen, stellen Sie sicher, dass JavaScript in Ihrem Browser aktiviert ist.'>of<span class=\"apbct-blur\">****<\/span>@<span class=\"apbct-blur\">********<\/span>ma.com<\/span><\/p>\n\n\n\n<p>UID-No.: ATU 64474508<br>Commercial Register No.:FN 316993 t<br>Registration Court: Regional Court Salzburg<br>Authority according to the E-Commerce Act: District Administration Authority Salzburg-Umgebung<br>EVER Neuro Pharma GmbH is member of the Austrian Chamber of Commerce.<br>Apomorphine from EVER Neuro Pharma is currently registered unter the following brandnames: <span class=\"whitespace-nowrap\">Dacepton<sup>\u00ae<\/sup><\/span>, <span class=\"whitespace-nowrap\">Dopaceptin<sup>\u00ae<\/sup><\/span>.<br>EVER Pharma, <span class=\"whitespace-nowrap\">Dacepton<sup>\u00ae<\/sup><\/span>, <span class=\"whitespace-nowrap\">Dopaceptin<sup>\u00ae<\/sup><\/span> and <span class=\"whitespace-nowrap\">D-<em>mine<\/em><sup>\u00ae<\/sup><\/span> Logo are trademarks of EVER Neuro Pharma GmbH.<\/p>\n\n\n\n<p>Photo credits:<br>Shutterstock, Adobe Stock<\/p>\n\n\n\n<p>\u00dcberpr\u00fcft von Medical, Version DACINT07202219_DE<\/p>\n\n\n\n<h2 class=\"wp-block-heading is-style-section-title has-gray-base-color has-text-color\">Disclaimer<\/h2>\n\n\n\n<p>EVER Pharma Holding undertakes all appropriate effort to make correct and complete information available on this website, but assumes no responsibility, guarantees or liability whatsoever that the information made available through this website, including any database entries, are correct, complete or updated.<\/p>\n\n\n\n<p>EVER Pharma Holding reserves the right at all times, and without previous notification, to change the information on this web site and is also not obligated to up-date the information contained. EVER Pharma Holding is not responsible for the correctness and up-to-dateness of the content of any linked website.<\/p>\n\n\n\n<p>In no case can EVER Pharma Holding be made liable for damages, which could arise from the use or the content or the availability of this website, or the documentation, services and information on this website. It is also irrespective whether the damages are of a direct, indirect or financial nature, or is a resulting damage or other damage, which could arise from data loss, loss of use or other reasons of all kinds.<\/p>\n\n\n\n<h2 class=\"wp-block-heading is-style-section-title has-gray-base-color has-text-color\">Privacy and Cookie Policy<\/h2>\n\n\n\n<p><strong>Informationspflichten nach Art. 13 EU Datenschutz-Grundverordnung (DSGVO)<\/strong><\/p>\n\n\n\n<p>Mit Ihrem Zugriff auf unsere Webseiten werden Informationen \u00fcber den Zugriff (Datum, Uhrzeit, betrachtete Seite, Datenmenge, abrufende IP-Adresse (anonymisiert)) als Logdateien auf unserem Server gespeichert. Dies erfolgt auf Rechtsgrundlage des berechtigten Interesses der Sicherstellung des reibungslosen Betriebs unseres Informationsangebots sowie zur Optimierung dieses Angebots. Diese Daten werden von uns ausschlie\u00dflich f\u00fcr eigene, statistische Zwecke, in anonymisierter Form ausgewertet.<\/p>\n\n\n\n<p>Die Verarbeitung findet im Namen der&nbsp;EVER&nbsp;Pharma in gemeinsamer Verantwortung mit den anderen Unternehmen der&nbsp;EVER&nbsp;Firmengruppe statt. Unsere Kontaktdaten finden Sie&nbsp;<a href=\"https:\/\/www.everpharma.com\/de\/impressum\/\">hier<\/a>. Unseren Datenschutzbeauftragten erreichen sie unter&nbsp;<strong><span \n                data-original-string='63ryiqNR9ww0uj\/wd7pXoQ==cfbop97K9DhZw78FmlRTxzuZ5h28K6CubuX3ueiyvZWRCI='\n                class='apbct-email-encoder'\n                title='Dieser Kontakt wurde von Anti-Spam by CleanTalk verschl\u00fcsselt. Klicken Sie hier, um ihn zu entschl\u00fcsseln. Um die Entschl\u00fcsselung abzuschlie\u00dfen, stellen Sie sicher, dass JavaScript in Ihrem Browser aktiviert ist.'>dp<span class=\"apbct-blur\">*<\/span>@<span class=\"apbct-blur\">********<\/span>ma.com<\/span><\/strong>.<\/p>\n\n\n\n<p>Ihre Daten werden grunds\u00e4tzlich nicht an Dritte weitergegeben. Eine Ausnahme ist die Weitergabe an Auftragsverarbeiter, die ausschlie\u00dflich auf Weisung von&nbsp;EVER&nbsp;arbeiten, die Daten nicht f\u00fcr eigene Zwecke verwenden und \u00fcber eigene Vereinbarungen an die datenschutzrechtlichen Verpflichtungen der Datenschutzgrundverordnung gebunden sind.<\/p>\n\n\n\n<p>Sie haben das Recht auf Auskunft, Berichtigung und L\u00f6schung der Daten, das Recht auf Einschr\u00e4nkung der Verarbeitung, auf Widerspruch zur Verarbeitung sowie das Recht zur Beschwerde bei einer Aufsichtsbeh\u00f6rde.<\/p>\n\n\n\n<p><strong>Hinweis zum Einsatz von Cookies und der Website-Analyse:<\/strong><\/p>\n\n\n\n<p>Auf dieser Website wird Software zur Analyse der Benutzung der Website eingesetzt. Durch die Auswertung dieser Daten k\u00f6nnen wertvolle Erkenntnisse \u00fcber die Bed\u00fcrfnisse der Nutzer gewonnen werden. Diese Erkenntnisse tragen dazu bei, die Qualit\u00e4t des Angebotes noch weiter zu verbessern.<br>In diesem Zusammenhang kommen auch sogenannte Cookies zum Einsatz. Cookies sind Textdateien, die auf dem Computer des Besuchers der Website gespeichert werden und so die Wiedererkennung eines Besuchers auf anonymer Basis erm\u00f6glichen. Cookies k\u00f6nnen im Allgemeinen durch entsprechende Browsereinstellungen abgelehnt oder gel\u00f6scht werden.<\/p>\n\n\n\n<p><strong>Nutzungsanalyse mit Matomo<\/strong><\/p>\n\n\n\n<p>F\u00fcr eine genauere Analyse der Nutzung unserer Website setzen wir Matomo ein. Dabei werden technisch notwendige Cookies auf Ihrem Ger\u00e4t gespeichert. Die Daten werden dabei nicht an Dritte weitergegeben oder f\u00fcr andere Zwecke verwendet. Die Verarbeitung findet in unserem berechtigten Interesse an der Verbesserung unserer Website statt.<\/p>\n\n\n\n<p>Es werden die folgenden Cookies gesetzt:<br><code>_pk_id<\/code>: Zur Wiedererkennung Ihres Ger\u00e4ts bei einem neuerlichen Besuch der Website (Speicherdauer 13 Monate)<br><code>_pk_sess<\/code>: Zur Wiedererkennung Ihres Ger\u00e4ts w\u00e4hrend des aktuellen Besuchs unserer Website (Speicherdauer 30 Minuten)<\/p>\n\n\n\n<p>Matomo wurde dabei so konfiguriert, dass alle Informationen, die einen Personenbezug erlauben w\u00fcrden und aus technischen Gr\u00fcnden \u00fcbertragen werden (IP-Adresse) sofort entfernt werden. Die Verarbeitung findet aufgrund unseres berechtigten Interesses an der Optimierung unserer Website statt. Sie k\u00f6nnen der Verarbeitung widersprechen indem Sie hier klicken. Die Daten Ihres Website-Besuchs werden nach 24 Monaten gel\u00f6scht.<\/p>\n\n\n\n<iframe data-src=\"https:\/\/everpharma.matomo.cloud\/index.php?module=CoreAdminHome&amp;action=optOut&amp;language=de&amp;backgroundColor=&amp;fontColor=868786&amp;fontSize=&amp;fontFamily=Inter,sans-serif\" src=\"data:image\/svg+xml;base64,PHN2ZyB3aWR0aD0iMSIgaGVpZ2h0PSIxIiB4bWxucz0iaHR0cDovL3d3dy53My5vcmcvMjAwMC9zdmciPjwvc3ZnPg==\" class=\"lazyload\" data-load-mode=\"1\"><\/iframe>\n\n\n\n<p>Ihre Daten werden nicht an Dritte weitergegeben. Allerdings findet die Verarbeitung in unserem Auftrag bei einem Dienstleister (Innocraft Ltd.) statt. Dabei werden auch Daten au\u00dferhalb der Europ\u00e4ischen Union \u00fcbermittelt. Innocraft Ltd. ist ein in Neuseeland registriertes Unternehmen. Die EU-Kommission hat in einem Beschluss festgestellt, dass Verarbeitungen in Neuseeland einem mit der EU vergleichbaren Datenschutzniveau unterliegen (<a href=\"https:\/\/eur-lex.europa.eu\/legal-content\/EN\/ALL\/?uri=CELEX%3A32013D0065\" target=\"_blank\" rel=\"noreferrer noopener\">Dokument C(2012) 9557<\/a>). Damit muss der Datenexport nach Neuseeland gem\u00e4\u00df Art. 45 DSGVO nicht zus\u00e4tzlich genehmigt werden. Innocraft hat sich in einer Vereinbarung gem\u00e4\u00df Art. 28 DSGVO verpflichtet, die Daten nicht f\u00fcr eigene Zwecke zu verwenden und auch die anderen Bestimmungen der Datenschutzgrundverordnung zu erf\u00fcllen.<\/p>\n\n\n\n<p><strong>Andere Cookies<\/strong><\/p>\n\n\n\n<p>Bei der Nutzung dieser Website werden einzelne Cookies auf Ihrem Endger\u00e4t gesetzt, die die Darstellung der Inhalte steuern, insbesondere die Wahl der Sprache. Daher sind diese Cookies f\u00fcr das Funktionieren der Website unbedingt erforderlich.<\/p>\n\n\n\n<p><strong>Videos<\/strong><\/p>\n\n\n\n<p>Von dieser Website k\u00f6nnen abgerufen werden. Diese Videos werden von Vimeo, Inc., 555 West 18th Street, New York, NY 10011, USA gehostet, sodass beim Ansehen der Videos Daten an Vimeo \u00fcbertragen werden, um eine optimale Bild- und Tonqualit\u00e4t zu gew\u00e4hrleisten. Vimeo verarbeitet diese Daten als Auftragsverarbeiter f\u00fcr EVER und darf die Daten nicht f\u00fcr eigene Zwecke verwenden. Zur Gew\u00e4hrleistung eines mit der EU vergleichbaren und risikoad\u00e4quaten Datenschutzniveaus wurden mit Vimeo von der EU-Kommission genehmigte Standardvertragsklauseln gem\u00e4\u00df Art. 46 DSGVO und weitere Ma\u00dfnahmen zum Datenschutz vereinbart wurden.<\/p>\n\n\n\n<p><strong>Kontaktformular<\/strong><\/p>\n\n\n\n<p>Wenn Sie das Kontaktformular der Website verwenden, werden die dabei eingegebenen Informationen verschl\u00fcsselt an den Server \u00fcbermittelt und als E-Mail weitergesendet. Ihre personenbezogenen Daten werden f\u00fcr den Zweck der Beantwortung Ihrer Anfrage verarbeitet. Die Rechtsgrundlage f\u00fcr die Verarbeitung ist die Erf\u00fcllung einer Vereinbarung bzw. von vorvertraglichen Ma\u00dfnahmen, die auf Anfrage der betroffenen Person stattfinden (Art. 6 (1) b DSGVO). Die Daten werden nur so lange aufbewahrt, wie es f\u00fcr den Verarbeitungszweck oder aufgrund von gesetzlichen Verpflichtungen erforderlich ist.<\/p>\n\n\n\n<p><strong>Soziale Medien<\/strong><\/p>\n\n\n\n<p>Hier sind unsere Richtlinien f\u00fcr Social Media:<\/p>\n\n\n\n<div data-wp-interactive=\"core\/file\" class=\"wp-block-file\"><object data-wp-bind--hidden=\"!state.hasPdfPreview\" hidden class=\"wp-block-file__embed\" data=\"https:\/\/www.d-minecare.com\/wp-content\/uploads\/2022\/07\/Social-Media-Netiqutte-DE.pdf\" type=\"application\/pdf\" style=\"width:100%;height:510px\" aria-label=\"Einbettung von Social-Media-Netiqutte-DE.\"><\/object><a id=\"wp-block-file--media-39ebf929-0b99-4ca0-a16c-946b290686f4\" href=\"https:\/\/www.d-minecare.com\/wp-content\/uploads\/2022\/07\/Social-Media-Netiqutte-DE.pdf\" target=\"_blank\" rel=\"noreferrer noopener\">Social-Media-Netiqutte-DE<\/a><\/div>\n<\/div><\/div>\n","protected":false},"excerpt":{"rendered":"","protected":false},"author":1,"featured_media":0,"parent":0,"menu_order":16,"comment_status":"closed","ping_status":"closed","template":"","meta":{"_acf_changed":false,"footnotes":""},"class_list":["post-2554","page","type-page","status-publish","hentry"],"acf":[],"yoast_head":"<!-- This site is optimized with the Yoast SEO plugin v27.4 - https:\/\/yoast.com\/product\/yoast-seo-wordpress\/ -->\n<title>Impressum - D-mine\u00ae Care<\/title>\n<meta name=\"description\" content=\"Informationen \u00fcber die EVER Neuro Pharma GmbH. Hier finden Sie unser Impressum, den Haftungsausschluss und die Datenschutzbestimmungen.\" \/>\n<meta name=\"robots\" content=\"index, follow, max-snippet:-1, max-image-preview:large, max-video-preview:-1\" \/>\n<link rel=\"canonical\" href=\"https:\/\/www.d-minecare.com\/de\/impressum\/\" \/>\n<meta property=\"og:locale\" content=\"de_DE\" \/>\n<meta property=\"og:type\" content=\"article\" \/>\n<meta property=\"og:title\" content=\"Impressum - D-mine\u00ae Care\" \/>\n<meta property=\"og:description\" content=\"Informationen \u00fcber die EVER Neuro Pharma GmbH. Hier finden Sie unser Impressum, den Haftungsausschluss und die Datenschutzbestimmungen.\" \/>\n<meta property=\"og:url\" content=\"https:\/\/www.d-minecare.com\/de\/impressum\/\" \/>\n<meta property=\"og:site_name\" content=\"D-mine\u00ae Care\" \/>\n<meta property=\"article:modified_time\" content=\"2024-07-26T09:37:31+00:00\" \/>\n<meta name=\"twitter:card\" content=\"summary_large_image\" \/>\n<meta name=\"twitter:label1\" content=\"Gesch\u00e4tzte Lesezeit\" \/>\n\t<meta name=\"twitter:data1\" content=\"6\u00a0Minuten\" \/>\n<script type=\"application\/ld+json\" class=\"yoast-schema-graph\">{\"@context\":\"https:\\\/\\\/schema.org\",\"@graph\":[{\"@type\":\"WebPage\",\"@id\":\"https:\\\/\\\/www.d-minecare.com\\\/de\\\/impressum\\\/\",\"url\":\"https:\\\/\\\/www.d-minecare.com\\\/de\\\/impressum\\\/\",\"name\":\"Impressum - D-mine\u00ae Care\",\"isPartOf\":{\"@id\":\"https:\\\/\\\/www.d-minecare.com\\\/#website\"},\"datePublished\":\"2022-05-19T12:20:55+00:00\",\"dateModified\":\"2024-07-26T09:37:31+00:00\",\"description\":\"Informationen \u00fcber die EVER Neuro Pharma GmbH. Hier finden Sie unser Impressum, den Haftungsausschluss und die Datenschutzbestimmungen.\",\"breadcrumb\":{\"@id\":\"https:\\\/\\\/www.d-minecare.com\\\/de\\\/impressum\\\/#breadcrumb\"},\"inLanguage\":\"de\",\"potentialAction\":[{\"@type\":\"ReadAction\",\"target\":[\"https:\\\/\\\/www.d-minecare.com\\\/de\\\/impressum\\\/\"]}]},{\"@type\":\"BreadcrumbList\",\"@id\":\"https:\\\/\\\/www.d-minecare.com\\\/de\\\/impressum\\\/#breadcrumb\",\"itemListElement\":[{\"@type\":\"ListItem\",\"position\":1,\"name\":\"Home\",\"item\":\"https:\\\/\\\/www.d-minecare.com\\\/de\\\/\"},{\"@type\":\"ListItem\",\"position\":2,\"name\":\"Impressum\"}]},{\"@type\":\"WebSite\",\"@id\":\"https:\\\/\\\/www.d-minecare.com\\\/#website\",\"url\":\"https:\\\/\\\/www.d-minecare.com\\\/\",\"name\":\"D-mine\u00ae Care\",\"description\":\"Das Therapiekonzept f\u00fcr Menschen mit Morbus Parkinson.\",\"potentialAction\":[{\"@type\":\"SearchAction\",\"target\":{\"@type\":\"EntryPoint\",\"urlTemplate\":\"https:\\\/\\\/www.d-minecare.com\\\/?s={search_term_string}\"},\"query-input\":{\"@type\":\"PropertyValueSpecification\",\"valueRequired\":true,\"valueName\":\"search_term_string\"}}],\"inLanguage\":\"de\"}]}<\/script>\n<!-- \/ Yoast SEO plugin. -->","yoast_head_json":{"title":"Impressum - D-mine\u00ae Care","description":"Informationen \u00fcber die EVER Neuro Pharma GmbH. Hier finden Sie unser Impressum, den Haftungsausschluss und die Datenschutzbestimmungen.","robots":{"index":"index","follow":"follow","max-snippet":"max-snippet:-1","max-image-preview":"max-image-preview:large","max-video-preview":"max-video-preview:-1"},"canonical":"https:\/\/www.d-minecare.com\/de\/impressum\/","og_locale":"de_DE","og_type":"article","og_title":"Impressum - D-mine\u00ae Care","og_description":"Informationen \u00fcber die EVER Neuro Pharma GmbH. Hier finden Sie unser Impressum, den Haftungsausschluss und die Datenschutzbestimmungen.","og_url":"https:\/\/www.d-minecare.com\/de\/impressum\/","og_site_name":"D-mine\u00ae Care","article_modified_time":"2024-07-26T09:37:31+00:00","twitter_card":"summary_large_image","twitter_misc":{"Gesch\u00e4tzte Lesezeit":"6\u00a0Minuten"},"schema":{"@context":"https:\/\/schema.org","@graph":[{"@type":"WebPage","@id":"https:\/\/www.d-minecare.com\/de\/impressum\/","url":"https:\/\/www.d-minecare.com\/de\/impressum\/","name":"Impressum - D-mine\u00ae Care","isPartOf":{"@id":"https:\/\/www.d-minecare.com\/#website"},"datePublished":"2022-05-19T12:20:55+00:00","dateModified":"2024-07-26T09:37:31+00:00","description":"Informationen \u00fcber die EVER Neuro Pharma GmbH. Hier finden Sie unser Impressum, den Haftungsausschluss und die Datenschutzbestimmungen.","breadcrumb":{"@id":"https:\/\/www.d-minecare.com\/de\/impressum\/#breadcrumb"},"inLanguage":"de","potentialAction":[{"@type":"ReadAction","target":["https:\/\/www.d-minecare.com\/de\/impressum\/"]}]},{"@type":"BreadcrumbList","@id":"https:\/\/www.d-minecare.com\/de\/impressum\/#breadcrumb","itemListElement":[{"@type":"ListItem","position":1,"name":"Home","item":"https:\/\/www.d-minecare.com\/de\/"},{"@type":"ListItem","position":2,"name":"Impressum"}]},{"@type":"WebSite","@id":"https:\/\/www.d-minecare.com\/#website","url":"https:\/\/www.d-minecare.com\/","name":"D-mine\u00ae Care","description":"Das Therapiekonzept f\u00fcr Menschen mit Morbus Parkinson.","potentialAction":[{"@type":"SearchAction","target":{"@type":"EntryPoint","urlTemplate":"https:\/\/www.d-minecare.com\/?s={search_term_string}"},"query-input":{"@type":"PropertyValueSpecification","valueRequired":true,"valueName":"search_term_string"}}],"inLanguage":"de"}]}},"_links":{"self":[{"href":"https:\/\/www.d-minecare.com\/de\/wp-json\/wp\/v2\/pages\/2554","targetHints":{"allow":["GET"]}}],"collection":[{"href":"https:\/\/www.d-minecare.com\/de\/wp-json\/wp\/v2\/pages"}],"about":[{"href":"https:\/\/www.d-minecare.com\/de\/wp-json\/wp\/v2\/types\/page"}],"author":[{"embeddable":true,"href":"https:\/\/www.d-minecare.com\/de\/wp-json\/wp\/v2\/users\/1"}],"replies":[{"embeddable":true,"href":"https:\/\/www.d-minecare.com\/de\/wp-json\/wp\/v2\/comments?post=2554"}],"version-history":[{"count":14,"href":"https:\/\/www.d-minecare.com\/de\/wp-json\/wp\/v2\/pages\/2554\/revisions"}],"predecessor-version":[{"id":4766,"href":"https:\/\/www.d-minecare.com\/de\/wp-json\/wp\/v2\/pages\/2554\/revisions\/4766"}],"wp:attachment":[{"href":"https:\/\/www.d-minecare.com\/de\/wp-json\/wp\/v2\/media?parent=2554"}],"curies":[{"name":"wp","href":"https:\/\/api.w.org\/{rel}","templated":true}]}}