{"id":2555,"date":"2022-04-18T11:04:42","date_gmt":"2022-04-18T11:04:42","guid":{"rendered":"https:\/\/www.d-minecare.com\/?page_id=2555"},"modified":"2022-11-15T15:34:40","modified_gmt":"2022-11-15T15:34:40","slug":"professional","status":"publish","type":"page","link":"https:\/\/www.d-minecare.com\/de\/professional\/","title":{"rendered":"Professional"},"content":{"rendered":"\n<div class=\"wp-block-theme-cover alignfull is-full-wide-cover\"><div class=\"wp-block-theme-cover__background right-0 top-0\" style=\"background-image:url(https:\/\/www.d-minecare.com\/wp-content\/uploads\/2022\/05\/Bilder_web_header_hcp_aboutdacepton_1920x900px-1024x480.jpg);background-position:36% 23%\"><img decoding=\"async\" data-src=\"https:\/\/www.d-minecare.com\/wp-content\/uploads\/2022\/05\/Bilder_web_header_hcp_aboutdacepton_1920x900px-1024x480.jpg\" style=\"--smush-placeholder-width: 1024px; --smush-placeholder-aspect-ratio: 1024\/480;object-position:36% 23%\" src=\"data:image\/svg+xml;base64,PHN2ZyB3aWR0aD0iMSIgaGVpZ2h0PSIxIiB4bWxucz0iaHR0cDovL3d3dy53My5vcmcvMjAwMC9zdmciPjwvc3ZnPg==\" class=\"lazyload\" \/><\/div><div class=\"wp-block-theme-cover__container justify-start items-end\"><div class=\"wp-block-theme-cover__content has-brand-background-color has-undefined-color\">\n<h2 class=\"has-white-color has-text-color wp-block-heading\">\u00dcber Dacepton<sup>\u00ae<\/sup><\/h2>\n\n\n\n<p class=\"has-white-color has-text-color\">Der potente, nicht-ergoline, nicht-selektive und direkt wirkende Dopamin-Rezeptor-Agonist.<\/p>\n\n\n\n<div class=\"wp-block-buttons is-layout-flex wp-block-buttons-is-layout-flex\">\n<div class=\"wp-block-button is-style-underline\"><a class=\"wp-block-button__link has-white-color has-text-color\" href=\"https:\/\/www.d-minecare.com\/de\/ueber-dacepton\/\">Mehr Erfahren<\/a><\/div>\n<\/div>\n<\/div><\/div><\/div>\n\n\n\n<div class=\"wp-block-theme-section alignfull\"><div class=\"wp-block-theme-section__content\">\n<div class=\"wp-block-columns is-style-default is-layout-flex wp-container-core-columns-is-layout-9d6595d7 wp-block-columns-is-layout-flex\">\n<div class=\"wp-block-column is-style-default is-layout-flow wp-block-column-is-layout-flow\">\n<div class=\"wp-block-group is-style-card has-white-color has-gray-base-background-color has-text-color has-background is-vertical is-layout-flex wp-container-core-group-is-layout-8cf370e7 wp-block-group-is-layout-flex\">\n<figure class=\"wp-block-image size-full is-style-card-image\"><img decoding=\"async\" width=\"570\" height=\"338\" data-src=\"https:\/\/www.d-minecare.com\/wp-content\/uploads\/2022\/07\/Bilder_web_23.jpg\" alt=\"Fachkr\u00e4fte erkl\u00e4ren Patienten die D-mine Pumpe. \" class=\"wp-image-2977 lazyload\" data-srcset=\"https:\/\/www.d-minecare.com\/wp-content\/uploads\/2022\/07\/Bilder_web_23.jpg 570w, https:\/\/www.d-minecare.com\/wp-content\/uploads\/2022\/07\/Bilder_web_23-300x178.jpg 300w\" data-sizes=\"(max-width: 570px) 100vw, 570px\" src=\"data:image\/svg+xml;base64,PHN2ZyB3aWR0aD0iMSIgaGVpZ2h0PSIxIiB4bWxucz0iaHR0cDovL3d3dy53My5vcmcvMjAwMC9zdmciPjwvc3ZnPg==\" style=\"--smush-placeholder-width: 570px; --smush-placeholder-aspect-ratio: 570\/338;\" \/><\/figure>\n\n\n\n<div class=\"wp-block-group is-layout-flow wp-block-group-is-layout-flow\">\n<h2 class=\"is-style-card-title-orange is-style-default wp-block-heading\">Kontinuierliche Infusionstherapie<\/h2>\n\n\n\n<p>Die ger\u00e4teget\u00fctzte Therapie mit der <span class=\"whitespace-nowrap\">D-<em>mine<\/em><sup>\u00ae<\/sup><\/span> Pumpe.<\/p>\n\n\n\n<div class=\"wp-block-buttons is-layout-flex wp-block-buttons-is-layout-flex\">\n<div class=\"wp-block-button is-style-underline\"><a class=\"wp-block-button__link\" href=\"\/de\/d-mine-care-therapiekonzept\/#d-mine-pump-therapie\">Mehr Erfahren<\/a><\/div>\n<\/div>\n<\/div>\n<\/div>\n<\/div>\n\n\n\n<div class=\"wp-block-column is-style-default is-layout-flow wp-block-column-is-layout-flow\">\n<div class=\"wp-block-group is-style-card has-gray-base-color has-gray-light-background-color has-text-color has-background is-vertical is-layout-flex wp-container-core-group-is-layout-8cf370e7 wp-block-group-is-layout-flex\">\n<figure class=\"wp-block-image size-full is-style-card-image\"><img decoding=\"async\" width=\"570\" height=\"418\" data-src=\"https:\/\/www.d-minecare.com\/wp-content\/uploads\/2022\/05\/D-mine_FolderPen_V03-01-1.png\" alt=\"Fachkr\u00e4fte erkl\u00e4ren Patienten den D-mine Pen. \" class=\"wp-image-412 lazyload\" data-srcset=\"https:\/\/www.d-minecare.com\/wp-content\/uploads\/2022\/05\/D-mine_FolderPen_V03-01-1.png 570w, https:\/\/www.d-minecare.com\/wp-content\/uploads\/2022\/05\/D-mine_FolderPen_V03-01-1-300x220.png 300w\" data-sizes=\"(max-width: 570px) 100vw, 570px\" src=\"data:image\/svg+xml;base64,PHN2ZyB3aWR0aD0iMSIgaGVpZ2h0PSIxIiB4bWxucz0iaHR0cDovL3d3dy53My5vcmcvMjAwMC9zdmciPjwvc3ZnPg==\" style=\"--smush-placeholder-width: 570px; --smush-placeholder-aspect-ratio: 570\/418;\" \/><\/figure>\n\n\n\n<div class=\"wp-block-group is-layout-flow wp-block-group-is-layout-flow\">\n<h2 class=\"is-style-card-title-orange wp-block-heading\">Intermittierende Injektionstherapie<\/h2>\n\n\n\n<p>Die ger\u00e4teget\u00fctzte Therapie mit dem <span class=\"whitespace-nowrap\">D-<em>mine<\/em><sup>\u00ae<\/sup><\/span> Pen.<\/p>\n\n\n\n<div class=\"wp-block-buttons is-layout-flex wp-block-buttons-is-layout-flex\">\n<div class=\"wp-block-button is-style-underline\"><a class=\"wp-block-button__link\" href=\"\/de\/d-mine-care-therapiekonzept\/#d-mine-pen-therapie\">Mehr Erfahren<\/a><\/div>\n<\/div>\n<\/div>\n<\/div>\n<\/div>\n<\/div>\n<\/div><\/div>\n\n\n\n<div class=\"wp-block-theme-cover alignfull\"><div class=\"wp-block-theme-cover__background right-0 top-0\" style=\"background-image:url(https:\/\/www.d-minecare.com\/wp-content\/uploads\/2022\/05\/Bildschirmfoto-2022-04-01-um-11.26.03-1024x715.png);background-position:50% 50%\"><img decoding=\"async\" data-src=\"https:\/\/www.d-minecare.com\/wp-content\/uploads\/2022\/05\/Bildschirmfoto-2022-04-01-um-11.26.03-1024x715.png\" style=\"--smush-placeholder-width: 1024px; --smush-placeholder-aspect-ratio: 1024\/715;object-position:50% 50%\" src=\"data:image\/svg+xml;base64,PHN2ZyB3aWR0aD0iMSIgaGVpZ2h0PSIxIiB4bWxucz0iaHR0cDovL3d3dy53My5vcmcvMjAwMC9zdmciPjwvc3ZnPg==\" class=\"lazyload\" \/><\/div><div class=\"wp-block-theme-cover__container justify-start items-end\"><div class=\"wp-block-theme-cover__content has-gray-light-background-color has-undefined-color\">\n<h2 class=\"has-brand-color has-text-color wp-block-heading\">Wirkung von <span class=\"whitespace-nowrap\">Dacepton<sup>\u00ae<\/sup><\/span> im Gehirn<\/h2>\n\n\n\n<p class=\"has-gray-base-color has-text-color\">Apomorphin aktiviert direkt die postsynaptischen Dopaminrezeptoren im Striatum. <\/p>\n\n\n\n<p class=\"has-gray-base-color has-text-color\">Sehen Sie sich den Wirkmechanismus im Video an.<\/p>\n\n\n\n<div class=\"wp-block-buttons is-layout-flex wp-block-buttons-is-layout-flex\">\n<div class=\"wp-block-button is-style-underline\"><a class=\"wp-block-button__link has-brand-color has-text-color\" href=\"\/de\/ueber-dacepton\/#wirkmechanismus\">Mehr Erfahren<\/a><\/div>\n<\/div>\n<\/div><\/div><\/div>\n\n\n\n<div style=\"height:64px\" aria-hidden=\"true\" class=\"wp-block-spacer\"><\/div>\n\n\n\n<div class=\"wp-block-theme-section alignfull has-gray-light-background-color has-background has-gray-light-background-color has-background\"><div class=\"wp-block-theme-section__content\">\n<div class=\"wp-block-columns is-style-default is-layout-flex wp-container-core-columns-is-layout-9d6595d7 wp-block-columns-is-layout-flex\">\n<div class=\"wp-block-column is-style-default is-layout-flow wp-block-column-is-layout-flow\">\n<div class=\"wp-block-group is-style-card has-white-color has-gray-base-background-color has-text-color has-background is-vertical is-layout-flex wp-container-core-group-is-layout-8cf370e7 wp-block-group-is-layout-flex\">\n<figure class=\"wp-block-image size-full is-style-card-image is-style-square\"><img decoding=\"async\" width=\"370\" height=\"350\" data-src=\"https:\/\/www.d-minecare.com\/wp-content\/uploads\/2022\/05\/Bilder_web_teasaer_hcp_clinicalefficacy_370x350px.jpg\" alt=\"\" class=\"wp-image-1498 lazyload\" data-srcset=\"https:\/\/www.d-minecare.com\/wp-content\/uploads\/2022\/05\/Bilder_web_teasaer_hcp_clinicalefficacy_370x350px.jpg 370w, https:\/\/www.d-minecare.com\/wp-content\/uploads\/2022\/05\/Bilder_web_teasaer_hcp_clinicalefficacy_370x350px-300x284.jpg 300w\" data-sizes=\"(max-width: 370px) 100vw, 370px\" src=\"data:image\/svg+xml;base64,PHN2ZyB3aWR0aD0iMSIgaGVpZ2h0PSIxIiB4bWxucz0iaHR0cDovL3d3dy53My5vcmcvMjAwMC9zdmciPjwvc3ZnPg==\" style=\"--smush-placeholder-width: 370px; --smush-placeholder-aspect-ratio: 370\/350;\" \/><\/figure>\n\n\n\n<div class=\"wp-block-group is-layout-flow wp-block-group-is-layout-flow\">\n<h2 class=\"is-style-card-title-orange is-style-default wp-block-heading\">Klinische Wirksamkeit<\/h2>\n\n\n\n<p>Kurze Zusammenfassung der klinischen Wirksamkeit von <a href=\"https:\/\/www.everpharma.com\/products\/dacepton-dopaceptin-apominetm\/\" target=\"_blank\" rel=\"noreferrer noopener\">Apomorphin.<\/a><\/p>\n\n\n\n<div class=\"wp-block-buttons is-layout-flex wp-block-buttons-is-layout-flex\">\n<div class=\"wp-block-button is-style-underline\"><a class=\"wp-block-button__link\" href=\"\/de\/warum-dacepton\/#klinische-wirksamkeit\">Mehr Erfahren<\/a><\/div>\n<\/div>\n<\/div>\n<\/div>\n<\/div>\n\n\n\n<div class=\"wp-block-column is-style-default is-layout-flow wp-block-column-is-layout-flow\">\n<div class=\"wp-block-group is-style-card has-gray-base-color has-gray-light-background-color has-text-color has-background is-vertical is-layout-flex wp-container-core-group-is-layout-8cf370e7 wp-block-group-is-layout-flex\">\n<figure class=\"wp-block-image size-full is-style-card-image is-style-square\"><img decoding=\"async\" data-src=\"https:\/\/www.d-minecare.com\/wp-content\/uploads\/2022\/05\/Bildschirmfoto-2022-04-06-um-15.19.40.jpg\" alt=\"Ray Chaudhuri ist einer der f\u00fchrenden Fachkr\u00e4fte im Bereich Parkinson. \" class=\"wp-image-417 lazyload\" src=\"data:image\/svg+xml;base64,PHN2ZyB3aWR0aD0iMSIgaGVpZ2h0PSIxIiB4bWxucz0iaHR0cDovL3d3dy53My5vcmcvMjAwMC9zdmciPjwvc3ZnPg==\" style=\"--smush-placeholder-width: 370px; --smush-placeholder-aspect-ratio: 370\/353;\" \/><\/figure>\n\n\n\n<div class=\"wp-block-group is-layout-flow wp-block-group-is-layout-flow\">\n<h2 class=\"is-style-card-title-orange is-style-default wp-block-heading\">Experten Interviews<\/h2>\n\n\n\n<p>Prof. K. Ray Chaudhuri spricht \u00fcber die Wirksamkeit von Apomorphin im Hinblick auf nicht-motorischen Symptome.<\/p>\n\n\n\n<div class=\"wp-block-buttons is-layout-flex wp-block-buttons-is-layout-flex\">\n<div class=\"wp-block-button is-style-underline\"><a class=\"wp-block-button__link\" href=\"\/de\/warum-dacepton\/#experten-interviews\">Mehr Erfahren<\/a><\/div>\n<\/div>\n<\/div>\n<\/div>\n<\/div>\n\n\n\n<div class=\"wp-block-column is-style-default is-layout-flow wp-block-column-is-layout-flow\">\n<div class=\"wp-block-group is-style-card has-white-color has-brand-background-color has-text-color has-background is-vertical is-layout-flex wp-container-core-group-is-layout-8cf370e7 wp-block-group-is-layout-flex\">\n<figure class=\"wp-block-image size-full is-style-card-image is-style-square\"><img decoding=\"async\" data-src=\"https:\/\/www.d-minecare.com\/wp-content\/uploads\/2022\/05\/AdobeStock_196615039-1.jpg\" alt=\"Fachkr\u00e4fte beraten nach der Diagnose von Parkinson. \" class=\"wp-image-415 lazyload\" src=\"data:image\/svg+xml;base64,PHN2ZyB3aWR0aD0iMSIgaGVpZ2h0PSIxIiB4bWxucz0iaHR0cDovL3d3dy53My5vcmcvMjAwMC9zdmciPjwvc3ZnPg==\" style=\"--smush-placeholder-width: 370px; --smush-placeholder-aspect-ratio: 370\/353;\" \/><\/figure>\n\n\n\n<div class=\"wp-block-group is-layout-flow wp-block-group-is-layout-flow\">\n<h2 class=\"is-style-card-title-orange is-style-default wp-block-heading\">Diagnose von Parkinson<\/h2>\n\n\n\n<p>Je fr\u00fcher, desto besser.<\/p>\n\n\n\n<div class=\"wp-block-buttons is-layout-flex wp-block-buttons-is-layout-flex\">\n<div class=\"wp-block-button is-style-underline\"><a class=\"wp-block-button__link has-white-color has-text-color\" href=\"https:\/\/www.d-minecare.com\/de\/diagnose\/#diagnose\">Mehr Erfahren<\/a><\/div>\n<\/div>\n<\/div>\n<\/div>\n<\/div>\n<\/div>\n<\/div><\/div>\n","protected":false},"excerpt":{"rendered":"","protected":false},"author":1,"featured_media":0,"parent":0,"menu_order":18,"comment_status":"open","ping_status":"closed","template":"","meta":{"_acf_changed":false,"footnotes":""},"class_list":["post-2555","page","type-page","status-publish","hentry"],"acf":[],"yoast_head":"<!-- This site is optimized with the Yoast SEO plugin v27.4 - https:\/\/yoast.com\/product\/yoast-seo-wordpress\/ -->\n<title>Professional - D-mine\u00ae Care<\/title>\n<meta name=\"description\" content=\"Willkommen bei D-mine\u00ae Care f\u00fcr Fachkr\u00e4fte. Informieren Sie sich \u00fcber Morbus Parkinson und die drei Bestandteile unseres Konzeptes.\" \/>\n<meta name=\"robots\" content=\"index, follow, max-snippet:-1, max-image-preview:large, max-video-preview:-1\" \/>\n<link rel=\"canonical\" href=\"https:\/\/www.d-minecare.com\/de\/professional\/\" \/>\n<meta property=\"og:locale\" content=\"de_DE\" \/>\n<meta property=\"og:type\" content=\"article\" \/>\n<meta property=\"og:title\" content=\"Professional - D-mine\u00ae Care\" \/>\n<meta property=\"og:description\" content=\"Willkommen bei D-mine\u00ae Care f\u00fcr Fachkr\u00e4fte. Informieren Sie sich \u00fcber Morbus Parkinson und die drei Bestandteile unseres Konzeptes.\" \/>\n<meta property=\"og:url\" content=\"https:\/\/www.d-minecare.com\/de\/professional\/\" \/>\n<meta property=\"og:site_name\" content=\"D-mine\u00ae Care\" \/>\n<meta property=\"article:modified_time\" content=\"2022-11-15T15:34:40+00:00\" \/>\n<meta property=\"og:image\" content=\"https:\/\/www.d-minecare.com\/wp-content\/uploads\/2022\/05\/Bilder_web_header_hcp_aboutdacepton_1920x900px-1024x480.jpg\" \/>\n<meta name=\"twitter:card\" content=\"summary_large_image\" \/>\n<meta name=\"twitter:label1\" content=\"Gesch\u00e4tzte Lesezeit\" \/>\n\t<meta name=\"twitter:data1\" content=\"2\u00a0Minuten\" \/>\n<script type=\"application\/ld+json\" class=\"yoast-schema-graph\">{\"@context\":\"https:\\\/\\\/schema.org\",\"@graph\":[{\"@type\":\"WebPage\",\"@id\":\"https:\\\/\\\/www.d-minecare.com\\\/de\\\/professional\\\/\",\"url\":\"https:\\\/\\\/www.d-minecare.com\\\/de\\\/professional\\\/\",\"name\":\"Professional - D-mine\u00ae Care\",\"isPartOf\":{\"@id\":\"https:\\\/\\\/www.d-minecare.com\\\/#website\"},\"primaryImageOfPage\":{\"@id\":\"https:\\\/\\\/www.d-minecare.com\\\/de\\\/professional\\\/#primaryimage\"},\"image\":{\"@id\":\"https:\\\/\\\/www.d-minecare.com\\\/de\\\/professional\\\/#primaryimage\"},\"thumbnailUrl\":\"https:\\\/\\\/www.d-minecare.com\\\/wp-content\\\/uploads\\\/2022\\\/05\\\/Bilder_web_header_hcp_aboutdacepton_1920x900px-1024x480.jpg\",\"datePublished\":\"2022-04-18T11:04:42+00:00\",\"dateModified\":\"2022-11-15T15:34:40+00:00\",\"description\":\"Willkommen bei D-mine\u00ae Care f\u00fcr Fachkr\u00e4fte. Informieren Sie sich \u00fcber Morbus Parkinson und die drei Bestandteile unseres Konzeptes.\",\"breadcrumb\":{\"@id\":\"https:\\\/\\\/www.d-minecare.com\\\/de\\\/professional\\\/#breadcrumb\"},\"inLanguage\":\"de\",\"potentialAction\":[{\"@type\":\"ReadAction\",\"target\":[\"https:\\\/\\\/www.d-minecare.com\\\/de\\\/professional\\\/\"]}]},{\"@type\":\"ImageObject\",\"inLanguage\":\"de\",\"@id\":\"https:\\\/\\\/www.d-minecare.com\\\/de\\\/professional\\\/#primaryimage\",\"url\":\"https:\\\/\\\/www.d-minecare.com\\\/wp-content\\\/uploads\\\/2022\\\/05\\\/Bilder_web_header_hcp_aboutdacepton_1920x900px-1024x480.jpg\",\"contentUrl\":\"https:\\\/\\\/www.d-minecare.com\\\/wp-content\\\/uploads\\\/2022\\\/05\\\/Bilder_web_header_hcp_aboutdacepton_1920x900px-1024x480.jpg\"},{\"@type\":\"BreadcrumbList\",\"@id\":\"https:\\\/\\\/www.d-minecare.com\\\/de\\\/professional\\\/#breadcrumb\",\"itemListElement\":[{\"@type\":\"ListItem\",\"position\":1,\"name\":\"Home\",\"item\":\"https:\\\/\\\/www.d-minecare.com\\\/de\\\/\"},{\"@type\":\"ListItem\",\"position\":2,\"name\":\"Professional\"}]},{\"@type\":\"WebSite\",\"@id\":\"https:\\\/\\\/www.d-minecare.com\\\/#website\",\"url\":\"https:\\\/\\\/www.d-minecare.com\\\/\",\"name\":\"D-mine\u00ae Care\",\"description\":\"Das Therapiekonzept f\u00fcr Menschen mit Morbus Parkinson.\",\"potentialAction\":[{\"@type\":\"SearchAction\",\"target\":{\"@type\":\"EntryPoint\",\"urlTemplate\":\"https:\\\/\\\/www.d-minecare.com\\\/?s={search_term_string}\"},\"query-input\":{\"@type\":\"PropertyValueSpecification\",\"valueRequired\":true,\"valueName\":\"search_term_string\"}}],\"inLanguage\":\"de\"}]}<\/script>\n<!-- \/ Yoast SEO plugin. -->","yoast_head_json":{"title":"Professional - D-mine\u00ae Care","description":"Willkommen bei D-mine\u00ae Care f\u00fcr Fachkr\u00e4fte. Informieren Sie sich \u00fcber Morbus Parkinson und die drei Bestandteile unseres Konzeptes.","robots":{"index":"index","follow":"follow","max-snippet":"max-snippet:-1","max-image-preview":"max-image-preview:large","max-video-preview":"max-video-preview:-1"},"canonical":"https:\/\/www.d-minecare.com\/de\/professional\/","og_locale":"de_DE","og_type":"article","og_title":"Professional - D-mine\u00ae Care","og_description":"Willkommen bei D-mine\u00ae Care f\u00fcr Fachkr\u00e4fte. Informieren Sie sich \u00fcber Morbus Parkinson und die drei Bestandteile unseres Konzeptes.","og_url":"https:\/\/www.d-minecare.com\/de\/professional\/","og_site_name":"D-mine\u00ae Care","article_modified_time":"2022-11-15T15:34:40+00:00","og_image":[{"url":"https:\/\/www.d-minecare.com\/wp-content\/uploads\/2022\/05\/Bilder_web_header_hcp_aboutdacepton_1920x900px-1024x480.jpg","type":"","width":"","height":""}],"twitter_card":"summary_large_image","twitter_misc":{"Gesch\u00e4tzte Lesezeit":"2\u00a0Minuten"},"schema":{"@context":"https:\/\/schema.org","@graph":[{"@type":"WebPage","@id":"https:\/\/www.d-minecare.com\/de\/professional\/","url":"https:\/\/www.d-minecare.com\/de\/professional\/","name":"Professional - D-mine\u00ae Care","isPartOf":{"@id":"https:\/\/www.d-minecare.com\/#website"},"primaryImageOfPage":{"@id":"https:\/\/www.d-minecare.com\/de\/professional\/#primaryimage"},"image":{"@id":"https:\/\/www.d-minecare.com\/de\/professional\/#primaryimage"},"thumbnailUrl":"https:\/\/www.d-minecare.com\/wp-content\/uploads\/2022\/05\/Bilder_web_header_hcp_aboutdacepton_1920x900px-1024x480.jpg","datePublished":"2022-04-18T11:04:42+00:00","dateModified":"2022-11-15T15:34:40+00:00","description":"Willkommen bei D-mine\u00ae Care f\u00fcr Fachkr\u00e4fte. Informieren Sie sich \u00fcber Morbus Parkinson und die drei Bestandteile unseres Konzeptes.","breadcrumb":{"@id":"https:\/\/www.d-minecare.com\/de\/professional\/#breadcrumb"},"inLanguage":"de","potentialAction":[{"@type":"ReadAction","target":["https:\/\/www.d-minecare.com\/de\/professional\/"]}]},{"@type":"ImageObject","inLanguage":"de","@id":"https:\/\/www.d-minecare.com\/de\/professional\/#primaryimage","url":"https:\/\/www.d-minecare.com\/wp-content\/uploads\/2022\/05\/Bilder_web_header_hcp_aboutdacepton_1920x900px-1024x480.jpg","contentUrl":"https:\/\/www.d-minecare.com\/wp-content\/uploads\/2022\/05\/Bilder_web_header_hcp_aboutdacepton_1920x900px-1024x480.jpg"},{"@type":"BreadcrumbList","@id":"https:\/\/www.d-minecare.com\/de\/professional\/#breadcrumb","itemListElement":[{"@type":"ListItem","position":1,"name":"Home","item":"https:\/\/www.d-minecare.com\/de\/"},{"@type":"ListItem","position":2,"name":"Professional"}]},{"@type":"WebSite","@id":"https:\/\/www.d-minecare.com\/#website","url":"https:\/\/www.d-minecare.com\/","name":"D-mine\u00ae Care","description":"Das Therapiekonzept f\u00fcr Menschen mit Morbus Parkinson.","potentialAction":[{"@type":"SearchAction","target":{"@type":"EntryPoint","urlTemplate":"https:\/\/www.d-minecare.com\/?s={search_term_string}"},"query-input":{"@type":"PropertyValueSpecification","valueRequired":true,"valueName":"search_term_string"}}],"inLanguage":"de"}]}},"_links":{"self":[{"href":"https:\/\/www.d-minecare.com\/de\/wp-json\/wp\/v2\/pages\/2555","targetHints":{"allow":["GET"]}}],"collection":[{"href":"https:\/\/www.d-minecare.com\/de\/wp-json\/wp\/v2\/pages"}],"about":[{"href":"https:\/\/www.d-minecare.com\/de\/wp-json\/wp\/v2\/types\/page"}],"author":[{"embeddable":true,"href":"https:\/\/www.d-minecare.com\/de\/wp-json\/wp\/v2\/users\/1"}],"replies":[{"embeddable":true,"href":"https:\/\/www.d-minecare.com\/de\/wp-json\/wp\/v2\/comments?post=2555"}],"version-history":[{"count":19,"href":"https:\/\/www.d-minecare.com\/de\/wp-json\/wp\/v2\/pages\/2555\/revisions"}],"predecessor-version":[{"id":3965,"href":"https:\/\/www.d-minecare.com\/de\/wp-json\/wp\/v2\/pages\/2555\/revisions\/3965"}],"wp:attachment":[{"href":"https:\/\/www.d-minecare.com\/de\/wp-json\/wp\/v2\/media?parent=2555"}],"curies":[{"name":"wp","href":"https:\/\/api.w.org\/{rel}","templated":true}]}}