{"id":3022,"date":"2022-06-14T09:43:08","date_gmt":"2022-06-14T09:43:08","guid":{"rendered":"https:\/\/www.d-minecare.com\/adverse-events\/"},"modified":"2022-09-05T06:36:52","modified_gmt":"2022-09-05T06:36:52","slug":"adverse-events","status":"publish","type":"page","link":"https:\/\/www.d-minecare.com\/de\/adverse-events\/","title":{"rendered":"Nebenwirkungen"},"content":{"rendered":"\n<div class=\"wp-block-theme-section alignfull py-8 px-7 lg:p-16\"><div class=\"wp-block-theme-section__content\">\n<h2 class=\"is-style-main-title wp-block-heading\">Meldungen von Nebenwirkungen<\/h2>\n\n\n\n<h2 class=\"is-style-section-title has-gray-base-color has-text-color wp-block-heading\">Dr. Barbara K\u00f6th<\/h2>\n\n\n\n<p>Verantwortliche Person f\u00fcr Arzneimittelsicherheit<br><a href=\"mailto:dr********@********ma.com\" data-original-string=\"tSNQ8GEfwXTdmMOo1Dph9A==cfb33K6ahvCQ7APnL1N7NZE7IaZkxajtr3sNbV\/V9oiDmk=\" title=\"Dieser Kontakt wurde von Anti-Spam by CleanTalk verschl\u00fcsselt. Klicken Sie hier, um ihn zu entschl\u00fcsseln. Um die Entschl\u00fcsselung abzuschlie\u00dfen, stellen Sie sicher, dass JavaScript in Ihrem Browser aktiviert ist.\"><span \n                data-original-string='fJznVNwbpFwayY57yEyBZQ==cfbWaUsgAcmhseIN9y3FAx8K\/PyetkiTu7qDu1\/Fq5cOiY='\n                class='apbct-email-encoder'\n                title='Dieser Kontakt wurde von Anti-Spam by CleanTalk verschl\u00fcsselt. Klicken Sie hier, um ihn zu entschl\u00fcsseln. Um die Entschl\u00fcsselung abzuschlie\u00dfen, stellen Sie sicher, dass JavaScript in Ihrem Browser aktiviert ist.'>dr<span class=\"apbct-blur\">********<\/span>@<span class=\"apbct-blur\">********<\/span>ma.com<\/span><\/a><\/p>\n\n\n\n<p><a href=\"https:\/\/www.everpharma.com\/\" target=\"_blank\" rel=\"noreferrer noopener\">Ever Neuro Pharma<\/a><br>Oberburgau 3<br>4866 Unterach<br>Austria<\/p>\n<\/div><\/div>\n\n\n\n<p>Bei Notf\u00e4llen zu erreichen unter: +43 7665 20 555 &#8211; 0<\/p>\n","protected":false},"excerpt":{"rendered":"<p>Bei Notf\u00e4llen zu erreichen unter: +43 7665 20 555 &#8211; 0<\/p>\n","protected":false},"author":3,"featured_media":0,"parent":0,"menu_order":0,"comment_status":"closed","ping_status":"closed","template":"","meta":{"_acf_changed":false,"footnotes":""},"class_list":["post-3022","page","type-page","status-publish","hentry"],"acf":[],"yoast_head":"<!-- This site is optimized with the Yoast SEO plugin v27.4 - https:\/\/yoast.com\/product\/yoast-seo-wordpress\/ -->\n<title>Nebenwirkungen - D-mine\u00ae Care<\/title>\n<meta name=\"description\" content=\"Hier finden Sie die Kontaktdetails zur verantwortlichen Person f\u00fcr Arzneimittelsicherheit. Melden Sie Nebenwirkungen an diese Stelle.\" \/>\n<meta name=\"robots\" content=\"index, follow, max-snippet:-1, max-image-preview:large, max-video-preview:-1\" \/>\n<link rel=\"canonical\" href=\"https:\/\/www.d-minecare.com\/de\/adverse-events\/\" \/>\n<meta property=\"og:locale\" content=\"de_DE\" \/>\n<meta property=\"og:type\" content=\"article\" \/>\n<meta property=\"og:title\" content=\"Nebenwirkungen - D-mine\u00ae Care\" \/>\n<meta property=\"og:description\" content=\"Hier finden Sie die Kontaktdetails zur verantwortlichen Person f\u00fcr Arzneimittelsicherheit. Melden Sie Nebenwirkungen an diese Stelle.\" \/>\n<meta property=\"og:url\" content=\"https:\/\/www.d-minecare.com\/de\/adverse-events\/\" \/>\n<meta property=\"og:site_name\" content=\"D-mine\u00ae Care\" \/>\n<meta property=\"article:modified_time\" content=\"2022-09-05T06:36:52+00:00\" \/>\n<meta name=\"twitter:card\" content=\"summary_large_image\" \/>\n<meta name=\"twitter:label1\" content=\"Gesch\u00e4tzte Lesezeit\" \/>\n\t<meta name=\"twitter:data1\" content=\"1\u00a0Minute\" \/>\n<script type=\"application\/ld+json\" class=\"yoast-schema-graph\">{\"@context\":\"https:\\\/\\\/schema.org\",\"@graph\":[{\"@type\":\"WebPage\",\"@id\":\"https:\\\/\\\/www.d-minecare.com\\\/de\\\/adverse-events\\\/\",\"url\":\"https:\\\/\\\/www.d-minecare.com\\\/de\\\/adverse-events\\\/\",\"name\":\"Nebenwirkungen - D-mine\u00ae Care\",\"isPartOf\":{\"@id\":\"https:\\\/\\\/www.d-minecare.com\\\/#website\"},\"datePublished\":\"2022-06-14T09:43:08+00:00\",\"dateModified\":\"2022-09-05T06:36:52+00:00\",\"description\":\"Hier finden Sie die Kontaktdetails zur verantwortlichen Person f\u00fcr Arzneimittelsicherheit. Melden Sie Nebenwirkungen an diese Stelle.\",\"breadcrumb\":{\"@id\":\"https:\\\/\\\/www.d-minecare.com\\\/de\\\/adverse-events\\\/#breadcrumb\"},\"inLanguage\":\"de\",\"potentialAction\":[{\"@type\":\"ReadAction\",\"target\":[\"https:\\\/\\\/www.d-minecare.com\\\/de\\\/adverse-events\\\/\"]}]},{\"@type\":\"BreadcrumbList\",\"@id\":\"https:\\\/\\\/www.d-minecare.com\\\/de\\\/adverse-events\\\/#breadcrumb\",\"itemListElement\":[{\"@type\":\"ListItem\",\"position\":1,\"name\":\"Home\",\"item\":\"https:\\\/\\\/www.d-minecare.com\\\/de\\\/\"},{\"@type\":\"ListItem\",\"position\":2,\"name\":\"Nebenwirkungen\"}]},{\"@type\":\"WebSite\",\"@id\":\"https:\\\/\\\/www.d-minecare.com\\\/#website\",\"url\":\"https:\\\/\\\/www.d-minecare.com\\\/\",\"name\":\"D-mine\u00ae Care\",\"description\":\"Das Therapiekonzept f\u00fcr Menschen mit Morbus Parkinson.\",\"potentialAction\":[{\"@type\":\"SearchAction\",\"target\":{\"@type\":\"EntryPoint\",\"urlTemplate\":\"https:\\\/\\\/www.d-minecare.com\\\/?s={search_term_string}\"},\"query-input\":{\"@type\":\"PropertyValueSpecification\",\"valueRequired\":true,\"valueName\":\"search_term_string\"}}],\"inLanguage\":\"de\"}]}<\/script>\n<!-- \/ Yoast SEO plugin. -->","yoast_head_json":{"title":"Nebenwirkungen - D-mine\u00ae Care","description":"Hier finden Sie die Kontaktdetails zur verantwortlichen Person f\u00fcr Arzneimittelsicherheit. Melden Sie Nebenwirkungen an diese Stelle.","robots":{"index":"index","follow":"follow","max-snippet":"max-snippet:-1","max-image-preview":"max-image-preview:large","max-video-preview":"max-video-preview:-1"},"canonical":"https:\/\/www.d-minecare.com\/de\/adverse-events\/","og_locale":"de_DE","og_type":"article","og_title":"Nebenwirkungen - D-mine\u00ae Care","og_description":"Hier finden Sie die Kontaktdetails zur verantwortlichen Person f\u00fcr Arzneimittelsicherheit. Melden Sie Nebenwirkungen an diese Stelle.","og_url":"https:\/\/www.d-minecare.com\/de\/adverse-events\/","og_site_name":"D-mine\u00ae Care","article_modified_time":"2022-09-05T06:36:52+00:00","twitter_card":"summary_large_image","twitter_misc":{"Gesch\u00e4tzte Lesezeit":"1\u00a0Minute"},"schema":{"@context":"https:\/\/schema.org","@graph":[{"@type":"WebPage","@id":"https:\/\/www.d-minecare.com\/de\/adverse-events\/","url":"https:\/\/www.d-minecare.com\/de\/adverse-events\/","name":"Nebenwirkungen - D-mine\u00ae Care","isPartOf":{"@id":"https:\/\/www.d-minecare.com\/#website"},"datePublished":"2022-06-14T09:43:08+00:00","dateModified":"2022-09-05T06:36:52+00:00","description":"Hier finden Sie die Kontaktdetails zur verantwortlichen Person f\u00fcr Arzneimittelsicherheit. Melden Sie Nebenwirkungen an diese Stelle.","breadcrumb":{"@id":"https:\/\/www.d-minecare.com\/de\/adverse-events\/#breadcrumb"},"inLanguage":"de","potentialAction":[{"@type":"ReadAction","target":["https:\/\/www.d-minecare.com\/de\/adverse-events\/"]}]},{"@type":"BreadcrumbList","@id":"https:\/\/www.d-minecare.com\/de\/adverse-events\/#breadcrumb","itemListElement":[{"@type":"ListItem","position":1,"name":"Home","item":"https:\/\/www.d-minecare.com\/de\/"},{"@type":"ListItem","position":2,"name":"Nebenwirkungen"}]},{"@type":"WebSite","@id":"https:\/\/www.d-minecare.com\/#website","url":"https:\/\/www.d-minecare.com\/","name":"D-mine\u00ae Care","description":"Das Therapiekonzept f\u00fcr Menschen mit Morbus Parkinson.","potentialAction":[{"@type":"SearchAction","target":{"@type":"EntryPoint","urlTemplate":"https:\/\/www.d-minecare.com\/?s={search_term_string}"},"query-input":{"@type":"PropertyValueSpecification","valueRequired":true,"valueName":"search_term_string"}}],"inLanguage":"de"}]}},"_links":{"self":[{"href":"https:\/\/www.d-minecare.com\/de\/wp-json\/wp\/v2\/pages\/3022","targetHints":{"allow":["GET"]}}],"collection":[{"href":"https:\/\/www.d-minecare.com\/de\/wp-json\/wp\/v2\/pages"}],"about":[{"href":"https:\/\/www.d-minecare.com\/de\/wp-json\/wp\/v2\/types\/page"}],"author":[{"embeddable":true,"href":"https:\/\/www.d-minecare.com\/de\/wp-json\/wp\/v2\/users\/3"}],"replies":[{"embeddable":true,"href":"https:\/\/www.d-minecare.com\/de\/wp-json\/wp\/v2\/comments?post=3022"}],"version-history":[{"count":10,"href":"https:\/\/www.d-minecare.com\/de\/wp-json\/wp\/v2\/pages\/3022\/revisions"}],"predecessor-version":[{"id":3785,"href":"https:\/\/www.d-minecare.com\/de\/wp-json\/wp\/v2\/pages\/3022\/revisions\/3785"}],"wp:attachment":[{"href":"https:\/\/www.d-minecare.com\/de\/wp-json\/wp\/v2\/media?parent=3022"}],"curies":[{"name":"wp","href":"https:\/\/api.w.org\/{rel}","templated":true}]}}