{"id":19,"date":"2022-02-08T11:18:59","date_gmt":"2022-02-08T10:18:59","guid":{"rendered":"https:\/\/www.d-minecare.com\/fra\/d-mine-care\/"},"modified":"2023-10-12T14:43:44","modified_gmt":"2023-10-12T13:43:44","slug":"d-mine-care","status":"publish","type":"page","link":"https:\/\/www.d-minecare.com\/fra\/","title":{"rendered":"Page d&#8217;accueil avec login DocCheck"},"content":{"rendered":"\n<div class=\"wp-block-theme-cover alignfull is-full-wide-cover\"><div class=\"wp-block-theme-cover__background right-0 top-0 lazyload\" style=\"background-image:inherit;background-position:74% 33%\" data-bg-image=\"url(http:\/\/www.d-minecare.com\/fra\/wp-content\/uploads\/sites\/3\/2023\/02\/Bilder_web_1-1024x480.jpg)\"><img decoding=\"async\" width=\"1024\" height=\"480\" class=\"wp-image-179 lazyload\" data-src=\"http:\/\/www.d-minecare.com\/fra\/wp-content\/uploads\/sites\/3\/2023\/02\/Bilder_web_1-1024x480.jpg\" style=\"--smush-placeholder-width: 1024px; --smush-placeholder-aspect-ratio: 1024\/480;object-position:74% 33%\" data-srcset=\"https:\/\/www.d-minecare.com\/fra\/wp-content\/uploads\/sites\/3\/2023\/02\/Bilder_web_1-1024x480.jpg 1024w, https:\/\/www.d-minecare.com\/fra\/wp-content\/uploads\/sites\/3\/2023\/02\/Bilder_web_1-300x141.jpg 300w, https:\/\/www.d-minecare.com\/fra\/wp-content\/uploads\/sites\/3\/2023\/02\/Bilder_web_1-768x360.jpg 768w, https:\/\/www.d-minecare.com\/fra\/wp-content\/uploads\/sites\/3\/2023\/02\/Bilder_web_1-1536x720.jpg 1536w, https:\/\/www.d-minecare.com\/fra\/wp-content\/uploads\/sites\/3\/2023\/02\/Bilder_web_1.jpg 1920w\" data-sizes=\"(max-width: 1024px) 100vw, 1024px\" src=\"data:image\/svg+xml;base64,PHN2ZyB3aWR0aD0iMSIgaGVpZ2h0PSIxIiB4bWxucz0iaHR0cDovL3d3dy53My5vcmcvMjAwMC9zdmciPjwvc3ZnPg==\" \/><\/div><div class=\"wp-block-theme-cover__container justify-start items-end\"><div class=\"wp-block-theme-cover__content has-brand-background-color has-white-color\">\n<h3 class=\"wp-block-heading is-style-section-title has-white-color has-text-color has-lg-font-size\">Gamme <span class=\"whitespace-nowrap\">D-<em>mine<\/em><sup>\u00ae<\/sup><\/span> <\/h3>\n\n\n\n<p class=\"has-white-color has-text-color\">La gamme <span class=\"whitespace-nowrap\">D-<em>mine<\/em><sup>\u00ae<\/sup><\/span> a \u00e9t\u00e9 sp\u00e9cialement con\u00e7ue pour les patients atteints de la maladie de Parkinson au stade avanc\u00e9.<\/p>\n\n\n\n<div class=\"wp-block-buttons is-layout-flex wp-block-buttons-is-layout-flex\">\n<div class=\"wp-block-button is-style-underline\"><a class=\"wp-block-button__link has-white-color has-text-color wp-element-button\" href=\"https:\/\/www.d-minecare.com\/fra\/gamme-d-mine\/\">EN SAVOIR PLUS<\/a><\/div>\n<\/div>\n<\/div><\/div><\/div>\n\n\n\n<div style=\"height:60px\" aria-hidden=\"true\" class=\"wp-block-spacer\"><\/div>\n\n\n\n<div class=\"wp-block-theme-section alignfull\"><div class=\"wp-block-theme-section__content\">\n<h2 class=\"wp-block-heading is-style-main-title\">Notre pr\u00e9sence \u00e0 l&#8217;international<\/h2>\n<\/div><\/div>\n\n\n\n<figure class=\"wp-block-image size-large is-style-full-image alignfull\"><img decoding=\"async\" data-src=\"https:\/\/www.d-minecare.com\/wp-content\/uploads\/2022\/07\/d-mine-care-global-map.svg\" alt=\"\" class=\"wp-image-3481 lazyload\" src=\"data:image\/svg+xml;base64,PHN2ZyB3aWR0aD0iMSIgaGVpZ2h0PSIxIiB4bWxucz0iaHR0cDovL3d3dy53My5vcmcvMjAwMC9zdmciPjwvc3ZnPg==\" \/><\/figure>\n\n\n\n<div style=\"height:3rem\" aria-hidden=\"true\" class=\"wp-block-spacer\"><\/div>\n\n\n\n<div style=\"height:3rem\" aria-hidden=\"true\" class=\"wp-block-spacer\"><\/div>\n\n\n\n<div class=\"wp-block-theme-section alignfull has-gray-light-background-color has-background has-gray-light-background-color has-background\"><div class=\"wp-block-theme-section__content\">\n<div class=\"wp-block-columns is-style-columns-three is-layout-flex wp-container-core-columns-is-layout-e95a7ca1 wp-block-columns-is-layout-flex\" style=\"padding-top:2rem;padding-bottom:2rem\">\n<div class=\"wp-block-column is-style-default is-layout-flow wp-block-column-is-layout-flow\">\n<div class=\"wp-block-group is-style-card has-gray-base-color has-gray-light-background-color has-text-color has-background is-vertical is-layout-flex wp-container-core-group-is-layout-8cf370e7 wp-block-group-is-layout-flex\">\n<figure class=\"wp-block-image size-full is-resized is-style-card-image is-style-square\"><img decoding=\"async\" data-src=\"http:\/\/www.d-minecare.com\/fra\/wp-content\/uploads\/sites\/3\/2023\/02\/Bilder_web_17.jpg\" alt=\"\" class=\"wp-image-195 lazyload\" style=\"--smush-placeholder-width: 570px; --smush-placeholder-aspect-ratio: 570\/338;width:570px;height:338px\" width=\"570\" height=\"338\" data-srcset=\"https:\/\/www.d-minecare.com\/fra\/wp-content\/uploads\/sites\/3\/2023\/02\/Bilder_web_17.jpg 570w, https:\/\/www.d-minecare.com\/fra\/wp-content\/uploads\/sites\/3\/2023\/02\/Bilder_web_17-300x178.jpg 300w\" data-sizes=\"(max-width: 570px) 100vw, 570px\" src=\"data:image\/svg+xml;base64,PHN2ZyB3aWR0aD0iMSIgaGVpZ2h0PSIxIiB4bWxucz0iaHR0cDovL3d3dy53My5vcmcvMjAwMC9zdmciPjwvc3ZnPg==\" \/><\/figure>\n\n\n\n<div class=\"wp-block-group is-layout-flow wp-block-group-is-layout-flow\">\n<h2 class=\"wp-block-heading is-style-card-title-orange has-brand-color has-text-color has-mds-font-size\">Au sujet de la maladie de Parkinson<\/h2>\n\n\n\n<p><\/p>\n\n\n\n<div class=\"wp-block-buttons is-layout-flex wp-block-buttons-is-layout-flex\">\n<div class=\"wp-block-button is-style-underline\"><a class=\"wp-block-button__link has-brand-color has-text-color wp-element-button\" href=\"https:\/\/www.d-minecare.com\/fra\/maladie-de-parkinson-gp\/\">EN SAVOIR PLUS<\/a><\/div>\n<\/div>\n<\/div>\n<\/div>\n<\/div>\n\n\n\n<div class=\"wp-block-column is-style-default is-layout-flow wp-block-column-is-layout-flow\">\n<div class=\"wp-block-group is-style-card has-gray-base-color has-gray-light-background-color has-text-color has-background is-vertical is-layout-flex wp-container-core-group-is-layout-8cf370e7 wp-block-group-is-layout-flex\">\n<figure class=\"wp-block-image size-large is-style-card-image is-style-square\"><img decoding=\"async\" width=\"1024\" height=\"576\" data-src=\"https:\/\/www.d-minecare.com\/fra\/wp-content\/uploads\/sites\/3\/2023\/04\/pompe-et-stylo-sans-DOP-1024x576.jpg\" alt=\"\" class=\"wp-image-2686 lazyload\" data-srcset=\"https:\/\/www.d-minecare.com\/fra\/wp-content\/uploads\/sites\/3\/2023\/04\/pompe-et-stylo-sans-DOP-1024x576.jpg 1024w, https:\/\/www.d-minecare.com\/fra\/wp-content\/uploads\/sites\/3\/2023\/04\/pompe-et-stylo-sans-DOP-300x169.jpg 300w, https:\/\/www.d-minecare.com\/fra\/wp-content\/uploads\/sites\/3\/2023\/04\/pompe-et-stylo-sans-DOP-768x432.jpg 768w, https:\/\/www.d-minecare.com\/fra\/wp-content\/uploads\/sites\/3\/2023\/04\/pompe-et-stylo-sans-DOP-1536x864.jpg 1536w, https:\/\/www.d-minecare.com\/fra\/wp-content\/uploads\/sites\/3\/2023\/04\/pompe-et-stylo-sans-DOP-2048x1152.jpg 2048w\" data-sizes=\"(max-width: 1024px) 100vw, 1024px\" src=\"data:image\/svg+xml;base64,PHN2ZyB3aWR0aD0iMSIgaGVpZ2h0PSIxIiB4bWxucz0iaHR0cDovL3d3dy53My5vcmcvMjAwMC9zdmciPjwvc3ZnPg==\" style=\"--smush-placeholder-width: 1024px; --smush-placeholder-aspect-ratio: 1024\/576;\" \/><\/figure>\n\n\n\n<div class=\"wp-block-group is-layout-flow wp-block-group-is-layout-flow\">\n<h2 class=\"wp-block-heading is-style-card-title-orange has-brand-color has-text-color has-mds-font-size\">Gamme <span class=\"whitespace-nowrap\">D-<em>mine<\/em><sup>\u00ae<\/sup><\/span><\/h2>\n\n\n\n<p><\/p>\n\n\n\n<div class=\"wp-block-buttons is-layout-flex wp-block-buttons-is-layout-flex\">\n<div class=\"wp-block-button is-style-underline\"><a class=\"wp-block-button__link has-brand-color has-text-color wp-element-button\" href=\"https:\/\/www.d-minecare.com\/fra\/gamme-d-mine\/\">EN SAVOIR PLUS<\/a><\/div>\n<\/div>\n<\/div>\n<\/div>\n<\/div>\n\n\n\n<div class=\"wp-block-column is-style-default is-layout-flow wp-block-column-is-layout-flow\">\n<div class=\"wp-block-group is-style-card has-gray-base-color has-gray-light-background-color has-text-color has-background is-vertical is-layout-flex wp-container-core-group-is-layout-8cf370e7 wp-block-group-is-layout-flex\">\n<figure class=\"wp-block-image size-full is-style-card-image is-style-square\"><img decoding=\"async\" width=\"570\" height=\"338\" data-src=\"http:\/\/www.d-minecare.com\/fra\/wp-content\/uploads\/sites\/3\/2023\/02\/Bilder_web_11.jpg\" alt=\"\" class=\"wp-image-189 lazyload\" data-srcset=\"https:\/\/www.d-minecare.com\/fra\/wp-content\/uploads\/sites\/3\/2023\/02\/Bilder_web_11.jpg 570w, https:\/\/www.d-minecare.com\/fra\/wp-content\/uploads\/sites\/3\/2023\/02\/Bilder_web_11-300x178.jpg 300w\" data-sizes=\"(max-width: 570px) 100vw, 570px\" src=\"data:image\/svg+xml;base64,PHN2ZyB3aWR0aD0iMSIgaGVpZ2h0PSIxIiB4bWxucz0iaHR0cDovL3d3dy53My5vcmcvMjAwMC9zdmciPjwvc3ZnPg==\" style=\"--smush-placeholder-width: 570px; --smush-placeholder-aspect-ratio: 570\/338;\" \/><\/figure>\n\n\n\n<div class=\"wp-block-group is-layout-flow wp-block-group-is-layout-flow\">\n<h2 class=\"wp-block-heading is-style-card-title-orange has-brand-color has-text-color has-mds-font-size\">Soutenir les patients parkinsoniens <\/h2>\n\n\n\n<p><\/p>\n\n\n\n<div class=\"wp-block-buttons is-layout-flex wp-block-buttons-is-layout-flex\">\n<div class=\"wp-block-button is-style-underline\"><a class=\"wp-block-button__link has-brand-color has-text-color wp-element-button\" href=\"https:\/\/www.d-minecare.com\/fra\/soutenir-les-patients-parkinsoniens\/\">EN SAVOIR PLUS<\/a><\/div>\n<\/div>\n<\/div>\n<\/div>\n<\/div>\n<\/div>\n<\/div><\/div>\n","protected":false},"excerpt":{"rendered":"","protected":false},"author":13,"featured_media":0,"parent":0,"menu_order":1,"comment_status":"closed","ping_status":"closed","template":"","meta":{"_acf_changed":false,"footnotes":""},"class_list":["post-19","page","type-page","status-publish","hentry"],"acf":[],"yoast_head":"<!-- This site is optimized with the Yoast SEO plugin v27.4 - https:\/\/yoast.com\/product\/yoast-seo-wordpress\/ -->\n<title>Page d&#039;accueil - gamme D-mine\u00ae - EVER Pharma<\/title>\n<meta name=\"description\" content=\"Bienvenue sur D-mine\u00ae Care, site d\u00e9di\u00e9 aux personnes atteintes de la maladie de Parkinson au stade avanc\u00e9 et aux professionnels de sant\u00e9.\" \/>\n<meta name=\"robots\" content=\"index, follow, max-snippet:-1, max-image-preview:large, max-video-preview:-1\" \/>\n<link rel=\"canonical\" href=\"https:\/\/www.d-minecare.com\/fra\/\" \/>\n<meta property=\"og:locale\" content=\"fr_FR\" \/>\n<meta property=\"og:type\" content=\"article\" \/>\n<meta property=\"og:title\" content=\"Page d&#039;accueil - gamme D-mine\u00ae - EVER Pharma\" \/>\n<meta property=\"og:description\" content=\"Bienvenue sur D-mine\u00ae Care, site d\u00e9di\u00e9 aux personnes atteintes de la maladie de Parkinson au stade avanc\u00e9 et aux professionnels de sant\u00e9.\" \/>\n<meta property=\"og:url\" content=\"https:\/\/www.d-minecare.com\/fra\/\" \/>\n<meta property=\"og:site_name\" content=\"D-Mine\u00ae Care France\" \/>\n<meta property=\"article:modified_time\" content=\"2023-10-12T13:43:44+00:00\" \/>\n<meta property=\"og:image\" content=\"http:\/\/www.d-minecare.com\/fra\/wp-content\/uploads\/sites\/3\/2023\/02\/Bilder_web_1-1024x480.jpg\" \/>\n<meta name=\"twitter:card\" content=\"summary_large_image\" \/>\n<meta name=\"twitter:label1\" content=\"Dur\u00e9e de lecture estim\u00e9e\" \/>\n\t<meta name=\"twitter:data1\" content=\"3 minutes\" \/>\n<script type=\"application\/ld+json\" class=\"yoast-schema-graph\">{\"@context\":\"https:\\\/\\\/schema.org\",\"@graph\":[{\"@type\":\"WebPage\",\"@id\":\"https:\\\/\\\/www.d-minecare.com\\\/fra\\\/\",\"url\":\"https:\\\/\\\/www.d-minecare.com\\\/fra\\\/\",\"name\":\"Page d'accueil - gamme D-mine\u00ae - EVER Pharma\",\"isPartOf\":{\"@id\":\"https:\\\/\\\/www.d-minecare.com\\\/fra\\\/#website\"},\"primaryImageOfPage\":{\"@id\":\"https:\\\/\\\/www.d-minecare.com\\\/fra\\\/#primaryimage\"},\"image\":{\"@id\":\"https:\\\/\\\/www.d-minecare.com\\\/fra\\\/#primaryimage\"},\"thumbnailUrl\":\"http:\\\/\\\/www.d-minecare.com\\\/fra\\\/wp-content\\\/uploads\\\/sites\\\/3\\\/2023\\\/02\\\/Bilder_web_1-1024x480.jpg\",\"datePublished\":\"2022-02-08T10:18:59+00:00\",\"dateModified\":\"2023-10-12T13:43:44+00:00\",\"description\":\"Bienvenue sur D-mine\u00ae Care, site d\u00e9di\u00e9 aux personnes atteintes de la maladie de Parkinson au stade avanc\u00e9 et aux professionnels de sant\u00e9.\",\"breadcrumb\":{\"@id\":\"https:\\\/\\\/www.d-minecare.com\\\/fra\\\/#breadcrumb\"},\"inLanguage\":\"fr-FR\",\"potentialAction\":[{\"@type\":\"ReadAction\",\"target\":[\"https:\\\/\\\/www.d-minecare.com\\\/fra\\\/\"]}]},{\"@type\":\"ImageObject\",\"inLanguage\":\"fr-FR\",\"@id\":\"https:\\\/\\\/www.d-minecare.com\\\/fra\\\/#primaryimage\",\"url\":\"http:\\\/\\\/www.d-minecare.com\\\/fra\\\/wp-content\\\/uploads\\\/sites\\\/3\\\/2023\\\/02\\\/Bilder_web_1-1024x480.jpg\",\"contentUrl\":\"http:\\\/\\\/www.d-minecare.com\\\/fra\\\/wp-content\\\/uploads\\\/sites\\\/3\\\/2023\\\/02\\\/Bilder_web_1-1024x480.jpg\"},{\"@type\":\"BreadcrumbList\",\"@id\":\"https:\\\/\\\/www.d-minecare.com\\\/fra\\\/#breadcrumb\",\"itemListElement\":[{\"@type\":\"ListItem\",\"position\":1,\"name\":\"Home\",\"item\":\"https:\\\/\\\/www.d-minecare.com\\\/fra\\\/\"},{\"@type\":\"ListItem\",\"position\":2,\"name\":\"Page d&#8217;accueil avec login DocCheck\"}]},{\"@type\":\"WebSite\",\"@id\":\"https:\\\/\\\/www.d-minecare.com\\\/fra\\\/#website\",\"url\":\"https:\\\/\\\/www.d-minecare.com\\\/fra\\\/\",\"name\":\"D-Mine\u00ae Care France\",\"description\":\"\",\"potentialAction\":[{\"@type\":\"SearchAction\",\"target\":{\"@type\":\"EntryPoint\",\"urlTemplate\":\"https:\\\/\\\/www.d-minecare.com\\\/fra\\\/?s={search_term_string}\"},\"query-input\":{\"@type\":\"PropertyValueSpecification\",\"valueRequired\":true,\"valueName\":\"search_term_string\"}}],\"inLanguage\":\"fr-FR\"}]}<\/script>\n<!-- \/ Yoast SEO plugin. -->","yoast_head_json":{"title":"Page d'accueil - gamme D-mine\u00ae - EVER Pharma","description":"Bienvenue sur D-mine\u00ae Care, site d\u00e9di\u00e9 aux personnes atteintes de la maladie de Parkinson au stade avanc\u00e9 et aux professionnels de sant\u00e9.","robots":{"index":"index","follow":"follow","max-snippet":"max-snippet:-1","max-image-preview":"max-image-preview:large","max-video-preview":"max-video-preview:-1"},"canonical":"https:\/\/www.d-minecare.com\/fra\/","og_locale":"fr_FR","og_type":"article","og_title":"Page d'accueil - gamme D-mine\u00ae - EVER Pharma","og_description":"Bienvenue sur D-mine\u00ae Care, site d\u00e9di\u00e9 aux personnes atteintes de la maladie de Parkinson au stade avanc\u00e9 et aux professionnels de sant\u00e9.","og_url":"https:\/\/www.d-minecare.com\/fra\/","og_site_name":"D-Mine\u00ae Care France","article_modified_time":"2023-10-12T13:43:44+00:00","og_image":[{"url":"http:\/\/www.d-minecare.com\/fra\/wp-content\/uploads\/sites\/3\/2023\/02\/Bilder_web_1-1024x480.jpg","type":"","width":"","height":""}],"twitter_card":"summary_large_image","twitter_misc":{"Dur\u00e9e de lecture estim\u00e9e":"3 minutes"},"schema":{"@context":"https:\/\/schema.org","@graph":[{"@type":"WebPage","@id":"https:\/\/www.d-minecare.com\/fra\/","url":"https:\/\/www.d-minecare.com\/fra\/","name":"Page d'accueil - gamme D-mine\u00ae - EVER Pharma","isPartOf":{"@id":"https:\/\/www.d-minecare.com\/fra\/#website"},"primaryImageOfPage":{"@id":"https:\/\/www.d-minecare.com\/fra\/#primaryimage"},"image":{"@id":"https:\/\/www.d-minecare.com\/fra\/#primaryimage"},"thumbnailUrl":"http:\/\/www.d-minecare.com\/fra\/wp-content\/uploads\/sites\/3\/2023\/02\/Bilder_web_1-1024x480.jpg","datePublished":"2022-02-08T10:18:59+00:00","dateModified":"2023-10-12T13:43:44+00:00","description":"Bienvenue sur D-mine\u00ae Care, site d\u00e9di\u00e9 aux personnes atteintes de la maladie de Parkinson au stade avanc\u00e9 et aux professionnels de sant\u00e9.","breadcrumb":{"@id":"https:\/\/www.d-minecare.com\/fra\/#breadcrumb"},"inLanguage":"fr-FR","potentialAction":[{"@type":"ReadAction","target":["https:\/\/www.d-minecare.com\/fra\/"]}]},{"@type":"ImageObject","inLanguage":"fr-FR","@id":"https:\/\/www.d-minecare.com\/fra\/#primaryimage","url":"http:\/\/www.d-minecare.com\/fra\/wp-content\/uploads\/sites\/3\/2023\/02\/Bilder_web_1-1024x480.jpg","contentUrl":"http:\/\/www.d-minecare.com\/fra\/wp-content\/uploads\/sites\/3\/2023\/02\/Bilder_web_1-1024x480.jpg"},{"@type":"BreadcrumbList","@id":"https:\/\/www.d-minecare.com\/fra\/#breadcrumb","itemListElement":[{"@type":"ListItem","position":1,"name":"Home","item":"https:\/\/www.d-minecare.com\/fra\/"},{"@type":"ListItem","position":2,"name":"Page d&#8217;accueil avec login DocCheck"}]},{"@type":"WebSite","@id":"https:\/\/www.d-minecare.com\/fra\/#website","url":"https:\/\/www.d-minecare.com\/fra\/","name":"D-Mine\u00ae Care France","description":"","potentialAction":[{"@type":"SearchAction","target":{"@type":"EntryPoint","urlTemplate":"https:\/\/www.d-minecare.com\/fra\/?s={search_term_string}"},"query-input":{"@type":"PropertyValueSpecification","valueRequired":true,"valueName":"search_term_string"}}],"inLanguage":"fr-FR"}]}},"_links":{"self":[{"href":"https:\/\/www.d-minecare.com\/fra\/wp-json\/wp\/v2\/pages\/19","targetHints":{"allow":["GET"]}}],"collection":[{"href":"https:\/\/www.d-minecare.com\/fra\/wp-json\/wp\/v2\/pages"}],"about":[{"href":"https:\/\/www.d-minecare.com\/fra\/wp-json\/wp\/v2\/types\/page"}],"author":[{"embeddable":true,"href":"https:\/\/www.d-minecare.com\/fra\/wp-json\/wp\/v2\/users\/13"}],"replies":[{"embeddable":true,"href":"https:\/\/www.d-minecare.com\/fra\/wp-json\/wp\/v2\/comments?post=19"}],"version-history":[{"count":44,"href":"https:\/\/www.d-minecare.com\/fra\/wp-json\/wp\/v2\/pages\/19\/revisions"}],"predecessor-version":[{"id":3392,"href":"https:\/\/www.d-minecare.com\/fra\/wp-json\/wp\/v2\/pages\/19\/revisions\/3392"}],"wp:attachment":[{"href":"https:\/\/www.d-minecare.com\/fra\/wp-json\/wp\/v2\/media?parent=19"}],"curies":[{"name":"wp","href":"https:\/\/api.w.org\/{rel}","templated":true}]}}