{"id":23,"date":"2022-04-18T11:04:41","date_gmt":"2022-04-18T10:04:41","guid":{"rendered":"https:\/\/www.d-minecare.com\/fra\/patient-care\/"},"modified":"2023-05-16T08:37:54","modified_gmt":"2023-05-16T07:37:54","slug":"soutenir-les-patients-parkinsoniens","status":"publish","type":"page","link":"https:\/\/www.d-minecare.com\/fra\/soutenir-les-patients-parkinsoniens\/","title":{"rendered":"Soutenir"},"content":{"rendered":"\n<div class=\"wp-block-theme-cover alignfull is-full-wide-cover\"><div class=\"wp-block-theme-cover__background lazyload\" style=\"background-image:inherit;background-position:50% 15%\" data-bg-image=\"url(http:\/\/www.d-minecare.com\/fra\/wp-content\/uploads\/sites\/3\/2023\/02\/Bilder_web_11.jpg)\"><img decoding=\"async\" data-src=\"http:\/\/www.d-minecare.com\/fra\/wp-content\/uploads\/sites\/3\/2023\/02\/Bilder_web_11.jpg\" style=\"--smush-placeholder-width: 570px; --smush-placeholder-aspect-ratio: 570\/338;object-position:50% 15%\" alt=\"\" src=\"data:image\/svg+xml;base64,PHN2ZyB3aWR0aD0iMSIgaGVpZ2h0PSIxIiB4bWxucz0iaHR0cDovL3d3dy53My5vcmcvMjAwMC9zdmciPjwvc3ZnPg==\" class=\"lazyload\" \/><\/div><\/div>\n\n\n\n<div class=\"wp-block-theme-section alignfull\"><div class=\"wp-block-theme-section__content\">\n<h2 class=\"wp-block-heading is-style-main-title has-xl-font-size\">Soutenir les patients parkinsoniens<\/h2>\n\n\n\n<p>Au fur et \u00e0 mesure que la maladie progresse, vous aurez besoin d&#8217;assistance pour les activit\u00e9s de la vie quotidienne. Vous trouverez ici des informations sur les aides disponibles pour vous et vos aidants. <\/p>\n\n\n\n<h2 class=\"wp-block-heading is-style-section-title-big has-gray-base-color has-text-color has-md-font-size\">Pour les patients<\/h2>\n\n\n\n<h2 class=\"wp-block-heading is-style-section-title has-mds-font-size\">Prise en charge par la S\u00e9curit\u00e9 sociale<\/h2>\n\n\n\n<p>La maladie de Parkinson fait partie des maladies chroniques class\u00e9es Affection Longue Dur\u00e9e (ALD) par le code de la S\u00e9curit\u00e9 sociale (art. D160-4).<sup>9<\/sup> Vos soins et traitements li\u00e9s \u00e0 la maladie sont pris en charge \u00e0 100% du tarif de la s\u00e9curit\u00e9 sociale par l&#8217;Assurance Maladie.<sup>10<\/sup><\/p>\n\n\n\n<h2 class=\"wp-block-heading is-style-section-title\">Aides sociales<\/h2>\n\n\n\n<p>Vous pouvez aussi b\u00e9n\u00e9ficier d&#8217;aides sociales<strong> <\/strong>apport\u00e9es par divers organismes.<\/p>\n\n\n\n<p>Consultez <mark class=\"has-inline-color has-brand-color\"><strong><a href=\"https:\/\/sante.gouv.fr\/soins-et-maladies\/maladies\/maladies-neurodegeneratives\/article\/la-maladie-de-parkinson\" target=\"_blank\" rel=\"noreferrer noopener\">le site du Minist\u00e8re de la Sant\u00e9 et de la Pr\u00e9vention<\/a><\/strong><\/mark> pour trouver des aides correspondant \u00e0 votre situation. <\/p>\n\n\n\n<div style=\"height:60px\" aria-hidden=\"true\" class=\"wp-block-spacer\"><\/div>\n\n\n\n<h2 class=\"wp-block-heading is-style-section-title-big has-gray-base-color has-text-color has-md-font-size\">Pour les aidants<\/h2>\n\n\n\n<p>Prendre soin d&#8217;une personne atteinte de la maladie de Parkinson peut s&#8217;av\u00e9rer difficile avec la progression de la maladie, surtout au stade avanc\u00e9. En cliquant sur les liens suivants, vos aidants pourront trouver des <strong><mark class=\"has-inline-color has-brand-color\">conseils pratiques<\/mark><\/strong> :<\/p>\n\n\n\n<div class=\"wp-block-columns is-style-default is-layout-flex wp-container-core-columns-is-layout-e95a7ca1 wp-block-columns-is-layout-flex\" style=\"padding-top:2rem;padding-bottom:2rem\">\n<div class=\"wp-block-column is-style-default is-layout-flow wp-block-column-is-layout-flow\">\n<div class=\"wp-block-group is-style-card has-gray-base-color has-gray-light-background-color has-text-color has-background is-vertical is-layout-flex wp-container-core-group-is-layout-8cf370e7 wp-block-group-is-layout-flex\">\n<div class=\"wp-block-group is-layout-flow wp-block-group-is-layout-flow\">\n<h2 class=\"wp-block-heading is-style-card-title-orange has-md-font-size\">L&#8217;association France Parkinson<\/h2>\n\n\n\n<p><br><br><br><\/p>\n\n\n\n<div class=\"wp-block-buttons is-layout-flex wp-block-buttons-is-layout-flex\">\n<div class=\"wp-block-button is-style-underline\"><a class=\"wp-block-button__link wp-element-button\" href=\"https:\/\/www.franceparkinson.fr\/vivre-avec-la-maladie\/proche-d-un-malade\/\" target=\"_blank\" rel=\"noreferrer noopener\">ALLEZ SUR CE SITE<\/a><\/div>\n<\/div>\n<\/div>\n<\/div>\n<\/div>\n\n\n\n<div class=\"wp-block-column is-style-default is-layout-flow wp-block-column-is-layout-flow\">\n<div class=\"wp-block-group is-style-card has-white-color has-brand-background-color has-text-color has-background is-vertical is-layout-flex wp-container-core-group-is-layout-8cf370e7 wp-block-group-is-layout-flex\">\n<div class=\"wp-block-group is-layout-flow wp-block-group-is-layout-flow\">\n<h2 class=\"wp-block-heading is-style-card-title-orange has-md-font-size\">Plateforme d&#8217;e-learning propos\u00e9e par France Parkinson <\/h2>\n\n\n\n<p>Formation en ligne destin\u00e9e aux aidants pour mieux comprendre la maladie de Parkinson <\/p>\n\n\n\n<div class=\"wp-block-buttons is-layout-flex wp-block-buttons-is-layout-flex\">\n<div class=\"wp-block-button is-style-underline\"><a class=\"wp-block-button__link wp-element-button\" href=\"https:\/\/formaparkinson.fr\/course\/index.php?categoryid=5#sthash.r6vcd35I.RYhB26gf.dpbs\" target=\"_blank\" rel=\"noreferrer noopener\">ALLEZ SUR CE SITE<\/a><\/div>\n<\/div>\n<\/div>\n<\/div>\n<\/div>\n\n\n\n<div class=\"wp-block-column is-style-default is-layout-flow wp-block-column-is-layout-flow\">\n<div class=\"wp-block-group is-style-card has-white-color has-gray-base-background-color has-text-color has-background is-vertical is-layout-flex wp-container-core-group-is-layout-8cf370e7 wp-block-group-is-layout-flex\">\n<div class=\"wp-block-group is-layout-flow wp-block-group-is-layout-flow\">\n<h2 class=\"wp-block-heading is-style-card-title-orange has-md-font-size\">European Parkinson&#8217;s Disease Association<\/h2>\n\n\n\n<p><br>Organisation-cadre europ\u00e9enne de la Maladie de Parkinson <\/p>\n\n\n\n<div class=\"wp-block-buttons is-layout-flex wp-block-buttons-is-layout-flex\">\n<div class=\"wp-block-button is-style-underline\"><a class=\"wp-block-button__link has-white-color has-text-color wp-element-button\" href=\"https:\/\/www.epda.eu.com\/\" target=\"_blank\" rel=\"noreferrer noopener\">ALLEZ SUR CE SITE<\/a><\/div>\n<\/div>\n<\/div>\n<\/div>\n<\/div>\n<\/div>\n\n\n\n<h2 class=\"wp-block-heading is-style-main-title has-lg-font-size\">L&#8217;\u00e9quipe <span class=\"whitespace-nowrap\">D-<em>mine<\/em><sup>\u00ae<\/sup><\/span> \u00e0 votre \u00e9coute<\/h2>\n\n\n\n<p>Notre \u00e9quipe est disponible pour r\u00e9pondre \u00e0 vos questions et pr\u00e9occupations relatives aux dispositifs m\u00e9dicaux. Veuillez consulter <a href=\"https:\/\/www.d-minecare.com\/fra\/telechargements\/\">T\u00e9l\u00e9chargements<\/a> pour obtenir des supports d&#8217;aide. Pour toute information vous pouvez contacter <a href=\"mailto:dm**********@********ma.com\" data-original-string=\"usLulwDPGGx91eIs5\/ayTw==cfbtcIam4qF693eErbxiJlY6rwsTcxkwulKXlzRYY79Mp0=\" title=\"This contact has been encoded by Anti-Spam by CleanTalk. Click to decode. To finish the decoding make sure that JavaScript is enabled in your browser.\"><span \n                data-original-string='9ZyAJGsFcOz\/oHrXyyRf0A==cfbdi6BYaK1WOtDoGFArqoSMekO\/hOlMvXi6JNYmJ+G3V4='\n                class='apbct-email-encoder'\n                title='This contact has been encoded by Anti-Spam by CleanTalk. Click to decode. To finish the decoding make sure that JavaScript is enabled in your browser.'>in<span class=\"apbct-blur\">*****<\/span>@<span class=\"apbct-blur\">********<\/span>ma.com<\/span><\/a>.<\/p>\n<\/div><\/div>\n\n\n\n<div style=\"height:100px\" aria-hidden=\"true\" class=\"wp-block-spacer\"><\/div>\n\n\n\n<div class=\"wp-block-theme-section alignfull has-gray-light-background-color has-background has-gray-light-background-color has-background\"><div class=\"wp-block-theme-section__content\">\n<div class=\"wp-block-columns is-style-default is-layout-flex wp-container-core-columns-is-layout-e95a7ca1 wp-block-columns-is-layout-flex\" style=\"padding-top:2rem;padding-bottom:2rem\">\n<div class=\"wp-block-column is-style-default is-layout-flow wp-block-column-is-layout-flow\">\n<div class=\"wp-block-group is-style-card has-white-color has-brand-background-color has-text-color has-background is-vertical is-layout-flex wp-container-core-group-is-layout-8cf370e7 wp-block-group-is-layout-flex\">\n<figure class=\"wp-block-image size-full is-style-card-image\"><img decoding=\"async\" data-src=\"https:\/\/www.d-minecare.com\/wp-content\/uploads\/2022\/05\/Bilder_web_teasaer_faq_570x338px.jpg\" alt=\"\" class=\"wp-image-1428 lazyload\" src=\"data:image\/svg+xml;base64,PHN2ZyB3aWR0aD0iMSIgaGVpZ2h0PSIxIiB4bWxucz0iaHR0cDovL3d3dy53My5vcmcvMjAwMC9zdmciPjwvc3ZnPg==\" \/><\/figure>\n\n\n\n<div class=\"wp-block-group is-layout-flow wp-block-group-is-layout-flow\">\n<h2 class=\"wp-block-heading is-style-card-title-orange\">FAQ<\/h2>\n\n\n\n<p>Trouver ici des r\u00e9ponses aux questions fr\u00e9quemment pos\u00e9es <\/p>\n\n\n\n<div class=\"wp-block-buttons is-layout-flex wp-block-buttons-is-layout-flex\">\n<div class=\"wp-block-button is-style-underline\"><a class=\"wp-block-button__link has-white-color has-text-color wp-element-button\" href=\"https:\/\/www.d-minecare.com\/fra\/faqs\/\">EN SAVOIR PLUS<\/a><\/div>\n<\/div>\n<\/div>\n<\/div>\n<\/div>\n\n\n\n<div class=\"wp-block-column is-style-default is-layout-flow wp-block-column-is-layout-flow\">\n<div class=\"wp-block-group is-style-card has-gray-base-color has-gray-light-background-color has-text-color has-background is-vertical is-layout-flex wp-container-core-group-is-layout-8cf370e7 wp-block-group-is-layout-flex\">\n<figure class=\"wp-block-image size-full is-style-card-image\"><img decoding=\"async\" data-src=\"https:\/\/www.d-minecare.com\/wp-content\/uploads\/2022\/05\/d-minecare-teaserbox-570x338_5.png\" alt=\"\" class=\"wp-image-956 lazyload\" src=\"data:image\/svg+xml;base64,PHN2ZyB3aWR0aD0iMSIgaGVpZ2h0PSIxIiB4bWxucz0iaHR0cDovL3d3dy53My5vcmcvMjAwMC9zdmciPjwvc3ZnPg==\" \/><\/figure>\n\n\n\n<div class=\"wp-block-group is-layout-flow wp-block-group-is-layout-flow\">\n<h2 class=\"wp-block-heading is-style-card-title-orange has-brand-color has-text-color\">Contact <\/h2>\n\n\n\n<p>Trouver ici les coordonn\u00e9s du laboratoire EVER Neuro Pharma GmbH et sa filiale EVER Pharma France. <\/p>\n\n\n\n<div class=\"wp-block-buttons is-layout-flex wp-block-buttons-is-layout-flex\">\n<div class=\"wp-block-button is-style-underline\"><a class=\"wp-block-button__link wp-element-button\" href=\"https:\/\/www.d-minecare.com\/fra\/contact\/\">EN SAVOIR PLUS<\/a><\/div>\n<\/div>\n<\/div>\n<\/div>\n<\/div>\n<\/div>\n<\/div><\/div>\n\n\n\n<div class=\"wp-block-theme-section alignfull\"><div class=\"wp-block-theme-section__content\">\n<p class=\"has-xs-font-size\"><mark class=\"has-inline-color has-brand-color\"><strong>SOURCES :<\/strong><\/mark><\/p>\n\n\n\n<p class=\"has-xs-font-size\"><sup>9<\/sup>L\u00e9gifrance. Article D160-4 du Code de la s\u00e9curit\u00e9 sociale en vigueur depuis le 1\/1\/2016. https:\/\/www.legifrance.gouv.fr\/codes\/article_lc\/LEGIARTI000031806122. Consult\u00e9 le 2 mai 2023.<\/p>\n\n\n\n<p class=\"has-xs-font-size\"><sup>10<\/sup>L&#8217;Assurance Maladie. Adulte handicap\u00e9&nbsp;: modalit\u00e9s de votre prise en charge. https:\/\/sante.gouv.fr\/soins-et-maladies\/maladies\/maladies-neurodegeneratives\/article\/la-maladie-de-parkinson. Consult\u00e9 le 2 mai 2023.<\/p>\n<\/div><\/div>\n","protected":false},"excerpt":{"rendered":"","protected":false},"author":1,"featured_media":0,"parent":0,"menu_order":14,"comment_status":"open","ping_status":"closed","template":"","meta":{"_acf_changed":false,"footnotes":""},"class_list":["post-23","page","type-page","status-publish","hentry"],"acf":[],"yoast_head":"<!-- This site is optimized with the Yoast SEO plugin v27.4 - https:\/\/yoast.com\/product\/yoast-seo-wordpress\/ -->\n<title>Soutenir les patients parkinsoniens - D-mine\u00ae Care - EVER Pharma<\/title>\n<meta name=\"description\" content=\"Trouver ici des informations utiles pour les patients parkinsoniens et leurs proches.\" \/>\n<meta name=\"robots\" content=\"index, follow, max-snippet:-1, max-image-preview:large, max-video-preview:-1\" \/>\n<link rel=\"canonical\" href=\"https:\/\/www.d-minecare.com\/fra\/soutenir-les-patients-parkinsoniens\/\" \/>\n<meta property=\"og:locale\" content=\"fr_FR\" \/>\n<meta property=\"og:type\" content=\"article\" \/>\n<meta property=\"og:title\" content=\"Soutenir les patients parkinsoniens - D-mine\u00ae Care - EVER Pharma\" \/>\n<meta property=\"og:description\" content=\"Trouver ici des informations utiles pour les patients parkinsoniens et leurs proches.\" \/>\n<meta property=\"og:url\" content=\"https:\/\/www.d-minecare.com\/fra\/soutenir-les-patients-parkinsoniens\/\" \/>\n<meta property=\"og:site_name\" content=\"D-Mine\u00ae Care France\" \/>\n<meta property=\"article:modified_time\" content=\"2023-05-16T07:37:54+00:00\" \/>\n<meta property=\"og:image\" content=\"http:\/\/www.d-minecare.com\/fra\/wp-content\/uploads\/sites\/3\/2023\/02\/Bilder_web_11.jpg\" \/>\n<meta name=\"twitter:card\" content=\"summary_large_image\" \/>\n<meta name=\"twitter:label1\" content=\"Dur\u00e9e de lecture estim\u00e9e\" \/>\n\t<meta name=\"twitter:data1\" content=\"3 minutes\" \/>\n<script type=\"application\/ld+json\" class=\"yoast-schema-graph\">{\"@context\":\"https:\\\/\\\/schema.org\",\"@graph\":[{\"@type\":\"WebPage\",\"@id\":\"https:\\\/\\\/www.d-minecare.com\\\/fra\\\/soutenir-les-patients-parkinsoniens\\\/\",\"url\":\"https:\\\/\\\/www.d-minecare.com\\\/fra\\\/soutenir-les-patients-parkinsoniens\\\/\",\"name\":\"Soutenir les patients parkinsoniens - D-mine\u00ae Care - EVER Pharma\",\"isPartOf\":{\"@id\":\"https:\\\/\\\/www.d-minecare.com\\\/fra\\\/#website\"},\"primaryImageOfPage\":{\"@id\":\"https:\\\/\\\/www.d-minecare.com\\\/fra\\\/soutenir-les-patients-parkinsoniens\\\/#primaryimage\"},\"image\":{\"@id\":\"https:\\\/\\\/www.d-minecare.com\\\/fra\\\/soutenir-les-patients-parkinsoniens\\\/#primaryimage\"},\"thumbnailUrl\":\"http:\\\/\\\/www.d-minecare.com\\\/fra\\\/wp-content\\\/uploads\\\/sites\\\/3\\\/2023\\\/02\\\/Bilder_web_11.jpg\",\"datePublished\":\"2022-04-18T10:04:41+00:00\",\"dateModified\":\"2023-05-16T07:37:54+00:00\",\"description\":\"Trouver ici des informations utiles pour les patients parkinsoniens et leurs proches.\",\"breadcrumb\":{\"@id\":\"https:\\\/\\\/www.d-minecare.com\\\/fra\\\/soutenir-les-patients-parkinsoniens\\\/#breadcrumb\"},\"inLanguage\":\"fr-FR\",\"potentialAction\":[{\"@type\":\"ReadAction\",\"target\":[\"https:\\\/\\\/www.d-minecare.com\\\/fra\\\/soutenir-les-patients-parkinsoniens\\\/\"]}]},{\"@type\":\"ImageObject\",\"inLanguage\":\"fr-FR\",\"@id\":\"https:\\\/\\\/www.d-minecare.com\\\/fra\\\/soutenir-les-patients-parkinsoniens\\\/#primaryimage\",\"url\":\"http:\\\/\\\/www.d-minecare.com\\\/fra\\\/wp-content\\\/uploads\\\/sites\\\/3\\\/2023\\\/02\\\/Bilder_web_11.jpg\",\"contentUrl\":\"http:\\\/\\\/www.d-minecare.com\\\/fra\\\/wp-content\\\/uploads\\\/sites\\\/3\\\/2023\\\/02\\\/Bilder_web_11.jpg\"},{\"@type\":\"BreadcrumbList\",\"@id\":\"https:\\\/\\\/www.d-minecare.com\\\/fra\\\/soutenir-les-patients-parkinsoniens\\\/#breadcrumb\",\"itemListElement\":[{\"@type\":\"ListItem\",\"position\":1,\"name\":\"Home\",\"item\":\"https:\\\/\\\/www.d-minecare.com\\\/fra\\\/\"},{\"@type\":\"ListItem\",\"position\":2,\"name\":\"Soutenir\"}]},{\"@type\":\"WebSite\",\"@id\":\"https:\\\/\\\/www.d-minecare.com\\\/fra\\\/#website\",\"url\":\"https:\\\/\\\/www.d-minecare.com\\\/fra\\\/\",\"name\":\"D-Mine\u00ae Care France\",\"description\":\"\",\"potentialAction\":[{\"@type\":\"SearchAction\",\"target\":{\"@type\":\"EntryPoint\",\"urlTemplate\":\"https:\\\/\\\/www.d-minecare.com\\\/fra\\\/?s={search_term_string}\"},\"query-input\":{\"@type\":\"PropertyValueSpecification\",\"valueRequired\":true,\"valueName\":\"search_term_string\"}}],\"inLanguage\":\"fr-FR\"}]}<\/script>\n<!-- \/ Yoast SEO plugin. -->","yoast_head_json":{"title":"Soutenir les patients parkinsoniens - D-mine\u00ae Care - EVER Pharma","description":"Trouver ici des informations utiles pour les patients parkinsoniens et leurs proches.","robots":{"index":"index","follow":"follow","max-snippet":"max-snippet:-1","max-image-preview":"max-image-preview:large","max-video-preview":"max-video-preview:-1"},"canonical":"https:\/\/www.d-minecare.com\/fra\/soutenir-les-patients-parkinsoniens\/","og_locale":"fr_FR","og_type":"article","og_title":"Soutenir les patients parkinsoniens - D-mine\u00ae Care - EVER Pharma","og_description":"Trouver ici des informations utiles pour les patients parkinsoniens et leurs proches.","og_url":"https:\/\/www.d-minecare.com\/fra\/soutenir-les-patients-parkinsoniens\/","og_site_name":"D-Mine\u00ae Care France","article_modified_time":"2023-05-16T07:37:54+00:00","og_image":[{"url":"http:\/\/www.d-minecare.com\/fra\/wp-content\/uploads\/sites\/3\/2023\/02\/Bilder_web_11.jpg","type":"","width":"","height":""}],"twitter_card":"summary_large_image","twitter_misc":{"Dur\u00e9e de lecture estim\u00e9e":"3 minutes"},"schema":{"@context":"https:\/\/schema.org","@graph":[{"@type":"WebPage","@id":"https:\/\/www.d-minecare.com\/fra\/soutenir-les-patients-parkinsoniens\/","url":"https:\/\/www.d-minecare.com\/fra\/soutenir-les-patients-parkinsoniens\/","name":"Soutenir les patients parkinsoniens - D-mine\u00ae Care - EVER Pharma","isPartOf":{"@id":"https:\/\/www.d-minecare.com\/fra\/#website"},"primaryImageOfPage":{"@id":"https:\/\/www.d-minecare.com\/fra\/soutenir-les-patients-parkinsoniens\/#primaryimage"},"image":{"@id":"https:\/\/www.d-minecare.com\/fra\/soutenir-les-patients-parkinsoniens\/#primaryimage"},"thumbnailUrl":"http:\/\/www.d-minecare.com\/fra\/wp-content\/uploads\/sites\/3\/2023\/02\/Bilder_web_11.jpg","datePublished":"2022-04-18T10:04:41+00:00","dateModified":"2023-05-16T07:37:54+00:00","description":"Trouver ici des informations utiles pour les patients parkinsoniens et leurs proches.","breadcrumb":{"@id":"https:\/\/www.d-minecare.com\/fra\/soutenir-les-patients-parkinsoniens\/#breadcrumb"},"inLanguage":"fr-FR","potentialAction":[{"@type":"ReadAction","target":["https:\/\/www.d-minecare.com\/fra\/soutenir-les-patients-parkinsoniens\/"]}]},{"@type":"ImageObject","inLanguage":"fr-FR","@id":"https:\/\/www.d-minecare.com\/fra\/soutenir-les-patients-parkinsoniens\/#primaryimage","url":"http:\/\/www.d-minecare.com\/fra\/wp-content\/uploads\/sites\/3\/2023\/02\/Bilder_web_11.jpg","contentUrl":"http:\/\/www.d-minecare.com\/fra\/wp-content\/uploads\/sites\/3\/2023\/02\/Bilder_web_11.jpg"},{"@type":"BreadcrumbList","@id":"https:\/\/www.d-minecare.com\/fra\/soutenir-les-patients-parkinsoniens\/#breadcrumb","itemListElement":[{"@type":"ListItem","position":1,"name":"Home","item":"https:\/\/www.d-minecare.com\/fra\/"},{"@type":"ListItem","position":2,"name":"Soutenir"}]},{"@type":"WebSite","@id":"https:\/\/www.d-minecare.com\/fra\/#website","url":"https:\/\/www.d-minecare.com\/fra\/","name":"D-Mine\u00ae Care France","description":"","potentialAction":[{"@type":"SearchAction","target":{"@type":"EntryPoint","urlTemplate":"https:\/\/www.d-minecare.com\/fra\/?s={search_term_string}"},"query-input":{"@type":"PropertyValueSpecification","valueRequired":true,"valueName":"search_term_string"}}],"inLanguage":"fr-FR"}]}},"_links":{"self":[{"href":"https:\/\/www.d-minecare.com\/fra\/wp-json\/wp\/v2\/pages\/23","targetHints":{"allow":["GET"]}}],"collection":[{"href":"https:\/\/www.d-minecare.com\/fra\/wp-json\/wp\/v2\/pages"}],"about":[{"href":"https:\/\/www.d-minecare.com\/fra\/wp-json\/wp\/v2\/types\/page"}],"author":[{"embeddable":true,"href":"https:\/\/www.d-minecare.com\/fra\/wp-json\/wp\/v2\/users\/1"}],"replies":[{"embeddable":true,"href":"https:\/\/www.d-minecare.com\/fra\/wp-json\/wp\/v2\/comments?post=23"}],"version-history":[{"count":77,"href":"https:\/\/www.d-minecare.com\/fra\/wp-json\/wp\/v2\/pages\/23\/revisions"}],"predecessor-version":[{"id":3196,"href":"https:\/\/www.d-minecare.com\/fra\/wp-json\/wp\/v2\/pages\/23\/revisions\/3196"}],"wp:attachment":[{"href":"https:\/\/www.d-minecare.com\/fra\/wp-json\/wp\/v2\/media?parent=23"}],"curies":[{"name":"wp","href":"https:\/\/api.w.org\/{rel}","templated":true}]}}