{"id":3352,"date":"2025-03-27T11:05:46","date_gmt":"2025-03-27T10:05:46","guid":{"rendered":"https:\/\/www.d-minecare.com\/fra\/?page_id=3352"},"modified":"2025-07-15T15:05:28","modified_gmt":"2025-07-15T14:05:28","slug":"gamme-d-mine-a-propos-administration","status":"publish","type":"page","link":"https:\/\/www.d-minecare.com\/fra\/gamme-d-mine-a-propos-administration\/","title":{"rendered":"Gamme [d-mine] &#8211; a propos &amp; administration"},"content":{"rendered":"\n<div class=\"wp-block-theme-cover alignfull is-full-wide-cover\"><div class=\"wp-block-theme-cover__background lazyload\" style=\"background-image:inherit;background-position:71% 41%\" data-bg-image=\"url(https:\/\/www.d-minecare.com\/wp-content\/uploads\/2022\/05\/Bilder_web_header_aboutconcept_1920x900px-1024x479.jpg)\"><img decoding=\"async\" class=\"wp-image-1352 lazyload\" data-src=\"https:\/\/www.d-minecare.com\/wp-content\/uploads\/2022\/05\/Bilder_web_header_aboutconcept_1920x900px-1024x479.jpg\" style=\"--smush-placeholder-width: 1024px; --smush-placeholder-aspect-ratio: 1024\/479;object-position:71% 41%\" src=\"data:image\/svg+xml;base64,PHN2ZyB3aWR0aD0iMSIgaGVpZ2h0PSIxIiB4bWxucz0iaHR0cDovL3d3dy53My5vcmcvMjAwMC9zdmciPjwvc3ZnPg==\" \/><\/div><\/div>\n\n\n\n<div class=\"wp-block-theme-section alignfull\"><div class=\"wp-block-theme-section__content\">\n<h2 class=\"wp-block-heading is-style-main-title\" id=\"a-propos-de-la-gamme-D-mine\">A propos de la gamme <span class=\"whitespace-nowrap\">D-<em>mine<\/em><sup>\u00ae<\/sup><\/span><\/h2>\n\n\n\n<p>La gamme <span class=\"whitespace-nowrap\">D-<em>mine<\/em><sup>\u00ae<\/sup><\/span> a \u00e9t\u00e9 sp\u00e9cialement con\u00e7ue pour les patients atteints de la maladie de Parkinson au stade avanc\u00e9. <\/p>\n\n\n\n<p>Cette gamme se compose du stylo <span class=\"whitespace-nowrap\">D-<em>mine<\/em><sup>\u00ae<\/sup><\/span>, de la pompe <span class=\"whitespace-nowrap\">D-<em>mine<\/em><sup>\u00ae<\/sup><\/span> ainsi que des m\u00e9dicaments administrables via ces dispositifs m\u00e9dicaux.<\/p>\n\n\n\n<div style=\"height:2rem\" aria-hidden=\"true\" class=\"wp-block-spacer\"><\/div>\n\n\n\n<div class=\"wp-block-columns is-layout-flex wp-container-core-columns-is-layout-9d6595d7 wp-block-columns-is-layout-flex\">\n<div class=\"wp-block-column is-layout-flow wp-block-column-is-layout-flow\" style=\"flex-basis:10%\"><\/div>\n\n\n\n<div class=\"wp-block-column is-layout-constrained wp-block-column-is-layout-constrained\" style=\"flex-basis:80%\">\n<figure class=\"wp-block-image aligncenter size-full mx-auto\"><img decoding=\"async\" width=\"833\" height=\"804\" data-src=\"https:\/\/www.d-minecare.com\/fra\/wp-content\/uploads\/sites\/3\/2023\/05\/My-project-1.png\" alt=\"\" class=\"wp-image-3208 lazyload\" data-srcset=\"https:\/\/www.d-minecare.com\/fra\/wp-content\/uploads\/sites\/3\/2023\/05\/My-project-1.png 833w, https:\/\/www.d-minecare.com\/fra\/wp-content\/uploads\/sites\/3\/2023\/05\/My-project-1-300x290.png 300w, https:\/\/www.d-minecare.com\/fra\/wp-content\/uploads\/sites\/3\/2023\/05\/My-project-1-768x741.png 768w\" data-sizes=\"(max-width: 833px) 100vw, 833px\" src=\"data:image\/svg+xml;base64,PHN2ZyB3aWR0aD0iMSIgaGVpZ2h0PSIxIiB4bWxucz0iaHR0cDovL3d3dy53My5vcmcvMjAwMC9zdmciPjwvc3ZnPg==\" style=\"--smush-placeholder-width: 833px; --smush-placeholder-aspect-ratio: 833\/804;\" \/><\/figure>\n<\/div>\n\n\n\n<div class=\"wp-block-column is-layout-flow wp-block-column-is-layout-flow\" style=\"flex-basis:10%\"><\/div>\n<\/div>\n\n\n\n<div style=\"height:50px\" aria-hidden=\"true\" class=\"wp-block-spacer\"><\/div>\n\n\n\n<p>L\u2019objectif de la gamme <span class=\"whitespace-nowrap\">D-<em>mine<\/em><sup>\u00ae<\/sup><\/span> est d\u2019am\u00e9liorer le confort, la s\u00e9curit\u00e9 et l&#8217;autonomie du patient en proposant des dispositifs faciles d\u2019utilisation via des manipulations intuitives. Notre \u00e9quipe apporte des solutions aux prestataires de sant\u00e9 \u00e0 domicile, infirmiers et aidants pour soutenir les patients atteints de la maladie de Parkinson au stade avanc\u00e9.<strong>  <\/strong><\/p>\n<\/div><\/div>\n\n\n\n<div class=\"wp-block-theme-section alignfull\"><div class=\"wp-block-theme-section__content\">\n<h2 class=\"wp-block-heading is-style-main-title\" id=\"administration\">Administration<\/h2>\n\n\n\n<p>La gamme <span class=\"whitespace-nowrap\">D-<em>mine<\/em><sup>\u00ae<\/sup><\/span> permet l\u2019administration des traitements de la maladie de Parkinson par voie sous-cutan\u00e9e par <a href=\"https:\/\/www.d-minecare.com\/fra\/gamme-d-mine\/injections-intermittentes-gp\/\" target=\"_blank\" rel=\"noreferrer noopener\">injection intermittente en bolus via le stylo<\/a> et par <a href=\"https:\/\/www.d-minecare.com\/fra\/gamme-d-mine\/perfusion-continue\/\" target=\"_blank\" rel=\"noreferrer noopener\">perfusion sous-cutan\u00e9e continue \u00e0 l\u2019aide d\u2019une mini-pompe<\/a>.<\/p>\n\n\n<figure class=\"wp-block-post-featured-image\"><img decoding=\"async\" width=\"2400\" height=\"1350\" data-src=\"https:\/\/www.d-minecare.com\/fra\/wp-content\/uploads\/sites\/3\/2023\/04\/pompe-et-stylo-sans-DOP.jpg\" class=\"attachment-post-thumbnail size-post-thumbnail wp-post-image lazyload\" alt=\"\" style=\"--smush-placeholder-width: 2400px; --smush-placeholder-aspect-ratio: 2400\/1350;object-fit:cover;\" data-srcset=\"https:\/\/www.d-minecare.com\/fra\/wp-content\/uploads\/sites\/3\/2023\/04\/pompe-et-stylo-sans-DOP.jpg 2400w, https:\/\/www.d-minecare.com\/fra\/wp-content\/uploads\/sites\/3\/2023\/04\/pompe-et-stylo-sans-DOP-300x169.jpg 300w, https:\/\/www.d-minecare.com\/fra\/wp-content\/uploads\/sites\/3\/2023\/04\/pompe-et-stylo-sans-DOP-1024x576.jpg 1024w, https:\/\/www.d-minecare.com\/fra\/wp-content\/uploads\/sites\/3\/2023\/04\/pompe-et-stylo-sans-DOP-768x432.jpg 768w, https:\/\/www.d-minecare.com\/fra\/wp-content\/uploads\/sites\/3\/2023\/04\/pompe-et-stylo-sans-DOP-1536x864.jpg 1536w, https:\/\/www.d-minecare.com\/fra\/wp-content\/uploads\/sites\/3\/2023\/04\/pompe-et-stylo-sans-DOP-2048x1152.jpg 2048w\" data-sizes=\"(max-width: 2400px) 100vw, 2400px\" src=\"data:image\/svg+xml;base64,PHN2ZyB3aWR0aD0iMSIgaGVpZ2h0PSIxIiB4bWxucz0iaHR0cDovL3d3dy53My5vcmcvMjAwMC9zdmciPjwvc3ZnPg==\" \/><\/figure>\n\n\n<h2 class=\"wp-block-heading is-style-section-title-big has-gray-base-color has-text-color\">Que signifie administration sous-cutan\u00e9e?<\/h2>\n\n\n\n<div class=\"wp-block-group is-nowrap is-layout-flex wp-container-core-group-is-layout-ad2f72ca wp-block-group-is-layout-flex\">\n<p>Le traitement est administr\u00e9 sous la peau, via une petite aiguille, courte et extr\u00eamement fine. Les sites d\u2019injection g\u00e9n\u00e9ralement recommand\u00e9s sont l\u2019abdomen et l\u2019ext\u00e9rieur des cuisses. <\/p>\n\n\n\n<figure class=\"wp-block-image alignleft size-full is-resized\"><img decoding=\"async\" width=\"2400\" height=\"1350\" data-src=\"https:\/\/www.d-minecare.com\/fra\/wp-content\/uploads\/sites\/3\/2023\/03\/Sites-dinjection.jpg\" alt=\"\" class=\"wp-image-504 lazyload\" style=\"--smush-placeholder-width: 2400px; --smush-placeholder-aspect-ratio: 2400\/1350;width:642px;height:auto\" data-srcset=\"https:\/\/www.d-minecare.com\/fra\/wp-content\/uploads\/sites\/3\/2023\/03\/Sites-dinjection.jpg 2400w, https:\/\/www.d-minecare.com\/fra\/wp-content\/uploads\/sites\/3\/2023\/03\/Sites-dinjection-300x169.jpg 300w, https:\/\/www.d-minecare.com\/fra\/wp-content\/uploads\/sites\/3\/2023\/03\/Sites-dinjection-1024x576.jpg 1024w, https:\/\/www.d-minecare.com\/fra\/wp-content\/uploads\/sites\/3\/2023\/03\/Sites-dinjection-768x432.jpg 768w, https:\/\/www.d-minecare.com\/fra\/wp-content\/uploads\/sites\/3\/2023\/03\/Sites-dinjection-1536x864.jpg 1536w, https:\/\/www.d-minecare.com\/fra\/wp-content\/uploads\/sites\/3\/2023\/03\/Sites-dinjection-2048x1152.jpg 2048w\" data-sizes=\"(max-width: 2400px) 100vw, 2400px\" src=\"data:image\/svg+xml;base64,PHN2ZyB3aWR0aD0iMSIgaGVpZ2h0PSIxIiB4bWxucz0iaHR0cDovL3d3dy53My5vcmcvMjAwMC9zdmciPjwvc3ZnPg==\" \/><figcaption class=\"wp-element-caption\">Les sites d&#8217;injection et le tissu cutan\u00e9.<\/figcaption><\/figure>\n<\/div>\n<\/div><\/div>\n\n\n\n<div class=\"wp-block-columns is-layout-flex wp-container-core-columns-is-layout-9d6595d7 wp-block-columns-is-layout-flex\">\n<div class=\"wp-block-column is-layout-flow wp-block-column-is-layout-flow\" style=\"flex-basis:66.66%\">\n<p><strong>Conseils sur les sites d&#8217;injection<\/strong><\/p>\n\n\n\n<ul class=\"wp-block-list is-style-highlight\">\n<li>S\u2019assurer que le site soit \u00e9loign\u00e9 d\u2019au moins 5 cm du site de perfusion pr\u00e9c\u00e9dent et du nombril.<\/li>\n\n\n\n<li>Ne pas piquer dans un pli cutan\u00e9 ou dans un tissu cicatriciel.<\/li>\n\n\n\n<li>S\u2019assurer que la peau n\u2019est pas rouge, ne d\u00e9mange pas, n\u2019est pas douloureuse et n\u2019est pas gonfl\u00e9e.<\/li>\n\n\n\n<li>Un nouveau cath\u00e9ter est utilis\u00e9 \u00e0 chaque injection.<\/li>\n\n\n\n<li>Toujours piquer avec une aiguille s\u00e8che.<\/li>\n\n\n\n<li>En cas de perfusion sur 24h, changer de site d\u2019injection toutes les 12h.<\/li>\n<\/ul>\n<\/div>\n\n\n\n<div class=\"wp-block-column is-layout-flow wp-block-column-is-layout-flow\" style=\"flex-basis:33.33%\">\n<figure class=\"wp-block-image size-full is-resized\"><img decoding=\"async\" width=\"1200\" height=\"1200\" data-src=\"https:\/\/www.d-minecare.com\/fra\/wp-content\/uploads\/sites\/3\/2025\/02\/5-cm-autour-du-nombril-2.png\" alt=\"\" class=\"wp-image-3371 lazyload\" style=\"--smush-placeholder-width: 1200px; --smush-placeholder-aspect-ratio: 1200\/1200;width:239px;height:auto\" data-srcset=\"https:\/\/www.d-minecare.com\/fra\/wp-content\/uploads\/sites\/3\/2025\/02\/5-cm-autour-du-nombril-2.png 1200w, https:\/\/www.d-minecare.com\/fra\/wp-content\/uploads\/sites\/3\/2025\/02\/5-cm-autour-du-nombril-2-300x300.png 300w, https:\/\/www.d-minecare.com\/fra\/wp-content\/uploads\/sites\/3\/2025\/02\/5-cm-autour-du-nombril-2-1024x1024.png 1024w, https:\/\/www.d-minecare.com\/fra\/wp-content\/uploads\/sites\/3\/2025\/02\/5-cm-autour-du-nombril-2-150x150.png 150w, https:\/\/www.d-minecare.com\/fra\/wp-content\/uploads\/sites\/3\/2025\/02\/5-cm-autour-du-nombril-2-768x768.png 768w\" data-sizes=\"(max-width: 1200px) 100vw, 1200px\" src=\"data:image\/svg+xml;base64,PHN2ZyB3aWR0aD0iMSIgaGVpZ2h0PSIxIiB4bWxucz0iaHR0cDovL3d3dy53My5vcmcvMjAwMC9zdmciPjwvc3ZnPg==\" \/><\/figure>\n<\/div>\n<\/div>\n\n\n\n<div class=\"wp-block-theme-section alignfull\"><div class=\"wp-block-theme-section__content\">\n<div class=\"wp-block-theme-section alignfull\"><div class=\"wp-block-theme-section__content\">\n<div class=\"wp-block-columns is-layout-flex wp-container-core-columns-is-layout-e95a7ca1 wp-block-columns-is-layout-flex\" style=\"padding-top:2rem;padding-bottom:2rem\">\n<div class=\"wp-block-column is-layout-flow wp-block-column-is-layout-flow\">\n<div class=\"wp-block-group is-style-card has-black-color has-gray-light-background-color has-text-color has-background is-vertical is-layout-flex wp-container-core-group-is-layout-8cf370e7 wp-block-group-is-layout-flex\">\n<div class=\"wp-block-group is-style-default is-layout-flow wp-block-group-is-layout-flow\">\n<figure class=\"wp-block-video aligncenter\"><video height=\"720\" style=\"aspect-ratio: 1280 \/ 720;\" width=\"1280\" controls src=\"http:\/\/www.d-minecare.com\/fra\/wp-content\/uploads\/sites\/3\/2023\/03\/DMINE-clip-stylo-18-2021_04-2021_V2.mp4\"><\/video><\/figure>\n\n\n\n<h2 class=\"wp-block-heading has-text-align-left is-style-card-title-orange has-brand-color has-text-color\">Injections intermittentes avec le stylo <span class=\"whitespace-nowrap\">D-<em>mine<\/em><sup>\u00ae<\/sup><\/span><\/h2>\n\n\n\n<div class=\"wp-block-buttons is-layout-flex wp-block-buttons-is-layout-flex\">\n<div class=\"wp-block-button is-style-underline\"><a class=\"wp-block-button__link has-brand-color has-text-color wp-element-button\" href=\"https:\/\/www.d-minecare.com\/fra\/gamme-d-mine\/injections-intermittentes-gp\/\">en savoir plus<\/a><\/div>\n<\/div>\n<\/div>\n<\/div>\n<\/div>\n\n\n\n<div class=\"wp-block-column is-layout-flow wp-block-column-is-layout-flow\" style=\"padding-top:0;padding-right:0;padding-bottom:0;padding-left:0\">\n<div class=\"wp-block-group is-style-card has-white-color has-brand-background-color has-text-color has-background is-vertical is-layout-flex wp-container-core-group-is-layout-8cf370e7 wp-block-group-is-layout-flex\">\n<div class=\"wp-block-group is-layout-flow wp-block-group-is-layout-flow\">\n<figure class=\"wp-block-video\"><video height=\"1080\" style=\"aspect-ratio: 1920 \/ 1080;\" width=\"1920\" controls src=\"http:\/\/www.d-minecare.com\/fra\/wp-content\/uploads\/sites\/3\/2023\/03\/DMINE-clip-pompe-17-2021_04-2021_V2.mp4\"><\/video><\/figure>\n\n\n\n<h2 class=\"wp-block-heading is-style-card-title-orange\">Perfusion continue avec la pompe <span class=\"whitespace-nowrap\">D-<em>mine<\/em><sup>\u00ae<\/sup><\/span><\/h2>\n\n\n\n<p><\/p>\n\n\n\n<div class=\"wp-block-buttons is-layout-flex wp-block-buttons-is-layout-flex\">\n<div class=\"wp-block-button is-style-underline\"><a class=\"wp-block-button__link has-white-color has-text-color wp-element-button\" href=\"https:\/\/www.d-minecare.com\/fra\/gamme-d-mine\/perfusion-continue\/\">en savoir plus<\/a><\/div>\n<\/div>\n<\/div>\n<\/div>\n<\/div>\n<\/div>\n<\/div><\/div>\n<\/div><\/div>\n\n\n\n<p><\/p>\n","protected":false},"excerpt":{"rendered":"<p>Conseils sur les sites d&#8217;injection<\/p>\n","protected":false},"author":14,"featured_media":2686,"parent":0,"menu_order":20,"comment_status":"open","ping_status":"closed","template":"","meta":{"_acf_changed":false,"footnotes":""},"class_list":["post-3352","page","type-page","status-publish","has-post-thumbnail","hentry"],"acf":[],"yoast_head":"<!-- This site is optimized with the Yoast SEO plugin v27.4 - https:\/\/yoast.com\/product\/yoast-seo-wordpress\/ -->\n<title>Gamme D-mine\u00ae - Parkinson stade avanc\u00e9 - EVER Pharma<\/title>\n<meta name=\"description\" content=\"La gamme D-mine\u00ae con\u00e7ue pour les patients parkinsoniens au stade avanc\u00e9. Stylo pour injections intermittentes et pompe pour perfusion continue.\" \/>\n<meta name=\"robots\" content=\"index, follow, max-snippet:-1, max-image-preview:large, max-video-preview:-1\" \/>\n<link rel=\"canonical\" href=\"https:\/\/www.d-minecare.com\/fra\/gamme-d-mine-a-propos-administration\/\" \/>\n<meta property=\"og:locale\" content=\"fr_FR\" \/>\n<meta property=\"og:type\" content=\"article\" \/>\n<meta property=\"og:title\" content=\"Gamme D-mine\u00ae - Parkinson stade avanc\u00e9 - EVER Pharma\" \/>\n<meta property=\"og:description\" content=\"La gamme D-mine\u00ae con\u00e7ue pour les patients parkinsoniens au stade avanc\u00e9. Stylo pour injections intermittentes et pompe pour perfusion continue.\" \/>\n<meta property=\"og:url\" content=\"https:\/\/www.d-minecare.com\/fra\/gamme-d-mine-a-propos-administration\/\" \/>\n<meta property=\"og:site_name\" content=\"D-Mine\u00ae Care France\" \/>\n<meta property=\"article:modified_time\" content=\"2025-07-15T14:05:28+00:00\" \/>\n<meta property=\"og:image\" content=\"http:\/\/www.d-minecare.com\/fra\/wp-content\/uploads\/sites\/3\/2023\/04\/pompe-et-stylo-sans-DOP.jpg\" \/>\n\t<meta property=\"og:image:width\" content=\"2400\" \/>\n\t<meta property=\"og:image:height\" content=\"1350\" \/>\n\t<meta property=\"og:image:type\" content=\"image\/jpeg\" \/>\n<meta name=\"twitter:card\" content=\"summary_large_image\" \/>\n<meta name=\"twitter:label1\" content=\"Dur\u00e9e de lecture estim\u00e9e\" \/>\n\t<meta name=\"twitter:data1\" content=\"9 minutes\" \/>\n<script type=\"application\/ld+json\" class=\"yoast-schema-graph\">{\"@context\":\"https:\\\/\\\/schema.org\",\"@graph\":[{\"@type\":\"WebPage\",\"@id\":\"https:\\\/\\\/www.d-minecare.com\\\/fra\\\/gamme-d-mine-a-propos-administration\\\/\",\"url\":\"https:\\\/\\\/www.d-minecare.com\\\/fra\\\/gamme-d-mine-a-propos-administration\\\/\",\"name\":\"Gamme D-mine\u00ae - Parkinson stade avanc\u00e9 - EVER Pharma\",\"isPartOf\":{\"@id\":\"https:\\\/\\\/www.d-minecare.com\\\/fra\\\/#website\"},\"primaryImageOfPage\":{\"@id\":\"https:\\\/\\\/www.d-minecare.com\\\/fra\\\/gamme-d-mine-a-propos-administration\\\/#primaryimage\"},\"image\":{\"@id\":\"https:\\\/\\\/www.d-minecare.com\\\/fra\\\/gamme-d-mine-a-propos-administration\\\/#primaryimage\"},\"thumbnailUrl\":\"https:\\\/\\\/www.d-minecare.com\\\/fra\\\/wp-content\\\/uploads\\\/sites\\\/3\\\/2023\\\/04\\\/pompe-et-stylo-sans-DOP.jpg\",\"datePublished\":\"2025-03-27T10:05:46+00:00\",\"dateModified\":\"2025-07-15T14:05:28+00:00\",\"description\":\"La gamme D-mine\u00ae con\u00e7ue pour les patients parkinsoniens au stade avanc\u00e9. Stylo pour injections intermittentes et pompe pour perfusion continue.\",\"breadcrumb\":{\"@id\":\"https:\\\/\\\/www.d-minecare.com\\\/fra\\\/gamme-d-mine-a-propos-administration\\\/#breadcrumb\"},\"inLanguage\":\"fr-FR\",\"potentialAction\":[{\"@type\":\"ReadAction\",\"target\":[\"https:\\\/\\\/www.d-minecare.com\\\/fra\\\/gamme-d-mine-a-propos-administration\\\/\"]}]},{\"@type\":\"ImageObject\",\"inLanguage\":\"fr-FR\",\"@id\":\"https:\\\/\\\/www.d-minecare.com\\\/fra\\\/gamme-d-mine-a-propos-administration\\\/#primaryimage\",\"url\":\"https:\\\/\\\/www.d-minecare.com\\\/fra\\\/wp-content\\\/uploads\\\/sites\\\/3\\\/2023\\\/04\\\/pompe-et-stylo-sans-DOP.jpg\",\"contentUrl\":\"https:\\\/\\\/www.d-minecare.com\\\/fra\\\/wp-content\\\/uploads\\\/sites\\\/3\\\/2023\\\/04\\\/pompe-et-stylo-sans-DOP.jpg\",\"width\":2400,\"height\":1350},{\"@type\":\"BreadcrumbList\",\"@id\":\"https:\\\/\\\/www.d-minecare.com\\\/fra\\\/gamme-d-mine-a-propos-administration\\\/#breadcrumb\",\"itemListElement\":[{\"@type\":\"ListItem\",\"position\":1,\"name\":\"Home\",\"item\":\"https:\\\/\\\/www.d-minecare.com\\\/fra\\\/\"},{\"@type\":\"ListItem\",\"position\":2,\"name\":\"Gamme [d-mine] &#8211; a propos &amp; administration\"}]},{\"@type\":\"WebSite\",\"@id\":\"https:\\\/\\\/www.d-minecare.com\\\/fra\\\/#website\",\"url\":\"https:\\\/\\\/www.d-minecare.com\\\/fra\\\/\",\"name\":\"D-Mine\u00ae Care France\",\"description\":\"\",\"potentialAction\":[{\"@type\":\"SearchAction\",\"target\":{\"@type\":\"EntryPoint\",\"urlTemplate\":\"https:\\\/\\\/www.d-minecare.com\\\/fra\\\/?s={search_term_string}\"},\"query-input\":{\"@type\":\"PropertyValueSpecification\",\"valueRequired\":true,\"valueName\":\"search_term_string\"}}],\"inLanguage\":\"fr-FR\"}]}<\/script>\n<!-- \/ Yoast SEO plugin. -->","yoast_head_json":{"title":"Gamme D-mine\u00ae - Parkinson stade avanc\u00e9 - EVER Pharma","description":"La gamme D-mine\u00ae con\u00e7ue pour les patients parkinsoniens au stade avanc\u00e9. Stylo pour injections intermittentes et pompe pour perfusion continue.","robots":{"index":"index","follow":"follow","max-snippet":"max-snippet:-1","max-image-preview":"max-image-preview:large","max-video-preview":"max-video-preview:-1"},"canonical":"https:\/\/www.d-minecare.com\/fra\/gamme-d-mine-a-propos-administration\/","og_locale":"fr_FR","og_type":"article","og_title":"Gamme D-mine\u00ae - Parkinson stade avanc\u00e9 - EVER Pharma","og_description":"La gamme D-mine\u00ae con\u00e7ue pour les patients parkinsoniens au stade avanc\u00e9. Stylo pour injections intermittentes et pompe pour perfusion continue.","og_url":"https:\/\/www.d-minecare.com\/fra\/gamme-d-mine-a-propos-administration\/","og_site_name":"D-Mine\u00ae Care France","article_modified_time":"2025-07-15T14:05:28+00:00","og_image":[{"width":2400,"height":1350,"url":"http:\/\/www.d-minecare.com\/fra\/wp-content\/uploads\/sites\/3\/2023\/04\/pompe-et-stylo-sans-DOP.jpg","type":"image\/jpeg"}],"twitter_card":"summary_large_image","twitter_misc":{"Dur\u00e9e de lecture estim\u00e9e":"9 minutes"},"schema":{"@context":"https:\/\/schema.org","@graph":[{"@type":"WebPage","@id":"https:\/\/www.d-minecare.com\/fra\/gamme-d-mine-a-propos-administration\/","url":"https:\/\/www.d-minecare.com\/fra\/gamme-d-mine-a-propos-administration\/","name":"Gamme D-mine\u00ae - Parkinson stade avanc\u00e9 - EVER Pharma","isPartOf":{"@id":"https:\/\/www.d-minecare.com\/fra\/#website"},"primaryImageOfPage":{"@id":"https:\/\/www.d-minecare.com\/fra\/gamme-d-mine-a-propos-administration\/#primaryimage"},"image":{"@id":"https:\/\/www.d-minecare.com\/fra\/gamme-d-mine-a-propos-administration\/#primaryimage"},"thumbnailUrl":"https:\/\/www.d-minecare.com\/fra\/wp-content\/uploads\/sites\/3\/2023\/04\/pompe-et-stylo-sans-DOP.jpg","datePublished":"2025-03-27T10:05:46+00:00","dateModified":"2025-07-15T14:05:28+00:00","description":"La gamme D-mine\u00ae con\u00e7ue pour les patients parkinsoniens au stade avanc\u00e9. Stylo pour injections intermittentes et pompe pour perfusion continue.","breadcrumb":{"@id":"https:\/\/www.d-minecare.com\/fra\/gamme-d-mine-a-propos-administration\/#breadcrumb"},"inLanguage":"fr-FR","potentialAction":[{"@type":"ReadAction","target":["https:\/\/www.d-minecare.com\/fra\/gamme-d-mine-a-propos-administration\/"]}]},{"@type":"ImageObject","inLanguage":"fr-FR","@id":"https:\/\/www.d-minecare.com\/fra\/gamme-d-mine-a-propos-administration\/#primaryimage","url":"https:\/\/www.d-minecare.com\/fra\/wp-content\/uploads\/sites\/3\/2023\/04\/pompe-et-stylo-sans-DOP.jpg","contentUrl":"https:\/\/www.d-minecare.com\/fra\/wp-content\/uploads\/sites\/3\/2023\/04\/pompe-et-stylo-sans-DOP.jpg","width":2400,"height":1350},{"@type":"BreadcrumbList","@id":"https:\/\/www.d-minecare.com\/fra\/gamme-d-mine-a-propos-administration\/#breadcrumb","itemListElement":[{"@type":"ListItem","position":1,"name":"Home","item":"https:\/\/www.d-minecare.com\/fra\/"},{"@type":"ListItem","position":2,"name":"Gamme [d-mine] &#8211; a propos &amp; administration"}]},{"@type":"WebSite","@id":"https:\/\/www.d-minecare.com\/fra\/#website","url":"https:\/\/www.d-minecare.com\/fra\/","name":"D-Mine\u00ae Care France","description":"","potentialAction":[{"@type":"SearchAction","target":{"@type":"EntryPoint","urlTemplate":"https:\/\/www.d-minecare.com\/fra\/?s={search_term_string}"},"query-input":{"@type":"PropertyValueSpecification","valueRequired":true,"valueName":"search_term_string"}}],"inLanguage":"fr-FR"}]}},"_links":{"self":[{"href":"https:\/\/www.d-minecare.com\/fra\/wp-json\/wp\/v2\/pages\/3352","targetHints":{"allow":["GET"]}}],"collection":[{"href":"https:\/\/www.d-minecare.com\/fra\/wp-json\/wp\/v2\/pages"}],"about":[{"href":"https:\/\/www.d-minecare.com\/fra\/wp-json\/wp\/v2\/types\/page"}],"author":[{"embeddable":true,"href":"https:\/\/www.d-minecare.com\/fra\/wp-json\/wp\/v2\/users\/14"}],"replies":[{"embeddable":true,"href":"https:\/\/www.d-minecare.com\/fra\/wp-json\/wp\/v2\/comments?post=3352"}],"version-history":[{"count":5,"href":"https:\/\/www.d-minecare.com\/fra\/wp-json\/wp\/v2\/pages\/3352\/revisions"}],"predecessor-version":[{"id":3459,"href":"https:\/\/www.d-minecare.com\/fra\/wp-json\/wp\/v2\/pages\/3352\/revisions\/3459"}],"wp:featuredmedia":[{"embeddable":true,"href":"https:\/\/www.d-minecare.com\/fra\/wp-json\/wp\/v2\/media\/2686"}],"wp:attachment":[{"href":"https:\/\/www.d-minecare.com\/fra\/wp-json\/wp\/v2\/media?parent=3352"}],"curies":[{"name":"wp","href":"https:\/\/api.w.org\/{rel}","templated":true}]}}