{"id":3391,"date":"2025-03-27T11:03:31","date_gmt":"2025-03-27T10:03:31","guid":{"rendered":"https:\/\/www.d-minecare.com\/fra\/?page_id=3391"},"modified":"2025-07-15T15:05:01","modified_gmt":"2025-07-15T14:05:01","slug":"stylo-d-mine-pour-injections-intermittente","status":"publish","type":"page","link":"https:\/\/www.d-minecare.com\/fra\/stylo-d-mine-pour-injections-intermittente\/","title":{"rendered":"Stylo <span class=\"whitespace-nowrap\">D-<em>mine<\/em><sup>\u00ae<\/sup><\/span> pour injections intermittente"},"content":{"rendered":"\n<div class=\"wp-block-theme-cover alignfull is-full-wide-cover\"><div class=\"wp-block-theme-cover__background lazyload\" style=\"background-image:inherit;background-position:47% 0%\" data-bg-image=\"url(http:\/\/www.d-minecare.com\/fra\/wp-content\/uploads\/sites\/3\/2023\/02\/Bilder_web_35.jpg)\"><img decoding=\"async\" width=\"570\" height=\"338\" class=\"wp-image-213 lazyload\" data-src=\"http:\/\/www.d-minecare.com\/fra\/wp-content\/uploads\/sites\/3\/2023\/02\/Bilder_web_35.jpg\" style=\"--smush-placeholder-width: 570px; --smush-placeholder-aspect-ratio: 570\/338;object-position:47% 0%\" alt=\"\" data-srcset=\"https:\/\/www.d-minecare.com\/fra\/wp-content\/uploads\/sites\/3\/2023\/02\/Bilder_web_35.jpg 570w, https:\/\/www.d-minecare.com\/fra\/wp-content\/uploads\/sites\/3\/2023\/02\/Bilder_web_35-300x178.jpg 300w\" data-sizes=\"(max-width: 570px) 100vw, 570px\" src=\"data:image\/svg+xml;base64,PHN2ZyB3aWR0aD0iMSIgaGVpZ2h0PSIxIiB4bWxucz0iaHR0cDovL3d3dy53My5vcmcvMjAwMC9zdmciPjwvc3ZnPg==\" \/><\/div><\/div>\n\n\n\n<div class=\"wp-block-theme-section alignfull\"><div class=\"wp-block-theme-section__content\">\n<h2 class=\"wp-block-heading is-style-main-title has-brand-color has-text-color\" id=\"injections-intermittentes\">Injections intermittentes<\/h2>\n\n\n\n<p>Le traitement par injections intermittentes sous-cutan\u00e9es s\u2019effectue \u00e0 l\u2019aide d\u2019un stylo injectable. L&#8217;injection se fait dans le bas de l&#8217;abdomen ou dans la partie externe de la cuisse. Utilisez la technique d&#8217;injection recommand\u00e9e par votre m\u00e9decin ou professionnel de sant\u00e9. <\/p>\n\n\n\n<p>La quantit\u00e9 de m\u00e9dicament \u00e0 administrer et le nombre d&#8217;injections n\u00e9cessaires quotidiennement sont en fonction de vos besoins personnels. Ils seront prescrits par votre m\u00e9decin.<\/p>\n\n\n\n<h2 class=\"wp-block-heading is-style-main-title has-brand-color has-text-color\" id=\"stylo\" style=\"text-transform:none\">Stylo <span class=\"whitespace-nowrap\">D-<em>mine<\/em><sup>\u00ae<\/sup><\/span> pour injections intermittentes <\/h2>\n\n\n\n<p>EVER Pharma a d\u00e9velopp\u00e9 le <strong>stylo injecteur r\u00e9utilisable <span class=\"whitespace-nowrap\">D-<em>mine<\/em><sup>\u00ae<\/sup><\/span><\/strong> pour les injections sous-cutan\u00e9es intermittentes.<\/p>\n\n\n\n<figure class=\"wp-block-image aligncenter size-full is-resized\"><img decoding=\"async\" width=\"1783\" height=\"1783\" data-src=\"https:\/\/www.d-minecare.com\/fra\/wp-content\/uploads\/sites\/3\/2023\/03\/DOP10-DPEN-plaquette-38-2021_01-2022_pr-modif-Mkt_page-0006.jpg\" alt=\"\" class=\"wp-image-1290 lazyload\" style=\"--smush-placeholder-width: 1783px; --smush-placeholder-aspect-ratio: 1783\/1783;width:1337px;height:1337px\" data-srcset=\"https:\/\/www.d-minecare.com\/fra\/wp-content\/uploads\/sites\/3\/2023\/03\/DOP10-DPEN-plaquette-38-2021_01-2022_pr-modif-Mkt_page-0006.jpg 1783w, https:\/\/www.d-minecare.com\/fra\/wp-content\/uploads\/sites\/3\/2023\/03\/DOP10-DPEN-plaquette-38-2021_01-2022_pr-modif-Mkt_page-0006-300x300.jpg 300w, https:\/\/www.d-minecare.com\/fra\/wp-content\/uploads\/sites\/3\/2023\/03\/DOP10-DPEN-plaquette-38-2021_01-2022_pr-modif-Mkt_page-0006-1024x1024.jpg 1024w, https:\/\/www.d-minecare.com\/fra\/wp-content\/uploads\/sites\/3\/2023\/03\/DOP10-DPEN-plaquette-38-2021_01-2022_pr-modif-Mkt_page-0006-150x150.jpg 150w, https:\/\/www.d-minecare.com\/fra\/wp-content\/uploads\/sites\/3\/2023\/03\/DOP10-DPEN-plaquette-38-2021_01-2022_pr-modif-Mkt_page-0006-768x768.jpg 768w, https:\/\/www.d-minecare.com\/fra\/wp-content\/uploads\/sites\/3\/2023\/03\/DOP10-DPEN-plaquette-38-2021_01-2022_pr-modif-Mkt_page-0006-1536x1536.jpg 1536w\" data-sizes=\"(max-width: 1783px) 100vw, 1783px\" src=\"data:image\/svg+xml;base64,PHN2ZyB3aWR0aD0iMSIgaGVpZ2h0PSIxIiB4bWxucz0iaHR0cDovL3d3dy53My5vcmcvMjAwMC9zdmciPjwvc3ZnPg==\" \/><\/figure>\n\n\n\n<p><strong>Moderne, discret<\/strong>, vous pouvez facilement glisser le stylo <span class=\"whitespace-nowrap\">D-<em>mine<\/em><sup>\u00ae<\/sup><\/span> dans votre poche pour une utilisation \u00e0 tout moment de la journ\u00e9e.<\/p>\n\n\n\n<div class=\"wp-block-columns is-layout-flex wp-container-core-columns-is-layout-9d6595d7 wp-block-columns-is-layout-flex\">\n<div class=\"wp-block-column is-layout-flow wp-block-column-is-layout-flow\">\n<figure class=\"wp-block-image aligncenter size-large is-style-full-image\"><img decoding=\"async\" width=\"1024\" height=\"733\" data-src=\"https:\/\/www.d-minecare.com\/fra\/wp-content\/uploads\/sites\/3\/2023\/04\/DPEN-coffret-1024x733.png\" alt=\"\" class=\"wp-image-2176 lazyload\" data-srcset=\"https:\/\/www.d-minecare.com\/fra\/wp-content\/uploads\/sites\/3\/2023\/04\/DPEN-coffret-1024x733.png 1024w, https:\/\/www.d-minecare.com\/fra\/wp-content\/uploads\/sites\/3\/2023\/04\/DPEN-coffret-300x215.png 300w, https:\/\/www.d-minecare.com\/fra\/wp-content\/uploads\/sites\/3\/2023\/04\/DPEN-coffret-768x550.png 768w, https:\/\/www.d-minecare.com\/fra\/wp-content\/uploads\/sites\/3\/2023\/04\/DPEN-coffret-1536x1100.png 1536w, https:\/\/www.d-minecare.com\/fra\/wp-content\/uploads\/sites\/3\/2023\/04\/DPEN-coffret-2048x1466.png 2048w\" data-sizes=\"(max-width: 1024px) 100vw, 1024px\" src=\"data:image\/svg+xml;base64,PHN2ZyB3aWR0aD0iMSIgaGVpZ2h0PSIxIiB4bWxucz0iaHR0cDovL3d3dy53My5vcmcvMjAwMC9zdmciPjwvc3ZnPg==\" style=\"--smush-placeholder-width: 1024px; --smush-placeholder-aspect-ratio: 1024\/733;\" \/><\/figure>\n<\/div>\n\n\n\n<div class=\"wp-block-column is-vertically-aligned-center is-layout-flow wp-block-column-is-layout-flow\">\n<figure class=\"wp-block-image size-large\"><img decoding=\"async\" width=\"1024\" height=\"198\" data-src=\"https:\/\/www.d-minecare.com\/fra\/wp-content\/uploads\/sites\/3\/2023\/04\/ServoPen-Ever-Parts-top-1024x198.jpg\" alt=\"\" class=\"wp-image-2510 lazyload\" data-srcset=\"https:\/\/www.d-minecare.com\/fra\/wp-content\/uploads\/sites\/3\/2023\/04\/ServoPen-Ever-Parts-top-1024x198.jpg 1024w, https:\/\/www.d-minecare.com\/fra\/wp-content\/uploads\/sites\/3\/2023\/04\/ServoPen-Ever-Parts-top-300x58.jpg 300w, https:\/\/www.d-minecare.com\/fra\/wp-content\/uploads\/sites\/3\/2023\/04\/ServoPen-Ever-Parts-top-768x148.jpg 768w, https:\/\/www.d-minecare.com\/fra\/wp-content\/uploads\/sites\/3\/2023\/04\/ServoPen-Ever-Parts-top-1536x296.jpg 1536w, https:\/\/www.d-minecare.com\/fra\/wp-content\/uploads\/sites\/3\/2023\/04\/ServoPen-Ever-Parts-top.jpg 2000w\" data-sizes=\"(max-width: 1024px) 100vw, 1024px\" src=\"data:image\/svg+xml;base64,PHN2ZyB3aWR0aD0iMSIgaGVpZ2h0PSIxIiB4bWxucz0iaHR0cDovL3d3dy53My5vcmcvMjAwMC9zdmciPjwvc3ZnPg==\" style=\"--smush-placeholder-width: 1024px; --smush-placeholder-aspect-ratio: 1024\/198;\" \/><\/figure>\n<\/div>\n<\/div>\n\n\n\n<p>*aiguilles non fournies. Les aiguilles de stylo appropri\u00e9es : aiguilles BD Micro-Fine Ultra <sup>TM<\/sup> <br>&#8211; calibre 29 \u00e0 31 gauges (diam\u00e8tre 0,25 &#8211; 0,33 mm)<br>&#8211; longueur 5 &#8211; 12,7 mm<br><em>Les aiguilles pour stylo d&#8217;autres fabricants peuvent \u00eatre utilis\u00e9es s&#8217;il est sp\u00e9cifi\u00e9 qu&#8217;elles sont compatibles avec le stylo <span class=\"whitespace-nowrap\">D-<em>mine<\/em><sup>\u00ae<\/sup><\/span>. <\/em><\/p>\n\n\n\n<p class=\"has-text-align-left has-brand-color has-text-color\"><strong>Le stylo injecteur r\u00e9utilisable <span class=\"whitespace-nowrap\">D-<em>mine<\/em><sup>\u00ae<\/sup><\/span> est utilis\u00e9 uniquement avec des cartouches de 3 ml \u00e0 une concentration de 10 mg\/ml propos\u00e9s par EVER Neuro Pharma GmbH pour traiter la maladie de Parkinson. <\/strong><\/p>\n\n\n\n<p>DM Classe IIa \u2013 CE 0044<br>Code LPP individuel : 6111048, dispositif pris en charge par l\u2019assurance maladie.<br>Fabricant : EVER Neuro Pharma GmbH<\/p>\n\n\n\n<p>Pour plus d&#8217;informations, r\u00e9f\u00e9rez-vous \u00e0 la notice d&#8217;utilisation. Le livret d&#8217;utilisation se trouve dans <a href=\"http:\/\/: https:\/\/www.d-minecare.com\/fra\/telechargements\/\">T\u00e9l\u00e9chargements.<\/a><\/p>\n\n\n\n<div style=\"height:50px\" aria-hidden=\"true\" class=\"wp-block-spacer\"><\/div>\n\n\n\n<div class=\"wp-block-columns is-layout-flex wp-container-core-columns-is-layout-9d6595d7 wp-block-columns-is-layout-flex\">\n<div class=\"wp-block-column is-layout-flow wp-block-column-is-layout-flow\">\n<figure class=\"wp-block-video\"><video height=\"720\" style=\"aspect-ratio: 1280 \/ 720;\" width=\"1280\" controls src=\"https:\/\/www.d-minecare.com\/fra\/wp-content\/uploads\/sites\/3\/2023\/03\/DMINE-clip-stylo-18-2021_04-2021_V2-1.mp4\"><\/video><\/figure>\n\n\n\n<h6 class=\"wp-block-heading is-style-section-title has-gray-light-background-color has-background has-base-font-size\">Vid\u00e9o de pr\u00e9sentation du stylo <span class=\"whitespace-nowrap\">D-<em>mine<\/em><sup>\u00ae<\/sup><\/span><\/h6>\n<\/div>\n\n\n\n<div class=\"wp-block-column is-layout-flow wp-block-column-is-layout-flow\">\n<figure class=\"wp-block-video\"><video height=\"1080\" style=\"aspect-ratio: 1920 \/ 1080;\" width=\"1920\" controls src=\"http:\/\/www.d-minecare.com\/fra\/wp-content\/uploads\/sites\/3\/videos\/video-stylo-site-d-mine-gp-v2.mp4\"><\/video><\/figure>\n\n\n\n<h6 class=\"wp-block-heading is-style-section-title has-gray-light-background-color has-background has-base-font-size\">Vid\u00e9o de manipulation du stylo <span class=\"whitespace-nowrap\">D-<em>mine<\/em><sup>\u00ae<\/sup><\/span><\/h6>\n<\/div>\n<\/div>\n<\/div><\/div>\n\n\n\n<div style=\"height:100px\" aria-hidden=\"true\" class=\"wp-block-spacer\"><\/div>\n\n\n\n<div class=\"wp-block-theme-section alignfull\"><div class=\"wp-block-theme-section__content\">\n<div class=\"wp-block-columns is-style-default is-layout-flex wp-container-core-columns-is-layout-e95a7ca1 wp-block-columns-is-layout-flex\" style=\"padding-top:2rem;padding-bottom:2rem\">\n<div class=\"wp-block-column is-style-default is-layout-flow wp-block-column-is-layout-flow\">\n<div class=\"wp-block-group is-style-card has-gray-base-color has-gray-light-background-color has-text-color has-background is-vertical is-layout-flex wp-container-core-group-is-layout-8cf370e7 wp-block-group-is-layout-flex\">\n<figure class=\"wp-block-image size-full\"><img decoding=\"async\" data-src=\"https:\/\/www.d-minecare.com\/wp-content\/uploads\/2022\/05\/d-minecare-teaserbox-570x338_4.png\" alt=\"\" class=\"wp-image-955 lazyload\" src=\"data:image\/svg+xml;base64,PHN2ZyB3aWR0aD0iMSIgaGVpZ2h0PSIxIiB4bWxucz0iaHR0cDovL3d3dy53My5vcmcvMjAwMC9zdmciPjwvc3ZnPg==\" \/><\/figure>\n\n\n\n<div class=\"wp-block-group is-layout-flow wp-block-group-is-layout-flow\">\n<h2 class=\"wp-block-heading has-brand-color has-text-color\">Soutenir les patients parkinsoniens<\/h2>\n\n\n\n<p><\/p>\n\n\n\n<div class=\"wp-block-buttons is-layout-flex wp-block-buttons-is-layout-flex\">\n<div class=\"wp-block-button is-style-underline\"><a class=\"wp-block-button__link has-brand-color has-text-color wp-element-button\" href=\"https:\/\/www.d-minecare.com\/fra\/soutenir-les-patients-parkinsoniens\/\">EN SAVOIR PLUS<\/a><\/div>\n<\/div>\n<\/div>\n<\/div>\n<\/div>\n\n\n\n<div class=\"wp-block-column is-style-default is-layout-flow wp-block-column-is-layout-flow\">\n<div class=\"wp-block-group is-style-card has-white-color has-brand-background-color has-text-color has-background is-vertical is-layout-flex wp-container-core-group-is-layout-8cad6afd wp-block-group-is-layout-flex\">\n<figure class=\"wp-block-image size-full\"><img decoding=\"async\" data-src=\"https:\/\/www.d-minecare.com\/wp-content\/uploads\/2022\/05\/Bilder_web_teasaer_download_570x338px.jpg\" alt=\"\" class=\"wp-image-1396 lazyload\" src=\"data:image\/svg+xml;base64,PHN2ZyB3aWR0aD0iMSIgaGVpZ2h0PSIxIiB4bWxucz0iaHR0cDovL3d3dy53My5vcmcvMjAwMC9zdmciPjwvc3ZnPg==\" \/><\/figure>\n\n\n\n<div class=\"wp-block-group is-layout-flow wp-block-group-is-layout-flow\">\n<h2 class=\"wp-block-heading\">T\u00e9l\u00e9chargements<\/h2>\n\n\n\n<p>Trouver des supports et notices d&#8217;utilisation pour patients ici.<\/p>\n\n\n\n<div class=\"wp-block-buttons is-layout-flex wp-block-buttons-is-layout-flex\">\n<div class=\"wp-block-button is-style-underline\"><a class=\"wp-block-button__link has-white-color has-text-color wp-element-button\" href=\"https:\/\/www.d-minecare.com\/fra\/telechargements\/\">EN SAVOIR PLUS<\/a><\/div>\n<\/div>\n<\/div>\n<\/div>\n<\/div>\n<\/div>\n<\/div><\/div>\n","protected":false},"excerpt":{"rendered":"","protected":false},"author":14,"featured_media":197,"parent":0,"menu_order":20,"comment_status":"closed","ping_status":"closed","template":"","meta":{"_acf_changed":false,"footnotes":""},"class_list":["post-3391","page","type-page","status-publish","has-post-thumbnail","hentry"],"acf":[],"yoast_head":"<!-- This site is optimized with the Yoast SEO plugin v27.4 - https:\/\/yoast.com\/product\/yoast-seo-wordpress\/ -->\n<title>Stylo D-mine\u00ae pour injections intermittentes - EVER Pharma<\/title>\n<meta name=\"description\" content=\"Le stylo D-mine\u00ae est d\u00e9velopp\u00e9 par EVER Pharma pour des injections intermittentes. Dispositif m\u00e9dical de la maladie de Parkinson au stade avanc\u00e9.\" \/>\n<meta name=\"robots\" content=\"index, follow, max-snippet:-1, max-image-preview:large, max-video-preview:-1\" \/>\n<link rel=\"canonical\" href=\"https:\/\/www.d-minecare.com\/fra\/stylo-d-mine-pour-injections-intermittente\/\" \/>\n<meta property=\"og:locale\" content=\"fr_FR\" \/>\n<meta property=\"og:type\" content=\"article\" \/>\n<meta property=\"og:title\" content=\"Stylo D-mine\u00ae pour injections intermittentes - EVER Pharma\" \/>\n<meta property=\"og:description\" content=\"Le stylo D-mine\u00ae est d\u00e9velopp\u00e9 par EVER Pharma pour des injections intermittentes. Dispositif m\u00e9dical de la maladie de Parkinson au stade avanc\u00e9.\" \/>\n<meta property=\"og:url\" content=\"https:\/\/www.d-minecare.com\/fra\/stylo-d-mine-pour-injections-intermittente\/\" \/>\n<meta property=\"og:site_name\" content=\"D-Mine\u00ae Care France\" \/>\n<meta property=\"article:modified_time\" content=\"2025-07-15T14:05:01+00:00\" \/>\n<meta property=\"og:image\" content=\"http:\/\/www.d-minecare.com\/fra\/wp-content\/uploads\/sites\/3\/2023\/02\/Bilder_web_19.jpg\" \/>\n\t<meta property=\"og:image:width\" content=\"570\" \/>\n\t<meta property=\"og:image:height\" content=\"338\" \/>\n\t<meta property=\"og:image:type\" content=\"image\/jpeg\" \/>\n<meta name=\"twitter:card\" content=\"summary_large_image\" \/>\n<meta name=\"twitter:label1\" content=\"Dur\u00e9e de lecture estim\u00e9e\" \/>\n\t<meta name=\"twitter:data1\" content=\"9 minutes\" \/>\n<script type=\"application\/ld+json\" class=\"yoast-schema-graph\">{\"@context\":\"https:\\\/\\\/schema.org\",\"@graph\":[{\"@type\":\"WebPage\",\"@id\":\"https:\\\/\\\/www.d-minecare.com\\\/fra\\\/stylo-d-mine-pour-injections-intermittente\\\/\",\"url\":\"https:\\\/\\\/www.d-minecare.com\\\/fra\\\/stylo-d-mine-pour-injections-intermittente\\\/\",\"name\":\"Stylo D-mine\u00ae pour injections intermittentes - EVER Pharma\",\"isPartOf\":{\"@id\":\"https:\\\/\\\/www.d-minecare.com\\\/fra\\\/#website\"},\"primaryImageOfPage\":{\"@id\":\"https:\\\/\\\/www.d-minecare.com\\\/fra\\\/stylo-d-mine-pour-injections-intermittente\\\/#primaryimage\"},\"image\":{\"@id\":\"https:\\\/\\\/www.d-minecare.com\\\/fra\\\/stylo-d-mine-pour-injections-intermittente\\\/#primaryimage\"},\"thumbnailUrl\":\"https:\\\/\\\/www.d-minecare.com\\\/fra\\\/wp-content\\\/uploads\\\/sites\\\/3\\\/2023\\\/02\\\/Bilder_web_19.jpg\",\"datePublished\":\"2025-03-27T10:03:31+00:00\",\"dateModified\":\"2025-07-15T14:05:01+00:00\",\"description\":\"Le stylo D-mine\u00ae est d\u00e9velopp\u00e9 par EVER Pharma pour des injections intermittentes. Dispositif m\u00e9dical de la maladie de Parkinson au stade avanc\u00e9.\",\"breadcrumb\":{\"@id\":\"https:\\\/\\\/www.d-minecare.com\\\/fra\\\/stylo-d-mine-pour-injections-intermittente\\\/#breadcrumb\"},\"inLanguage\":\"fr-FR\",\"potentialAction\":[{\"@type\":\"ReadAction\",\"target\":[\"https:\\\/\\\/www.d-minecare.com\\\/fra\\\/stylo-d-mine-pour-injections-intermittente\\\/\"]}]},{\"@type\":\"ImageObject\",\"inLanguage\":\"fr-FR\",\"@id\":\"https:\\\/\\\/www.d-minecare.com\\\/fra\\\/stylo-d-mine-pour-injections-intermittente\\\/#primaryimage\",\"url\":\"https:\\\/\\\/www.d-minecare.com\\\/fra\\\/wp-content\\\/uploads\\\/sites\\\/3\\\/2023\\\/02\\\/Bilder_web_19.jpg\",\"contentUrl\":\"https:\\\/\\\/www.d-minecare.com\\\/fra\\\/wp-content\\\/uploads\\\/sites\\\/3\\\/2023\\\/02\\\/Bilder_web_19.jpg\",\"width\":570,\"height\":338},{\"@type\":\"BreadcrumbList\",\"@id\":\"https:\\\/\\\/www.d-minecare.com\\\/fra\\\/stylo-d-mine-pour-injections-intermittente\\\/#breadcrumb\",\"itemListElement\":[{\"@type\":\"ListItem\",\"position\":1,\"name\":\"Home\",\"item\":\"https:\\\/\\\/www.d-minecare.com\\\/fra\\\/\"},{\"@type\":\"ListItem\",\"position\":2,\"name\":\"Stylo D-mine\u00ae pour injections intermittente\"}]},{\"@type\":\"WebSite\",\"@id\":\"https:\\\/\\\/www.d-minecare.com\\\/fra\\\/#website\",\"url\":\"https:\\\/\\\/www.d-minecare.com\\\/fra\\\/\",\"name\":\"D-Mine\u00ae Care France\",\"description\":\"\",\"potentialAction\":[{\"@type\":\"SearchAction\",\"target\":{\"@type\":\"EntryPoint\",\"urlTemplate\":\"https:\\\/\\\/www.d-minecare.com\\\/fra\\\/?s={search_term_string}\"},\"query-input\":{\"@type\":\"PropertyValueSpecification\",\"valueRequired\":true,\"valueName\":\"search_term_string\"}}],\"inLanguage\":\"fr-FR\"}]}<\/script>\n<!-- \/ Yoast SEO plugin. -->","yoast_head_json":{"title":"Stylo D-mine\u00ae pour injections intermittentes - EVER Pharma","description":"Le stylo D-mine\u00ae est d\u00e9velopp\u00e9 par EVER Pharma pour des injections intermittentes. Dispositif m\u00e9dical de la maladie de Parkinson au stade avanc\u00e9.","robots":{"index":"index","follow":"follow","max-snippet":"max-snippet:-1","max-image-preview":"max-image-preview:large","max-video-preview":"max-video-preview:-1"},"canonical":"https:\/\/www.d-minecare.com\/fra\/stylo-d-mine-pour-injections-intermittente\/","og_locale":"fr_FR","og_type":"article","og_title":"Stylo D-mine\u00ae pour injections intermittentes - EVER Pharma","og_description":"Le stylo D-mine\u00ae est d\u00e9velopp\u00e9 par EVER Pharma pour des injections intermittentes. Dispositif m\u00e9dical de la maladie de Parkinson au stade avanc\u00e9.","og_url":"https:\/\/www.d-minecare.com\/fra\/stylo-d-mine-pour-injections-intermittente\/","og_site_name":"D-Mine\u00ae Care France","article_modified_time":"2025-07-15T14:05:01+00:00","og_image":[{"width":570,"height":338,"url":"http:\/\/www.d-minecare.com\/fra\/wp-content\/uploads\/sites\/3\/2023\/02\/Bilder_web_19.jpg","type":"image\/jpeg"}],"twitter_card":"summary_large_image","twitter_misc":{"Dur\u00e9e de lecture estim\u00e9e":"9 minutes"},"schema":{"@context":"https:\/\/schema.org","@graph":[{"@type":"WebPage","@id":"https:\/\/www.d-minecare.com\/fra\/stylo-d-mine-pour-injections-intermittente\/","url":"https:\/\/www.d-minecare.com\/fra\/stylo-d-mine-pour-injections-intermittente\/","name":"Stylo D-mine\u00ae pour injections intermittentes - EVER Pharma","isPartOf":{"@id":"https:\/\/www.d-minecare.com\/fra\/#website"},"primaryImageOfPage":{"@id":"https:\/\/www.d-minecare.com\/fra\/stylo-d-mine-pour-injections-intermittente\/#primaryimage"},"image":{"@id":"https:\/\/www.d-minecare.com\/fra\/stylo-d-mine-pour-injections-intermittente\/#primaryimage"},"thumbnailUrl":"https:\/\/www.d-minecare.com\/fra\/wp-content\/uploads\/sites\/3\/2023\/02\/Bilder_web_19.jpg","datePublished":"2025-03-27T10:03:31+00:00","dateModified":"2025-07-15T14:05:01+00:00","description":"Le stylo D-mine\u00ae est d\u00e9velopp\u00e9 par EVER Pharma pour des injections intermittentes. Dispositif m\u00e9dical de la maladie de Parkinson au stade avanc\u00e9.","breadcrumb":{"@id":"https:\/\/www.d-minecare.com\/fra\/stylo-d-mine-pour-injections-intermittente\/#breadcrumb"},"inLanguage":"fr-FR","potentialAction":[{"@type":"ReadAction","target":["https:\/\/www.d-minecare.com\/fra\/stylo-d-mine-pour-injections-intermittente\/"]}]},{"@type":"ImageObject","inLanguage":"fr-FR","@id":"https:\/\/www.d-minecare.com\/fra\/stylo-d-mine-pour-injections-intermittente\/#primaryimage","url":"https:\/\/www.d-minecare.com\/fra\/wp-content\/uploads\/sites\/3\/2023\/02\/Bilder_web_19.jpg","contentUrl":"https:\/\/www.d-minecare.com\/fra\/wp-content\/uploads\/sites\/3\/2023\/02\/Bilder_web_19.jpg","width":570,"height":338},{"@type":"BreadcrumbList","@id":"https:\/\/www.d-minecare.com\/fra\/stylo-d-mine-pour-injections-intermittente\/#breadcrumb","itemListElement":[{"@type":"ListItem","position":1,"name":"Home","item":"https:\/\/www.d-minecare.com\/fra\/"},{"@type":"ListItem","position":2,"name":"Stylo D-mine\u00ae pour injections intermittente"}]},{"@type":"WebSite","@id":"https:\/\/www.d-minecare.com\/fra\/#website","url":"https:\/\/www.d-minecare.com\/fra\/","name":"D-Mine\u00ae Care France","description":"","potentialAction":[{"@type":"SearchAction","target":{"@type":"EntryPoint","urlTemplate":"https:\/\/www.d-minecare.com\/fra\/?s={search_term_string}"},"query-input":{"@type":"PropertyValueSpecification","valueRequired":true,"valueName":"search_term_string"}}],"inLanguage":"fr-FR"}]}},"_links":{"self":[{"href":"https:\/\/www.d-minecare.com\/fra\/wp-json\/wp\/v2\/pages\/3391","targetHints":{"allow":["GET"]}}],"collection":[{"href":"https:\/\/www.d-minecare.com\/fra\/wp-json\/wp\/v2\/pages"}],"about":[{"href":"https:\/\/www.d-minecare.com\/fra\/wp-json\/wp\/v2\/types\/page"}],"author":[{"embeddable":true,"href":"https:\/\/www.d-minecare.com\/fra\/wp-json\/wp\/v2\/users\/14"}],"replies":[{"embeddable":true,"href":"https:\/\/www.d-minecare.com\/fra\/wp-json\/wp\/v2\/comments?post=3391"}],"version-history":[{"count":2,"href":"https:\/\/www.d-minecare.com\/fra\/wp-json\/wp\/v2\/pages\/3391\/revisions"}],"predecessor-version":[{"id":3458,"href":"https:\/\/www.d-minecare.com\/fra\/wp-json\/wp\/v2\/pages\/3391\/revisions\/3458"}],"wp:featuredmedia":[{"embeddable":true,"href":"https:\/\/www.d-minecare.com\/fra\/wp-json\/wp\/v2\/media\/197"}],"wp:attachment":[{"href":"https:\/\/www.d-minecare.com\/fra\/wp-json\/wp\/v2\/media?parent=3391"}],"curies":[{"name":"wp","href":"https:\/\/api.w.org\/{rel}","templated":true}]}}