{"id":3600,"date":"2026-01-06T09:44:03","date_gmt":"2026-01-06T08:44:03","guid":{"rendered":"https:\/\/www.d-minecare.com\/fra\/?page_id=3600"},"modified":"2026-01-06T10:22:38","modified_gmt":"2026-01-06T09:22:38","slug":"telechargements","status":"publish","type":"page","link":"https:\/\/www.d-minecare.com\/fra\/telechargements\/","title":{"rendered":"T\u00e9l\u00e9chargements"},"content":{"rendered":"\n<div class=\"wp-block-theme-section alignfull\"><div class=\"wp-block-theme-section__content\">\n<h2 class=\"wp-block-heading is-style-main-title\">T\u00e9l\u00e9chargements<\/h2>\n\n\n\n<div class=\"wp-block-columns is-layout-flex wp-container-core-columns-is-layout-9d6595d7 wp-block-columns-is-layout-flex\">\n<div class=\"wp-block-column is-layout-flow wp-block-column-is-layout-flow\">\n<p class=\"has-text-align-center\"><strong>Livret d&#8217;utilisation pompe <span class=\"whitespace-nowrap\">D-<em>mine<\/em><sup>\u00ae<\/sup><\/span><\/strong> <strong>V2<\/strong><\/p>\n\n\n\n<div data-wp-interactive=\"core\/file\" class=\"wp-block-file\"><object data-wp-bind--hidden=\"!state.hasPdfPreview\" hidden class=\"wp-block-file__embed\" data=\"https:\/\/www.d-minecare.com\/fra\/wp-content\/uploads\/sites\/3\/2023\/04\/DPUMP-livret-utilisation-29-2021_09-2021_num-1.pdf\" type=\"application\/pdf\" style=\"width:100%;height:600px\" aria-label=\"Contenu embarqu\u00e9 DPUMP-livret-utilisation-29-2021_09-2021_num-1.\"><\/object><a id=\"wp-block-file--media-b9a9b34c-adcd-4938-b142-398cb7310493\" href=\"https:\/\/www.d-minecare.com\/fra\/wp-content\/uploads\/sites\/3\/2023\/04\/DPUMP-livret-utilisation-29-2021_09-2021_num-1.pdf\" target=\"_blank\" rel=\"noreferrer noopener\">DPUMP-livret-utilisation-29-2021_09-2021_num-1<\/a><a href=\"https:\/\/www.d-minecare.com\/fra\/wp-content\/uploads\/sites\/3\/2023\/04\/DPUMP-livret-utilisation-29-2021_09-2021_num-1.pdf\" class=\"wp-block-file__button wp-element-button\" download aria-describedby=\"wp-block-file--media-b9a9b34c-adcd-4938-b142-398cb7310493\">T\u00e9l\u00e9charger<\/a><\/div>\n\n\n\n<p><\/p>\n\n\n\n<p class=\"has-text-align-center\"><strong>Livret d&#8217;utilisation stylo <span class=\"whitespace-nowrap\">D-<em>mine<\/em><sup>\u00ae<\/sup><\/span><\/strong><\/p>\n\n\n\n<div data-wp-interactive=\"core\/file\" class=\"wp-block-file\"><object data-wp-bind--hidden=\"!state.hasPdfPreview\" hidden class=\"wp-block-file__embed\" data=\"https:\/\/www.d-minecare.com\/fra\/wp-content\/uploads\/sites\/3\/2023\/04\/DPEN-livret-utilisation-43-2019_01-2020.pdf\" type=\"application\/pdf\" style=\"width:100%;height:600px\" aria-label=\"Contenu embarqu\u00e9 DPEN-livret-utilisation-43-2019_01-2020.\"><\/object><a id=\"wp-block-file--media-5c62ab1f-00a7-4ca3-875f-d349456eb018\" href=\"https:\/\/www.d-minecare.com\/fra\/wp-content\/uploads\/sites\/3\/2023\/04\/DPEN-livret-utilisation-43-2019_01-2020.pdf\" target=\"_blank\" rel=\"noreferrer noopener\">DPEN-livret-utilisation-43-2019_01-2020<\/a><a href=\"https:\/\/www.d-minecare.com\/fra\/wp-content\/uploads\/sites\/3\/2023\/04\/DPEN-livret-utilisation-43-2019_01-2020.pdf\" class=\"wp-block-file__button wp-element-button\" download aria-describedby=\"wp-block-file--media-5c62ab1f-00a7-4ca3-875f-d349456eb018\">T\u00e9l\u00e9charger<\/a><\/div>\n\n\n\n<p><\/p>\n<\/div>\n\n\n\n<div class=\"wp-block-column is-layout-flow wp-block-column-is-layout-flow\">\n<p class=\"has-text-align-center\"><strong>Mode d&#8217;emploi complet pompe<\/strong> <strong><span class=\"whitespace-nowrap\">D-<em>mine<\/em><sup>\u00ae<\/sup><\/span><\/strong><\/p>\n\n\n\n<div data-wp-interactive=\"core\/file\" class=\"wp-block-file\"><object data-wp-bind--hidden=\"!state.hasPdfPreview\" hidden class=\"wp-block-file__embed\" data=\"https:\/\/www.d-minecare.com\/fra\/wp-content\/uploads\/sites\/3\/2025\/02\/D-mine_IFUPump_64214_FR_V03.pdf\" type=\"application\/pdf\" style=\"width:100%;height:600px\" aria-label=\"Contenu embarqu\u00e9 D-mine_IFUPump_64214_FR_V03.\"><\/object><a id=\"wp-block-file--media-2cc14013-6c35-400a-bcac-4c79ca554db0\" href=\"https:\/\/www.d-minecare.com\/fra\/wp-content\/uploads\/sites\/3\/2025\/02\/D-mine_IFUPump_64214_FR_V03.pdf\" target=\"_blank\" rel=\"noreferrer noopener\">D-mine_IFUPump_64214_FR_V03<\/a><a href=\"https:\/\/www.d-minecare.com\/fra\/wp-content\/uploads\/sites\/3\/2025\/02\/D-mine_IFUPump_64214_FR_V03.pdf\" class=\"wp-block-file__button wp-element-button\" download aria-describedby=\"wp-block-file--media-2cc14013-6c35-400a-bcac-4c79ca554db0\">T\u00e9l\u00e9charger<\/a><\/div>\n\n\n\n<p><\/p>\n\n\n\n<p class=\"has-text-align-center\"><strong>Soins Cutan\u00e9s<\/strong><\/p>\n\n\n\n<div data-wp-interactive=\"core\/file\" class=\"wp-block-file\"><object data-wp-bind--hidden=\"!state.hasPdfPreview\" hidden class=\"wp-block-file__embed\" data=\"https:\/\/www.d-minecare.com\/fra\/wp-content\/uploads\/sites\/3\/2025\/02\/Brochure-soins-cutanes-02-2025-02-2025.pdf\" type=\"application\/pdf\" style=\"width:100%;height:600px\" aria-label=\"Contenu embarqu\u00e9 Brochure soins cutan\u00e9s 02-2025 02-2025.\"><\/object><a id=\"wp-block-file--media-72880117-b397-4409-87bd-99ba8db244be\" href=\"https:\/\/www.d-minecare.com\/fra\/wp-content\/uploads\/sites\/3\/2025\/02\/Brochure-soins-cutanes-02-2025-02-2025.pdf\" target=\"_blank\" rel=\"noreferrer noopener\">Brochure soins cutan\u00e9s 02-2025 02-2025<\/a><a href=\"https:\/\/www.d-minecare.com\/fra\/wp-content\/uploads\/sites\/3\/2025\/02\/Brochure-soins-cutanes-02-2025-02-2025.pdf\" class=\"wp-block-file__button wp-element-button\" download aria-describedby=\"wp-block-file--media-72880117-b397-4409-87bd-99ba8db244be\">T\u00e9l\u00e9charger<\/a><\/div>\n<\/div>\n<\/div>\n\n\n\n<div style=\"height:50px\" aria-hidden=\"true\" class=\"wp-block-spacer\"><\/div>\n\n\n\n<div class=\"wp-block-columns is-layout-flex wp-container-core-columns-is-layout-9d6595d7 wp-block-columns-is-layout-flex\">\n<div class=\"wp-block-column is-layout-flow wp-block-column-is-layout-flow\">\n<p><strong>Guide d\u00e9taill\u00e9 d&#8217;utilisation de la coque et de l&#8217;\u00e9tui de protection <span class=\"whitespace-nowrap\">D-<em>mine<\/em><sup>\u00ae<\/sup><\/span><\/strong><\/p>\n<\/div>\n\n\n\n<div class=\"wp-block-column is-layout-flow wp-block-column-is-layout-flow\">\n<p><strong>R\u00e9sum\u00e9 d&#8217;utilisation de la coque et de l&#8217;\u00e9tui de protection <span class=\"whitespace-nowrap\">D-<em>mine<\/em><sup>\u00ae<\/sup><\/span><\/strong><\/p>\n<\/div>\n<\/div>\n\n\n\n<div class=\"wp-block-columns is-layout-flex wp-container-core-columns-is-layout-9d6595d7 wp-block-columns-is-layout-flex\">\n<div class=\"wp-block-column is-layout-flow wp-block-column-is-layout-flow\">\n<div class=\"wp-block-group is-nowrap is-layout-flex wp-container-core-group-is-layout-ad2f72ca wp-block-group-is-layout-flex\">\n<div data-wp-interactive=\"core\/file\" class=\"wp-block-file\"><object data-wp-bind--hidden=\"!state.hasPdfPreview\" hidden class=\"wp-block-file__embed\" data=\"https:\/\/www.d-minecare.com\/fra\/wp-content\/uploads\/sites\/3\/2025\/12\/D-mine_Pump-Coqueetui_GuideDetaille-23-2025_08-2025.pdf\" type=\"application\/pdf\" style=\"width:100%;height:460px\" aria-label=\"Contenu embarqu\u00e9 D-mine_Pump-Coque&amp;\u00e9tui_GuideDetaill\u00e9 23-2025_08-2025.\"><\/object><a id=\"wp-block-file--media-8840b889-60e4-43aa-be3e-05782bc8a516\" href=\"https:\/\/www.d-minecare.com\/fra\/wp-content\/uploads\/sites\/3\/2025\/12\/D-mine_Pump-Coqueetui_GuideDetaille-23-2025_08-2025.pdf\" target=\"_blank\" rel=\"noreferrer noopener\">D-mine_Pump-Coque&amp;\u00e9tui_GuideDetaill\u00e9 23-2025_08-2025<\/a><a href=\"https:\/\/www.d-minecare.com\/fra\/wp-content\/uploads\/sites\/3\/2025\/12\/D-mine_Pump-Coqueetui_GuideDetaille-23-2025_08-2025.pdf\" class=\"wp-block-file__button wp-element-button\" download aria-describedby=\"wp-block-file--media-8840b889-60e4-43aa-be3e-05782bc8a516\">T\u00e9l\u00e9charger<\/a><\/div>\n<\/div>\n<\/div>\n\n\n\n<div class=\"wp-block-column is-layout-flow wp-block-column-is-layout-flow\">\n<div class=\"wp-block-group is-nowrap is-layout-flex wp-container-core-group-is-layout-ad2f72ca wp-block-group-is-layout-flex\">\n<div data-wp-interactive=\"core\/file\" class=\"wp-block-file\"><object data-wp-bind--hidden=\"!state.hasPdfPreview\" hidden class=\"wp-block-file__embed\" data=\"https:\/\/www.d-minecare.com\/fra\/wp-content\/uploads\/sites\/3\/2025\/12\/D-mine_CoqueEtui_Quickguide.pdf\" type=\"application\/pdf\" style=\"width:100%;height:460px\" aria-label=\"Contenu embarqu\u00e9 D-mine_Coque&amp;Etui_Quickguide.\"><\/object><a id=\"wp-block-file--media-00dcdd8f-9310-435a-9040-c4cec5573bca\" href=\"https:\/\/www.d-minecare.com\/fra\/wp-content\/uploads\/sites\/3\/2025\/12\/D-mine_CoqueEtui_Quickguide.pdf\">D-mine_Coque&amp;Etui_Quickguide<\/a><a href=\"https:\/\/www.d-minecare.com\/fra\/wp-content\/uploads\/sites\/3\/2025\/12\/D-mine_CoqueEtui_Quickguide.pdf\" class=\"wp-block-file__button wp-element-button\" download aria-describedby=\"wp-block-file--media-00dcdd8f-9310-435a-9040-c4cec5573bca\">T\u00c9L\u00c9CHARGER<\/a><\/div>\n<\/div>\n<\/div>\n<\/div>\n<\/div><\/div>\n\n\n\n<div style=\"height:100px\" aria-hidden=\"true\" class=\"wp-block-spacer\"><\/div>\n","protected":false},"excerpt":{"rendered":"","protected":false},"author":14,"featured_media":0,"parent":0,"menu_order":8,"comment_status":"closed","ping_status":"closed","template":"","meta":{"_acf_changed":false,"footnotes":""},"class_list":["post-3600","page","type-page","status-publish","hentry"],"acf":[],"yoast_head":"<!-- This site is optimized with the Yoast SEO plugin v27.4 - https:\/\/yoast.com\/product\/yoast-seo-wordpress\/ -->\n<title>T\u00e9l\u00e9chargements - D-Mine\u00ae Care France<\/title>\n<meta name=\"robots\" content=\"index, follow, max-snippet:-1, max-image-preview:large, max-video-preview:-1\" \/>\n<link rel=\"canonical\" href=\"https:\/\/www.d-minecare.com\/fra\/telechargements\/\" \/>\n<meta property=\"og:locale\" content=\"fr_FR\" \/>\n<meta property=\"og:type\" content=\"article\" \/>\n<meta property=\"og:title\" content=\"T\u00e9l\u00e9chargements - D-Mine\u00ae Care France\" \/>\n<meta property=\"og:url\" content=\"https:\/\/www.d-minecare.com\/fra\/telechargements\/\" \/>\n<meta property=\"og:site_name\" content=\"D-Mine\u00ae Care France\" \/>\n<meta property=\"article:modified_time\" content=\"2026-01-06T09:22:38+00:00\" \/>\n<meta name=\"twitter:card\" content=\"summary_large_image\" \/>\n<script type=\"application\/ld+json\" class=\"yoast-schema-graph\">{\"@context\":\"https:\\\/\\\/schema.org\",\"@graph\":[{\"@type\":\"WebPage\",\"@id\":\"https:\\\/\\\/www.d-minecare.com\\\/fra\\\/telechargements\\\/\",\"url\":\"https:\\\/\\\/www.d-minecare.com\\\/fra\\\/telechargements\\\/\",\"name\":\"T\u00e9l\u00e9chargements - D-Mine\u00ae Care France\",\"isPartOf\":{\"@id\":\"https:\\\/\\\/www.d-minecare.com\\\/fra\\\/#website\"},\"datePublished\":\"2026-01-06T08:44:03+00:00\",\"dateModified\":\"2026-01-06T09:22:38+00:00\",\"breadcrumb\":{\"@id\":\"https:\\\/\\\/www.d-minecare.com\\\/fra\\\/telechargements\\\/#breadcrumb\"},\"inLanguage\":\"fr-FR\",\"potentialAction\":[{\"@type\":\"ReadAction\",\"target\":[\"https:\\\/\\\/www.d-minecare.com\\\/fra\\\/telechargements\\\/\"]}]},{\"@type\":\"BreadcrumbList\",\"@id\":\"https:\\\/\\\/www.d-minecare.com\\\/fra\\\/telechargements\\\/#breadcrumb\",\"itemListElement\":[{\"@type\":\"ListItem\",\"position\":1,\"name\":\"Home\",\"item\":\"https:\\\/\\\/www.d-minecare.com\\\/fra\\\/\"},{\"@type\":\"ListItem\",\"position\":2,\"name\":\"T\u00e9l\u00e9chargements\"}]},{\"@type\":\"WebSite\",\"@id\":\"https:\\\/\\\/www.d-minecare.com\\\/fra\\\/#website\",\"url\":\"https:\\\/\\\/www.d-minecare.com\\\/fra\\\/\",\"name\":\"D-Mine\u00ae Care France\",\"description\":\"\",\"potentialAction\":[{\"@type\":\"SearchAction\",\"target\":{\"@type\":\"EntryPoint\",\"urlTemplate\":\"https:\\\/\\\/www.d-minecare.com\\\/fra\\\/?s={search_term_string}\"},\"query-input\":{\"@type\":\"PropertyValueSpecification\",\"valueRequired\":true,\"valueName\":\"search_term_string\"}}],\"inLanguage\":\"fr-FR\"}]}<\/script>\n<!-- \/ Yoast SEO plugin. -->","yoast_head_json":{"title":"T\u00e9l\u00e9chargements - D-Mine\u00ae Care France","robots":{"index":"index","follow":"follow","max-snippet":"max-snippet:-1","max-image-preview":"max-image-preview:large","max-video-preview":"max-video-preview:-1"},"canonical":"https:\/\/www.d-minecare.com\/fra\/telechargements\/","og_locale":"fr_FR","og_type":"article","og_title":"T\u00e9l\u00e9chargements - D-Mine\u00ae Care France","og_url":"https:\/\/www.d-minecare.com\/fra\/telechargements\/","og_site_name":"D-Mine\u00ae Care France","article_modified_time":"2026-01-06T09:22:38+00:00","twitter_card":"summary_large_image","schema":{"@context":"https:\/\/schema.org","@graph":[{"@type":"WebPage","@id":"https:\/\/www.d-minecare.com\/fra\/telechargements\/","url":"https:\/\/www.d-minecare.com\/fra\/telechargements\/","name":"T\u00e9l\u00e9chargements - D-Mine\u00ae Care France","isPartOf":{"@id":"https:\/\/www.d-minecare.com\/fra\/#website"},"datePublished":"2026-01-06T08:44:03+00:00","dateModified":"2026-01-06T09:22:38+00:00","breadcrumb":{"@id":"https:\/\/www.d-minecare.com\/fra\/telechargements\/#breadcrumb"},"inLanguage":"fr-FR","potentialAction":[{"@type":"ReadAction","target":["https:\/\/www.d-minecare.com\/fra\/telechargements\/"]}]},{"@type":"BreadcrumbList","@id":"https:\/\/www.d-minecare.com\/fra\/telechargements\/#breadcrumb","itemListElement":[{"@type":"ListItem","position":1,"name":"Home","item":"https:\/\/www.d-minecare.com\/fra\/"},{"@type":"ListItem","position":2,"name":"T\u00e9l\u00e9chargements"}]},{"@type":"WebSite","@id":"https:\/\/www.d-minecare.com\/fra\/#website","url":"https:\/\/www.d-minecare.com\/fra\/","name":"D-Mine\u00ae Care France","description":"","potentialAction":[{"@type":"SearchAction","target":{"@type":"EntryPoint","urlTemplate":"https:\/\/www.d-minecare.com\/fra\/?s={search_term_string}"},"query-input":{"@type":"PropertyValueSpecification","valueRequired":true,"valueName":"search_term_string"}}],"inLanguage":"fr-FR"}]}},"_links":{"self":[{"href":"https:\/\/www.d-minecare.com\/fra\/wp-json\/wp\/v2\/pages\/3600","targetHints":{"allow":["GET"]}}],"collection":[{"href":"https:\/\/www.d-minecare.com\/fra\/wp-json\/wp\/v2\/pages"}],"about":[{"href":"https:\/\/www.d-minecare.com\/fra\/wp-json\/wp\/v2\/types\/page"}],"author":[{"embeddable":true,"href":"https:\/\/www.d-minecare.com\/fra\/wp-json\/wp\/v2\/users\/14"}],"replies":[{"embeddable":true,"href":"https:\/\/www.d-minecare.com\/fra\/wp-json\/wp\/v2\/comments?post=3600"}],"version-history":[{"count":3,"href":"https:\/\/www.d-minecare.com\/fra\/wp-json\/wp\/v2\/pages\/3600\/revisions"}],"predecessor-version":[{"id":3606,"href":"https:\/\/www.d-minecare.com\/fra\/wp-json\/wp\/v2\/pages\/3600\/revisions\/3606"}],"wp:attachment":[{"href":"https:\/\/www.d-minecare.com\/fra\/wp-json\/wp\/v2\/media?parent=3600"}],"curies":[{"name":"wp","href":"https:\/\/api.w.org\/{rel}","templated":true}]}}