{"id":108,"date":"2023-03-28T08:12:56","date_gmt":"2023-03-28T08:12:56","guid":{"rendered":"https:\/\/www.d-minecare.com\/ita\/?page_id=108"},"modified":"2025-07-01T15:08:13","modified_gmt":"2025-07-01T15:08:13","slug":"cosa-si-prova","status":"publish","type":"page","link":"https:\/\/www.d-minecare.com\/ita\/cosa-si-prova\/","title":{"rendered":"Cosa si prova"},"content":{"rendered":"\n<div class=\"wp-block-theme-section alignfull\"><div class=\"wp-block-theme-section__content\">\n<h2 class=\"wp-block-heading is-style-main-title\">Cosa si prova<\/h2>\n\n\n\n<p>I pazienti affetti da malattia di Parkinson devono affrontare cambiamenti progressivi delle loro funzioni motorie e affrontare l&#8217;insorgere di molti altri <a href=\"https:\/\/www.d-minecare.com\/ita\/la-malattia-di-parkinson\">sintomi non motori<\/a>, tra cui depressione, problemi di sonno, dolore e disfunzione cognitiva. Molto spesso i pazienti hanno timori e preoccupazioni per il loro futuro. I cambiamenti nel pensiero e nelle emozioni di un paziente con malattia di Parkinson spesso portano a stati di depressione e ansia e di conseguenza a un minore coinvolgimento e attivit\u00e0 nella vita sociale. <\/p>\n\n\n\n<p>Di seguito puoi scoprire la storia personale di David Ashford Jones:<\/p>\n<\/div><\/div>\n\n\n\n<div style=\"height:60px\" aria-hidden=\"true\" class=\"wp-block-spacer\"><\/div>\n\n\n\n<div class=\"wp-block-theme-cover alignfull\"><div class=\"wp-block-theme-cover__background right-0\" style=\"background-image:url(https:\/\/www.d-minecare.com\/wp-content\/uploads\/2022\/05\/David-Ashford-Jones-1-1024x742.png);background-position:66% 35%\"><img decoding=\"async\" src=\"https:\/\/www.d-minecare.com\/wp-content\/uploads\/2022\/05\/David-Ashford-Jones-1-1024x742.png\" style=\"object-position:66% 35%\" \/><\/div><div class=\"wp-block-theme-cover__container justify-start items-center\"><div class=\"wp-block-theme-cover__content has-gray-medium-background-color has-undefined-color\">\n<h2 class=\"wp-block-heading is-style-section-title-big has-white-color has-text-color has-md-font-size\">David Ashford Jones<\/h2>\n\n\n\n<p class=\"has-white-color has-text-color\">Nato nella zona industriale dell&#8217;Inghilterra nel 1967, David oggi vive a 40 minuti dal centro di Londra.<br>Il desiderio di comprendere appieno il funzionamento delle cose ha portato David a conseguire una laurea con lode in Fisiologia e Farmacologia (Universit\u00e0 di Sheffield) e successivamente un MBA (Universit\u00e0 di Warwick).<\/p>\n<\/div><\/div><\/div>\n\n\n\n<div style=\"height:2rem\" aria-hidden=\"true\" class=\"wp-block-spacer\"><\/div>\n\n\n\n<div style=\"height:100px\" aria-hidden=\"true\" class=\"wp-block-spacer\"><\/div>\n\n\n\n<p>Dopo una carriera di successo di 25 anni nell&#8217;industria farmaceutica, dove ha ricoperto ruoli di responsabilit\u00e0 nella formazione, nelle vendite e nel marketing nel Regno Unito e a livello internazionale, David ha fondato la sua societ\u00e0 di consulenza Sagio.<\/p>\n\n\n\n<p>Nel 2010 gli \u00e8 stata diagnosticata la malattia di Parkinson e da allora \u00e8 stato un sostenitore attivo di <em>Cure Parkinson&#8217;s Trust<\/em> (CPT), contribuendo negli ultimi 4 anni al progetto <em>&#8220;Rallying to the Challenge&#8221;<\/em> e alle pubblicazioni di ricerca che ne sono derivate  (<a href=\"https:\/\/cureparkinsons.org.uk\/2021\/10\/webinar-rallying-2021\/\" target=\"_blank\" rel=\"noreferrer noopener\">scopri di pi\u00f9<\/a>).<\/p>\n\n\n\n<p>David diventer\u00e0 poco dopo testimone della CPT. A causa della malattia di Parkinson del padre, David \u00e8 cresciuto mangiando ogni sera seduto ad un tavolo che tremava. Poich\u00e9 le terapie che suo padre, cos\u00ec come lui stesso, ha dovuto affrontare per il Parkinson, non hanno portato a miglioramenti e il suo senso di frustrazione ha continuato a crescere, David si \u00e8 sentito motivato a cambiare se stesso.<\/p>\n\n\n\n<p>Oggi David \u00e8 sia un padre orgoglioso con una figlia che ha appena superato gli esami delle scuole superiori, sia un marito che &#8220;crea disordine&#8221; per sua moglie Nyki. David impiega il suo tempo libero occupandosi del giardino ed \u00e8 tornato a giocare a golf e ad andare in bicicletta, rendendosi conto di aver rinunciato a entrambi troppo facilmente. L&#8217;unica cosa che manca \u00e8 ritornare a sciare. Oscar, il suo cane, completa la sua famiglia e accompagna David nelle sue passegiate quotidiane. <\/p>\n\n\n\n<p>David ha avviato un&#8217;azienda farmaceutica e attualmente dedica il suo tempo alla ricerca di investimenti per un nuovo modello di business che generi fondi per la ricerca, bilanciando al contempo la necessit\u00e0 di pagare le bollette.<\/p>\n\n\n\n<div style=\"height:100px\" aria-hidden=\"true\" class=\"wp-block-spacer\"><\/div>\n","protected":false},"excerpt":{"rendered":"<p>Dopo una carriera di successo di 25 anni nell&#8217;industria farmaceutica, dove ha ricoperto ruoli di responsabilit\u00e0 nella formazione, nelle vendite e nel marketing nel Regno Unito e a livello internazionale, David ha fondato la sua societ\u00e0 di consulenza Sagio. Nel 2010 gli \u00e8 stata diagnosticata la malattia di Parkinson e da allora \u00e8 stato un [&hellip;]<\/p>\n","protected":false},"author":1,"featured_media":0,"parent":0,"menu_order":6,"comment_status":"closed","ping_status":"closed","template":"","meta":{"_acf_changed":false,"footnotes":""},"class_list":["post-108","page","type-page","status-publish","hentry"],"acf":[],"yoast_head":"<!-- This site is optimized with the Yoast SEO plugin v27.3 - https:\/\/yoast.com\/product\/yoast-seo-wordpress\/ -->\n<title>Cosa si prova - D-Mine\u00ae Care Italia<\/title>\n<meta name=\"description\" content=\"Dopo una carriera di successo di 25 anni nell&#8217;industria farmaceutica, dove ha ricoperto ruoli di responsabilit\u00e0 nella formazione, nelle vendite e nel marketing nel Regno Unito e a livello internazionale, David ha fondato la sua societ\u00e0 di consulenza Sagio. Nel 2010 gli \u00e8 stata diagnosticata la malattia di Parkinson e da allora \u00e8 stato un [&hellip;]\" \/>\n<meta name=\"robots\" content=\"index, follow, max-snippet:-1, max-image-preview:large, max-video-preview:-1\" \/>\n<link rel=\"canonical\" href=\"https:\/\/www.d-minecare.com\/ita\/cosa-si-prova\/\" \/>\n<meta property=\"og:locale\" content=\"it_IT\" \/>\n<meta property=\"og:type\" content=\"article\" \/>\n<meta property=\"og:title\" content=\"Cosa si prova - D-Mine\u00ae Care Italia\" \/>\n<meta property=\"og:description\" content=\"Dopo una carriera di successo di 25 anni nell&#8217;industria farmaceutica, dove ha ricoperto ruoli di responsabilit\u00e0 nella formazione, nelle vendite e nel marketing nel Regno Unito e a livello internazionale, David ha fondato la sua societ\u00e0 di consulenza Sagio. Nel 2010 gli \u00e8 stata diagnosticata la malattia di Parkinson e da allora \u00e8 stato un [&hellip;]\" \/>\n<meta property=\"og:url\" content=\"https:\/\/www.d-minecare.com\/ita\/cosa-si-prova\/\" \/>\n<meta property=\"og:site_name\" content=\"D-Mine\u00ae Care Italia\" \/>\n<meta property=\"article:modified_time\" content=\"2025-07-01T15:08:13+00:00\" \/>\n<meta property=\"og:image\" content=\"https:\/\/www.d-minecare.com\/wp-content\/uploads\/2022\/05\/David-Ashford-Jones-1-1024x742.png\" \/>\n<meta name=\"twitter:card\" content=\"summary_large_image\" \/>\n<meta name=\"twitter:label1\" content=\"Tempo di lettura stimato\" \/>\n\t<meta name=\"twitter:data1\" content=\"2 minuti\" \/>\n<script type=\"application\/ld+json\" class=\"yoast-schema-graph\">{\"@context\":\"https:\\\/\\\/schema.org\",\"@graph\":[{\"@type\":\"WebPage\",\"@id\":\"https:\\\/\\\/www.d-minecare.com\\\/ita\\\/cosa-si-prova\\\/\",\"url\":\"https:\\\/\\\/www.d-minecare.com\\\/ita\\\/cosa-si-prova\\\/\",\"name\":\"Cosa si prova - D-Mine\u00ae Care Italia\",\"isPartOf\":{\"@id\":\"https:\\\/\\\/www.d-minecare.com\\\/ita\\\/#website\"},\"primaryImageOfPage\":{\"@id\":\"https:\\\/\\\/www.d-minecare.com\\\/ita\\\/cosa-si-prova\\\/#primaryimage\"},\"image\":{\"@id\":\"https:\\\/\\\/www.d-minecare.com\\\/ita\\\/cosa-si-prova\\\/#primaryimage\"},\"thumbnailUrl\":\"https:\\\/\\\/www.d-minecare.com\\\/wp-content\\\/uploads\\\/2022\\\/05\\\/David-Ashford-Jones-1-1024x742.png\",\"datePublished\":\"2023-03-28T08:12:56+00:00\",\"dateModified\":\"2025-07-01T15:08:13+00:00\",\"breadcrumb\":{\"@id\":\"https:\\\/\\\/www.d-minecare.com\\\/ita\\\/cosa-si-prova\\\/#breadcrumb\"},\"inLanguage\":\"it-IT\",\"potentialAction\":[{\"@type\":\"ReadAction\",\"target\":[\"https:\\\/\\\/www.d-minecare.com\\\/ita\\\/cosa-si-prova\\\/\"]}]},{\"@type\":\"ImageObject\",\"inLanguage\":\"it-IT\",\"@id\":\"https:\\\/\\\/www.d-minecare.com\\\/ita\\\/cosa-si-prova\\\/#primaryimage\",\"url\":\"https:\\\/\\\/www.d-minecare.com\\\/wp-content\\\/uploads\\\/2022\\\/05\\\/David-Ashford-Jones-1-1024x742.png\",\"contentUrl\":\"https:\\\/\\\/www.d-minecare.com\\\/wp-content\\\/uploads\\\/2022\\\/05\\\/David-Ashford-Jones-1-1024x742.png\"},{\"@type\":\"BreadcrumbList\",\"@id\":\"https:\\\/\\\/www.d-minecare.com\\\/ita\\\/cosa-si-prova\\\/#breadcrumb\",\"itemListElement\":[{\"@type\":\"ListItem\",\"position\":1,\"name\":\"Home\",\"item\":\"https:\\\/\\\/www.d-minecare.com\\\/ita\\\/\"},{\"@type\":\"ListItem\",\"position\":2,\"name\":\"Cosa si prova\"}]},{\"@type\":\"WebSite\",\"@id\":\"https:\\\/\\\/www.d-minecare.com\\\/ita\\\/#website\",\"url\":\"https:\\\/\\\/www.d-minecare.com\\\/ita\\\/\",\"name\":\"D-Mine\u00ae Care Italia\",\"description\":\"Just another D-Mine Care site\",\"potentialAction\":[{\"@type\":\"SearchAction\",\"target\":{\"@type\":\"EntryPoint\",\"urlTemplate\":\"https:\\\/\\\/www.d-minecare.com\\\/ita\\\/?s={search_term_string}\"},\"query-input\":{\"@type\":\"PropertyValueSpecification\",\"valueRequired\":true,\"valueName\":\"search_term_string\"}}],\"inLanguage\":\"it-IT\"}]}<\/script>\n<!-- \/ Yoast SEO plugin. -->","yoast_head_json":{"title":"Cosa si prova - D-Mine\u00ae Care Italia","description":"Dopo una carriera di successo di 25 anni nell&#8217;industria farmaceutica, dove ha ricoperto ruoli di responsabilit\u00e0 nella formazione, nelle vendite e nel marketing nel Regno Unito e a livello internazionale, David ha fondato la sua societ\u00e0 di consulenza Sagio. Nel 2010 gli \u00e8 stata diagnosticata la malattia di Parkinson e da allora \u00e8 stato un [&hellip;]","robots":{"index":"index","follow":"follow","max-snippet":"max-snippet:-1","max-image-preview":"max-image-preview:large","max-video-preview":"max-video-preview:-1"},"canonical":"https:\/\/www.d-minecare.com\/ita\/cosa-si-prova\/","og_locale":"it_IT","og_type":"article","og_title":"Cosa si prova - D-Mine\u00ae Care Italia","og_description":"Dopo una carriera di successo di 25 anni nell&#8217;industria farmaceutica, dove ha ricoperto ruoli di responsabilit\u00e0 nella formazione, nelle vendite e nel marketing nel Regno Unito e a livello internazionale, David ha fondato la sua societ\u00e0 di consulenza Sagio. Nel 2010 gli \u00e8 stata diagnosticata la malattia di Parkinson e da allora \u00e8 stato un [&hellip;]","og_url":"https:\/\/www.d-minecare.com\/ita\/cosa-si-prova\/","og_site_name":"D-Mine\u00ae Care Italia","article_modified_time":"2025-07-01T15:08:13+00:00","og_image":[{"url":"https:\/\/www.d-minecare.com\/wp-content\/uploads\/2022\/05\/David-Ashford-Jones-1-1024x742.png","type":"","width":"","height":""}],"twitter_card":"summary_large_image","twitter_misc":{"Tempo di lettura stimato":"2 minuti"},"schema":{"@context":"https:\/\/schema.org","@graph":[{"@type":"WebPage","@id":"https:\/\/www.d-minecare.com\/ita\/cosa-si-prova\/","url":"https:\/\/www.d-minecare.com\/ita\/cosa-si-prova\/","name":"Cosa si prova - D-Mine\u00ae Care Italia","isPartOf":{"@id":"https:\/\/www.d-minecare.com\/ita\/#website"},"primaryImageOfPage":{"@id":"https:\/\/www.d-minecare.com\/ita\/cosa-si-prova\/#primaryimage"},"image":{"@id":"https:\/\/www.d-minecare.com\/ita\/cosa-si-prova\/#primaryimage"},"thumbnailUrl":"https:\/\/www.d-minecare.com\/wp-content\/uploads\/2022\/05\/David-Ashford-Jones-1-1024x742.png","datePublished":"2023-03-28T08:12:56+00:00","dateModified":"2025-07-01T15:08:13+00:00","breadcrumb":{"@id":"https:\/\/www.d-minecare.com\/ita\/cosa-si-prova\/#breadcrumb"},"inLanguage":"it-IT","potentialAction":[{"@type":"ReadAction","target":["https:\/\/www.d-minecare.com\/ita\/cosa-si-prova\/"]}]},{"@type":"ImageObject","inLanguage":"it-IT","@id":"https:\/\/www.d-minecare.com\/ita\/cosa-si-prova\/#primaryimage","url":"https:\/\/www.d-minecare.com\/wp-content\/uploads\/2022\/05\/David-Ashford-Jones-1-1024x742.png","contentUrl":"https:\/\/www.d-minecare.com\/wp-content\/uploads\/2022\/05\/David-Ashford-Jones-1-1024x742.png"},{"@type":"BreadcrumbList","@id":"https:\/\/www.d-minecare.com\/ita\/cosa-si-prova\/#breadcrumb","itemListElement":[{"@type":"ListItem","position":1,"name":"Home","item":"https:\/\/www.d-minecare.com\/ita\/"},{"@type":"ListItem","position":2,"name":"Cosa si prova"}]},{"@type":"WebSite","@id":"https:\/\/www.d-minecare.com\/ita\/#website","url":"https:\/\/www.d-minecare.com\/ita\/","name":"D-Mine\u00ae Care Italia","description":"Just another D-Mine Care site","potentialAction":[{"@type":"SearchAction","target":{"@type":"EntryPoint","urlTemplate":"https:\/\/www.d-minecare.com\/ita\/?s={search_term_string}"},"query-input":{"@type":"PropertyValueSpecification","valueRequired":true,"valueName":"search_term_string"}}],"inLanguage":"it-IT"}]}},"_links":{"self":[{"href":"https:\/\/www.d-minecare.com\/ita\/wp-json\/wp\/v2\/pages\/108","targetHints":{"allow":["GET"]}}],"collection":[{"href":"https:\/\/www.d-minecare.com\/ita\/wp-json\/wp\/v2\/pages"}],"about":[{"href":"https:\/\/www.d-minecare.com\/ita\/wp-json\/wp\/v2\/types\/page"}],"author":[{"embeddable":true,"href":"https:\/\/www.d-minecare.com\/ita\/wp-json\/wp\/v2\/users\/1"}],"replies":[{"embeddable":true,"href":"https:\/\/www.d-minecare.com\/ita\/wp-json\/wp\/v2\/comments?post=108"}],"version-history":[{"count":19,"href":"https:\/\/www.d-minecare.com\/ita\/wp-json\/wp\/v2\/pages\/108\/revisions"}],"predecessor-version":[{"id":810,"href":"https:\/\/www.d-minecare.com\/ita\/wp-json\/wp\/v2\/pages\/108\/revisions\/810"}],"wp:attachment":[{"href":"https:\/\/www.d-minecare.com\/ita\/wp-json\/wp\/v2\/media?parent=108"}],"curies":[{"name":"wp","href":"https:\/\/api.w.org\/{rel}","templated":true}]}}