{"id":211,"date":"2022-04-18T11:04:41","date_gmt":"2022-04-18T11:04:41","guid":{"rendered":"https:\/\/www.d-minecare.com\/ita\/stages-and-treatment-options\/"},"modified":"2025-12-19T13:31:44","modified_gmt":"2025-12-19T13:31:44","slug":"stadi-e-opzioni-terapeutiche","status":"publish","type":"page","link":"https:\/\/www.d-minecare.com\/ita\/stadi-e-opzioni-terapeutiche\/","title":{"rendered":"Stadi e opzioni terapeutiche"},"content":{"rendered":"\n<div class=\"wp-block-theme-cover alignfull is-full-wide-cover\"><div class=\"wp-block-theme-cover__background\" style=\"background-image:url(https:\/\/www.d-minecare.com\/wp-content\/uploads\/2022\/05\/Bilder_web_header_stages_1920x900px-1024x480.jpg);background-position:57.99999999999999% 28.000000000000004%\"><img decoding=\"async\" src=\"https:\/\/www.d-minecare.com\/wp-content\/uploads\/2022\/05\/Bilder_web_header_stages_1920x900px-1024x480.jpg\" style=\"object-position:57.99999999999999% 28.000000000000004%\" \/><\/div><\/div>\n\n\n\n<div class=\"wp-block-theme-section alignfull\"><div class=\"wp-block-theme-section__content\">\n<h2 class=\"wp-block-heading is-style-main-title\">Stadi e opzioni terapeutiche <\/h2>\n\n\n\n<p>Gli stadi della malattia di Parkinson corrispondono alla gravit\u00e0 dei sintomi motori e al grado di compromissione delle attivit\u00e0 quotidiane della persona. Le scale di valutazione pi\u00f9 utilizzate si concentrano sui sintomi motori, ma le nuove scale includono anche informazioni sui sintomi non motori (come problemi cognitivi o alterazione dell&#8217;olfatto). <a href=\"https:\/\/it.wikipedia.org\/wiki\/Malattia_di_Parkinson\" target=\"_blank\" rel=\"noreferrer noopener\">Scala di Hoehn e Yahr<\/a>, valuta i sintomi su una scala da 1 a 5. In questa scala, a seconda delle difficolt\u00e0 del singolo, 1 e 2 rappresentano la malattia di Parkinson allo stadio iniziale, 2 e 3 lo stadio intermedio e 4 e 5 lo stadio avanzato.<\/p>\n\n\n\n<p>Un&#8217;altra scala di valutazione comunemente utilizzata per definire la progressione del Parkinson \u00e8 la United Parkinson&#8217;s Disease Rating Scale (UPDRS). Questa scala si focalizza sui sintomi del movimento. Oltre a questi, la UPDRS tiene conto delle difficolt\u00e0 cognitive, della capacit\u00e0 nello svolgere le attivit\u00e0 quotidiane e delle complicazioni legate alla tipologia di trattamento.<\/p>\n\n\n\n<p>Ulteriori informazioni sulle scale di valutazione della malattia di Parkinson sono disponibili al seguente link: <a href=\"https:\/\/it.movementdisorders.org\/MDS\/Valutazione-dei-risultati-clinici-MDS.htm\" target=\"_blank\" rel=\"noreferrer noopener\">Valutazioni dei risultati clinici<\/a><\/p>\n\n\n\n<p><\/p>\n\n\n\n<p><\/p>\n\n\n\n<h2 class=\"wp-block-heading is-style-section-title has-gray-base-color has-text-color\">MALATTIA DI PARKINSON LIEVE<\/h2>\n\n\n\n<p>I sintomi motori possono creare degli inconvenienti, ma non incidono sulle attivit\u00e0 quotidiane del paziente.<\/p>\n\n\n\n<h2 class=\"wp-block-heading is-style-section-title has-gray-base-color has-text-color\">MALATTIA DI PARKINSON MODERATA<\/h2>\n\n\n\n<p>I sintomi motori si manifestano su entrambi i lati del corpo e i movimenti appaiono pi\u00f9 lenti. Possono insorgere problemi di equilibrio e di coordinazione. I movimenti possono bloccarsi (episodi di &#8220;freezing&#8221;). I sintomi possono ricomparire rapidamente e inaspettatamente, il che potrebbe essere descritto come l&#8217;accensione e lo spegnimento di un interruttore della luce (sindrome &#8220;on\/off&#8221;). L&#8217;effetto dei farmaci per il Parkinson pu\u00f2 &#8220;esaurirsi&#8221; tra una dose e l&#8217;altra.<\/p>\n<\/div><\/div>\n\n\n\n<div class=\"wp-block-theme-section alignfull has-brand-background-color has-background\"><div class=\"wp-block-theme-section__content\">\n<figure class=\"wp-block-image size-full\"><img decoding=\"async\" src=\"https:\/\/www.d-minecare.com\/wp-content\/uploads\/2022\/05\/Group-12330.png\" alt=\"\" class=\"wp-image-304\"\/><\/figure>\n<\/div><\/div>\n\n\n\n<div style=\"height:100px\" aria-hidden=\"true\" class=\"wp-block-spacer\"><\/div>\n\n\n\n<h2 class=\"wp-block-heading\">MALATTIA DI PARKINSON AVANZATA<\/h2>\n\n\n\n<p>In questo stadio si avvertono grandi difficolt\u00e0 nella capacit\u00e0 di alzarsi o di camminare. I pazienti potrebbero non essere in grado di vivere autonomamente e potrebbero avere bisogno di assistenza per tutte le attivit\u00e0 quotidiane. Possono inoltre emergere problemi cognitivi, tra cui allucinazioni e deliri. <\/p>\n\n\n\n<p>In questa fase, \u00e8 necessario prendere in considerazione altre opzioni terapeutiche, come la somministrazione continua di farmaci o la stimolazione.<\/p>\n\n\n\n<div style=\"height:100px\" aria-hidden=\"true\" class=\"wp-block-spacer\"><\/div>\n\n\n\n<div class=\"wp-block-theme-section alignfull has-brand-background-color has-background\"><div class=\"wp-block-theme-section__content\">\n<div class=\"wp-block-group is-style-icon-group is-layout-flow wp-block-group-is-layout-flow\">\n<h2 class=\"wp-block-heading is-style-section-title has-white-color has-text-color\">OPZIONI TERAPEUTICHE<\/h2>\n\n\n\n<p class=\"has-white-color has-text-color\">Sebbene i trattamenti siano in costante miglioramento, le terapie disponibili ad oggi contribuiscono ad alleviare i sintomi.<br>Nel Parkinson ci sono alimenti che possono influenzare il modo in cui i farmaci orali vengono riassorbiti dall&#8217;organismo, ad esempio le proteine. \u00c8 molto importante mantenere un&#8217;alimentazione equilibrata e considerare, ad esempio, il potenziale di protezione neurologica e gli effetti antinfiammatori.<br>Per tutti gli stadi del Parkinson, le terapie disponibili contribuiscono ad alleviare i sintomi che possono essere efficacemente controllati, spesso utilizzando una combinazione dei seguenti elementi:<\/p>\n\n\n\n<div style=\"height:3rem\" aria-hidden=\"true\" class=\"wp-block-spacer\"><\/div>\n\n\n\n<div class=\"wp-block-columns is-layout-flex wp-container-core-columns-is-layout-9d6595d7 wp-block-columns-is-layout-flex\">\n<div class=\"wp-block-column is-layout-flow wp-block-column-is-layout-flow\">\n<figure class=\"wp-block-image aligncenter size-large is-resized is-style-icon\"><img decoding=\"async\" src=\"https:\/\/www.d-minecare.com\/wp-content\/uploads\/2022\/06\/medication.svg\" alt=\"\" class=\"wp-image-2691\" style=\"width:95px;height:116px\"\/><\/figure>\n\n\n\n<h4 class=\"wp-block-heading\">Farmaci<\/h4>\n<\/div>\n\n\n\n<div class=\"wp-block-column is-layout-flow wp-block-column-is-layout-flow\">\n<figure class=\"wp-block-image aligncenter size-large is-style-icon\"><img decoding=\"async\" src=\"https:\/\/www.d-minecare.com\/wp-content\/uploads\/2022\/06\/target.svg\" alt=\"\" class=\"wp-image-2694\"\/><\/figure>\n\n\n\n<h4 class=\"wp-block-heading\">Terapie Convenzionali<\/h4>\n\n\n\n<p>come fisioterapia, terapia occupazionale, logopedia e terapia del linguaggio<\/p>\n<\/div>\n\n\n\n<div class=\"wp-block-column is-layout-flow wp-block-column-is-layout-flow\">\n<figure class=\"wp-block-image aligncenter size-large is-style-icon\"><img decoding=\"async\" src=\"https:\/\/www.d-minecare.com\/wp-content\/uploads\/2022\/06\/natural.svg\" alt=\"\" class=\"wp-image-2696\"\/><\/figure>\n\n\n\n<h4 class=\"wp-block-heading\">Terapie complementari<\/h4>\n\n\n\n<p>come aromaterapia, riflessologia, yoga e Tai Chi<\/p>\n<\/div>\n\n\n\n<div class=\"wp-block-column is-layout-flow wp-block-column-is-layout-flow\">\n<figure class=\"wp-block-image aligncenter size-large is-style-icon\"><img decoding=\"async\" src=\"https:\/\/www.d-minecare.com\/wp-content\/uploads\/2022\/06\/surgical.svg\" alt=\"\" class=\"wp-image-2698\"\/><\/figure>\n\n\n\n<h4 class=\"wp-block-heading\">Trattamenti chirurgici<\/h4>\n<\/div>\n<\/div>\n\n\n\n<div style=\"height:3rem\" aria-hidden=\"true\" class=\"wp-block-spacer\"><\/div>\n\n\n\n<p class=\"has-white-color has-text-color\">Non esiste un unico trattamento ottimale per la malattia di Parkinson in quanto si tratta di una patologia che colpisce ogni individuo in modo diverso. Bisogna lavorare insieme al medico specialista per trovare il giusto equilibrio di trattamenti per i sintomi specifici di ogni paziente. Saranno dunque necessari controlli regolari e aggiustamenti della terapia in base all&#8217;evoluzione dei sintomi.<\/p>\n\n\n\n<div class=\"wp-block-group is-style-credits is-layout-flow wp-block-group-is-layout-flow\">\n<p class=\"has-white-color has-text-color\">Fonte: <a href=\"#sources\">(EPDA, 2022)<\/a><\/p>\n<\/div>\n<\/div>\n<\/div><\/div>\n\n\n\n<div class=\"wp-block-theme-section alignfull has-gray-light-background-color has-background\"><div class=\"wp-block-theme-section__content\">\n<div class=\"wp-block-columns is-style-default is-layout-flex wp-container-core-columns-is-layout-e95a7ca1 wp-block-columns-is-layout-flex\" style=\"padding-top:2rem;padding-bottom:2rem\">\n<div class=\"wp-block-column is-style-default is-layout-flow wp-block-column-is-layout-flow\">\n<div class=\"wp-block-group is-style-card has-white-color has-brand-background-color has-text-color has-background is-vertical is-layout-flex wp-container-core-group-is-layout-8cf370e7 wp-block-group-is-layout-flex\">\n<figure class=\"wp-block-image size-full is-style-card-image\"><img decoding=\"async\" src=\"https:\/\/www.d-minecare.com\/wp-content\/uploads\/2022\/05\/d-minecare-teaserbox-570x338_9.png\" alt=\"\" class=\"wp-image-960\"\/><\/figure>\n\n\n\n<div class=\"wp-block-group is-layout-flow wp-block-group-is-layout-flow\">\n<h2 class=\"wp-block-heading is-style-card-title-orange\">Cosa si prova<\/h2>\n\n\n\n<p>La storia personale di David Ashford Jones, un uomo impegnato e di successo, con malattia di Parkinson.<\/p>\n\n\n\n<div class=\"wp-block-buttons is-layout-flex wp-block-buttons-is-layout-flex\">\n<div class=\"wp-block-button is-style-underline\"><a class=\"wp-block-button__link has-white-color has-text-color wp-element-button\" href=\"https:\/\/www.d-minecare.com\/ita\/cosa-si-prova\/\">SCOPRI DI PI\u00f9<\/a><\/div>\n<\/div>\n<\/div>\n<\/div>\n<\/div>\n\n\n\n<div class=\"wp-block-column is-style-default is-layout-flow wp-block-column-is-layout-flow\">\n<div class=\"wp-block-group is-style-card has-gray-base-color has-gray-light-background-color has-text-color has-background is-vertical is-layout-flex wp-container-core-group-is-layout-8cf370e7 wp-block-group-is-layout-flex\">\n<figure class=\"wp-block-image size-full is-resized is-style-card-image\"><img decoding=\"async\" src=\"https:\/\/www.d-minecare.com\/wp-content\/uploads\/2022\/05\/d-minecare-teaserbox-570x338_5.png\" alt=\"\" class=\"wp-image-956\" style=\"width:570px;height:362px\"\/><\/figure>\n\n\n\n<div class=\"wp-block-group is-layout-flow wp-block-group-is-layout-flow\">\n<h2 class=\"wp-block-heading is-style-card-title-orange\">Contatti<\/h2>\n\n\n\n<p>Scopri i nostri recapiti e contatti.<\/p>\n\n\n\n<div class=\"wp-block-buttons is-layout-flex wp-block-buttons-is-layout-flex\">\n<div class=\"wp-block-button is-style-underline\"><a class=\"wp-block-button__link wp-element-button\" href=\"https:\/\/www.d-minecare.com\/ita\/contatti\/\">Scopri di pi\u00f9<\/a><\/div>\n<\/div>\n<\/div>\n<\/div>\n<\/div>\n<\/div>\n<\/div><\/div>\n\n\n<div class=\"wp-block-acf-accordion acf-accordion-block has-rotating-icon is-style-credits has--align align\"  id=\"sources\">\n    <header id=\"accordion-block_d4b5-header\" role=\"button\" aria-expanded=\"false\" aria-controls=\"accordion-block_d4b5-content\" tabindex=\"0\">\n\n                    <svg xmlns=\"http:\/\/www.w3.org\/2000\/svg\" class=\"icon-plus accordion-icon\" width=\"2rem\" height=\"2rem\" viewBox=\"0 0 47 47\">\n                <rect width=\"47\" height=\"47\" fill=\"#F29400\"><\/rect>\n                <g transform=\"translate(-368 -450)\">\n                    <line y2=\"20.104\" transform=\"translate(391.5 463.5)\" fill=\"none\" stroke=\"#fff\" stroke-linecap=\"round\" stroke-width=\"4\"><\/line>\n                    <line y2=\"20.104\" transform=\"translate(401.604 473.5) rotate(90)\" fill=\"none\" stroke=\"#fff\" stroke-linecap=\"round\" stroke-width=\"4\"><\/line>\n                <\/g>\n            <\/svg>\n            <svg class=\"icon-minus accordion-icon\" xmlns=\"http:\/\/www.w3.org\/2000\/svg\" width=\"2rem\" height=\"2rem\" viewBox=\"0 0 47 47\">\n                <rect width=\"47\" height=\"47\" fill=\"#F29400\"><\/rect>\n                <line y2=\"20.104\" transform=\"translate(33.604 23.5) rotate(90)\" fill=\"none\" stroke=\"#fff\" stroke-linecap=\"round\" stroke-width=\"4\"><\/line>\n            <\/svg>\n        \n        <h4>SOURCES<\/h4>\n    <\/header>\n    <section id=\"accordion-block_d4b5-content\" class=\"is-collapsed\">\n        \n\n<p>European Parkinson\u2019s Disease Association (EPDA). Retrieved from: <a href=\"https:\/\/www.epda.eu.com\/about-parkinsons\/treatments\/\">https:\/\/www.epda.eu.com\/about-parkinsons\/treatments\/<\/a>, on 25<sup>th<\/sup> of May<\/p>\n\n\n    <\/section>\n<\/div>","protected":false},"excerpt":{"rendered":"<p>MALATTIA DI PARKINSON AVANZATA In questo stadio si avvertono grandi difficolt\u00e0 nella capacit\u00e0 di alzarsi o di camminare. I pazienti potrebbero non essere in grado di vivere autonomamente e potrebbero avere bisogno di assistenza per tutte le attivit\u00e0 quotidiane. Possono inoltre emergere problemi cognitivi, tra cui allucinazioni e deliri. In questa fase, \u00e8 necessario prendere [&hellip;]<\/p>\n","protected":false},"author":1,"featured_media":0,"parent":0,"menu_order":2,"comment_status":"open","ping_status":"closed","template":"","meta":{"_acf_changed":false,"footnotes":""},"class_list":["post-211","page","type-page","status-publish","hentry"],"acf":[],"yoast_head":"<!-- This site is optimized with the Yoast SEO plugin v27.3 - https:\/\/yoast.com\/product\/yoast-seo-wordpress\/ -->\n<title>Stadi e opzioni terapeutiche - D-Mine\u00ae Care Italia<\/title>\n<meta name=\"description\" content=\"Stages and treatment options of the Parkinson&#039;s disease. Inform yourself about mild, moderate and advanced Parkinson&#039;s disease.\" \/>\n<meta name=\"robots\" content=\"index, follow, max-snippet:-1, max-image-preview:large, max-video-preview:-1\" \/>\n<link rel=\"canonical\" href=\"https:\/\/www.d-minecare.com\/ita\/stadi-e-opzioni-terapeutiche\/\" \/>\n<meta property=\"og:locale\" content=\"it_IT\" \/>\n<meta property=\"og:type\" content=\"article\" \/>\n<meta property=\"og:title\" content=\"Stadi e opzioni terapeutiche - D-Mine\u00ae Care Italia\" \/>\n<meta property=\"og:description\" content=\"Stages and treatment options of the Parkinson&#039;s disease. Inform yourself about mild, moderate and advanced Parkinson&#039;s disease.\" \/>\n<meta property=\"og:url\" content=\"https:\/\/www.d-minecare.com\/ita\/stadi-e-opzioni-terapeutiche\/\" \/>\n<meta property=\"og:site_name\" content=\"D-Mine\u00ae Care Italia\" \/>\n<meta property=\"article:modified_time\" content=\"2025-12-19T13:31:44+00:00\" \/>\n<meta property=\"og:image\" content=\"https:\/\/www.d-minecare.com\/wp-content\/uploads\/2022\/05\/Bilder_web_header_stages_1920x900px-1024x480.jpg\" \/>\n<meta name=\"twitter:card\" content=\"summary_large_image\" \/>\n<meta name=\"twitter:label1\" content=\"Tempo di lettura stimato\" \/>\n\t<meta name=\"twitter:data1\" content=\"4 minuti\" \/>\n<script type=\"application\/ld+json\" class=\"yoast-schema-graph\">{\"@context\":\"https:\\\/\\\/schema.org\",\"@graph\":[{\"@type\":\"WebPage\",\"@id\":\"https:\\\/\\\/www.d-minecare.com\\\/ita\\\/stadi-e-opzioni-terapeutiche\\\/\",\"url\":\"https:\\\/\\\/www.d-minecare.com\\\/ita\\\/stadi-e-opzioni-terapeutiche\\\/\",\"name\":\"Stadi e opzioni terapeutiche - D-Mine\u00ae Care Italia\",\"isPartOf\":{\"@id\":\"https:\\\/\\\/www.d-minecare.com\\\/ita\\\/#website\"},\"primaryImageOfPage\":{\"@id\":\"https:\\\/\\\/www.d-minecare.com\\\/ita\\\/stadi-e-opzioni-terapeutiche\\\/#primaryimage\"},\"image\":{\"@id\":\"https:\\\/\\\/www.d-minecare.com\\\/ita\\\/stadi-e-opzioni-terapeutiche\\\/#primaryimage\"},\"thumbnailUrl\":\"https:\\\/\\\/www.d-minecare.com\\\/wp-content\\\/uploads\\\/2022\\\/05\\\/Bilder_web_header_stages_1920x900px-1024x480.jpg\",\"datePublished\":\"2022-04-18T11:04:41+00:00\",\"dateModified\":\"2025-12-19T13:31:44+00:00\",\"description\":\"Stages and treatment options of the Parkinson's disease. Inform yourself about mild, moderate and advanced Parkinson's disease.\",\"breadcrumb\":{\"@id\":\"https:\\\/\\\/www.d-minecare.com\\\/ita\\\/stadi-e-opzioni-terapeutiche\\\/#breadcrumb\"},\"inLanguage\":\"it-IT\",\"potentialAction\":[{\"@type\":\"ReadAction\",\"target\":[\"https:\\\/\\\/www.d-minecare.com\\\/ita\\\/stadi-e-opzioni-terapeutiche\\\/\"]}]},{\"@type\":\"ImageObject\",\"inLanguage\":\"it-IT\",\"@id\":\"https:\\\/\\\/www.d-minecare.com\\\/ita\\\/stadi-e-opzioni-terapeutiche\\\/#primaryimage\",\"url\":\"https:\\\/\\\/www.d-minecare.com\\\/wp-content\\\/uploads\\\/2022\\\/05\\\/Bilder_web_header_stages_1920x900px-1024x480.jpg\",\"contentUrl\":\"https:\\\/\\\/www.d-minecare.com\\\/wp-content\\\/uploads\\\/2022\\\/05\\\/Bilder_web_header_stages_1920x900px-1024x480.jpg\"},{\"@type\":\"BreadcrumbList\",\"@id\":\"https:\\\/\\\/www.d-minecare.com\\\/ita\\\/stadi-e-opzioni-terapeutiche\\\/#breadcrumb\",\"itemListElement\":[{\"@type\":\"ListItem\",\"position\":1,\"name\":\"Home\",\"item\":\"https:\\\/\\\/www.d-minecare.com\\\/ita\\\/\"},{\"@type\":\"ListItem\",\"position\":2,\"name\":\"Stadi e opzioni terapeutiche\"}]},{\"@type\":\"WebSite\",\"@id\":\"https:\\\/\\\/www.d-minecare.com\\\/ita\\\/#website\",\"url\":\"https:\\\/\\\/www.d-minecare.com\\\/ita\\\/\",\"name\":\"D-Mine\u00ae Care Italia\",\"description\":\"Just another D-Mine Care site\",\"potentialAction\":[{\"@type\":\"SearchAction\",\"target\":{\"@type\":\"EntryPoint\",\"urlTemplate\":\"https:\\\/\\\/www.d-minecare.com\\\/ita\\\/?s={search_term_string}\"},\"query-input\":{\"@type\":\"PropertyValueSpecification\",\"valueRequired\":true,\"valueName\":\"search_term_string\"}}],\"inLanguage\":\"it-IT\"}]}<\/script>\n<!-- \/ Yoast SEO plugin. -->","yoast_head_json":{"title":"Stadi e opzioni terapeutiche - D-Mine\u00ae Care Italia","description":"Stages and treatment options of the Parkinson's disease. Inform yourself about mild, moderate and advanced Parkinson's disease.","robots":{"index":"index","follow":"follow","max-snippet":"max-snippet:-1","max-image-preview":"max-image-preview:large","max-video-preview":"max-video-preview:-1"},"canonical":"https:\/\/www.d-minecare.com\/ita\/stadi-e-opzioni-terapeutiche\/","og_locale":"it_IT","og_type":"article","og_title":"Stadi e opzioni terapeutiche - D-Mine\u00ae Care Italia","og_description":"Stages and treatment options of the Parkinson's disease. Inform yourself about mild, moderate and advanced Parkinson's disease.","og_url":"https:\/\/www.d-minecare.com\/ita\/stadi-e-opzioni-terapeutiche\/","og_site_name":"D-Mine\u00ae Care Italia","article_modified_time":"2025-12-19T13:31:44+00:00","og_image":[{"url":"https:\/\/www.d-minecare.com\/wp-content\/uploads\/2022\/05\/Bilder_web_header_stages_1920x900px-1024x480.jpg","type":"","width":"","height":""}],"twitter_card":"summary_large_image","twitter_misc":{"Tempo di lettura stimato":"4 minuti"},"schema":{"@context":"https:\/\/schema.org","@graph":[{"@type":"WebPage","@id":"https:\/\/www.d-minecare.com\/ita\/stadi-e-opzioni-terapeutiche\/","url":"https:\/\/www.d-minecare.com\/ita\/stadi-e-opzioni-terapeutiche\/","name":"Stadi e opzioni terapeutiche - D-Mine\u00ae Care Italia","isPartOf":{"@id":"https:\/\/www.d-minecare.com\/ita\/#website"},"primaryImageOfPage":{"@id":"https:\/\/www.d-minecare.com\/ita\/stadi-e-opzioni-terapeutiche\/#primaryimage"},"image":{"@id":"https:\/\/www.d-minecare.com\/ita\/stadi-e-opzioni-terapeutiche\/#primaryimage"},"thumbnailUrl":"https:\/\/www.d-minecare.com\/wp-content\/uploads\/2022\/05\/Bilder_web_header_stages_1920x900px-1024x480.jpg","datePublished":"2022-04-18T11:04:41+00:00","dateModified":"2025-12-19T13:31:44+00:00","description":"Stages and treatment options of the Parkinson's disease. Inform yourself about mild, moderate and advanced Parkinson's disease.","breadcrumb":{"@id":"https:\/\/www.d-minecare.com\/ita\/stadi-e-opzioni-terapeutiche\/#breadcrumb"},"inLanguage":"it-IT","potentialAction":[{"@type":"ReadAction","target":["https:\/\/www.d-minecare.com\/ita\/stadi-e-opzioni-terapeutiche\/"]}]},{"@type":"ImageObject","inLanguage":"it-IT","@id":"https:\/\/www.d-minecare.com\/ita\/stadi-e-opzioni-terapeutiche\/#primaryimage","url":"https:\/\/www.d-minecare.com\/wp-content\/uploads\/2022\/05\/Bilder_web_header_stages_1920x900px-1024x480.jpg","contentUrl":"https:\/\/www.d-minecare.com\/wp-content\/uploads\/2022\/05\/Bilder_web_header_stages_1920x900px-1024x480.jpg"},{"@type":"BreadcrumbList","@id":"https:\/\/www.d-minecare.com\/ita\/stadi-e-opzioni-terapeutiche\/#breadcrumb","itemListElement":[{"@type":"ListItem","position":1,"name":"Home","item":"https:\/\/www.d-minecare.com\/ita\/"},{"@type":"ListItem","position":2,"name":"Stadi e opzioni terapeutiche"}]},{"@type":"WebSite","@id":"https:\/\/www.d-minecare.com\/ita\/#website","url":"https:\/\/www.d-minecare.com\/ita\/","name":"D-Mine\u00ae Care Italia","description":"Just another D-Mine Care site","potentialAction":[{"@type":"SearchAction","target":{"@type":"EntryPoint","urlTemplate":"https:\/\/www.d-minecare.com\/ita\/?s={search_term_string}"},"query-input":{"@type":"PropertyValueSpecification","valueRequired":true,"valueName":"search_term_string"}}],"inLanguage":"it-IT"}]}},"_links":{"self":[{"href":"https:\/\/www.d-minecare.com\/ita\/wp-json\/wp\/v2\/pages\/211","targetHints":{"allow":["GET"]}}],"collection":[{"href":"https:\/\/www.d-minecare.com\/ita\/wp-json\/wp\/v2\/pages"}],"about":[{"href":"https:\/\/www.d-minecare.com\/ita\/wp-json\/wp\/v2\/types\/page"}],"author":[{"embeddable":true,"href":"https:\/\/www.d-minecare.com\/ita\/wp-json\/wp\/v2\/users\/1"}],"replies":[{"embeddable":true,"href":"https:\/\/www.d-minecare.com\/ita\/wp-json\/wp\/v2\/comments?post=211"}],"version-history":[{"count":17,"href":"https:\/\/www.d-minecare.com\/ita\/wp-json\/wp\/v2\/pages\/211\/revisions"}],"predecessor-version":[{"id":842,"href":"https:\/\/www.d-minecare.com\/ita\/wp-json\/wp\/v2\/pages\/211\/revisions\/842"}],"wp:attachment":[{"href":"https:\/\/www.d-minecare.com\/ita\/wp-json\/wp\/v2\/media?parent=211"}],"curies":[{"name":"wp","href":"https:\/\/api.w.org\/{rel}","templated":true}]}}