{"id":271,"date":"2022-04-18T11:04:41","date_gmt":"2022-04-18T11:04:41","guid":{"rendered":"https:\/\/www.d-minecare.com\/ita\/about-parkinsons-disease\/"},"modified":"2025-12-19T13:25:15","modified_gmt":"2025-12-19T13:25:15","slug":"la-malattia-di-parkinson","status":"publish","type":"page","link":"https:\/\/www.d-minecare.com\/ita\/la-malattia-di-parkinson\/","title":{"rendered":"La malattia di Parkinson"},"content":{"rendered":"\n<div class=\"wp-block-theme-section alignfull\"><div class=\"wp-block-theme-section__content\">\n<h2 class=\"wp-block-heading is-style-main-title\">La malattia di Parkinson<\/h2>\n\n\n\n<div class=\"wp-block-columns is-layout-flex wp-container-core-columns-is-layout-9d6595d7 wp-block-columns-is-layout-flex\">\n<div class=\"wp-block-column is-layout-flow wp-block-column-is-layout-flow\">\n<p>La malattia di Parkinson \u00e8 la seconda malattia neurodegenerativa pi\u00f9 comune dopo l&#8217;Alzheimer <a href=\"#sources\">(De Lau et al., 2006)<\/a>. \u00c8 caratterizzata dalla progressiva perdita del controllo muscolare, dovuta alla perdita di cellule cerebrali produttrici di dopamina.<\/p>\n\n\n\n<p>Le cause della malattia di Parkinson rimangono ancora oggi sconosciute. Molti esperti ritengono che sia causata da una combinazione di fattori genetici e ambientali. Nei Paesi industrializzati la prevalenza della malattia di Parkinson \u00e8 generalmente stimata intorno allo 0,3% dell&#8217;intera popolazione e colpisce circa l&#8217;1% della popolazione con et\u00e0 superiore ai 60 anni, ma pu\u00f2 avere anche un esordio precoce <a href=\"#sources\">(De Lau et al., 2006)<\/a>.<\/p>\n\n\n\n<h2 class=\"wp-block-heading is-style-section-title has-gray-base-color has-text-color\">PROGRESSIONE DEI SINTOMI<\/h2>\n\n\n\n<p>Con l&#8217;aggravarsi dei <a href=\"https:\/\/www.d-minecare.com\/ita\/about-parkinsons-disease\/#symptoms-diagnosis\">sintomi<\/a>, pu\u00f2 diventare difficile camminare, parlare e svolgere le pi\u00f9 semplici attivit\u00e0 quotidiane. I sintomi principali della malattia di Parkinson sono tutti legati alla funzione motoria volontaria e involontaria e di solito iniziano a manifestarsi in modo asimmetrico in un lato del corpo. I sintomi della malattia di Parkinson, in genere, si manifestano in modo graduale e inizialmente sono di lieve entit\u00e0. L&#8217;ordine in cui si presentano e la loro gravit\u00e0 variano da una persona all&#8217;altra. Alcuni individui sono pi\u00f9 colpiti di altri.<\/p>\n<\/div>\n\n\n\n<div class=\"wp-block-column is-layout-flow wp-block-column-is-layout-flow\">\n<figure class=\"wp-block-image aligncenter size-large is-resized is-style-default\"><a href=\"#sources\"><img decoding=\"async\" src=\"https:\/\/www.d-minecare.com\/wp-content\/uploads\/2022\/06\/you-are-not-alone.svg\" alt=\"\" class=\"wp-image-1793\" style=\"width:424px;height:632px\"\/><\/a><\/figure>\n<\/div>\n<\/div>\n\n\n\n<h2 class=\"wp-block-heading is-style-section-title has-gray-base-color has-text-color\">IL PARKINSON NON \u00c8 UGUALE PER TUTTI<\/h2>\n\n\n\n<p>La progressione della malattia e il suo grado di compromissione variano da individuo a individuo. Molte persone con malattia di Parkinson vivono a lungo senza una progressione significativa, mentre per altre diventa una malattia disabilitante in modo molto pi\u00f9 rapido. Per distinguere le varie tipologie di malattia di Parkinson, \u00e8 necessario conoscere i sintomi nel dettaglio. Sebbene le <a href=\"https:\/\/www.d-minecare.com\/ita\/stages-and-treatment-options\/\">tipologie di trattamento<\/a> siano in costante miglioramento, ad oggi i ricercatori non sono ancora riusciti a trovare un modo per prevenire o curare la malattia di Parkinson. Per tutti gli <a href=\"https:\/\/www.d-minecare.com\/ita\/stages-and-treatment-options\/\">stadi del Parkinson<\/a> le terapie disponibili contribuiscono ad alleviare i sintomi. Il Parkinson \u00e8 una malattia ad evoluzione gradualmente progressiva e dunque si assiste a un peggioramento con l&#8217;avanzare dell&#8217;et\u00e0.<\/p>\n\n\n\n<figure class=\"wp-block-image aligncenter size-full is-style-full-image\"><img decoding=\"async\" src=\"https:\/\/www.d-minecare.com\/wp-content\/uploads\/2022\/05\/d-minecare-bilder-1170x540_3.png\" alt=\"\" class=\"wp-image-944\"\/><\/figure>\n\n\n\n<h2 class=\"wp-block-heading is-style-main-title\" id=\"symptoms-diagnosis\">Sintomi e diagnosi<\/h2>\n\n\n\n<p>I primi sintomi della malattia di Parkinson si manifestano di solito gradualmente e, inizialmente, sono di lieve entit\u00e0. I sintomi motori possono essere fastidiosi, ma non influiscono sulle attivit\u00e0 quotidiane. Nella malattia di Parkinson possono manifestarsi sintomi motori come tremore , rallentamento dei movimenti (bradicinesia), rigidit\u00e0 muscolare, alterazione della postura e dell&#8217;equilibrio o perdita dei movimenti automatici. Inoltre, il linguaggio pu\u00f2 diventare pi\u00f9 lento e monotono e pu\u00f2 diventare difficile scrivere.<\/p>\n\n\n\n<p>Il tremore essenziale \u00e8 un disturbo neurologico che causa un tremolio involontario e ritmico il pi\u00f9 delle volte delle mani. Rispetto alla malattia di Parkinson, \u00e8 presente anche quando si svolgono attivit\u00e0 semplici come prendere una tazza di caff\u00e8 e il tremore spesso si interrompe durante il movimento.<\/p>\n\n\n\n<p>Il linguaggio pu\u00f2 essere influenzato dalla malattia di Parkinson manifestandosi attraverso indebolimento del volume della voce, esitazione prima di parlare o biascicamento. Le difficolt\u00e0 di deglutizione possono verificarsi durante la progressione della malattia di Parkinson e possono influire anche sulla volont\u00e0 di mangiare. Anche il cambiamento della capacit\u00e0 di sentire gli odori pu\u00f2 incidere sull&#8217;appetito.<\/p>\n\n\n\n<p>La gastroparesi nella malattia di Parkinson \u00e8 una capacit\u00e0 ritardata dello stomaco che interferisce con la normale digestione e pu\u00f2 influire sull&#8217;assorbimento dei farmaci orali. Alcune persone con malattia di Parkinson provano un irrefrenabile bisogno di muovere le gambe. Questa condizione \u00e8 chiamata &#8220;sindrome delle gambe senza riposo&#8221;.<\/p>\n<\/div><\/div>\n\n\n\n<h2 class=\"wp-block-heading is-style-section-title\">PANORAMICA SUI SINTOMI DEL PARKINSON<\/h2>\n\n\n\n<div class=\"wp-block-theme-section alignfull has-brand-background-color has-background\"><div class=\"wp-block-theme-section__content\">\n<div class=\"wp-block-group is-style-icon-group is-layout-flow wp-block-group-is-layout-flow\">\n<h2 class=\"wp-block-heading is-style-section-title has-white-color has-text-color\">I quattro sintomi principali<\/h2>\n\n\n\n<div class=\"wp-block-columns is-layout-flex wp-container-core-columns-is-layout-9d6595d7 wp-block-columns-is-layout-flex\">\n<div class=\"wp-block-column is-layout-flow wp-block-column-is-layout-flow\">\n<figure class=\"wp-block-image size-large is-style-icon\"><img decoding=\"async\" src=\"https:\/\/www.d-minecare.com\/wp-content\/uploads\/2022\/06\/hand.svg\" alt=\"\" class=\"wp-image-2662\"\/><\/figure>\n\n\n\n<h4 class=\"wp-block-heading\">Tremore o tremore a riposo<\/h4>\n<\/div>\n\n\n\n<div class=\"wp-block-column is-layout-flow wp-block-column-is-layout-flow\">\n<figure class=\"wp-block-image size-large is-style-icon\"><img decoding=\"async\" src=\"https:\/\/www.d-minecare.com\/wp-content\/uploads\/2022\/06\/walking.svg\" alt=\"\" class=\"wp-image-2664\"\/><\/figure>\n\n\n\n<h4 class=\"wp-block-heading\">Lentezza nei movimenti (bradicinesia)<\/h4>\n<\/div>\n\n\n\n<div class=\"wp-block-column is-layout-flow wp-block-column-is-layout-flow\">\n<figure class=\"wp-block-image size-large is-style-icon\"><img decoding=\"async\" src=\"https:\/\/www.d-minecare.com\/wp-content\/uploads\/2022\/06\/stifness.svg\" alt=\"\" class=\"wp-image-2667\"\/><\/figure>\n\n\n\n<h4 class=\"wp-block-heading\">Rigidit\u00e0 delle braccia, delle gambe o del tronco<\/h4>\n<\/div>\n\n\n\n<div class=\"wp-block-column is-layout-flow wp-block-column-is-layout-flow\">\n<figure class=\"wp-block-image size-large is-style-icon\"><img decoding=\"async\" src=\"https:\/\/www.d-minecare.com\/wp-content\/uploads\/2022\/06\/balance.svg\" alt=\"\" class=\"wp-image-2669\"\/><\/figure>\n\n\n\n<h4 class=\"wp-block-heading\">Problemi di equilibrio e cadute (instabilit\u00e0 posturale)<\/h4>\n\n\n\n<p>L&#8217;instabilit\u00e0 posturale di solito compare pi\u00f9 tardi con la progressione della malattia e pu\u00f2 non essere presente alla diagnosi iniziale<\/p>\n<\/div>\n<\/div>\n<\/div>\n<\/div><\/div>\n\n\n\n<div class=\"wp-block-columns is-layout-flex wp-container-core-columns-is-layout-9d6595d7 wp-block-columns-is-layout-flex\">\n<div class=\"wp-block-column is-layout-flow wp-block-column-is-layout-flow\">\n<h2 class=\"wp-block-heading is-style-section-title has-gray-base-color has-text-color\">I SINTOMI SECONDARI POSSONO INCLUDERE<\/h2>\n\n\n\n<ul class=\"wp-block-list\">\n<li><strong>Calligrafia piccola e contorta<\/strong>, detta micrografia<\/li>\n\n\n\n<li><strong>Riduzione dell&#8217;oscillazione del braccio<\/strong> sul lato interessato<\/li>\n\n\n\n<li><strong>Leggero trascinamento del piede<\/strong> sul lato colpito, causando una camminata incerta<\/li>\n\n\n\n<li><strong>&#8220;Freezing&#8221;<\/strong> &#8211; termine usato per descrivere il fenomeno del restare &#8220;bloccati sul posto&#8221; quando si cerca di camminare<\/li>\n\n\n\n<li><strong>Perdita dell&#8217;espressione facciale<\/strong> dovuta alla rigidit\u00e0 dei muscoli facciali, chiamata ipomimia<\/li>\n\n\n\n<li><strong>Volume basso della voce<\/strong>, chiamato ipofonia<\/li>\n\n\n\n<li><strong>Tendenza a cadere all&#8217;indietro<\/strong>,<strong> <\/strong>detta retropulsione<\/li>\n\n\n\n<li><strong>Riduzione dei riflessi automatici <\/strong>come sbattere le palpebre o deglutire <\/li>\n<\/ul>\n<\/div>\n\n\n\n<div class=\"wp-block-column is-layout-flow wp-block-column-is-layout-flow\">\n<h2 class=\"wp-block-heading is-style-section-title has-gray-base-color has-text-color\">I SINTOMI NON MOTORI POSSONO INCLUDERE<\/h2>\n\n\n\n<ul class=\"wp-block-list\">\n<li><strong>Cambiamenti d&#8217;umore <\/strong>(depressione, ansia, irritabilit\u00e0)<\/li>\n\n\n\n<li><strong>Cambiamenti cognitivi <\/strong>(attenzione, problemi visuo-spaziali, problemi di memoria, cambiamenti di personalit\u00e0, psicosi\/allucinazioni)<\/li>\n\n\n\n<li><strong>Giramenti di testa<\/strong> e abbassamento della pressione sanguigna quando si \u00e8 in piedi<\/li>\n\n\n\n<li>Sensazione di pienezza dopo aver mangiato piccole quantit\u00e0<\/li>\n\n\n\n<li>Sudorazione eccessiva, soprattutto di mani e piedi<\/li>\n\n\n\n<li>Pelle secca<\/li>\n\n\n\n<li>Urgenza, frequenza e incontinenza urinaria<\/li>\n\n\n\n<li>Perdita dell&#8217;olfatto<\/li>\n\n\n\n<li>Disturbi del sonno<\/li>\n\n\n\n<li>Sintomi sensoriali (dolore, tensione, formicolio, bruciore)<\/li>\n<\/ul>\n<\/div>\n<\/div>\n\n\n\n<div class=\"wp-block-group is-style-credits is-layout-flow wp-block-group-is-layout-flow\">\n<p>Fonte: <a href=\"#sources\">(Parkinson\u2019s Foundation, 2022)<\/a><\/p>\n<\/div>\n\n\n\n<div class=\"wp-block-theme-section alignfull\"><div class=\"wp-block-theme-section__content\">\n<h2 class=\"wp-block-heading is-style-main-title\">DIAGNOSI DELLA MALATTIA DI PARKINSON<\/h2>\n\n\n\n<p>Eseguire una diagnosi accurata della malattia di Parkinson, soprattutto nelle fasi iniziali, \u00e8 complicato. I pazienti colpiti richiedono spesso un parere supplementare a neurologi con esperienza e formazione specifica nella valutazione e nel trattamento della malattia di Parkinson. Per diagnosticare il Parkinson, il medico solitamente effettua un&#8217;attenta anamnesi neurologica ed esegue alcuni esami. Inoltre, i migliori test oggettivi per la diagnosi prevedono tecniche di scansione cerebrale specializzate in grado di misurare il funzionamento della dopamina e il metabolismo celebrale. Non esiste un esame del sangue che possa dare un risultato definitivo sulla presenza della malattia di Parkinson. Il ruolo principale di ulteriori test&nbsp; \u00e8 quello di escludere altre malattie che presentano sintomi simili a quelli della malattia di Parkinson.<\/p>\n\n\n\n<p>Pertanto, la base della diagnosi dei neurologi \u00e8 costituita dall&#8217;analisi dei <a data-type=\"URL\" data-id=\"\/about-parkinsons-disease\/#symptoms-diagnosis\" href=\"https:\/\/www.d-minecare.com\/ita\/about-parkinsons-disease\/#symptoms-diagnosis\">sintomi<\/a>, dall&#8217;anamnesi e da un esame fisico dettagliato. Esistono anche anche dei test di  autovalutazione per la malattia di Parkinson, che si basano sulle risposte fornite dal paziente, ma che spesso mancano di validazione.<\/p>\n\n\n\n<p>Non \u00e8 ancora disponibile un test diagnostico affidabile e facilmente applicabile o un marcatore&nbsp; per il riconoscimento della malattia di Parkinson. <a href=\"#sources\">(De Lau et al., 2006)<\/a>.<\/p>\n<\/div><\/div>\n\n\n\n<div class=\"wp-block-theme-section alignfull has-gray-light-background-color has-background\"><div class=\"wp-block-theme-section__content\">\n<div class=\"wp-block-columns is-style-default is-layout-flex wp-container-core-columns-is-layout-e95a7ca1 wp-block-columns-is-layout-flex\" style=\"padding-top:2rem;padding-bottom:2rem\">\n<div class=\"wp-block-column is-style-default is-layout-flow wp-block-column-is-layout-flow\">\n<div class=\"wp-block-group is-style-card has-gray-base-color has-gray-light-background-color has-text-color has-background is-vertical is-layout-flex wp-container-core-group-is-layout-8cf370e7 wp-block-group-is-layout-flex\">\n<figure class=\"wp-block-image size-full is-style-card-image\"><img decoding=\"async\" src=\"https:\/\/www.d-minecare.com\/wp-content\/uploads\/2022\/05\/Bilder_web_teasaer_stages_570x338px.jpg\" alt=\"\" class=\"wp-image-1365\"\/><\/figure>\n\n\n\n<div class=\"wp-block-group is-layout-flow wp-block-group-is-layout-flow\">\n<h2 class=\"wp-block-heading is-style-card-title-orange has-brand-color has-text-color\">Stadi &amp; Opzioni terapeutiche<\/h2>\n\n\n\n<p>Scopri di pi\u00f9 sulle scale di valutazione, la progressione della malattia e le opzioni terapeutiche nella malattia di Parkinson.<\/p>\n\n\n\n<div class=\"wp-block-buttons is-layout-flex wp-block-buttons-is-layout-flex\">\n<div class=\"wp-block-button is-style-underline\"><a class=\"wp-block-button__link has-brand-color has-text-color wp-element-button\" href=\"https:\/\/www.d-minecare.com\/ita\/stages-and-treatment-options\/\">scopri di pi\u00f9<\/a><\/div>\n<\/div>\n<\/div>\n<\/div>\n<\/div>\n\n\n\n<div class=\"wp-block-column is-style-default is-layout-flow wp-block-column-is-layout-flow\">\n<div class=\"wp-block-group is-style-card has-white-color has-brand-background-color has-text-color has-background is-vertical is-layout-flex wp-container-core-group-is-layout-8cf370e7 wp-block-group-is-layout-flex\">\n<figure class=\"wp-block-image size-full is-style-card-image\"><img decoding=\"async\" src=\"https:\/\/www.d-minecare.com\/wp-content\/uploads\/2022\/05\/d-minecare-teaserbox-570x338_9.png\" alt=\"\" class=\"wp-image-960\"\/><\/figure>\n\n\n\n<div class=\"wp-block-group is-layout-flow wp-block-group-is-layout-flow\">\n<h2 class=\"wp-block-heading is-style-card-title-orange\">Cosa si prova<\/h2>\n\n\n\n<p>La storia personale di David Ashford Jones, un uomo impegnato e di successo, con malattia di Parkinson.<\/p>\n\n\n\n<div class=\"wp-block-buttons is-layout-flex wp-block-buttons-is-layout-flex\">\n<div class=\"wp-block-button is-style-underline\"><a class=\"wp-block-button__link has-white-color has-text-color wp-element-button\" href=\"https:\/\/www.d-minecare.com\/ita\/what-it-feels-like\/\">scopri di pi\u00f9<\/a><\/div>\n<\/div>\n<\/div>\n<\/div>\n<\/div>\n<\/div>\n<\/div><\/div>\n\n\n<div class=\"wp-block-acf-accordion acf-accordion-block has-rotating-icon is-style-credits has--align align\"  id=\"sources\">\n    <header id=\"accordion-block_d58c-header\" role=\"button\" aria-expanded=\"false\" aria-controls=\"accordion-block_d58c-content\" tabindex=\"0\">\n\n                    <svg xmlns=\"http:\/\/www.w3.org\/2000\/svg\" class=\"icon-plus accordion-icon\" width=\"2rem\" height=\"2rem\" viewBox=\"0 0 47 47\">\n                <rect width=\"47\" height=\"47\" fill=\"#F29400\"><\/rect>\n                <g transform=\"translate(-368 -450)\">\n                    <line y2=\"20.104\" transform=\"translate(391.5 463.5)\" fill=\"none\" stroke=\"#fff\" stroke-linecap=\"round\" stroke-width=\"4\"><\/line>\n                    <line y2=\"20.104\" transform=\"translate(401.604 473.5) rotate(90)\" fill=\"none\" stroke=\"#fff\" stroke-linecap=\"round\" stroke-width=\"4\"><\/line>\n                <\/g>\n            <\/svg>\n            <svg class=\"icon-minus accordion-icon\" xmlns=\"http:\/\/www.w3.org\/2000\/svg\" width=\"2rem\" height=\"2rem\" viewBox=\"0 0 47 47\">\n                <rect width=\"47\" height=\"47\" fill=\"#F29400\"><\/rect>\n                <line y2=\"20.104\" transform=\"translate(33.604 23.5) rotate(90)\" fill=\"none\" stroke=\"#fff\" stroke-linecap=\"round\" stroke-width=\"4\"><\/line>\n            <\/svg>\n        \n        <h4>SOURCES<\/h4>\n    <\/header>\n    <section id=\"accordion-block_d58c-content\" class=\"is-collapsed\">\n        \n\n<p>Parkinson\u2019s Foundation. Retrieved from: https:\/\/www.parkinson.org\/understanding-parkinsons\/what-is-parkinsons?_ga=2.127533963.706960214.1653483191-214831447.1637768540, on 25th of May 2022<\/p>\n\n\n\n<p>De Lau et al. Epidemiology of Parkinson\u2019s disease. Lancet Neurol 2006; 5: 525\u201335<\/p>\n\n\n\n<p>Rocca, 2018. Retrieved from: https:\/\/www.thelancet.com\/action\/showPdf?pii=S1474-4422%2818%2930355-7, on 15th of June 2022<\/p>\n\n\n    <\/section>\n<\/div>","protected":false},"excerpt":{"rendered":"<p>PANORAMICA SUI SINTOMI DEL PARKINSON I SINTOMI SECONDARI POSSONO INCLUDERE I SINTOMI NON MOTORI POSSONO INCLUDERE Fonte: (Parkinson\u2019s Foundation, 2022)<\/p>\n","protected":false},"author":1,"featured_media":0,"parent":0,"menu_order":1,"comment_status":"open","ping_status":"closed","template":"","meta":{"_acf_changed":false,"footnotes":""},"class_list":["post-271","page","type-page","status-publish","hentry"],"acf":[],"yoast_head":"<!-- This site is optimized with the Yoast SEO plugin v27.3 - https:\/\/yoast.com\/product\/yoast-seo-wordpress\/ -->\n<title>La malattia di Parkinson - D-Mine\u00ae Care Italia<\/title>\n<meta name=\"description\" content=\"Information about Parkinson&#039;s disease. Learn more about the symptoms and diagnosis of Parkinson&#039;s disease.\" \/>\n<meta name=\"robots\" content=\"index, follow, max-snippet:-1, max-image-preview:large, max-video-preview:-1\" \/>\n<link rel=\"canonical\" href=\"https:\/\/www.d-minecare.com\/ita\/la-malattia-di-parkinson\/\" \/>\n<meta property=\"og:locale\" content=\"it_IT\" \/>\n<meta property=\"og:type\" content=\"article\" \/>\n<meta property=\"og:title\" content=\"La malattia di Parkinson - D-Mine\u00ae Care Italia\" \/>\n<meta property=\"og:description\" content=\"Information about Parkinson&#039;s disease. Learn more about the symptoms and diagnosis of Parkinson&#039;s disease.\" \/>\n<meta property=\"og:url\" content=\"https:\/\/www.d-minecare.com\/ita\/la-malattia-di-parkinson\/\" \/>\n<meta property=\"og:site_name\" content=\"D-Mine\u00ae Care Italia\" \/>\n<meta property=\"article:modified_time\" content=\"2025-12-19T13:25:15+00:00\" \/>\n<meta name=\"twitter:card\" content=\"summary_large_image\" \/>\n<meta name=\"twitter:label1\" content=\"Tempo di lettura stimato\" \/>\n\t<meta name=\"twitter:data1\" content=\"7 minuti\" \/>\n<script type=\"application\/ld+json\" class=\"yoast-schema-graph\">{\"@context\":\"https:\\\/\\\/schema.org\",\"@graph\":[{\"@type\":\"WebPage\",\"@id\":\"https:\\\/\\\/www.d-minecare.com\\\/ita\\\/la-malattia-di-parkinson\\\/\",\"url\":\"https:\\\/\\\/www.d-minecare.com\\\/ita\\\/la-malattia-di-parkinson\\\/\",\"name\":\"La malattia di Parkinson - D-Mine\u00ae Care Italia\",\"isPartOf\":{\"@id\":\"https:\\\/\\\/www.d-minecare.com\\\/ita\\\/#website\"},\"primaryImageOfPage\":{\"@id\":\"https:\\\/\\\/www.d-minecare.com\\\/ita\\\/la-malattia-di-parkinson\\\/#primaryimage\"},\"image\":{\"@id\":\"https:\\\/\\\/www.d-minecare.com\\\/ita\\\/la-malattia-di-parkinson\\\/#primaryimage\"},\"thumbnailUrl\":\"https:\\\/\\\/www.d-minecare.com\\\/wp-content\\\/uploads\\\/2022\\\/06\\\/you-are-not-alone.svg\",\"datePublished\":\"2022-04-18T11:04:41+00:00\",\"dateModified\":\"2025-12-19T13:25:15+00:00\",\"description\":\"Information about Parkinson's disease. Learn more about the symptoms and diagnosis of Parkinson's disease.\",\"breadcrumb\":{\"@id\":\"https:\\\/\\\/www.d-minecare.com\\\/ita\\\/la-malattia-di-parkinson\\\/#breadcrumb\"},\"inLanguage\":\"it-IT\",\"potentialAction\":[{\"@type\":\"ReadAction\",\"target\":[\"https:\\\/\\\/www.d-minecare.com\\\/ita\\\/la-malattia-di-parkinson\\\/\"]}]},{\"@type\":\"ImageObject\",\"inLanguage\":\"it-IT\",\"@id\":\"https:\\\/\\\/www.d-minecare.com\\\/ita\\\/la-malattia-di-parkinson\\\/#primaryimage\",\"url\":\"https:\\\/\\\/www.d-minecare.com\\\/wp-content\\\/uploads\\\/2022\\\/06\\\/you-are-not-alone.svg\",\"contentUrl\":\"https:\\\/\\\/www.d-minecare.com\\\/wp-content\\\/uploads\\\/2022\\\/06\\\/you-are-not-alone.svg\"},{\"@type\":\"BreadcrumbList\",\"@id\":\"https:\\\/\\\/www.d-minecare.com\\\/ita\\\/la-malattia-di-parkinson\\\/#breadcrumb\",\"itemListElement\":[{\"@type\":\"ListItem\",\"position\":1,\"name\":\"Home\",\"item\":\"https:\\\/\\\/www.d-minecare.com\\\/ita\\\/\"},{\"@type\":\"ListItem\",\"position\":2,\"name\":\"La malattia di Parkinson\"}]},{\"@type\":\"WebSite\",\"@id\":\"https:\\\/\\\/www.d-minecare.com\\\/ita\\\/#website\",\"url\":\"https:\\\/\\\/www.d-minecare.com\\\/ita\\\/\",\"name\":\"D-Mine\u00ae Care Italia\",\"description\":\"Just another D-Mine Care site\",\"potentialAction\":[{\"@type\":\"SearchAction\",\"target\":{\"@type\":\"EntryPoint\",\"urlTemplate\":\"https:\\\/\\\/www.d-minecare.com\\\/ita\\\/?s={search_term_string}\"},\"query-input\":{\"@type\":\"PropertyValueSpecification\",\"valueRequired\":true,\"valueName\":\"search_term_string\"}}],\"inLanguage\":\"it-IT\"}]}<\/script>\n<!-- \/ Yoast SEO plugin. -->","yoast_head_json":{"title":"La malattia di Parkinson - D-Mine\u00ae Care Italia","description":"Information about Parkinson's disease. Learn more about the symptoms and diagnosis of Parkinson's disease.","robots":{"index":"index","follow":"follow","max-snippet":"max-snippet:-1","max-image-preview":"max-image-preview:large","max-video-preview":"max-video-preview:-1"},"canonical":"https:\/\/www.d-minecare.com\/ita\/la-malattia-di-parkinson\/","og_locale":"it_IT","og_type":"article","og_title":"La malattia di Parkinson - D-Mine\u00ae Care Italia","og_description":"Information about Parkinson's disease. Learn more about the symptoms and diagnosis of Parkinson's disease.","og_url":"https:\/\/www.d-minecare.com\/ita\/la-malattia-di-parkinson\/","og_site_name":"D-Mine\u00ae Care Italia","article_modified_time":"2025-12-19T13:25:15+00:00","twitter_card":"summary_large_image","twitter_misc":{"Tempo di lettura stimato":"7 minuti"},"schema":{"@context":"https:\/\/schema.org","@graph":[{"@type":"WebPage","@id":"https:\/\/www.d-minecare.com\/ita\/la-malattia-di-parkinson\/","url":"https:\/\/www.d-minecare.com\/ita\/la-malattia-di-parkinson\/","name":"La malattia di Parkinson - D-Mine\u00ae Care Italia","isPartOf":{"@id":"https:\/\/www.d-minecare.com\/ita\/#website"},"primaryImageOfPage":{"@id":"https:\/\/www.d-minecare.com\/ita\/la-malattia-di-parkinson\/#primaryimage"},"image":{"@id":"https:\/\/www.d-minecare.com\/ita\/la-malattia-di-parkinson\/#primaryimage"},"thumbnailUrl":"https:\/\/www.d-minecare.com\/wp-content\/uploads\/2022\/06\/you-are-not-alone.svg","datePublished":"2022-04-18T11:04:41+00:00","dateModified":"2025-12-19T13:25:15+00:00","description":"Information about Parkinson's disease. Learn more about the symptoms and diagnosis of Parkinson's disease.","breadcrumb":{"@id":"https:\/\/www.d-minecare.com\/ita\/la-malattia-di-parkinson\/#breadcrumb"},"inLanguage":"it-IT","potentialAction":[{"@type":"ReadAction","target":["https:\/\/www.d-minecare.com\/ita\/la-malattia-di-parkinson\/"]}]},{"@type":"ImageObject","inLanguage":"it-IT","@id":"https:\/\/www.d-minecare.com\/ita\/la-malattia-di-parkinson\/#primaryimage","url":"https:\/\/www.d-minecare.com\/wp-content\/uploads\/2022\/06\/you-are-not-alone.svg","contentUrl":"https:\/\/www.d-minecare.com\/wp-content\/uploads\/2022\/06\/you-are-not-alone.svg"},{"@type":"BreadcrumbList","@id":"https:\/\/www.d-minecare.com\/ita\/la-malattia-di-parkinson\/#breadcrumb","itemListElement":[{"@type":"ListItem","position":1,"name":"Home","item":"https:\/\/www.d-minecare.com\/ita\/"},{"@type":"ListItem","position":2,"name":"La malattia di Parkinson"}]},{"@type":"WebSite","@id":"https:\/\/www.d-minecare.com\/ita\/#website","url":"https:\/\/www.d-minecare.com\/ita\/","name":"D-Mine\u00ae Care Italia","description":"Just another D-Mine Care site","potentialAction":[{"@type":"SearchAction","target":{"@type":"EntryPoint","urlTemplate":"https:\/\/www.d-minecare.com\/ita\/?s={search_term_string}"},"query-input":{"@type":"PropertyValueSpecification","valueRequired":true,"valueName":"search_term_string"}}],"inLanguage":"it-IT"}]}},"_links":{"self":[{"href":"https:\/\/www.d-minecare.com\/ita\/wp-json\/wp\/v2\/pages\/271","targetHints":{"allow":["GET"]}}],"collection":[{"href":"https:\/\/www.d-minecare.com\/ita\/wp-json\/wp\/v2\/pages"}],"about":[{"href":"https:\/\/www.d-minecare.com\/ita\/wp-json\/wp\/v2\/types\/page"}],"author":[{"embeddable":true,"href":"https:\/\/www.d-minecare.com\/ita\/wp-json\/wp\/v2\/users\/1"}],"replies":[{"embeddable":true,"href":"https:\/\/www.d-minecare.com\/ita\/wp-json\/wp\/v2\/comments?post=271"}],"version-history":[{"count":15,"href":"https:\/\/www.d-minecare.com\/ita\/wp-json\/wp\/v2\/pages\/271\/revisions"}],"predecessor-version":[{"id":837,"href":"https:\/\/www.d-minecare.com\/ita\/wp-json\/wp\/v2\/pages\/271\/revisions\/837"}],"wp:attachment":[{"href":"https:\/\/www.d-minecare.com\/ita\/wp-json\/wp\/v2\/media?parent=271"}],"curies":[{"name":"wp","href":"https:\/\/api.w.org\/{rel}","templated":true}]}}